{"id":132143,"date":"2022-10-04T10:48:56","date_gmt":"2022-10-04T02:48:56","guid":{"rendered":"https:\/\/www.grab.com\/vn\/?page_id=132143"},"modified":"2022-12-12T18:24:52","modified_gmt":"2022-12-12T10:24:52","slug":"goi-hoi-vien-di-grab-an-toan-tiet-kiem","status":"publish","type":"page","link":"https:\/\/www.grab.com\/vn\/en\/goi-hoi-vien-di-grab-an-toan-tiet-kiem\/","title":{"rendered":"G\u00f3i H\u1ed9i Vi\u00ean \u0111i Grab, An to\u00e0n ti\u1ebft ki\u1ec7m!"},"content":{"rendered":"<p><img loading=\"lazy\" decoding=\"async\" width=\"1125\" height=\"630\" class=\"alignnone size-full wp-image-132998\" src=\"https:\/\/assets.grab.com\/wp-content\/uploads\/sites\/11\/2022\/10\/12105946\/Copy-of-1125x630_GHV_GC_2-4.jpg\" alt=\"\" srcset=\"https:\/\/assets.grab.com\/wp-content\/uploads\/sites\/11\/2022\/10\/12105946\/Copy-of-1125x630_GHV_GC_2-4.jpg 1125w, https:\/\/assets.grab.com\/wp-content\/uploads\/sites\/11\/2022\/10\/12105946\/Copy-of-1125x630_GHV_GC_2-4-250x140.jpg 250w, https:\/\/assets.grab.com\/wp-content\/uploads\/sites\/11\/2022\/10\/12105946\/Copy-of-1125x630_GHV_GC_2-4-700x392.jpg 700w, https:\/\/assets.grab.com\/wp-content\/uploads\/sites\/11\/2022\/10\/12105946\/Copy-of-1125x630_GHV_GC_2-4-768x430.jpg 768w, https:\/\/assets.grab.com\/wp-content\/uploads\/sites\/11\/2022\/10\/12105946\/Copy-of-1125x630_GHV_GC_2-4-120x67.jpg 120w\" sizes=\"(max-width: 1125px) 100vw, 1125px\" \/><\/p>\n<p><span style=\"font-weight: 400\">\ud83d\udc9aAn to\u00e0n, ti\u1ebft ki\u1ec7m th\u1ebf n\u00e0y! B\u1ea1n \u0111\u00e3 s\u1edf h\u1eefu G\u00f3i H\u1ed9i vi\u00ean \u0111i Grab ch\u01b0a?<\/span><\/p>\n<p><span style=\"font-weight: 400\">\ud83d\udc49Tr\u1ea3i nghi\u1ec7m li\u1ec1n: https:\/\/grab.onelink.me\/2695613898\/GoiHoiVien<\/span><\/p>\n<p><span style=\"font-weight: 400\">\u2600 Nh\u1eefng ng\u00e0y m\u1ec7t m\u1ecfi tr\u0103m c\u00f4ng ng\u00e0n vi\u1ec7c, c\u00f3 Grab \u0111\u00f3n \u0111\u01b0a!\u00a0<\/span><\/p>\n<p><span style=\"font-weight: 400\">\u2600 Nh\u1eefng cu\u1ed9c vui qu\u00ean l\u1ed1i v\u1ec1, c\u00f3 Grab ch\u1edf ngay, an to\u00e0n \u0111\u01b0a \u0111\u1ebfn t\u1eadn c\u1ed5ng nh\u00e0!<\/span><\/p>\n<p><span style=\"font-weight: 400\">\u2600 Nh\u1eefng h\u00f4m m\u01b0a gi\u00f3, c\u00f3 h\u1ee9ng shopping, xem phim gi\u1ea3i tr\u00ed, Grab nhi\u1ec7t t\u00ecnh r\u01b0\u1edbc ngay!<\/span><\/p>\n<p><span style=\"font-weight: 400\">\u2600 Du l\u1ecbch hay v\u1ec1 nh\u00e0 \u0111\u1ec1u c\u00f3 Grab bao tr\u1ecdn!<\/span><\/p>\n<p><span style=\"font-weight: 400\">G\u00f3i h\u1ed9i vi\u00ean \u0111i Grab, c\u00f9ng b\u1ea1n tr\u00ean m\u1ecdi chuy\u1ebfn \u0111i! An to\u00e0n, ti\u1ebft ki\u1ec7m gi\u00e1 l\u1ea1i h\u1eddi. Mua ngay!<\/span><\/p>\n<div class=\"x11i5rnm xat24cr x1mh8g0r x1vvkbs xtlvy1s x126k92a\">\n<div dir=\"auto\">Chi ti\u1ebft t\u1eebng G\u00f3i H\u1ed9i Vi\u00ean:<\/div>\n<div dir=\"auto\"><\/div>\n<div dir=\"auto\"><span class=\"x3nfvp2 x1j61x8r x1fcty0u xdj266r xhhsvwb xat24cr xgzva0m xxymvpz xlup9mm x1kky2od\"><img loading=\"lazy\" decoding=\"async\" src=\"https:\/\/static.xx.fbcdn.net\/images\/emoji.php\/v9\/tdd\/1\/16\/1f6f5.png\" alt=\"\ud83d\udef5\" width=\"16\" height=\"16\" \/><\/span>\u00a0G\u00f3i H\u1ed9i Vi\u00ean GrabBike:<\/div>\n<div dir=\"auto\"><span class=\"x3nfvp2 x1j61x8r x1fcty0u xdj266r xhhsvwb xat24cr xgzva0m xxymvpz xlup9mm x1kky2od\"><img loading=\"lazy\" decoding=\"async\" src=\"https:\/\/static.xx.fbcdn.net\/images\/emoji.php\/v9\/tf3\/1\/16\/1f539.png\" alt=\"\ud83d\udd39\" width=\"16\" height=\"16\" \/><\/span>\u00a0\u01afu \u0111\u00e3i 8% t\u1ed1i \u0111a 5\ud835\udfec.\ud835\udfec\ud835\udfec\ud835\udfec\u0111 v\u00e0 \u01b0u \u0111\u00e3i 20% t\u1ed1i \u0111a \ud835\udff1\ud835\udfec.\ud835\udfec\ud835\udfec\ud835\udfec\u0111 cho cu\u1ed1c xe c\u00f3 gi\u00e1 tr\u1ecb t\u1eeb 20.000\u0111.<\/div>\n<div dir=\"auto\"><span class=\"x3nfvp2 x1j61x8r x1fcty0u xdj266r xhhsvwb xat24cr xgzva0m xxymvpz xlup9mm x1kky2od\"><img loading=\"lazy\" decoding=\"async\" src=\"https:\/\/static.xx.fbcdn.net\/images\/emoji.php\/v9\/tf3\/1\/16\/1f539.png\" alt=\"\ud83d\udd39\" width=\"16\" height=\"16\" \/><\/span>\u00a0Gi\u00e1 \u01b0u \u0111\u00e3i 50%: 1\u03350\u03350\u0335.\u03350\u03350\u03350\u0335\u0111\u0335\/\u0335g\u0335\u00f3\u0335i\u0335\u0335\u00a0<span class=\"x3nfvp2 x1j61x8r x1fcty0u xdj266r xhhsvwb xat24cr xgzva0m xxymvpz xlup9mm x1kky2od\"><img loading=\"lazy\" decoding=\"async\" src=\"https:\/\/static.xx.fbcdn.net\/images\/emoji.php\/v9\/t51\/1\/16\/1f449.png\" alt=\"\ud83d\udc49\" width=\"16\" height=\"16\" \/><\/span>\u00a050.000\u0111<\/div>\n<div dir=\"auto\"><span class=\"x3nfvp2 x1j61x8r x1fcty0u xdj266r xhhsvwb xat24cr xgzva0m xxymvpz xlup9mm x1kky2od\"><img loading=\"lazy\" decoding=\"async\" src=\"https:\/\/static.xx.fbcdn.net\/images\/emoji.php\/v9\/tf3\/1\/16\/1f539.png\" alt=\"\ud83d\udd39\" width=\"16\" height=\"16\" \/><\/span>\u00a0S\u1ed1 l\u01b0\u1ee3ng cu\u1ed1c xe \u0111\u01b0\u1ee3c \u01b0u \u0111\u00e3i: 30 cu\u1ed1c cho m\u1ed7i \u01b0u \u0111\u00e3i.<\/div>\n<div dir=\"auto\"><span class=\"x3nfvp2 x1j61x8r x1fcty0u xdj266r xhhsvwb xat24cr xgzva0m xxymvpz xlup9mm x1kky2od\"><img loading=\"lazy\" decoding=\"async\" src=\"https:\/\/static.xx.fbcdn.net\/images\/emoji.php\/v9\/tf3\/1\/16\/1f539.png\" alt=\"\ud83d\udd39\" width=\"16\" height=\"16\" \/><\/span>\u00a0H\u1ea1n s\u1eed d\u1ee5ng: 1 th\u00e1ng.<\/div>\n<div dir=\"auto\"><\/div>\n<\/div>\n<div class=\"x11i5rnm xat24cr x1mh8g0r x1vvkbs xtlvy1s x126k92a\">\n<div dir=\"auto\"><span class=\"x3nfvp2 x1j61x8r x1fcty0u xdj266r xhhsvwb xat24cr xgzva0m xxymvpz xlup9mm x1kky2od\"><img loading=\"lazy\" decoding=\"async\" src=\"https:\/\/static.xx.fbcdn.net\/images\/emoji.php\/v9\/tec\/1\/16\/1f697.png\" alt=\"\ud83d\ude97\" width=\"16\" height=\"16\" \/><\/span>\u00a0G\u00f3i H\u1ed9i Vi\u00ean GrabCar:<\/div>\n<div dir=\"auto\"><span class=\"x3nfvp2 x1j61x8r x1fcty0u xdj266r xhhsvwb xat24cr xgzva0m xxymvpz xlup9mm x1kky2od\"><img loading=\"lazy\" decoding=\"async\" src=\"https:\/\/static.xx.fbcdn.net\/images\/emoji.php\/v9\/tf3\/1\/16\/1f539.png\" alt=\"\ud83d\udd39\" width=\"16\" height=\"16\" \/><\/span>\u00a0\u01afu \u0111\u00e3i 8% t\u1ed1i \u0111a \ud835\udfcf\ud835\udfce\ud835\udfce.\ud835\udfce\ud835\udfce\ud835\udfce\u0111 v\u00e0 20% t\u1ed1i \u0111a \ud835\udfcf\ud835\udfce\ud835\udfce.\ud835\udfce\ud835\udfce\ud835\udfce\u0111 cho cu\u1ed1c xe c\u00f3 gi\u00e1 tr\u1ecb t\u1eeb 35.000\u0111.<\/div>\n<div dir=\"auto\"><span class=\"x3nfvp2 x1j61x8r x1fcty0u xdj266r xhhsvwb xat24cr xgzva0m xxymvpz xlup9mm x1kky2od\"><img loading=\"lazy\" decoding=\"async\" src=\"https:\/\/static.xx.fbcdn.net\/images\/emoji.php\/v9\/tf3\/1\/16\/1f539.png\" alt=\"\ud83d\udd39\" width=\"16\" height=\"16\" \/><\/span>\u00a0Gi\u00e1 \u01b0u \u0111\u00e3i 50%: \u03352\u03350\u03350\u0335.\u03350\u03350\u03350\u0335\u0111\u0335\/\u0335g\u0335\u00f3\u0335i\u0335\u00a0<span class=\"x3nfvp2 x1j61x8r x1fcty0u xdj266r xhhsvwb xat24cr xgzva0m xxymvpz xlup9mm x1kky2od\"><img loading=\"lazy\" decoding=\"async\" src=\"https:\/\/static.xx.fbcdn.net\/images\/emoji.php\/v9\/t51\/1\/16\/1f449.png\" alt=\"\ud83d\udc49\" width=\"16\" height=\"16\" \/><\/span>\u00a0100.000\u0111<\/div>\n<div dir=\"auto\"><span class=\"x3nfvp2 x1j61x8r x1fcty0u xdj266r xhhsvwb xat24cr xgzva0m xxymvpz xlup9mm x1kky2od\"><img loading=\"lazy\" decoding=\"async\" src=\"https:\/\/static.xx.fbcdn.net\/images\/emoji.php\/v9\/tf3\/1\/16\/1f539.png\" alt=\"\ud83d\udd39\" width=\"16\" height=\"16\" \/><\/span>\u00a0S\u1ed1 l\u01b0\u1ee3ng cu\u1ed1c xe \u0111\u01b0\u1ee3c \u01b0u \u0111\u00e3i: 30 cu\u1ed1c cho m\u1ed7i \u01b0u \u0111\u00e3i.<\/div>\n<div dir=\"auto\"><span class=\"x3nfvp2 x1j61x8r x1fcty0u xdj266r xhhsvwb xat24cr xgzva0m xxymvpz xlup9mm x1kky2od\"><img loading=\"lazy\" decoding=\"async\" src=\"https:\/\/static.xx.fbcdn.net\/images\/emoji.php\/v9\/tf3\/1\/16\/1f539.png\" alt=\"\ud83d\udd39\" width=\"16\" height=\"16\" \/><\/span>\u00a0H\u1ea1n s\u1eed d\u1ee5ng: 1 th\u00e1ng.<\/div>\n<\/div>\n<p><strong>L\u01b0u \u00fd:<\/strong><\/p>\n<p><span style=\"font-weight: 400\">\ud83d\udd39Ch\u1ec9 \u00e1p d\u1ee5ng thanh to\u00e1n qua Th\u1ebb ng\u00e2n h\u00e0ng\/V\u00ed Moca \u0111\u1ec3 mua G\u00f3i \u01b0u \u0111\u00e3i GrabBike, GrabCar<\/span><\/p>\n<p><span style=\"font-weight: 400\">\ud83d\udd39S\u1ed1 l\u01b0\u1ee3ng g\u00f3i \u01b0u \u0111\u00e3i c\u00f3 gi\u1edbi h\u1ea1n v\u00e0 ch\u1ec9 \u00e1p d\u1ee5ng v\u1edbi ng\u01b0\u1eddi ch\u01b0a mua g\u00f3i.\u00a0<\/span><\/p>\n<p><span style=\"font-weight: 400\">\ud83d\udd39\u0110\u1eb7t Grab, nh\u1edb tr\u1ea3 th\u1ebb\/ v\u00ed Moca \u0111\u1ec3 lu\u00f4n an to\u00e0n v\u00e0 h\u01b0\u1edfng \u01b0u \u0111\u00e3i t\u1ed1t h\u01a1n nha<\/span><\/p>\n<p><span style=\"font-weight: 400\">\ud83d\udd39K\u00edch ho\u1ea1t V\u00ed Moca: https:\/\/grb.to\/KichHoatViMoca<\/span><\/p>\n<p><span style=\"font-weight: 400\">ho\u1eb7c li\u00ean k\u1ebft th\u1ebb v\u00e0o Grab ngay: https:\/\/grb.to\/GanTheThanhToanTT<\/span><\/p>\n<p><span style=\"font-weight: 400\">#GrabBike #GrabCar #GoiHoiVien<\/span><a href=\"https:\/\/grab.onelink.me\/2695613898\/GoiHoiVien\"><img loading=\"lazy\" decoding=\"async\" class=\"aligncenter wp-image-132999\" src=\"https:\/\/assets.grab.com\/wp-content\/uploads\/sites\/11\/2022\/10\/12110145\/304846745_503302311650119_9164713683168847508_n.png\" alt=\"CTA\" width=\"204\" height=\"66\" srcset=\"https:\/\/assets.grab.com\/wp-content\/uploads\/sites\/11\/2022\/10\/12110145\/304846745_503302311650119_9164713683168847508_n.png 555w, https:\/\/assets.grab.com\/wp-content\/uploads\/sites\/11\/2022\/10\/12110145\/304846745_503302311650119_9164713683168847508_n-250x81.png 250w, https:\/\/assets.grab.com\/wp-content\/uploads\/sites\/11\/2022\/10\/12110145\/304846745_503302311650119_9164713683168847508_n-120x39.png 120w\" sizes=\"(max-width: 204px) 100vw, 204px\" \/><\/a><\/p>","protected":false},"excerpt":{"rendered":"\ud83d\udc9aAn to\u00e0n, ti\u1ebft ki\u1ec7m th\u1ebf n\u00e0y! B\u1ea1n \u0111\u00e3 s\u1edf h\u1eefu G\u00f3i H\u1ed9i vi\u00ean \u0111i Grab ch\u01b0a? \ud83d\udc49Tr\u1ea3i nghi\u1ec7m li\u1ec1n: https:\/\/grab.onelink.me\/2695613898\/GoiHoiVien \u2600 Nh\u1eefng ng\u00e0y m\u1ec7t m\u1ecfi tr\u0103m c\u00f4ng ng\u00e0n vi\u1ec7c, c\u00f3 Grab \u0111\u00f3n \u0111\u01b0a!\u00a0 \u2600 Nh\u1eefng cu\u1ed9c vui qu\u00ean l\u1ed1i v\u1ec1, c\u00f3 Grab ch\u1edf ngay, an to\u00e0n \u0111\u01b0a \u0111\u1ebfn t\u1eadn c\u1ed5ng nh\u00e0! \u2600 Nh\u1eefng h\u00f4m m\u01b0a [&hellip;]","protected":false},"author":1427,"featured_media":0,"parent":0,"menu_order":0,"comment_status":"closed","ping_status":"closed","template":"","meta":{"_acf_changed":false,"footnotes":""},"acf":[],"_links":{"self":[{"href":"https:\/\/www.grab.com\/vn\/en\/wp-json\/wp\/v2\/pages\/132143"}],"collection":[{"href":"https:\/\/www.grab.com\/vn\/en\/wp-json\/wp\/v2\/pages"}],"about":[{"href":"https:\/\/www.grab.com\/vn\/en\/wp-json\/wp\/v2\/types\/page"}],"author":[{"embeddable":true,"href":"https:\/\/www.grab.com\/vn\/en\/wp-json\/wp\/v2\/users\/1427"}],"replies":[{"embeddable":true,"href":"https:\/\/www.grab.com\/vn\/en\/wp-json\/wp\/v2\/comments?post=132143"}],"version-history":[{"count":8,"href":"https:\/\/www.grab.com\/vn\/en\/wp-json\/wp\/v2\/pages\/132143\/revisions"}],"predecessor-version":[{"id":137786,"href":"https:\/\/www.grab.com\/vn\/en\/wp-json\/wp\/v2\/pages\/132143\/revisions\/137786"}],"wp:attachment":[{"href":"https:\/\/www.grab.com\/vn\/en\/wp-json\/wp\/v2\/media?parent=132143"}],"curies":[{"name":"wp","href":"https:\/\/api.w.org\/{rel}","templated":true}]}}