{"id":131875,"date":"2022-09-30T10:09:45","date_gmt":"2022-09-30T02:09:45","guid":{"rendered":"https:\/\/www.grab.com\/vn\/?page_id=131875"},"modified":"2022-09-30T10:09:45","modified_gmt":"2022-09-30T02:09:45","slug":"mung-ngay-hoi-chuyen-doi-so-grab-uu-dai-den-30-000d","status":"publish","type":"page","link":"https:\/\/www.grab.com\/vn\/en\/mung-ngay-hoi-chuyen-doi-so-grab-uu-dai-den-30-000d\/","title":{"rendered":"M\u1eebng Ng\u00e0y H\u1ed9i Chuy\u1ec3n \u0110\u1ed5i S\u1ed1, Grab \u01afu \u0111\u00e3i \u0111\u1ebfn 30.000\u0111"},"content":{"rendered":"<p><img loading=\"lazy\" decoding=\"async\" width=\"1920\" height=\"675\" class=\"alignnone size-full wp-image-131876\" src=\"https:\/\/assets.grab.com\/wp-content\/uploads\/sites\/11\/2022\/09\/30100903\/1920x675_Blog_ChuyenDoiSo.jpg\" alt=\"\" srcset=\"https:\/\/assets.grab.com\/wp-content\/uploads\/sites\/11\/2022\/09\/30100903\/1920x675_Blog_ChuyenDoiSo.jpg 1920w, https:\/\/assets.grab.com\/wp-content\/uploads\/sites\/11\/2022\/09\/30100903\/1920x675_Blog_ChuyenDoiSo-250x88.jpg 250w, https:\/\/assets.grab.com\/wp-content\/uploads\/sites\/11\/2022\/09\/30100903\/1920x675_Blog_ChuyenDoiSo-700x246.jpg 700w, https:\/\/assets.grab.com\/wp-content\/uploads\/sites\/11\/2022\/09\/30100903\/1920x675_Blog_ChuyenDoiSo-768x270.jpg 768w, https:\/\/assets.grab.com\/wp-content\/uploads\/sites\/11\/2022\/09\/30100903\/1920x675_Blog_ChuyenDoiSo-1536x540.jpg 1536w, https:\/\/assets.grab.com\/wp-content\/uploads\/sites\/11\/2022\/09\/30100903\/1920x675_Blog_ChuyenDoiSo-120x42.jpg 120w\" sizes=\"(max-width: 1920px) 100vw, 1920px\" \/><br \/>\n<strong>\u2728Chuy\u1ebfn xe Chuy\u1ec3n \u0111\u1ed5i s\u1ed1, Grab \u01b0u \u0111\u00e3i t\u1edbi 30.000\u0111<\/strong><\/p>\n<p>\ud83d\udca5Ng\u00e0y \u0111\u00f4i 10\/10, nh\u1eadn g\u1ea5p \u0111\u00f4i ni\u1ec1m vui!<br \/>\n\u2705H\u00f2a chung ng\u00e0y Chuy\u1ec3n \u0111\u1ed5i s\u1ed1 Qu\u1ed1c Gia 10\/10, th\u00fac \u0111\u1ea9y ho\u1ea1t \u0111\u1ed9ng giao d\u1ecbch tr\u1ef1c tuy\u1ebfn, Grab ph\u00e1t \u201cqu\u00e0\u201d di chuy\u1ec3n t\u1eb7ng anh ch\u1ecb em lu\u00f4n n\u00e8.<\/p>\n<p>\u26a1Nh\u1eadp m\u00e3 CDSQG1010, \u01b0u \u0111\u00e3i 20% t\u1ed1i \u0111a 30.000\u0111 cho b\u1ea5t k\u1ef3 cu\u1ed1c xe GrabBike, GrabCar.<\/p>\n<p>\ud83c\udf1f\u0110i l\u00e0m hay \u0111i ch\u01a1i, \u0111\u1eb7t Grab t\u1edbi \u0111\u00e2u c\u0169ng h\u1eddi qu\u00e1 tr\u1eddi!<br \/>\n\u270c\ufe0fL\u01b0u m\u00e3 v\u00e0 \u0111\u1eb7t Grab \u0111i \u201cch\u00e1y ph\u1ed1\u201d ngay nha: https:\/\/grab.onelink.me\/2695613898\/datxengay<\/p>\n<p>#GrabVN #GrabCar #GrabBike #HonCaMotChuyenXe<\/p>","protected":false},"excerpt":{"rendered":"\u2728Chuy\u1ebfn xe Chuy\u1ec3n \u0111\u1ed5i s\u1ed1, Grab \u01b0u \u0111\u00e3i t\u1edbi 30.000\u0111 \ud83d\udca5Ng\u00e0y \u0111\u00f4i 10\/10, nh\u1eadn g\u1ea5p \u0111\u00f4i ni\u1ec1m vui! \u2705H\u00f2a chung ng\u00e0y Chuy\u1ec3n \u0111\u1ed5i s\u1ed1 Qu\u1ed1c Gia 10\/10, th\u00fac \u0111\u1ea9y ho\u1ea1t \u0111\u1ed9ng giao d\u1ecbch tr\u1ef1c tuy\u1ebfn, Grab ph\u00e1t \u201cqu\u00e0\u201d di chuy\u1ec3n t\u1eb7ng anh ch\u1ecb em lu\u00f4n n\u00e8. \u26a1Nh\u1eadp m\u00e3 CDSQG1010, \u01b0u \u0111\u00e3i 20% t\u1ed1i \u0111a 30.000\u0111 [&hellip;]","protected":false},"author":1427,"featured_media":0,"parent":0,"menu_order":0,"comment_status":"closed","ping_status":"closed","template":"","meta":{"_acf_changed":false,"footnotes":""},"acf":[],"_links":{"self":[{"href":"https:\/\/www.grab.com\/vn\/en\/wp-json\/wp\/v2\/pages\/131875"}],"collection":[{"href":"https:\/\/www.grab.com\/vn\/en\/wp-json\/wp\/v2\/pages"}],"about":[{"href":"https:\/\/www.grab.com\/vn\/en\/wp-json\/wp\/v2\/types\/page"}],"author":[{"embeddable":true,"href":"https:\/\/www.grab.com\/vn\/en\/wp-json\/wp\/v2\/users\/1427"}],"replies":[{"embeddable":true,"href":"https:\/\/www.grab.com\/vn\/en\/wp-json\/wp\/v2\/comments?post=131875"}],"version-history":[{"count":1,"href":"https:\/\/www.grab.com\/vn\/en\/wp-json\/wp\/v2\/pages\/131875\/revisions"}],"predecessor-version":[{"id":131877,"href":"https:\/\/www.grab.com\/vn\/en\/wp-json\/wp\/v2\/pages\/131875\/revisions\/131877"}],"wp:attachment":[{"href":"https:\/\/www.grab.com\/vn\/en\/wp-json\/wp\/v2\/media?parent=131875"}],"curies":[{"name":"wp","href":"https:\/\/api.w.org\/{rel}","templated":true}]}}