{"id":130753,"date":"2022-09-15T18:59:56","date_gmt":"2022-09-15T10:59:56","guid":{"rendered":"https:\/\/www.grab.com\/vn\/?page_id=130753"},"modified":"2024-01-17T11:45:20","modified_gmt":"2024-01-17T03:45:20","slug":"%f0%9f%9b%b5-grab-den-noi-uu-dai-xin-chao-ban-moi-%f0%9f%9a%99","status":"publish","type":"page","link":"https:\/\/www.grab.com\/vn\/en\/%f0%9f%9b%b5-grab-den-noi-uu-dai-xin-chao-ban-moi-%f0%9f%9a%99\/","title":{"rendered":"Grab \u0111\u1ebfn n\u01a1i, \u01b0u \u0111\u00e3i x\u1ecbn ch\u00e0o b\u1ea1n m\u1edbi"},"content":{"rendered":"<div data-elementor-type=\"wp-page\" data-elementor-id=\"130753\" class=\"elementor elementor-130753\" data-elementor-post-type=\"page\">\n\t\t\t\t\t\t<section class=\"elementor-section elementor-top-section elementor-element elementor-element-5789b3ad elementor-section-boxed elementor-section-height-default elementor-section-height-default\" data-id=\"5789b3ad\" data-element_type=\"section\">\n\t\t\t\t\t\t<div class=\"elementor-container elementor-column-gap-default\">\n\t\t\t\t\t<div class=\"elementor-column elementor-col-100 elementor-top-column elementor-element elementor-element-662f5fec\" data-id=\"662f5fec\" data-element_type=\"column\">\n\t\t\t<div class=\"elementor-widget-wrap elementor-element-populated\">\n\t\t\t\t\t\t<div class=\"elementor-element elementor-element-52bc182c elementor-widget elementor-widget-text-editor\" data-id=\"52bc182c\" data-element_type=\"widget\" data-widget_type=\"text-editor.default\">\n\t\t\t\t<div class=\"elementor-widget-container\">\n\t\t\t\t\t\t\t<p><span style=\"font-weight: 400\">\ud83e\udd70 Ai r\u1ed3i c\u0169ng s\u1ebd g\u1eb7p \u0111\u01b0\u1ee3c Grab th\u00f4i, b\u1ea1n \u01a1i Grab t\u1edbi ch\u1ed7 b\u1ea1n r\u1ed3i n\u00e8, \u0111\u01b0a \u0111\u00f3n t\u1eadn n\u01a1i l\u1ea1i c\u00f2n \u01b0u \u0111\u00e3i th\u00eam cho b\u1ea1n m\u1edbi n\u1eefa. Qu\u00e1 l\u00e0 iu lu\u00f4n\u00a0<\/span><\/p><p><span style=\"font-weight: 400\">\u2705 Di chuy\u1ec3n ti\u1ec7n l\u1ee3i &amp; ti\u1ebft ki\u1ec7m<\/span><\/p><p><span style=\"font-weight: 400\">\u2705 N\u1eafng m\u01b0a \u0111\u1ec1u \u0111\u1ebfn \u0111\u00f3n \u0111\u01b0a<\/span><\/p><p><span style=\"font-weight: 400\"> \ud83d\udef5 Nh\u1eadp m\u00e3 \u26a1\ufe0fBANMOI\u26a1\ufe0fgi\u1ea3m 25.000\u0111 cho chuy\u1ebfn GrabBike ho\u1eb7c GrabCar \u0111\u1ea7u ti\u00ean<\/span><\/p><p><span style=\"font-weight: 400\">#Grab #GrabBike #GrabCar #BANMOI<\/span><\/p><p><strong>Xem chi ti\u1ebft ch\u01b0\u01a1ng tr\u00ecnh \u01b0u \u0111\u00e3i t\u1ea1i \u0111\u00e2y<\/strong><\/p><p><span style=\"font-weight: 400\">&#8211; \u01afu \u0111\u00e3i 25.000\u0111 d\u1ee5ng cho d\u1ecbch v\u1ee5 GrabCar\/ GrabCar Plus\/ GrabCar Economy\/ GrabBike\/GrabBike Economy\/GrabBike Plus.<\/span><\/p><p><span style=\"font-weight: 400\">\u00a0&#8211; \u01afu \u0111\u00e3i kh\u00f4ng bao g\u1ed3m ph\u1ee5 ph\u00ed, ng\u01b0\u1eddi d\u00f9ng vui l\u00f2ng thanh to\u00e1n ph\u1ee5 ph\u00ed (n\u1ebfu c\u00f3) v\u1edbi \u0110\u1ed1i t\u00e1c t\u00e0i x\u1ebf.\u00a0<\/span><\/p><p><span style=\"font-weight: 400\">&#8211; M\u1ed7i ng\u01b0\u1eddi d\u00f9ng \u0111\u01b0\u1ee3c s\u1eed d\u1ee5ng 01 l\u1ea7n su\u1ed1t th\u1eddi gian di\u1ec5n ra ch\u01b0\u01a1ng tr\u00ecnh.<\/span><\/p><p><span style=\"font-weight: 400\">&#8211; Kh\u00f4ng s\u1eed d\u1ee5ng c\u00f9ng v\u1edbi c\u00e1c khuy\u1ebfn m\u00e3i kh\u00e1c c\u1ee7a Grab.<\/span><\/p><p><span style=\"font-weight: 400\">&#8211; Hi\u1ec7u l\u1ef1c \u01b0u \u0111\u00e3i c\u00f3 gi\u00e1 tr\u1ecb \u0111\u1ebfn 30\/06\/2024<\/span><\/p><p>\u2013 Ch\u1ec9 \u00e1p d\u1ee5ng cho ng\u01b0\u1eddi d\u00f9ng nh\u1eadn \u0111\u01b0\u1ee3c th\u00f4ng b\u00e1o<\/p><p>\u2013 S\u1ed1 l\u01b0\u1ee3ng \u01b0u \u0111\u00e3i c\u00f3 gi\u1edbi h\u1ea1n m\u1ed7i ng\u00e0y.<\/p><p>\u2013 Ch\u1ec9 \u00e1p d\u1ee5ng v\u1edbi phi\u00ean b\u1ea3n app m\u1edbi nh\u1ea5t.<\/p>\t\t\t\t\t\t<\/div>\n\t\t\t\t<\/div>\n\t\t\t\t\t<\/div>\n\t\t<\/div>\n\t\t\t\t\t<\/div>\n\t\t<\/section>\n\t\t\t\t<\/div>","protected":false},"excerpt":{"rendered":"\ud83e\udd70 Ai r\u1ed3i c\u0169ng s\u1ebd g\u1eb7p \u0111\u01b0\u1ee3c Grab th\u00f4i, b\u1ea1n \u01a1i Grab t\u1edbi ch\u1ed7 b\u1ea1n r\u1ed3i n\u00e8, \u0111\u01b0a \u0111\u00f3n t\u1eadn n\u01a1i l\u1ea1i c\u00f2n \u01b0u \u0111\u00e3i th\u00eam cho b\u1ea1n m\u1edbi n\u1eefa. Qu\u00e1 l\u00e0 iu lu\u00f4n\u00a0 \u2705 Di chuy\u1ec3n ti\u1ec7n l\u1ee3i &amp; ti\u1ebft ki\u1ec7m \u2705 N\u1eafng m\u01b0a \u0111\u1ec1u \u0111\u1ebfn \u0111\u00f3n \u0111\u01b0a \ud83d\udef5 Nh\u1eadp m\u00e3 \u26a1\ufe0fBANMOI\u26a1\ufe0fgi\u1ea3m 25.000\u0111 cho [&hellip;]","protected":false},"author":1428,"featured_media":0,"parent":0,"menu_order":0,"comment_status":"closed","ping_status":"closed","template":"","meta":{"_acf_changed":false,"footnotes":""},"acf":[],"_links":{"self":[{"href":"https:\/\/www.grab.com\/vn\/en\/wp-json\/wp\/v2\/pages\/130753"}],"collection":[{"href":"https:\/\/www.grab.com\/vn\/en\/wp-json\/wp\/v2\/pages"}],"about":[{"href":"https:\/\/www.grab.com\/vn\/en\/wp-json\/wp\/v2\/types\/page"}],"author":[{"embeddable":true,"href":"https:\/\/www.grab.com\/vn\/en\/wp-json\/wp\/v2\/users\/1428"}],"replies":[{"embeddable":true,"href":"https:\/\/www.grab.com\/vn\/en\/wp-json\/wp\/v2\/comments?post=130753"}],"version-history":[{"count":4,"href":"https:\/\/www.grab.com\/vn\/en\/wp-json\/wp\/v2\/pages\/130753\/revisions"}],"predecessor-version":[{"id":160995,"href":"https:\/\/www.grab.com\/vn\/en\/wp-json\/wp\/v2\/pages\/130753\/revisions\/160995"}],"wp:attachment":[{"href":"https:\/\/www.grab.com\/vn\/en\/wp-json\/wp\/v2\/media?parent=130753"}],"curies":[{"name":"wp","href":"https:\/\/api.w.org\/{rel}","templated":true}]}}