{"id":130572,"date":"2022-09-14T12:19:18","date_gmt":"2022-09-14T04:19:18","guid":{"rendered":"https:\/\/www.grab.com\/vn\/?page_id=130572"},"modified":"2022-09-16T11:00:47","modified_gmt":"2022-09-16T03:00:47","slug":"grabbike-thanh-thoi-di-chuyen-muon-noi","status":"publish","type":"page","link":"https:\/\/www.grab.com\/vn\/en\/grabbike-thanh-thoi-di-chuyen-muon-noi\/","title":{"rendered":"GrabBike th\u1ea3nh th\u01a1i di chuy\u1ec3n mu\u00f4n n\u01a1i"},"content":{"rendered":"<p><span style=\"font-weight: 400\"><img loading=\"lazy\" decoding=\"async\" width=\"1200\" height=\"600\" class=\"alignnone size-full wp-image-130852\" src=\"https:\/\/assets.grab.com\/wp-content\/uploads\/sites\/11\/2022\/09\/16110033\/GBike_1200x600_16092022.jpg\" alt=\"\" srcset=\"https:\/\/assets.grab.com\/wp-content\/uploads\/sites\/11\/2022\/09\/16110033\/GBike_1200x600_16092022.jpg 1200w, https:\/\/assets.grab.com\/wp-content\/uploads\/sites\/11\/2022\/09\/16110033\/GBike_1200x600_16092022-250x125.jpg 250w, https:\/\/assets.grab.com\/wp-content\/uploads\/sites\/11\/2022\/09\/16110033\/GBike_1200x600_16092022-700x350.jpg 700w, https:\/\/assets.grab.com\/wp-content\/uploads\/sites\/11\/2022\/09\/16110033\/GBike_1200x600_16092022-768x384.jpg 768w, https:\/\/assets.grab.com\/wp-content\/uploads\/sites\/11\/2022\/09\/16110033\/GBike_1200x600_16092022-120x60.jpg 120w\" sizes=\"(max-width: 1200px) 100vw, 1200px\" \/>\u0110i g\u1ea7n \u0111i xa, \u01b0u \u0111\u00e3i <\/span><span style=\"font-weight: 400\">GrabBike<\/span><span style=\"font-weight: 400\"> c\u00e2n h\u1ebft b\u1ea1n nha. T\u1ef1 tin m\u1edf <\/span><span style=\"font-weight: 400\">Grab<\/span><span style=\"font-weight: 400\">, \u0111\u1eb7t xe, nh\u1eadp m\u00e3 v\u00e0 ch\u1edd b\u00e1c t\u00e0i \u0111\u1ebfn \u0111\u00f3n th\u00f4i n\u00e8!<\/span><\/p>\n<p><span style=\"font-weight: 400\">\ud83d\udef5 <\/span><b>Nh\u1eadp m\u00e3<\/b> <span style=\"font-weight: 400\">GBXA<\/span><span style=\"font-weight: 400\">:<\/span><\/p>\n<p><span style=\"font-weight: 400\">\u2714\ufe0f \u01afu \u0111\u00e3i 20% (t\u1ed1i \u0111a 20.000\u0111) \u00e1p d\u1ee5ng cho d\u1ecbch v\u1ee5 GrabBike c\u00f3 c\u01b0\u1edbc ph\u00ed t\u1ed1i thi\u1ec3u 50.000\u0111 t\u1ea1i B\u00ecnh D\u01b0\u01a1ng v\u00e0 \u0110\u1ed3ng Nai.\u00a0<\/span><\/p>\n<p><span style=\"font-weight: 400\">\u2714\ufe0f \u01afu \u0111\u00e3i 15% (t\u1ed1i \u0111a 25.000\u0111) \u00e1p d\u1ee5ng cho d\u1ecbch v\u1ee5 GrabBike c\u00f3 c\u01b0\u1edbc ph\u00ed t\u1ed1i thi\u1ec3u 40.000\u0111 t\u1ea1i \u0110\u00e0 N\u1eb5ng v\u00e0 Kh\u00e1nh H\u00f2a.\u00a0<\/span><\/p>\n<p><span style=\"font-weight: 400\">\u2714\ufe0f \u01afu \u0111\u00e3i 20% (t\u1ed1i \u0111a 20.000\u0111) \u00e1p d\u1ee5ng cho d\u1ecbch v\u1ee5 GrabBike c\u00f3 c\u01b0\u1edbc ph\u00ed t\u1ed1i thi\u1ec3u 40.000\u0111 t\u1ea1i \u0110\u1eafk L\u1eafk, L\u00e2m \u0110\u1ed3ng, H\u1ea3i Ph\u00f2ng, C\u1ea7n Th\u01a1, V\u0169ng T\u00e0u v\u00e0 Th\u1eeba Thi\u00ean Hu\u1ebf.<\/span><\/p>\n<p><span style=\"font-weight: 400\">\u2714\ufe0f M\u00e3 khuy\u1ebfn m\u00e3i \u0111\u01b0\u1ee3c \u00e1p d\u1ee5ng 01 l\u1ea7n\/ng\u00e0y v\u00e0 02 l\u1ea7n\/th\u00e1ng cho m\u1ed7i ng\u01b0\u1eddi d\u00f9ng.\u00a0<\/span><\/p>\n<p><span style=\"font-weight: 400\">\u2714\ufe0f \u00c1p d\u1ee5ng cho t\u1ea5t c\u1ea3 c\u00e1c ph\u01b0\u01a1ng th\u1ee9c thanh to\u00e1n.<\/span><\/p>\n<p><span style=\"font-weight: 400\">\u2714\ufe0f V\u1edbi m\u1ed7i chuy\u1ebfn xe c\u00f3 s\u1eed d\u1ee5ng m\u00e3 \u01b0u \u0111\u00e3i GBXA, ng\u01b0\u1eddi d\u00f9ng s\u1ebd nh\u1eadn th\u00eam:<\/span><\/p>\n<p><span style=\"font-weight: 400\">\ud83d\udd39 \u01afu \u0111\u00e3i c\u00f3 gi\u00e1 tr\u1ecb t\u01b0\u01a1ng \u0111\u01b0\u01a1ng m\u00e3 \u0111\u00e3 d\u00f9ng \u00e1p d\u1ee5ng cho d\u1ecbch v\u1ee5 GrabBike\u00a0<\/span><\/p>\n<p><span style=\"font-weight: 400\">\ud83d\udd39 \u01afu \u0111\u00e3i \u0111\u01b0\u1ee3c g\u1eedi v\u00e0o m\u1ee5c &#8220;\u01afu \u0111\u00e3i c\u1ee7a t\u00f4i\/ My Rewards&#8221; ngay sau khi ho\u00e0n th\u00e0nh chuy\u1ebfn xe.<\/span><\/p>\n<p><span style=\"font-weight: 400\">\ud83d\udd39 C\u00f3 gi\u00e1 tr\u1ecb s\u1eed d\u1ee5ng trong v\u00f2ng 05 ng\u00e0y k\u1ec3 t\u1eeb khi nh\u1eadn \u0111\u01b0\u1ee3c.<\/span><\/p>\n<p><span style=\"font-weight: 400\">\ud83d\udef5 <\/span><b>Nh\u1eadp m\u00e3<\/b> <span style=\"font-weight: 400\">GBXAMOCA<\/span><span style=\"font-weight: 400\">:<\/span><\/p>\n<p><span style=\"font-weight: 400\">\u2714\ufe0f \u01afu \u0111\u00e3i 20% (t\u1ed1i \u0111a 25.000\u0111) \u00e1p d\u1ee5ng cho d\u1ecbch v\u1ee5 GrabBike c\u00f3 c\u01b0\u1edbc ph\u00ed t\u1ed1i thi\u1ec3u 50.000\u0111 t\u1ea1i \u0110\u00e0 N\u1eb5ng v\u00e0 Kh\u00e1nh H\u00f2a.\u00a0<\/span><\/p>\n<p><span style=\"font-weight: 400\">\u2714\ufe0f M\u00e3 khuy\u1ebfn m\u00e3i \u0111\u01b0\u1ee3c \u00e1p d\u1ee5ng 01 l\u1ea7n\/ng\u00e0y v\u00e0 02 l\u1ea7n\/th\u00e1ng cho m\u1ed7i ng\u01b0\u1eddi d\u00f9ng.\u00a0<\/span><\/p>\n<p><span style=\"font-weight: 400\">\u2714\ufe0f \u00c1p d\u1ee5ng cho t\u1ea5t c\u1ea3 c\u00e1c ph\u01b0\u01a1ng th\u1ee9c thanh to\u00e1n qua Th\u1ebb\/V\u00ed Moca<\/span><\/p>\n<p><span style=\"font-weight: 400\">\u2714\ufe0f V\u1edbi m\u1ed7i chuy\u1ebfn xe c\u00f3 s\u1eed d\u1ee5ng m\u00e3 \u01b0u \u0111\u00e3i GBXAMOCA, ng\u01b0\u1eddi d\u00f9ng s\u1ebd nh\u1eadn th\u00eam:<\/span><\/p>\n<p><span style=\"font-weight: 400\">\ud83d\udd39 \u01afu \u0111\u00e3i c\u00f3 gi\u00e1 tr\u1ecb t\u01b0\u01a1ng \u0111\u01b0\u01a1ng m\u00e3 \u0111\u00e3 d\u00f9ng \u00e1p d\u1ee5ng cho d\u1ecbch v\u1ee5 GrabBike\u00a0<\/span><\/p>\n<p><span style=\"font-weight: 400\">\ud83d\udd39 \u01afu \u0111\u00e3i \u0111\u01b0\u1ee3c g\u1eedi v\u00e0o m\u1ee5c &#8220;\u01afu \u0111\u00e3i c\u1ee7a t\u00f4i\/ My Rewards&#8221; ngay sau khi ho\u00e0n th\u00e0nh chuy\u1ebfn xe.<\/span><\/p>\n<p><span style=\"font-weight: 400\">\ud83d\udd39 C\u00f3 gi\u00e1 tr\u1ecb s\u1eed d\u1ee5ng trong v\u00f2ng 05 ng\u00e0y k\u1ec3 t\u1eeb khi nh\u1eadn \u0111\u01b0\u1ee3c.<\/span><\/p>\n<p><span style=\"font-weight: 400\">\ud83d\udd39 \u00c1p d\u1ee5ng cho ph\u01b0\u01a1ng th\u1ee9c thanh to\u00e1n kh\u00f4ng ti\u1ec1n m\u1eb7t (qua V\u00ed Moca ho\u1eb7c Th\u1ebb).<\/span><\/p>\n<p><span style=\"font-weight: 400\">\ud83d\udef5 <\/span><b>Nh\u1eadp m\u00e3<\/b> <span style=\"font-weight: 400\">GBGAN<\/span><span style=\"font-weight: 400\">:<\/span><\/p>\n<p><span style=\"font-weight: 400\">\u2714\ufe0f \u01afu \u0111\u00e3i 15% (t\u1ed1i \u0111a 15.000\u0111) \u00e1p d\u1ee5ng cho d\u1ecbch v\u1ee5 GrabBike t\u1ea1i B\u00ecnh D\u01b0\u01a1ng v\u00e0 \u0110\u1ed3ng Nai.\u00a0<\/span><\/p>\n<p><span style=\"font-weight: 400\">\u2714\ufe0f\u00a0 \u01afu \u0111\u00e3i 15% (t\u1ed1i \u0111a 15.000\u0111)\u00a0 \u00e1p d\u1ee5ng cho d\u1ecbch v\u1ee5 GrabBike t\u1ea1i \u0110\u00e0 N\u1eb5ng v\u00e0 Kh\u00e1nh H\u00f2a.\u00a0<\/span><\/p>\n<p><span style=\"font-weight: 400\">\u2714\ufe0f \u01afu \u0111\u00e3i 15% (t\u1ed1i \u0111a 10.000\u0111) ngo\u1ea1i tr\u1eeb khung gi\u1edd t\u1eeb 17:00 \u0111\u1ebfn 19:00, \u00e1p d\u1ee5ng cho d\u1ecbch v\u1ee5 GrabBike t\u1ea1i \u0110\u1eafk L\u1eafk, L\u00e2m \u0110\u1ed3ng, H\u1ea3i Ph\u00f2ng, C\u1ea7n Th\u01a1, V\u0169ng T\u00e0u v\u00e0 Th\u1eeba Thi\u00ean Hu\u1ebf.\u00a0<\/span><\/p>\n<p><span style=\"font-weight: 400\">\u2714\ufe0f M\u00e3 khuy\u1ebfn m\u00e3i \u0111\u01b0\u1ee3c \u00e1p d\u1ee5ng 01 l\u1ea7n\/ng\u00e0y v\u00e0 04 l\u1ea7n\/th\u00e1ng cho m\u1ed7i ng\u01b0\u1eddi d\u00f9ng t\u1ea1i B\u00ecnh D\u01b0\u01a1ng, \u0110\u1ed3ng Nai, \u0110\u1eafk L\u1eafk, L\u00e2m \u0110\u1ed3ng, H\u1ea3i Ph\u00f2ng, C\u1ea7n Th\u01a1, V\u0169ng T\u00e0u v\u00e0 Th\u1eeba Thi\u00ean Hu\u1ebf.\u00a0<\/span><\/p>\n<p><span style=\"font-weight: 400\">\u2714\ufe0f M\u00e3 khuy\u1ebfn m\u00e3i \u0111\u01b0\u1ee3c \u00e1p d\u1ee5ng 01 l\u1ea7n\/ng\u00e0y v\u00e0 02 l\u1ea7n\/th\u00e1ng cho m\u1ed7i ng\u01b0\u1eddi d\u00f9ng \u0110\u00e0 N\u1eb5ng v\u00e0 Kh\u00e1nh H\u00f2a<\/span><\/p>\n<p><span style=\"font-weight: 400\">\u2714\ufe0f \u00c1p d\u1ee5ng cho t\u1ea5t c\u1ea3 c\u00e1c ph\u01b0\u01a1ng th\u1ee9c thanh to\u00e1n.<\/span><\/p>\n<p><span style=\"font-weight: 400\">\ud83d\udef5 <\/span><b>Nh\u1eadp m\u00e3<\/b> <span style=\"font-weight: 400\">GBGANMOCA<\/span><span style=\"font-weight: 400\">:<\/span><\/p>\n<p><span style=\"font-weight: 400\">\u2714\ufe0f \u01afu \u0111\u00e3i 20% (t\u1ed1i \u0111a 20.000\u0111) \u00e1p d\u1ee5ng cho d\u1ecbch v\u1ee5 GrabBike t\u1ea1i \u0110\u00e0 N\u1eb5ng v\u00e0 Kh\u00e1nh H\u00f2a.\u00a0<\/span><\/p>\n<p><span style=\"font-weight: 400\">\u2714\ufe0f M\u00e3 khuy\u1ebfn m\u00e3i \u0111\u01b0\u1ee3c \u00e1p d\u1ee5ng 01 l\u1ea7n\/ng\u00e0y v\u00e0 02 l\u1ea7n\/th\u00e1ng cho m\u1ed7i ng\u01b0\u1eddi d\u00f9ng.\u00a0<\/span><\/p>\n<p><span style=\"font-weight: 400\">\u2714\ufe0f \u00c1p d\u1ee5ng cho t\u1ea5t c\u1ea3 c\u00e1c ph\u01b0\u01a1ng th\u1ee9c thanh to\u00e1n qua Th\u1ebb\/V\u00ed Moca<\/span><\/p>\n<p>&nbsp;<\/p>\n<p><b>\u0110i\u1ec1u ki\u1ec7n v\u00e0 \u0111i\u1ec1u kho\u1ea3n \u00e1p d\u1ee5ng chung c\u1ee7a 2 m\u00e3:<\/b><\/p>\n<p><span style=\"font-weight: 400\">\u2714\ufe0f \u01afu \u0111\u00e3i \u00e1p d\u1ee5ng t\u1ea1i \u0110\u00e0 N\u1eb5ng, Kh\u00e1nh H\u00f2a, B\u00ecnh D\u01b0\u01a1ng, \u0110\u1ed3ng Nai, \u0110\u1eafk L\u1eafk, L\u00e2m \u0110\u1ed3ng, H\u1ea3i Ph\u00f2ng, C\u1ea7n Th\u01a1, V\u0169ng T\u00e0u v\u00e0 Th\u1eeba Thi\u00ean Hu\u1ebf.<\/span><\/p>\n<p><span style=\"font-weight: 400\">\u2714\ufe0f S\u1ed1 l\u01b0\u1ee3t \u01b0u \u0111\u00e3i c\u00f3 gi\u1edbi h\u1ea1n m\u1ed7i ng\u00e0y.<\/span><\/p>\n<p><span style=\"font-weight: 400\">\u2714\ufe0f M\u00e3 khuy\u1ebfn m\u00e3i kh\u00f4ng bao g\u1ed3m ph\u1ee5 ph\u00ed, kh\u00e1ch h\u00e0ng vui l\u00f2ng thanh to\u00e1n ph\u1ea7n ph\u1ee5 ph\u00ed n\u00e0y v\u1edbi t\u00e0i x\u1ebf.<\/span><\/p>\n<p><span style=\"font-weight: 400\">\u2714\ufe0f M\u00e3 ch\u1ec9 \u00e1p d\u1ee5ng v\u1edbi phi\u00ean b\u1ea3n \u1ee9ng d\u1ee5ng m\u1edbi nh\u1ea5t.<\/span><\/p>\n<p>&nbsp;<\/p>","protected":false},"excerpt":{"rendered":"\u0110i g\u1ea7n \u0111i xa, \u01b0u \u0111\u00e3i GrabBike c\u00e2n h\u1ebft b\u1ea1n nha. T\u1ef1 tin m\u1edf Grab, \u0111\u1eb7t xe, nh\u1eadp m\u00e3 v\u00e0 ch\u1edd b\u00e1c t\u00e0i \u0111\u1ebfn \u0111\u00f3n th\u00f4i n\u00e8! \ud83d\udef5 Nh\u1eadp m\u00e3 GBXA: \u2714\ufe0f \u01afu \u0111\u00e3i 20% (t\u1ed1i \u0111a 20.000\u0111) \u00e1p d\u1ee5ng cho d\u1ecbch v\u1ee5 GrabBike c\u00f3 c\u01b0\u1edbc ph\u00ed t\u1ed1i thi\u1ec3u 50.000\u0111 t\u1ea1i B\u00ecnh D\u01b0\u01a1ng v\u00e0 \u0110\u1ed3ng [&hellip;]","protected":false},"author":1428,"featured_media":0,"parent":0,"menu_order":0,"comment_status":"closed","ping_status":"closed","template":"","meta":{"_acf_changed":false,"footnotes":""},"acf":[],"_links":{"self":[{"href":"https:\/\/www.grab.com\/vn\/en\/wp-json\/wp\/v2\/pages\/130572"}],"collection":[{"href":"https:\/\/www.grab.com\/vn\/en\/wp-json\/wp\/v2\/pages"}],"about":[{"href":"https:\/\/www.grab.com\/vn\/en\/wp-json\/wp\/v2\/types\/page"}],"author":[{"embeddable":true,"href":"https:\/\/www.grab.com\/vn\/en\/wp-json\/wp\/v2\/users\/1428"}],"replies":[{"embeddable":true,"href":"https:\/\/www.grab.com\/vn\/en\/wp-json\/wp\/v2\/comments?post=130572"}],"version-history":[{"count":3,"href":"https:\/\/www.grab.com\/vn\/en\/wp-json\/wp\/v2\/pages\/130572\/revisions"}],"predecessor-version":[{"id":130853,"href":"https:\/\/www.grab.com\/vn\/en\/wp-json\/wp\/v2\/pages\/130572\/revisions\/130853"}],"wp:attachment":[{"href":"https:\/\/www.grab.com\/vn\/en\/wp-json\/wp\/v2\/media?parent=130572"}],"curies":[{"name":"wp","href":"https:\/\/api.w.org\/{rel}","templated":true}]}}