{"id":129780,"date":"2022-09-06T20:20:35","date_gmt":"2022-09-06T12:20:35","guid":{"rendered":"https:\/\/www.grab.com\/vn\/?page_id=129780"},"modified":"2022-09-07T18:51:57","modified_gmt":"2022-09-07T10:51:57","slug":"len-do-di-chill-co-grabcar-chieu-rat-nhieu-uu-dai","status":"publish","type":"page","link":"https:\/\/www.grab.com\/vn\/en\/len-do-di-chill-co-grabcar-chieu-rat-nhieu-uu-dai\/","title":{"rendered":"L\u00ean \u0111\u1ed3 \u0111i chill c\u00f3 GrabCar chi\u1ec1u, r\u1ea5t nhi\u1ec1u \u01b0u \u0111\u00e3i!"},"content":{"rendered":"<p><b><img loading=\"lazy\" decoding=\"async\" width=\"2400\" height=\"1200\" class=\"alignnone size-full wp-image-129788\" src=\"https:\/\/assets.grab.com\/wp-content\/uploads\/sites\/11\/2022\/09\/06204841\/GC_1200x600_07092022.jpg\" alt=\"\" srcset=\"https:\/\/assets.grab.com\/wp-content\/uploads\/sites\/11\/2022\/09\/06204841\/GC_1200x600_07092022.jpg 2400w, https:\/\/assets.grab.com\/wp-content\/uploads\/sites\/11\/2022\/09\/06204841\/GC_1200x600_07092022-250x125.jpg 250w, https:\/\/assets.grab.com\/wp-content\/uploads\/sites\/11\/2022\/09\/06204841\/GC_1200x600_07092022-700x350.jpg 700w, https:\/\/assets.grab.com\/wp-content\/uploads\/sites\/11\/2022\/09\/06204841\/GC_1200x600_07092022-768x384.jpg 768w, https:\/\/assets.grab.com\/wp-content\/uploads\/sites\/11\/2022\/09\/06204841\/GC_1200x600_07092022-1536x768.jpg 1536w, https:\/\/assets.grab.com\/wp-content\/uploads\/sites\/11\/2022\/09\/06204841\/GC_1200x600_07092022-2048x1024.jpg 2048w, https:\/\/assets.grab.com\/wp-content\/uploads\/sites\/11\/2022\/09\/06204841\/GC_1200x600_07092022-120x60.jpg 120w\" sizes=\"(max-width: 2400px) 100vw, 2400px\" \/>\ud83c\udf8a L\u00ean \u0111\u1ed3 \u0111i chill c\u00f3 GrabCar chi\u1ec1u!<\/b><\/p>\n<p><span style=\"font-weight: 400\">\ud83c\udf27\ufe0fT\u01b0\u1edfng g\u00ec kh\u00f3 ch\u1ee9 chi\u1ec1u l\u00f2ng anh ch\u1ecb em m\u00ecnh \u0111i ch\u01a1i cu\u1ed1i tu\u1ea7n, lai rai qu\u00e1n x\u00e1 th\u00ec GrabCar lu\u00f4n s\u1eb5n l\u00f2ng.\u00a0<\/span><\/p>\n<p><span style=\"font-weight: 400\">\ud83c\udf1eN\u1eafng g\u1eaft m\u01b0a d\u1ea7m th\u00ec c\u0169ng ch\u1eb3ng c\u00f3 g\u00ec ph\u1ea3i lo, GrabCar \u201cc\u00e2n\u201d h\u1ebft.\u00a0<\/span><\/p>\n<p><span style=\"font-weight: 400\">\ud83d\udc6b \u0110i ch\u01a1i kh\u00f4ng ng\u1ea1i ti\u1ebft tr\u1eddi, \u0111i xa \u0111i g\u1ea7n GrabCar chi\u1ec1u h\u1ebft nha:\u00a0<\/span><\/p>\n<p><span style=\"font-weight: 400\"> \ud83d\udc49<\/span><span style=\"font-weight: 400\">\u0110i ch\u01a1i xa m\u00ecnh nh\u1eadp m\u00e3 <\/span><b>GCXA<\/b><span style=\"font-weight: 400\">\u00a0<\/span><\/p>\n<p><span style=\"font-weight: 400\"> \ud83d\udc49<\/span><span style=\"font-weight: 400\">\u0110i g\u1ea7n nh\u00e0 m\u00ecnh nh\u1eadp m\u00e3 <\/span><b>GCGAN<\/b><span style=\"font-weight: 400\">\u00a0<\/span><\/p>\n<p>&nbsp;<\/p>\n<p>\u2705(*) \u01afu \u0111\u00e3i ch\u1ec9 \u00e1p d\u1ee5ng cho d\u1ecbch v\u1ee5 GrabCar t\u1ea1i B\u00ecnh D\u01b0\u01a1ng, \u0110\u1ed3ng Nai, L\u00e2m \u0110\u1ed3ng, C\u1ea7n Th\u01a1, \u0110\u00e0 N\u1eb5ng, Kh\u00e1nh Ho\u00e0, H\u1ea3i Ph\u00f2ng, Qu\u1ea3ng Nam, Ki\u00ean Giang, V\u0169ng T\u00e0u v\u00e0 \u0110\u1eafk L\u1eafk.<\/p>\n<p><span style=\"font-weight: 400\">\u2705<\/span><span style=\"font-weight: 400\">(*) S\u1ed1 l\u01b0\u1ee3ng gi\u1edbi h\u1ea1n m\u1ed7i ng\u00e0y.\u00a0<\/span><\/p>\n<p><span style=\"font-weight: 400\">\u00a0<\/span><\/p>\n<p><b>Xem chi ti\u1ebft ch\u01b0\u01a1ng tr\u00ecnh \u01b0u \u0111\u00e3i GrabCar t\u1ea1i \u0111\u00e2y<\/b><\/p>\n<p><b>\u2705 \u0110i\u1ec1u ki\u1ec7n\/ \u0110i\u1ec1u kho\u1ea3n \u00e1p d\u1ee5ng m\u00e3 GCXA:\u00a0<\/b><\/p>\n<ul>\n<li style=\"font-weight: 400\"><span style=\"font-weight: 400\">\u01afu \u0111\u00e3i 20% (t\u1ed1i \u0111a 100.000\u0111) cho chuy\u1ebfn t\u1eeb 80.000\u0111\u00a0 \u00e1p d\u1ee5ng cho d\u1ecbch v\u1ee5 GrabCar t\u1ea1i B\u00ecnh D\u01b0\u01a1ng, \u0110\u1ed3ng Nai, L\u00e2m \u0110\u1ed3ng v\u00e0 C\u1ea7n Th\u01a1.\u00a0<\/span><\/li>\n<li style=\"font-weight: 400\"><span style=\"font-weight: 400\">\u01afu \u0111\u00e3i 15% (t\u1ed1i \u0111a 100.000\u0111) cho chuy\u1ebfn t\u1eeb 80.000\u0111 \u00e1p d\u1ee5ng cho d\u1ecbch v\u1ee5 GrabCar t\u1ea1i \u0110\u00e0 N\u1eb5ng v\u00e0 Kh\u00e1nh Ho\u00e0.\u00a0<\/span><\/li>\n<li style=\"font-weight: 400\"><span style=\"font-weight: 400\">M\u1ed7i ng\u01b0\u1eddi d\u00f9ng \u0111\u01b0\u1ee3c s\u1eed d\u1ee5ng \u01b0u \u0111\u00e3i t\u1ed1i \u0111a 02 l\u1ea7n m\u1ed7i ng\u00e0y v\u00e0 04 l\u1ea7n trong su\u1ed1t th\u1eddi gian di\u1ec5n ra ch\u01b0\u01a1ng tr\u00ecnh.<\/span><\/li>\n<li style=\"font-weight: 400\"><span style=\"font-weight: 400\">\u00c1p d\u1ee5ng cho m\u1ecdi ph\u01b0\u01a1ng th\u1ee9c thanh to\u00e1n.<\/span><\/li>\n<\/ul>\n<p><b>\u2705 \u0110i\u1ec1u ki\u1ec7n\/ \u0110i\u1ec1u kho\u1ea3n \u00e1p d\u1ee5ng m\u00e3 GCXA25:\u00a0<\/b><\/p>\n<ul>\n<li style=\"font-weight: 400\"><span style=\"font-weight: 400\">\u01afu \u0111\u00e3i 25% (t\u1ed1i \u0111a 100.000\u0111) cho chuy\u1ebfn t\u1eeb 200.000\u0111\u00a0 \u00e1p d\u1ee5ng cho d\u1ecbch GrabCar t\u1ea1i B\u00ecnh D\u01b0\u01a1ng v\u00e0 \u0110\u1ed3ng Nai.<\/span><\/li>\n<li style=\"font-weight: 400\"><span style=\"font-weight: 400\">M\u1ed7i ng\u01b0\u1eddi d\u00f9ng \u0111\u01b0\u1ee3c s\u1eed d\u1ee5ng \u01b0u \u0111\u00e3i t\u1ed1i \u0111a 02 l\u1ea7n m\u1ed7i ng\u00e0y v\u00e0 04 l\u1ea7n trong su\u1ed1t th\u1eddi gian di\u1ec5n ra ch\u01b0\u01a1ng tr\u00ecnh.<\/span><\/li>\n<li style=\"font-weight: 400\"><span style=\"font-weight: 400\">\u00c1p d\u1ee5ng cho m\u1ecdi ph\u01b0\u01a1ng th\u1ee9c thanh to\u00e1n.<\/span><\/li>\n<\/ul>\n<p><b>\u2705 \u0110i\u1ec1u ki\u1ec7n\/ \u0110i\u1ec1u kho\u1ea3n \u00e1p d\u1ee5ng m\u00e3 GCXAMOCA:<\/b><span style=\"font-weight: 400\">\u00a0<\/span><\/p>\n<ul>\n<li style=\"font-weight: 400\"><span style=\"font-weight: 400\">\u01afu \u0111\u00e3i 20% (t\u1ed1i \u0111a 100.000\u0111) cho chuy\u1ebfn t\u1eeb 80.000\u0111 \u00e1p d\u1ee5ng cho d\u1ecbch v\u1ee5 GrabCar t\u1ea1i \u0110\u00e0 N\u1eb5ng v\u00e0 Kh\u00e1nh Ho\u00e0.<\/span><\/li>\n<li style=\"font-weight: 400\"><span style=\"font-weight: 400\">M\u1ed7i ng\u01b0\u1eddi d\u00f9ng \u0111\u01b0\u1ee3c s\u1eed d\u1ee5ng \u01b0u \u0111\u00e3i t\u1ed1i \u0111a 02 l\u1ea7n m\u1ed7i ng\u00e0y v\u00e0 04 l\u1ea7n trong su\u1ed1t th\u1eddi gian di\u1ec5n ra ch\u01b0\u01a1ng tr\u00ecnh.<\/span><\/li>\n<li style=\"font-weight: 400\"><span style=\"font-weight: 400\">\u00c1p d\u1ee5ng cho ph\u01b0\u01a1ng th\u1ee9c thanh to\u00e1n qua Th\u1ebb\/V\u00ed Moca.\u00a0<\/span><\/li>\n<\/ul>\n<p><b>\u2705 \u0110i\u1ec1u ki\u1ec7n\/ \u0110i\u1ec1u kho\u1ea3n \u00e1p d\u1ee5ng m\u00e3 GCGAN:\u00a0<\/b><\/p>\n<ul>\n<li style=\"font-weight: 400\"><span style=\"font-weight: 400\">\u01afu \u0111\u00e3i 15% (t\u1ed1i \u0111a 15.000\u0111)\u00a0 \u00e1p d\u1ee5ng cho d\u1ecbch GrabCar t\u1ea1i B\u00ecnh D\u01b0\u01a1ng, \u0110\u1ed3ng Nai, \u0110\u1eafk L\u1eafk v\u00e0 C\u1ea7n Th\u01a1.\u00a0<\/span><\/li>\n<li style=\"font-weight: 400\"><span style=\"font-weight: 400\">\u01afu \u0111\u00e3i 15% (t\u1ed1i \u0111a 20.000\u0111) ngo\u1ea1i tr\u1eeb khung gi\u1edd t\u1eeb 19:00 gi\u1edd &#8211; 21:00 gi\u1edd \u00e1p d\u1ee5ng cho d\u1ecbch v\u1ee5 GrabCar t\u1ea1i \u0110\u00e0 N\u1eb5ng v\u00e0 Kh\u00e1nh Ho\u00e0.\u00a0<\/span><\/li>\n<li style=\"font-weight: 400\"><span style=\"font-weight: 400\">M\u1ed7i ng\u01b0\u1eddi d\u00f9ng \u0111\u01b0\u1ee3c s\u1eed d\u1ee5ng \u01b0u \u0111\u00e3i t\u1ed1i \u0111a 01 l\u1ea7n m\u1ed7i ng\u00e0y v\u00e0 02 l\u1ea7n trong su\u1ed1t th\u1eddi gian di\u1ec5n ra ch\u01b0\u01a1ng tr\u00ecnh.<\/span><\/li>\n<li style=\"font-weight: 400\"><span style=\"font-weight: 400\">\u00c1p d\u1ee5ng cho m\u1ecdi ph\u01b0\u01a1ng th\u1ee9c thanh to\u00e1n.<\/span><\/li>\n<\/ul>\n<p><b>\u2705 \u0110i\u1ec1u ki\u1ec7n\/ \u0110i\u1ec1u kho\u1ea3n \u00e1p d\u1ee5ng m\u00e3 GCGANMOCA:<\/b><\/p>\n<ul>\n<li style=\"font-weight: 400\"><span style=\"font-weight: 400\">\u01afu \u0111\u00e3i 20% (t\u1ed1i \u0111a 20.000\u0111) \u00e1p d\u1ee5ng cho d\u1ecbch v\u1ee5 GrabCar t\u1ea1i \u0110\u00e0 N\u1eb5ng v\u00e0 Kh\u00e1nh Ho\u00e0.<\/span><\/li>\n<li style=\"font-weight: 400\"><span style=\"font-weight: 400\">M\u1ed7i ng\u01b0\u1eddi d\u00f9ng \u0111\u01b0\u1ee3c s\u1eed d\u1ee5ng \u01b0u \u0111\u00e3i t\u1ed1i \u0111a 01 l\u1ea7n m\u1ed7i ng\u00e0y v\u00e0 02 l\u1ea7n trong su\u1ed1t th\u1eddi gian di\u1ec5n ra ch\u01b0\u01a1ng tr\u00ecnh.<\/span><\/li>\n<li style=\"font-weight: 400\"><span style=\"font-weight: 400\">\u00c1p d\u1ee5ng cho ph\u01b0\u01a1ng th\u1ee9c thanh to\u00e1n qua Th\u1ebb\/V\u00ed Moca.\u00a0<\/span><\/li>\n<\/ul>\n<p><b>\u2705 \u0110i\u1ec1u ki\u1ec7n\/ \u0110i\u1ec1u kho\u1ea3n \u00e1p d\u1ee5ng m\u00e3 GC15:<\/b><\/p>\n<ul>\n<li style=\"font-weight: 400\"><span style=\"font-weight: 400\">\u01afu \u0111\u00e3i 15% (t\u1ed1i \u0111a 10.000\u0111)\u00a0 \u00e1p d\u1ee5ng cho d\u1ecbch GrabCar t\u1ea1i H\u1ea3i Ph\u00f2ng, Qu\u1ea3ng Nam, Ki\u00ean Giang, V\u0169ng T\u00e0u.\u00a0<\/span><\/li>\n<li style=\"font-weight: 400\"><span style=\"font-weight: 400\">M\u1ed7i ng\u01b0\u1eddi d\u00f9ng \u0111\u01b0\u1ee3c s\u1eed d\u1ee5ng \u01b0u \u0111\u00e3i t\u1ed1i \u0111a 01 l\u1ea7n trong su\u1ed1t th\u1eddi gian di\u1ec5n ra ch\u01b0\u01a1ng tr\u00ecnh.<\/span><\/li>\n<li style=\"font-weight: 400\"><span style=\"font-weight: 400\">\u00c1p d\u1ee5ng cho m\u1ecdi ph\u01b0\u01a1ng th\u1ee9c thanh to\u00e1n.<\/span><\/li>\n<\/ul>\n<p>&nbsp;<\/p>\n<p><span style=\"font-weight: 400\">\u2013 \u01afu \u0111\u00e3i kh\u00f4ng bao g\u1ed3m ph\u1ee5 ph\u00ed, ng\u01b0\u1eddi d\u00f9ng vui l\u00f2ng thanh to\u00e1n ph\u1ee5 ph\u00ed (n\u1ebfu c\u00f3) v\u1edbi \u0110\u1ed1i t\u00e1c t\u00e0i x\u1ebf.<\/span><\/p>\n<p><span style=\"font-weight: 400\">\u2013 S\u1ed1 l\u01b0\u1ee3ng \u01b0u \u0111\u00e3i c\u00f3 gi\u1edbi h\u1ea1n m\u1ed7i ng\u00e0y.<\/span><\/p>\n<p><span style=\"font-weight: 400\">\u2013 Ch\u1ec9 \u00e1p d\u1ee5ng cho ng\u01b0\u1eddi d\u00f9ng nh\u1eadn \u0111\u01b0\u1ee3c th\u00f4ng b\u00e1o.<\/span><\/p>\n<p><span style=\"font-weight: 400\">\u2013 Ch\u1ec9 \u00e1p d\u1ee5ng v\u1edbi phi\u00ean b\u1ea3n app m\u1edbi nh\u1ea5t.<\/span><\/p>\n<p><span style=\"font-weight: 400\">#Grab #GrabCar #GCXA #GCGAN<\/span><\/p>","protected":false},"excerpt":{"rendered":"\ud83c\udf8a L\u00ean \u0111\u1ed3 \u0111i chill c\u00f3 GrabCar chi\u1ec1u! \ud83c\udf27\ufe0fT\u01b0\u1edfng g\u00ec kh\u00f3 ch\u1ee9 chi\u1ec1u l\u00f2ng anh ch\u1ecb em m\u00ecnh \u0111i ch\u01a1i cu\u1ed1i tu\u1ea7n, lai rai qu\u00e1n x\u00e1 th\u00ec GrabCar lu\u00f4n s\u1eb5n l\u00f2ng.\u00a0 \ud83c\udf1eN\u1eafng g\u1eaft m\u01b0a d\u1ea7m th\u00ec c\u0169ng ch\u1eb3ng c\u00f3 g\u00ec ph\u1ea3i lo, GrabCar \u201cc\u00e2n\u201d h\u1ebft.\u00a0 \ud83d\udc6b \u0110i ch\u01a1i kh\u00f4ng ng\u1ea1i ti\u1ebft tr\u1eddi, \u0111i xa \u0111i [&hellip;]","protected":false},"author":1427,"featured_media":0,"parent":0,"menu_order":0,"comment_status":"closed","ping_status":"closed","template":"","meta":{"_acf_changed":false,"footnotes":""},"acf":[],"_links":{"self":[{"href":"https:\/\/www.grab.com\/vn\/en\/wp-json\/wp\/v2\/pages\/129780"}],"collection":[{"href":"https:\/\/www.grab.com\/vn\/en\/wp-json\/wp\/v2\/pages"}],"about":[{"href":"https:\/\/www.grab.com\/vn\/en\/wp-json\/wp\/v2\/types\/page"}],"author":[{"embeddable":true,"href":"https:\/\/www.grab.com\/vn\/en\/wp-json\/wp\/v2\/users\/1427"}],"replies":[{"embeddable":true,"href":"https:\/\/www.grab.com\/vn\/en\/wp-json\/wp\/v2\/comments?post=129780"}],"version-history":[{"count":10,"href":"https:\/\/www.grab.com\/vn\/en\/wp-json\/wp\/v2\/pages\/129780\/revisions"}],"predecessor-version":[{"id":129909,"href":"https:\/\/www.grab.com\/vn\/en\/wp-json\/wp\/v2\/pages\/129780\/revisions\/129909"}],"wp:attachment":[{"href":"https:\/\/www.grab.com\/vn\/en\/wp-json\/wp\/v2\/media?parent=129780"}],"curies":[{"name":"wp","href":"https:\/\/api.w.org\/{rel}","templated":true}]}}