{"id":129356,"date":"2022-08-31T14:34:50","date_gmt":"2022-08-31T06:34:50","guid":{"rendered":"https:\/\/www.grab.com\/vn\/?page_id=129356"},"modified":"2022-08-31T16:43:01","modified_gmt":"2022-08-31T08:43:01","slug":"%f0%9f%8e%89hoa-khach-du-lich-dat-grab-vi-vu-choi-le","status":"publish","type":"page","link":"https:\/\/www.grab.com\/vn\/en\/%f0%9f%8e%89hoa-khach-du-lich-dat-grab-vi-vu-choi-le\/","title":{"rendered":"\ud83c\udf89H\u00f3a kh\u00e1ch du l\u1ecbch, \u0111\u1eb7t Grab vi vu ch\u01a1i l\u1ec5"},"content":{"rendered":"<p><strong><img loading=\"lazy\" decoding=\"async\" width=\"1800\" height=\"1206\" class=\"alignnone size-full wp-image-129401\" src=\"https:\/\/assets.grab.com\/wp-content\/uploads\/sites\/11\/2022\/08\/31164239\/cover.png\" alt=\"\" srcset=\"https:\/\/assets.grab.com\/wp-content\/uploads\/sites\/11\/2022\/08\/31164239\/cover.png 1800w, https:\/\/assets.grab.com\/wp-content\/uploads\/sites\/11\/2022\/08\/31164239\/cover-250x168.png 250w, https:\/\/assets.grab.com\/wp-content\/uploads\/sites\/11\/2022\/08\/31164239\/cover-700x469.png 700w, https:\/\/assets.grab.com\/wp-content\/uploads\/sites\/11\/2022\/08\/31164239\/cover-768x515.png 768w, https:\/\/assets.grab.com\/wp-content\/uploads\/sites\/11\/2022\/08\/31164239\/cover-1536x1029.png 1536w, https:\/\/assets.grab.com\/wp-content\/uploads\/sites\/11\/2022\/08\/31164239\/cover-120x80.png 120w\" sizes=\"(max-width: 1800px) 100vw, 1800px\" \/>\ud83c\udf89H\u00f3a kh\u00e1ch du l\u1ecbch, \u0111\u1eb7t Grab vi vu ch\u01a1i l\u1ec5<\/strong><\/p>\n<p><span style=\"font-weight: 400\">\ud83d\ude97\ud83d\udef5D\u1ecbp l\u1ec5 n\u0103m nay, thay v\u00ec \u1edf nh\u00e0, sao ta kh\u00f4ng th\u1eed m\u1ed9t ng\u00e0y h\u00f3a th\u00e2n l\u00e0m kh\u00e1ch du l\u1ecbch tr\u00ean ch\u00ednh th\u00e0nh ph\u1ed1 m\u00ecnh \u0111ang s\u1ed1ng? \u0110\u1eb7t Grab vi vu qu\u1eadn 1, gh\u00e9 qua nh\u1eefng \u0111i\u1ec3m vui ch\u01a1i quen thu\u1ed9c l\u00e2u r\u1ed3i ch\u01b0a c\u00f3 d\u1ecbp tr\u1edf l\u1ea1i, tr\u1ea3i nghi\u1ec7m m\u1ed9t m\u00f9a l\u1ec5 th\u1eadt tr\u1ecdn v\u1eb9n!<\/span><\/p>\n<p><span style=\"font-weight: 400\">\ud83d\udc9aNh\u1edb nh\u1eadp m\u00e3 <\/span><b>QUAN1<\/b><span style=\"font-weight: 400\"> \u0111\u1ec3 \u0111\u01b0\u1ee3c \u01b0u \u0111\u00e3i 20% t\u1ed1i \u0111a 25.000\u0111 cho m\u1ed7i chuy\u1ebfn GrabBike v\u00e0 GrabCar quanh qu\u1eadn 1 b\u1ea1n nha.<\/span><\/p>\n<p><span style=\"font-weight: 400\">Grab g\u1ee3i \u00fd 3 \u0111\u1ecba \u0111i\u1ec3m b\u1ea1n n\u00ean kh\u00e1m ph\u00e1 m\u00f9a l\u1ec5 n\u00e0y:<\/span><\/p>\n<p><span style=\"font-weight: 400\">\u2705Xem k\u1ecbch \u1edf Nh\u00e0 h\u00e1t R\u1ed3ng V\u00e0ng, quay ng\u01b0\u1ee3c v\u1ec1 tu\u1ed5i th\u01a1<\/span><\/p>\n<p><span style=\"font-weight: 400\">\u2705L\u00ean Saigon Skydeck, c\u1ea3m nh\u1eadn nh\u1ecbp s\u1ed1ng h\u1ed1i h\u1ea3 c\u1ee7a th\u00e0nh ph\u1ed1<\/span><\/p>\n<p><span style=\"font-weight: 400\">\u2705Hay d\u1ea1o quanh Th\u1ea3o C\u1ea7m Vi\u00ean, h\u00f2a m\u00ecnh trong thi\u00ean nhi\u00ean v\u00e0 vui \u0111\u00f9a v\u1edbi \u0111\u1ed9ng v\u1eadt<\/span><\/p>\n<p><span style=\"font-weight: 400\">\u2728Klook \u0111ang c\u00f3 \u01b0u \u0111\u00e3i v\u00e9 v\u00e0o c\u1ed5ng cho c\u00e1c \u0111\u1ecba \u0111i\u1ec3m tr\u00ean. M\u1edf m\u1ee5c Tr\u1ea3i nghi\u1ec7m trong \u1ee9ng d\u1ee5ng Grab \u0111\u1ec3 s\u0103n \u01b0u \u0111\u00e3i t\u1eeb Klook, t\u1ed1i \u01b0u chuy\u1ebfn \u0111i ch\u01a1i m\u00f9a l\u1ec5 n\u1eefa n\u00e8.<\/span><\/p>\n<p><span style=\"font-weight: 400\">\ud83d\udc49\u0110\u1eb7t Grab vi vu ngay!<\/span><\/p>\n<p><span style=\"font-weight: 400\">(*)\u0110i\u1ec1u kho\u1ea3n \u0111i\u1ec1u ki\u1ec7n \u00e1p d\u1ee5ng:<\/span><\/p>\n<p><span style=\"font-weight: 400\">\ud83d\udccc\u00c1p d\u1ee5ng cho c\u00e1c chuy\u1ebfn xe c\u00f3 \u0111i\u1ec3m th\u1ea3 kh\u00e1ch t\u1ea1i qu\u1eadn 1, th\u00e0nh ph\u1ed1 H\u1ed3 Ch\u00ed Minh.<\/span><\/p>\n<p><span style=\"font-weight: 400\">\ud83d\udcccKhung gi\u1edd \u00e1p d\u1ee5ng \u01b0u \u0111\u00e3i t\u1eeb 9h t\u1edbi 22h m\u1ed7i ng\u00e0y.<\/span><\/p>\n<p><span style=\"font-weight: 400\">\ud83d\udccc\u00c1p d\u1ee5ng cho m\u1ecdi h\u00ecnh th\u1ee9c thanh to\u00e1n.<\/span><\/p>\n<p><span style=\"font-weight: 400\">\ud83d\udccc\u01afu \u0111\u00e3i kh\u00f4ng bao g\u1ed3m ph\u1ee5 ph\u00ed, ng\u01b0\u1eddi d\u00f9ng vui l\u00f2ng thanh to\u00e1n ph\u1ee5 ph\u00ed (n\u1ebfu c\u00f3) v\u1edbi \u0110\u1ed1i t\u00e1c t\u00e0i x\u1ebf.<\/span><\/p>\n<p><span style=\"font-weight: 400\">\ud83d\udcccM\u1ed7i ng\u01b0\u1eddi d\u00f9ng c\u00f3 th\u1ec3 s\u1eed d\u1ee5ng \u01b0u \u0111\u00e3i t\u1ed1i \u0111a 01 l\u1ea7n\/ ng\u00e0y v\u00e0 10 l\u1ea7n trong su\u1ed1t th\u1eddi gian di\u1ec5n ra ch\u01b0\u01a1ng tr\u00ecnh.<\/span><\/p>\n<p><span style=\"font-weight: 400\">\ud83d\udcccCh\u1ec9 \u00e1p d\u1ee5ng cho ng\u01b0\u1eddi d\u00f9ng nh\u1eadn \u0111\u01b0\u1ee3c th\u00f4ng b\u00e1o.<\/span><\/p>\n<p><span style=\"font-weight: 400\">\ud83d\udcccCh\u1ec9 \u00e1p d\u1ee5ng v\u1edbi phi\u00ean b\u1ea3n app m\u1edbi nh\u1ea5t.<\/span><\/p>\n<p><span style=\"font-weight: 400\">\ud83d\udcccS\u1ed1 l\u01b0\u1ee3ng \u01b0u \u0111\u00e3i c\u00f3 gi\u1edbi h\u1ea1n m\u1ed7i ng\u00e0y.\u00a0<\/span><\/p>","protected":false},"excerpt":{"rendered":"\ud83c\udf89H\u00f3a kh\u00e1ch du l\u1ecbch, \u0111\u1eb7t Grab vi vu ch\u01a1i l\u1ec5 \ud83d\ude97\ud83d\udef5D\u1ecbp l\u1ec5 n\u0103m nay, thay v\u00ec \u1edf nh\u00e0, sao ta kh\u00f4ng th\u1eed m\u1ed9t ng\u00e0y h\u00f3a th\u00e2n l\u00e0m kh\u00e1ch du l\u1ecbch tr\u00ean ch\u00ednh th\u00e0nh ph\u1ed1 m\u00ecnh \u0111ang s\u1ed1ng? \u0110\u1eb7t Grab vi vu qu\u1eadn 1, gh\u00e9 qua nh\u1eefng \u0111i\u1ec3m vui ch\u01a1i quen thu\u1ed9c l\u00e2u r\u1ed3i ch\u01b0a c\u00f3 [&hellip;]","protected":false},"author":1427,"featured_media":0,"parent":0,"menu_order":0,"comment_status":"closed","ping_status":"closed","template":"","meta":{"_acf_changed":false,"footnotes":""},"acf":[],"_links":{"self":[{"href":"https:\/\/www.grab.com\/vn\/en\/wp-json\/wp\/v2\/pages\/129356"}],"collection":[{"href":"https:\/\/www.grab.com\/vn\/en\/wp-json\/wp\/v2\/pages"}],"about":[{"href":"https:\/\/www.grab.com\/vn\/en\/wp-json\/wp\/v2\/types\/page"}],"author":[{"embeddable":true,"href":"https:\/\/www.grab.com\/vn\/en\/wp-json\/wp\/v2\/users\/1427"}],"replies":[{"embeddable":true,"href":"https:\/\/www.grab.com\/vn\/en\/wp-json\/wp\/v2\/comments?post=129356"}],"version-history":[{"count":3,"href":"https:\/\/www.grab.com\/vn\/en\/wp-json\/wp\/v2\/pages\/129356\/revisions"}],"predecessor-version":[{"id":129402,"href":"https:\/\/www.grab.com\/vn\/en\/wp-json\/wp\/v2\/pages\/129356\/revisions\/129402"}],"wp:attachment":[{"href":"https:\/\/www.grab.com\/vn\/en\/wp-json\/wp\/v2\/media?parent=129356"}],"curies":[{"name":"wp","href":"https:\/\/api.w.org\/{rel}","templated":true}]}}