{"id":129217,"date":"2022-08-30T16:12:24","date_gmt":"2022-08-30T08:12:24","guid":{"rendered":"https:\/\/www.grab.com\/vn\/?page_id=129217"},"modified":"2022-08-30T16:17:39","modified_gmt":"2022-08-30T08:17:39","slug":"kham-pha-danang-trung-voucher-freeship","status":"publish","type":"page","link":"https:\/\/www.grab.com\/vn\/en\/kham-pha-danang-trung-voucher-freeship\/","title":{"rendered":"Th\u1eed th\u00e1ch \u0111i Grab kh\u00e1m ph\u00e1 \u0110\u00e0 N\u1eb5ng, nh\u1eadn voucher GrabFood freeship c\u1ef1c h\u1eddi!"},"content":{"rendered":"<p><img loading=\"lazy\" decoding=\"async\" width=\"1200\" height=\"600\" class=\"alignnone size-full wp-image-129225\" src=\"https:\/\/assets.grab.com\/wp-content\/uploads\/sites\/11\/2022\/08\/30160802\/GrabBikeCar_1200x600_29082022-41.jpg\" alt=\"\" srcset=\"https:\/\/assets.grab.com\/wp-content\/uploads\/sites\/11\/2022\/08\/30160802\/GrabBikeCar_1200x600_29082022-41.jpg 1200w, https:\/\/assets.grab.com\/wp-content\/uploads\/sites\/11\/2022\/08\/30160802\/GrabBikeCar_1200x600_29082022-41-250x125.jpg 250w, https:\/\/assets.grab.com\/wp-content\/uploads\/sites\/11\/2022\/08\/30160802\/GrabBikeCar_1200x600_29082022-41-700x350.jpg 700w, https:\/\/assets.grab.com\/wp-content\/uploads\/sites\/11\/2022\/08\/30160802\/GrabBikeCar_1200x600_29082022-41-768x384.jpg 768w, https:\/\/assets.grab.com\/wp-content\/uploads\/sites\/11\/2022\/08\/30160802\/GrabBikeCar_1200x600_29082022-41-120x60.jpg 120w\" sizes=\"(max-width: 1200px) 100vw, 1200px\" \/><\/p>\n<p>\ud83e\udd47Ho\u00e0n th\u00e0nh 05 chuy\u1ebfn tr\u01b0\u1edbc ng\u00e0y 11\/09\/2022 \u0111\u1ec3 nh\u1eadn m\u00e3 \u01b0u \u0111\u00e3i GrabFood mi\u1ec5n ph\u00ed v\u1eadn chuy\u1ec3n 45.000\u0111 (\u0111\u01a1n t\u1eeb 100.000\u0111)<\/p>\n<p>&nbsp;<\/p>\n<p>&nbsp;<\/p>\n<p><strong>C\u00c1CH TH\u1ef0C HI\u1ec6N TH\u1eec TH\u00c1CH<\/strong>:<\/p>\n<p><span style=\"font-weight: 400\">\u201cTh\u1eed th\u00e1ch \u0111i Grab kh\u00e1m ph\u00e1 \u0110\u00e0 N\u1eb5ng, nh\u1eadn \u01b0u \u0111\u00e3i GrabFood\u201d s\u1ebd b\u1eaft \u0111\u1ea7u \u0111\u01b0\u1ee3c k\u00edch ho\u1ea1t khi h\u00e0nh kh\u00e1ch ho\u00e0n th\u00e0nh 01 chuy\u1ebfn xe GrabBike\/GrabBike Plus\/GrabCar c\u00f3 s\u1eed d\u1ee5ng m\u00e3 GrabDuHi (*).<\/span><\/p>\n<p><span style=\"font-weight: 400\">Ho\u00e0n th\u00e0nh th\u1eed th\u00e1ch \u0111\u1ec3 c\u00f3 c\u01a1 h\u1ed9i nh\u1eadn 01 \u01b0u \u0111\u00e3i GrabFood ch\u1ec9 v\u1edbi 3 b\u01b0\u1edbc:<\/span><\/p>\n<p><span style=\"font-weight: 400\"><span class=\"hsphh064 owmke36a kjdc1dyq ctgv7vl3 m8h3af8h lvuc4oj0 je9skisw tt3ens6q eq5u9d8z\" data-testid=\"emoji\"><span class=\"tbl4rxom k8cr7cgy eusf8shn rl78xhln f7cxi1y6 srn514ro\">1\ufe0f\u20e3 <\/span><\/span>B\u01b0\u1edbc 1: Ch\u1ecdn m\u1ee5c \u201cTh\u1eed th\u00e1ch\u201d trong \u1ee8ng d\u1ee5ng Grab.<\/span><\/p>\n<p><span style=\"font-weight: 400\"><span class=\"hsphh064 owmke36a kjdc1dyq ctgv7vl3 m8h3af8h lvuc4oj0 je9skisw tt3ens6q eq5u9d8z\" data-testid=\"emoji\"><span class=\"tbl4rxom k8cr7cgy eusf8shn rl78xhln f7cxi1y6 srn514ro\">2\ufe0f\u20e3 <\/span><\/span>B\u01b0\u1edbc 2: Ch\u1ecdn \u201cTh\u1eed th\u00e1ch \u0111i Grab kh\u00e1m ph\u00e1 \u0110\u00e0 N\u1eb5ng, nh\u1eadn \u01b0u \u0111\u00e3i GrabFood\u201d, \u0111\u1ec3 tham gia th\u1eed th\u00e1ch<\/span><\/p>\n<p><span style=\"font-weight: 400\"><span class=\"hsphh064 owmke36a kjdc1dyq ctgv7vl3 m8h3af8h lvuc4oj0 je9skisw tt3ens6q eq5u9d8z\" data-testid=\"emoji\"><span class=\"tbl4rxom k8cr7cgy eusf8shn rl78xhln f7cxi1y6 srn514ro\">3\ufe0f\u20e3 <\/span><\/span>B\u01b0\u1edbc 3: Ho\u00e0n th\u00e0nh 05 chuy\u1ebfn xe b\u1ea5t k\u1ef3 thu\u1ed9c c\u00e1c d\u1ecbch v\u1ee5 GrabBike, GrabBike Plus ho\u1eb7c GrabCar tr\u01b0\u1edbc ng\u00e0y 11\/09\/2022 \u0111\u1ec3 nh\u1eadn ngay <strong>01 m\u00e3 \u01b0u \u0111\u00e3i GrabFood mi\u1ec5n ph\u00ed v\u1eadn chuy\u1ec3n tr\u1ecb gi\u00e1 45.000\u0111<\/strong>, \u00e1p d\u1ee5ng cho \u0111\u01a1n h\u00e0ng c\u00f3 gi\u00e1 tr\u1ecb t\u1eeb 100.000\u0111.<\/span><\/p>\n<p>\ud83d\udc49<span style=\"font-weight: 400\">Ch\u01b0\u01a1ng tr\u00ecnh \u00e1p d\u1ee5ng t\u1ea1i khu v\u1ef1c th\u00e0nh ph\u1ed1 \u0110\u00e0 N\u1eb5ng.<\/span><\/p>\n<p><span style=\"font-weight: 400\">(*) <\/span><span style=\"font-weight: 400\">M\u00e3 GrabDuHi gi\u1ea3m 20% (t\u1ed1i \u0111a 20.000\u0111) \u00e1p d\u1ee5ng cho d\u1ecbch v\u1ee5 GrabBike\/ GrabBike Plus\/ GrabCar.\u00a0<\/span><\/p>\n<p><span style=\"font-weight: 400\">&#8211; \u00c1p d\u1ee5ng t\u1ea1i th\u00e0nh ph\u1ed1 \u0110\u00e0 N\u1eb5ng.\u00a0<\/span><\/p>\n<p><span style=\"font-weight: 400\">&#8211; \u00c1p d\u1ee5ng cho m\u1ecdi h\u00ecnh th\u1ee9c thanh to\u00e1n.\u00a0<\/span><\/p>\n<p><span style=\"font-weight: 400\">&#8211; Nh\u1eadp m\u00e3 \u01b0u \u0111\u00e3i \u0111\u1ea7u ti\u00ean th\u00e0nh c\u00f4ng cho chuy\u1ebfn xe \u0111\u1ea7u ti\u00ean s\u1ebd nh\u1eadn th\u00eam 05 m\u00e3 \u01b0u \u0111\u00e3i c\u00f3 t\u1ed5ng gi\u00e1 tr\u1ecb l\u00ean t\u1edbi 100.000\u0111. C\u00e1c m\u00e3 \u01b0u \u0111\u00e3i c\u00f3 gi\u00e1 tr\u1ecb s\u1eed d\u1ee5ng trong v\u00f2ng 07 ng\u00e0y k\u1ec3 t\u1eeb ng\u00e0y nh\u1eadn. M\u1ed7i ng\u01b0\u1eddi d\u00f9ng ch\u1ec9 nh\u1eadn c\u00e1c m\u00e3 t\u1eb7ng k\u00e8m m\u1ed9t (01) l\u1ea7n trong su\u1ed1t th\u1eddi gian di\u1ec5n ra ch\u01b0\u01a1ng tr\u00ecnh.\u00a0<\/span><\/p>\n<p><span style=\"font-weight: 400\">&#8211; \u01afu \u0111\u00e3i kh\u00f4ng bao g\u1ed3m ph\u1ee5 ph\u00ed, ng\u01b0\u1eddi d\u00f9ng vui l\u00f2ng thanh to\u00e1n ph\u1ee5 ph\u00ed (n\u1ebfu c\u00f3) v\u1edbi \u0110\u1ed1i t\u00e1c t\u00e0i x\u1ebf.\u00a0<\/span><\/p>\n<p><span style=\"font-weight: 400\">&#8211; M\u1ed7i ng\u01b0\u1eddi d\u00f9ng \u0111\u01b0\u1ee3c s\u1eed d\u1ee5ng t\u1ed1i \u0111a 01 l\u1ea7n\/ng\u00e0y v\u00e0 02 l\u1ea7n trong su\u1ed1t th\u1eddi gian di\u1ec5n ra ch\u01b0\u01a1ng tr\u00ecnh<\/span><span style=\"font-weight: 400\">.\u00a0<\/span><\/p>\n<p><span style=\"font-weight: 400\">&#8211; Ch\u1ec9 \u00e1p d\u1ee5ng cho ng\u01b0\u1eddi d\u00f9ng nh\u1eadn \u0111\u01b0\u1ee3c th\u00f4ng b\u00e1o.\u00a0<\/span><\/p>\n<p><span style=\"font-weight: 400\">&#8211; Ch\u1ec9 \u00e1p d\u1ee5ng v\u1edbi phi\u00ean b\u1ea3n app m\u1edbi nh\u1ea5t.<\/span><\/p>\n<p>&nbsp;<\/p>\n<p><strong>C\u01a0 C\u1ea4U GI\u1ea2I TH\u01af\u1edeNG:<\/strong><\/p>\n<ul>\n<li><span style=\"font-weight: 400\">\u00a01.000 Gi\u1ea3i th\u01b0\u1edfng cho 1.000 ng\u01b0\u1eddi d\u00f9ng ho\u00e0n th\u00e0nh th\u1eed th\u00e1ch\u00a0 s\u1edbm nh\u1ea5t, m\u1ed7i gi\u1ea3i nh\u1eadn \u0111\u01b0\u1ee3c 01 m\u00e3 \u01b0u \u0111\u00e3i GrabFood mi\u1ec5n ph\u00ed v\u1eadn chuy\u1ec3n tr\u1ecb gi\u00e1 45.000\u0111 cho \u0111\u01a1n h\u00e0ng c\u00f3 gi\u00e1 tr\u1ecb t\u1eeb 100.000\u0111.<\/span><\/li>\n<\/ul>\n<p>&nbsp;<\/p>\n<p><strong>QUY \u0110\u1ecaNH C\u1ee6A TH\u1eec TH\u00c1CH:\u00a0<\/strong><\/p>\n<ul>\n<li style=\"font-weight: 400\"><span style=\"font-weight: 400\">Th\u1eed th\u00e1ch ch\u1ec9 \u00e1p d\u1ee5ng cho ng\u01b0\u1eddi ch\u01a1i \u0111\u01b0\u1ee3c hi\u1ec3n th\u1ecb \u201cTh\u1eed th\u00e1ch \u0111i Grab kh\u00e1m ph\u00e1 \u0110\u00e0 N\u1eb5ng, nh\u1eadn \u01b0u \u0111\u00e3i GrabFood\u201d trong m\u1ee5c \u201cTh\u1eed Th\u00e1ch\u201d tr\u00ean \u1ee9ng d\u1ee5ng Grab k\u1ec3 t\u1eeb 0h00\u2019 ng\u00e0y <\/span><span style=\"font-weight: 400\">31\/08\/2022<\/span><span style=\"font-weight: 400\">.\u00a0<\/span><\/li>\n<li style=\"font-weight: 400\"><span style=\"font-weight: 400\">Th\u1eed th\u00e1ch k\u00e9o d\u00e0i t\u1eeb ng\u00e0y <\/span><span style=\"font-weight: 400\">31\/08\/2022 \u0111\u1ebfn h\u1ebft ng\u00e0y 11\/09\/2022<\/span><span style=\"font-weight: 400\"> v\u00e0 s\u1ebd k\u1ebft th\u00fac khi th\u1eddi h\u1ea1n ch\u01b0\u01a1ng tr\u00ecnh k\u1ebft th\u00fac ho\u1eb7c khi (c\u00e1c) gi\u1ea3i th\u01b0\u1edfng \u0111\u00e3 \u0111\u01b0\u1ee3c trao h\u1ebft, t\u00f9y v\u00e0o th\u1eddi \u0111i\u1ec3m n\u00e0o \u0111\u1ebfn tr\u01b0\u1edbc.<\/span><\/li>\n<li style=\"font-weight: 400\"><span style=\"font-weight: 400\">Th\u1eed th\u00e1ch s\u1ebd kh\u00f4ng \u0111\u01b0\u1ee3c th\u1ef1c hi\u1ec7n d\u01b0\u1edbi h\u00ecnh th\u1ee9c chia s\u1ebb. M\u1ed7i Th\u1eed th\u00e1ch ch\u1ec9 d\u00e0nh cho m\u1ed9t t\u00e0i kho\u1ea3n Grab, d\u1ef1a tr\u00ean quy\u1ec1n truy c\u1eadp Th\u1eed th\u00e1ch hi\u1ec3n th\u1ecb tr\u00ean \u1ee9ng d\u1ee5ng.\u00a0<\/span><\/li>\n<li style=\"font-weight: 400\"><span style=\"font-weight: 400\">Th\u1eed th\u00e1ch n\u00e0y kh\u00f4ng th\u1ec3 \u0111\u01b0\u1ee3c th\u1ef1c hi\u1ec7n l\u1ea1i sau khi \u0111\u00e3 ho\u00e0n th\u00e0nh ho\u1eb7c th\u1eddi gian quy \u0111\u1ecbnh \u0111\u00e3 k\u1ebft th\u00fac.<\/span><\/li>\n<li style=\"font-weight: 400\"><span style=\"font-weight: 400\">M\u00e3 \u01b0u \u0111\u00e3i d\u1ecbch v\u1ee5 GrabFood c\u00f3 h\u1ea1n s\u1eed d\u1ee5ng 7 ng\u00e0y \u0111\u1ec3 t\u1eeb ng\u00e0y nh\u1eadn m\u00e3.\u00a0<\/span><\/li>\n<\/ul>\n<p><strong>\u0110I\u1ec0U KHO\u1ea2N V\u00c0 \u0110I\u1ec0U KI\u1ec6N KH\u00c1C:<\/strong><\/p>\n<ul>\n<li>Grab c\u00f3 to\u00e0n quy\u1ec1n t\u1eeb ch\u1ed1i trao gi\u1ea3i, t\u01b0\u1edbc quy\u1ec1n tham d\u1ef1 n\u1ebfu nghi ng\u1edd ho\u1eb7c ph\u00e1t hi\u1ec7n ng\u01b0\u1eddi ch\u01a1i th\u1ef1c hi\u1ec7n b\u1ea5t k\u1ef3 h\u00e0nh vi gian l\u1eadn, gi\u1ea3 m\u1ea1o n\u00e0o trong qu\u00e1 tr\u00ecnh tham d\u1ef1 ch\u01b0\u01a1ng tr\u00ecnh d\u01b0\u1edbi b\u1ea5t k\u1ef3 h\u00ecnh th\u1ee9c n\u00e0o ho\u1eb7c qu\u00e1 tr\u00ecnh tham gia ch\u01b0\u01a1ng tr\u00ecnh \u201cTh\u1eed th\u00e1ch\u201d vi ph\u1ea1m c\u00e1c quy \u0111\u1ecbnh ph\u00e1p lu\u1eadt hi\u1ec7n h\u00e0nh kh\u00e1c v\u00e0\/ ho\u1eb7c quy \u0111\u1ecbnh, ch\u00ednh s\u00e1ch Grab. B\u1eb1ng vi\u1ec7c tham gia ch\u01b0\u01a1ng tr\u00ecnh n\u00e0y, ng\u01b0\u1eddi tham gia \u0111\u1ed3ng \u00fd r\u1eb1ng Grab c\u00f3 quy\u1ec1n s\u1eed d\u1ee5ng h\u00ecnh \u1ea3nh c\u1ee7a ng\u01b0\u1eddi chi\u1ebfn th\u1eafng Th\u1eed th\u00e1ch nh\u1eb1m m\u1ee5c \u0111\u00edch qu\u1ea3ng c\u00e1o, ti\u1ebfp th\u1ecb m\u00e0 kh\u00f4ng c\u1ea7n xin ph\u00e9p v\u00e0\/ ho\u1eb7c chi tr\u1ea3 th\u00f9 lao cho ng\u01b0\u1eddi chi\u1ebfn th\u1eafng.<\/li>\n<li>Trong m\u1ecdi tr\u01b0\u1eddng h\u1ee3p, Grab c\u00f3 to\u00e0n quy\u1ec1n quy\u1ebft \u0111\u1ecbnh ng\u01b0\u1eddi th\u1eafng gi\u1ea3i, thay th\u1ebf c\u00e1c ph\u1ea7n th\u01b0\u1edfng tr\u00ean b\u1eb1ng c\u00e1c ph\u1ea7n th\u01b0\u1edfng kh\u00e1c c\u00f3 gi\u00e1 tr\u1ecb t\u01b0\u01a1ng \u0111\u01b0\u01a1ng trong tr\u01b0\u1eddng h\u1ee3p ph\u1ea7n th\u01b0\u1edfng ban \u0111\u1ea7u kh\u00f4ng c\u00f3 s\u1eb5n, b\u1ea5t h\u1ee3p ph\u00e1p ho\u1eb7c kh\u00f4ng kh\u1ea3 thi. C\u00e1c n\u1ed9i dung \u0111\u01b0\u1ee3c thay \u0111\u1ed5i n\u00e0y s\u1ebd m\u1eb7c nhi\u00ean c\u00f3 hi\u1ec7u l\u1ef1c v\u00e0 \u0111\u01b0\u1ee3c \u00e1p d\u1ee5ng \u0111\u1ec3 \u0111i\u1ec1u ch\u1ec9nh c\u00e1c v\u1ea5n \u0111\u1ec1 li\u00ean quan \u0111\u1ebfn ch\u01b0\u01a1ng tr\u00ecnh.<\/li>\n<li>T\u1ea5t c\u1ea3 c\u00e1c \u01b0u \u0111\u00e3i\/gi\u1ea3i th\u01b0\u1edfng \u0111\u1ec1u kh\u00f4ng c\u00f3 gi\u00e1 tr\u1ecb chuy\u1ec3n nh\u01b0\u1ee3ng v\u00e0 quy \u0111\u1ed5i th\u00e0nh ti\u1ec1n m\u1eb7t ho\u1eb7c c\u00e1c h\u00ecnh th\u1ee9c kh\u00e1c.<\/li>\n<li>Ng\u01b0\u1eddi ch\u01a1i \u0111\u1ed3ng \u00fd r\u1eb1ng quy\u1ebft \u0111\u1ecbnh c\u1ee7a Grab l\u00e0 quy\u1ebft \u0111\u1ecbnh cu\u1ed1i c\u00f9ng v\u00e0 c\u00f3 hi\u1ec7u l\u1ef1c \u00e1p d\u1ee5ng. M\u1ecdi tranh ch\u1ea5p gi\u1eefa Grab v\u00e0 ng\u01b0\u1eddi ch\u01a1i ph\u00e1t sinh t\u1eeb ho\u1eb7c li\u00ean quan \u0111\u1ebfn ch\u01b0\u01a1ng tr\u00ecnh (n\u1ebfu c\u00f3) s\u1ebd \u0111\u01b0\u1ee3c gi\u1ea3i quy\u1ebft theo quy tr\u00ecnh do Grab c\u00f4ng b\u1ed1 v\u00e0 \u00e1p d\u1ee5ng t\u1ea1i t\u1eebng th\u1eddi \u0111i\u1ec3m.<\/li>\n<li>Ng\u01b0\u1eddi tr\u00fang th\u01b0\u1edfng ph\u1ea3i \u0111\u1ed5i\/nh\u1eadn t\u1ea5t c\u1ea3 gi\u1ea3i th\u01b0\u1edfng trong th\u1eddi h\u1ea1n \u0111\u01b0\u1ee3c th\u00f4ng b\u00e1o b\u1edfi Grab. M\u1ecdi ph\u1ea7n th\u01b0\u1edfng kh\u00f4ng \u0111\u01b0\u1ee3c \u0111\u1ed5i\/nh\u1eadn trong th\u1eddi gian n\u00e0y s\u1ebd \u0111\u01b0\u1ee3c thu h\u1ed3i ho\u1eb7c h\u00ecnh th\u1ee9c kh\u00e1c theo to\u00e0n quy\u1ec1n quy\u1ebft \u0111\u1ecbnh c\u1ee7a Grab ho\u1eb7c theo quy \u0111\u1ecbnh c\u1ee7a ph\u00e1p lu\u1eadt hi\u1ec7n h\u00e0nh. Grab s\u1ebd kh\u00f4ng gi\u1ea3i quy\u1ebft b\u1ea5t k\u00ec khi\u1ebfu n\u1ea1i ho\u1eb7c y\u00eau c\u1ea7u b\u1ed3i th\u01b0\u1eddng n\u00e0o li\u00ean quan \u0111\u1ebfn tr\u01b0\u1eddng h\u1ee3p n\u00e0y.<\/li>\n<li>B\u1eb1ng vi\u1ec7c tham gia ch\u01b0\u01a1ng tr\u00ecnh n\u00e0y, b\u1ea1n x\u00e1c nh\u1eadn \u0111\u00e3 hi\u1ec3u v\u00e0 ch\u1ea5p thu\u1eadn to\u00e0n b\u1ed9 \u0111i\u1ec1u kho\u1ea3n v\u00e0 \u0111i\u1ec1u ki\u1ec7n quy \u0111\u1ecbnh t\u1ea1i th\u1ec3 l\u1ec7 n\u00e0y.<\/li>\n<li>Ch\u01b0\u01a1ng tr\u00ecnh kh\u00f4ng \u00e1p d\u1ee5ng cho nh\u00e2n vi\u00ean, nh\u00e2n s\u1ef1, \u0111\u1ed1i t\u00e1c c\u00f3 li\u00ean quan th\u1ef1c hi\u1ec7n ch\u01b0\u01a1ng tr\u00ecnh c\u1ee7a C\u00f4ng ty TNHH Grab.<\/li>\n<li>Nh\u1eefng \u0111i\u1ec1u kho\u1ea3n v\u00e0 \u0111i\u1ec1u ki\u1ec7n c\u1ee7a ch\u01b0\u01a1ng tr\u00ecnh n\u00e0y \u0111\u01b0\u1ee3c \u0111i\u1ec1u ch\u1ec9nh b\u1edfi ph\u00e1p lu\u1eadt c\u1ee7a Vi\u1ec7t Nam. Trong tr\u01b0\u1eddng h\u1ee3p c\u00f3 tranh ch\u1ea5p, C\u00e1c B\u00ean s\u1ebd \u01b0u ti\u00ean gi\u1ea3i quy\u1ebft b\u1eb1ng h\u00f2a gi\u1ea3i v\u00e0 th\u01b0\u01a1ng l\u01b0\u1ee3ng. Trong tr\u01b0\u1eddng h\u1ee3p C\u00e1c B\u00ean kh\u00f4ng th\u1ecfa thu\u1eadn \u0111\u01b0\u1ee3c v\u1edbi nhau v\u1ec1 vi\u1ec7c gi\u1ea3i quy\u1ebft tranh ch\u1ea5p trong v\u00f2ng 30 (ba m\u01b0\u01a1i) ng\u00e0y k\u1ec3 t\u1eeb ng\u00e0y x\u1ea3y ra Tranh Ch\u1ea5p, C\u00e1c B\u00ean c\u00f3 quy\u1ec1n y\u00eau c\u1ea7u Trung t\u00e2m tr\u1ecdng t\u00e0i qu\u1ed1c t\u1ebf Vi\u1ec7t Nam (\u201cVIAC\u201d) b\u00ean c\u1ea1nh Ph\u00f2ng Th\u01b0\u01a1ng m\u1ea1i v\u00e0 C\u00f4ng nghi\u1ec7p Vi\u1ec7t Nam (\u201cVCCI\u201d) gi\u1ea3i quy\u1ebft theo th\u1ee7 t\u1ee5c t\u1ed1 t\u1ee5ng c\u1ee7a c\u01a1 quan tr\u1ecdng t\u00e0i n\u00e0y. N\u01a1i gi\u1ea3i quy\u1ebft tranh ch\u1ea5p s\u1ebd t\u1ea1i Th\u00e0nh ph\u1ed1 H\u1ed3 Ch\u00ed Minh. Ng\u00f4n ng\u1eef gi\u1ea3i quy\u1ebft tranh ch\u1ea5p s\u1ebd b\u1eb1ng Ti\u1ebfng Vi\u1ec7t.<\/li>\n<\/ul>\n<p>&nbsp;<\/p>\n<p>&nbsp;<\/p>","protected":false},"excerpt":{"rendered":"\ud83e\udd47Ho\u00e0n th\u00e0nh 05 chuy\u1ebfn tr\u01b0\u1edbc ng\u00e0y 11\/09\/2022 \u0111\u1ec3 nh\u1eadn m\u00e3 \u01b0u \u0111\u00e3i GrabFood mi\u1ec5n ph\u00ed v\u1eadn chuy\u1ec3n 45.000\u0111 (\u0111\u01a1n t\u1eeb 100.000\u0111) &nbsp; &nbsp; C\u00c1CH TH\u1ef0C HI\u1ec6N TH\u1eec TH\u00c1CH: \u201cTh\u1eed th\u00e1ch \u0111i Grab kh\u00e1m ph\u00e1 \u0110\u00e0 N\u1eb5ng, nh\u1eadn \u01b0u \u0111\u00e3i GrabFood\u201d s\u1ebd b\u1eaft \u0111\u1ea7u \u0111\u01b0\u1ee3c k\u00edch ho\u1ea1t khi h\u00e0nh kh\u00e1ch ho\u00e0n th\u00e0nh 01 chuy\u1ebfn xe GrabBike\/GrabBike [&hellip;]","protected":false},"author":1428,"featured_media":0,"parent":0,"menu_order":0,"comment_status":"closed","ping_status":"closed","template":"","meta":{"_acf_changed":false,"footnotes":""},"acf":[],"_links":{"self":[{"href":"https:\/\/www.grab.com\/vn\/en\/wp-json\/wp\/v2\/pages\/129217"}],"collection":[{"href":"https:\/\/www.grab.com\/vn\/en\/wp-json\/wp\/v2\/pages"}],"about":[{"href":"https:\/\/www.grab.com\/vn\/en\/wp-json\/wp\/v2\/types\/page"}],"author":[{"embeddable":true,"href":"https:\/\/www.grab.com\/vn\/en\/wp-json\/wp\/v2\/users\/1428"}],"replies":[{"embeddable":true,"href":"https:\/\/www.grab.com\/vn\/en\/wp-json\/wp\/v2\/comments?post=129217"}],"version-history":[{"count":3,"href":"https:\/\/www.grab.com\/vn\/en\/wp-json\/wp\/v2\/pages\/129217\/revisions"}],"predecessor-version":[{"id":129241,"href":"https:\/\/www.grab.com\/vn\/en\/wp-json\/wp\/v2\/pages\/129217\/revisions\/129241"}],"wp:attachment":[{"href":"https:\/\/www.grab.com\/vn\/en\/wp-json\/wp\/v2\/media?parent=129217"}],"curies":[{"name":"wp","href":"https:\/\/api.w.org\/{rel}","templated":true}]}}