{"id":125262,"date":"2022-07-18T14:59:19","date_gmt":"2022-07-18T06:59:19","guid":{"rendered":"https:\/\/www.grab.com\/vn\/?page_id=125262"},"modified":"2022-07-18T15:01:09","modified_gmt":"2022-07-18T07:01:09","slug":"uu-dai-25-khi-dat-grabbike-grabcar-khung-gio-sang","status":"publish","type":"page","link":"https:\/\/www.grab.com\/vn\/en\/uu-dai-25-khi-dat-grabbike-grabcar-khung-gio-sang\/","title":{"rendered":"\u01afu \u0111\u00e3i 25% \u0111\u1eb7t Grab khung gi\u1edd s\u00e1ng"},"content":{"rendered":"<p><img loading=\"lazy\" decoding=\"async\" width=\"1200\" height=\"600\" class=\"aligncenter size-full wp-image-125263\" src=\"https:\/\/assets.grab.com\/wp-content\/uploads\/sites\/11\/2022\/07\/18145412\/Grab_1200x600_16072022.png\" alt=\"\" srcset=\"https:\/\/assets.grab.com\/wp-content\/uploads\/sites\/11\/2022\/07\/18145412\/Grab_1200x600_16072022.png 1200w, https:\/\/assets.grab.com\/wp-content\/uploads\/sites\/11\/2022\/07\/18145412\/Grab_1200x600_16072022-250x125.png 250w, https:\/\/assets.grab.com\/wp-content\/uploads\/sites\/11\/2022\/07\/18145412\/Grab_1200x600_16072022-700x350.png 700w, https:\/\/assets.grab.com\/wp-content\/uploads\/sites\/11\/2022\/07\/18145412\/Grab_1200x600_16072022-768x384.png 768w, https:\/\/assets.grab.com\/wp-content\/uploads\/sites\/11\/2022\/07\/18145412\/Grab_1200x600_16072022-120x60.png 120w\" sizes=\"(max-width: 1200px) 100vw, 1200px\" \/><\/p>\n<p><span style=\"font-weight: 400\">\ud83c\udf1e S\u00e1ng \u0111\u1eb7t Grab \u0111i l\u00e0m v\u1eeba th\u1ea3nh th\u01a1i v\u1eeba ti\u1ebft ki\u1ec7m<br \/>\n<\/span><\/p>\n<p><span style=\"font-weight: 400\">\ud83c\udf26 M\u00f9a n\u00e0y n\u1eafng n\u1eafng m\u01b0a m\u01b0a, t\u1ea1m c\u1ea5t con xe, \u0111\u1eb7t <strong>Grab<\/strong> \u0111i cho ti\u1ec7n n\u00e0o! Kh\u00f4ng nh\u1eefng ti\u1ec7n m\u00e0 c\u00f2n r\u1ea5t l\u1ee3i v\u1edbi \u01b0u \u0111\u00e3i h\u1ea5p d\u1eabn t\u1eeb <strong>6:00 &#8211; 9:00<\/strong> \u0111\u00f3 nha!<\/span><\/p>\n<p><span style=\"font-weight: 400\">\ud83d\ude97 Nh\u1eadp m\u00e3 <strong>DAYDIGC<\/strong> (*) <em><strong>gi\u1ea3m 25% t\u1ed1i \u0111a 20.000\u0111<\/strong><\/em> cho chuy\u1ebfn GrabCar<\/span><\/p>\n<p><span style=\"font-weight: 400\">\ud83d\udef5 Nh\u1eadp m\u00e3 <strong>DAYDIGB<\/strong> (*) <em><strong>gi\u1ea3m 25% t\u1ed1i \u0111a 10.000\u0111 cho<\/strong><\/em> chuy\u1ebfn GrabBike<\/span><\/p>\n<p><strong>\ud83d\udc49\u0110\u1eb7t xe ngay!<\/strong><\/p>\n<p><a href=\"https:\/\/grab.onelink.me\/2695613898\/datxengay\"><img loading=\"lazy\" decoding=\"async\" class=\"aligncenter wp-image-109009\" src=\"https:\/\/assets.grab.com\/wp-content\/uploads\/sites\/11\/2022\/01\/20122452\/CTA-012.png\" alt=\"\" width=\"204\" height=\"50\" \/><\/a><!--more--><\/p>\n<p><strong><br \/>\nL\u01b0u \u00fd:<\/strong><\/p>\n<p><span style=\"font-weight: 400\">\u2705 (*) Ch\u01b0\u01a1ng tr\u00ecnh \u00e1p d\u1ee5ng t\u1ea1i th\u00e0nh ph\u1ed1 H\u1ed3 Ch\u00ed Minh v\u00e0 H\u00e0 N\u1ed9i<\/span><\/p>\n<p><span style=\"font-weight: 400\">\u2705 (*) Ch\u01b0\u01a1ng tr\u00ecnh \u00e1p d\u1ee5ng cho phi\u00ean b\u1ea3n app m\u1edbi nh\u1ea5t.<\/span><\/p>\n<p><span style=\"font-weight: 400\">\u2705 (*) S\u1ed1 l\u01b0\u1ee3ng \u01b0u \u0111\u00e3i gi\u1edbi h\u1ea1n m\u1ed7i ng\u00e0y. Xem chi ti\u1ebft ch\u01b0\u01a1ng tr\u00ecnh t\u1ea1i \u0111\u00e2y:<\/span><\/p>\n<p><strong>\ud83d\udc49 M\u00e3 DAYDIGC:<br \/>\n<\/strong>&#8211; \u01afu \u0111\u00e3i 25% (t\u1ed1i \u0111a 20.000\u0111) \u00e1p d\u1ee5ng cho d\u1ecbch v\u1ee5 GrabCar\/ GrabCar Protect\/ GrabCar Economy\/ GrabCar Plus.<br \/>\n&#8211; \u00c1p d\u1ee5ng t\u1ea1i th\u00e0nh ph\u1ed1 H\u00e0 N\u1ed9i.<br \/>\n&#8211; \u00c1p d\u1ee5ng trong khung gi\u1edd 06:00-09:00 m\u1ed7i ng\u00e0y.<br \/>\n&#8211; \u00c1p d\u1ee5ng cho m\u1ecdi h\u00ecnh th\u1ee9c thanh to\u00e1n.<br \/>\n&#8211; \u01afu \u0111\u00e3i kh\u00f4ng bao g\u1ed3m ph\u1ee5 ph\u00ed, ng\u01b0\u1eddi d\u00f9ng vui l\u00f2ng thanh to\u00e1n ph\u1ee5 ph\u00ed (n\u1ebfu c\u00f3) v\u1edbi \u0110\u1ed1i t\u00e1c t\u00e0i x\u1ebf.<br \/>\n&#8211; M\u1ed7i ng\u01b0\u1eddi d\u00f9ng c\u00f3 th\u1ec3 s\u1eed d\u1ee5ng \u01b0u \u0111\u00e3i t\u1ed1i \u0111a 01 l\u1ea7n\/ ng\u00e0y v\u00e0 05 l\u1ea7n trong su\u1ed1t th\u1eddi gian di\u1ec5n ra ch\u01b0\u01a1ng tr\u00ecnh.<br \/>\n&#8211; S\u1ed1 l\u01b0\u1ee3ng \u01b0u \u0111\u00e3i c\u00f3 gi\u1edbi h\u1ea1n m\u1ed7i ng\u00e0y.<br \/>\n&#8211; Ch\u1ec9 \u00e1p d\u1ee5ng cho ng\u01b0\u1eddi d\u00f9ng nh\u1eadn \u0111\u01b0\u1ee3c th\u00f4ng b\u00e1o.<br \/>\n&#8211; Ch\u1ec9 \u00e1p d\u1ee5ng v\u1edbi phi\u00ean b\u1ea3n app m\u1edbi nh\u1ea5t.<\/p>\n<p><strong>\ud83d\udc49 M\u00e3 DAYDIGB:<br \/>\n<\/strong>&#8211; \u01afu \u0111\u00e3i 25% (t\u1ed1i \u0111a 10.000\u0111) \u00e1p d\u1ee5ng cho d\u1ecbch v\u1ee5 GrabBike\/ GrabBike Plus\/ GrabBike Premium.<br \/>\n&#8211; \u00c1p d\u1ee5ng t\u1ea1i th\u00e0nh ph\u1ed1 H\u00e0 N\u1ed9i.<br \/>\n&#8211; \u00c1p d\u1ee5ng trong khung gi\u1edd 06:00-09:00 m\u1ed7i ng\u00e0y.<br \/>\n&#8211; \u00c1p d\u1ee5ng cho m\u1ecdi h\u00ecnh th\u1ee9c thanh to\u00e1n.<br \/>\n&#8211; \u01afu \u0111\u00e3i kh\u00f4ng bao g\u1ed3m ph\u1ee5 ph\u00ed, ng\u01b0\u1eddi d\u00f9ng vui l\u00f2ng thanh to\u00e1n ph\u1ee5 ph\u00ed (n\u1ebfu c\u00f3) v\u1edbi \u0110\u1ed1i t\u00e1c t\u00e0i x\u1ebf.<br \/>\n&#8211; M\u1ed7i ng\u01b0\u1eddi d\u00f9ng c\u00f3 th\u1ec3 s\u1eed d\u1ee5ng \u01b0u \u0111\u00e3i t\u1ed1i \u0111a 01 l\u1ea7n\/ ng\u00e0y v\u00e0 05 l\u1ea7n trong su\u1ed1t th\u1eddi gian di\u1ec5n ra ch\u01b0\u01a1ng tr\u00ecnh.<br \/>\n&#8211; S\u1ed1 l\u01b0\u1ee3ng \u01b0u \u0111\u00e3i c\u00f3 gi\u1edbi h\u1ea1n m\u1ed7i ng\u00e0y.<br \/>\n&#8211; Ch\u1ec9 \u00e1p d\u1ee5ng cho ng\u01b0\u1eddi d\u00f9ng nh\u1eadn \u0111\u01b0\u1ee3c th\u00f4ng b\u00e1o.<br \/>\n&#8211; Ch\u1ec9 \u00e1p d\u1ee5ng v\u1edbi phi\u00ean b\u1ea3n app m\u1edbi nh\u1ea5t.<\/p>","protected":false},"excerpt":{"rendered":"\ud83c\udf1e S\u00e1ng \u0111\u1eb7t Grab \u0111i l\u00e0m v\u1eeba th\u1ea3nh th\u01a1i v\u1eeba ti\u1ebft ki\u1ec7m \ud83c\udf26 M\u00f9a n\u00e0y n\u1eafng n\u1eafng m\u01b0a m\u01b0a, t\u1ea1m c\u1ea5t con xe, \u0111\u1eb7t Grab \u0111i cho ti\u1ec7n n\u00e0o! Kh\u00f4ng nh\u1eefng ti\u1ec7n m\u00e0 c\u00f2n r\u1ea5t l\u1ee3i v\u1edbi \u01b0u \u0111\u00e3i h\u1ea5p d\u1eabn t\u1eeb 6:00 &#8211; 9:00 \u0111\u00f3 nha! \ud83d\ude97 Nh\u1eadp m\u00e3 DAYDIGC (*) gi\u1ea3m 25% t\u1ed1i [&hellip;]","protected":false},"author":1123,"featured_media":0,"parent":0,"menu_order":0,"comment_status":"closed","ping_status":"closed","template":"","meta":{"_acf_changed":false,"footnotes":""},"acf":[],"_links":{"self":[{"href":"https:\/\/www.grab.com\/vn\/en\/wp-json\/wp\/v2\/pages\/125262"}],"collection":[{"href":"https:\/\/www.grab.com\/vn\/en\/wp-json\/wp\/v2\/pages"}],"about":[{"href":"https:\/\/www.grab.com\/vn\/en\/wp-json\/wp\/v2\/types\/page"}],"author":[{"embeddable":true,"href":"https:\/\/www.grab.com\/vn\/en\/wp-json\/wp\/v2\/users\/1123"}],"replies":[{"embeddable":true,"href":"https:\/\/www.grab.com\/vn\/en\/wp-json\/wp\/v2\/comments?post=125262"}],"version-history":[{"count":3,"href":"https:\/\/www.grab.com\/vn\/en\/wp-json\/wp\/v2\/pages\/125262\/revisions"}],"predecessor-version":[{"id":125266,"href":"https:\/\/www.grab.com\/vn\/en\/wp-json\/wp\/v2\/pages\/125262\/revisions\/125266"}],"wp:attachment":[{"href":"https:\/\/www.grab.com\/vn\/en\/wp-json\/wp\/v2\/media?parent=125262"}],"curies":[{"name":"wp","href":"https:\/\/api.w.org\/{rel}","templated":true}]}}