{"id":124895,"date":"2022-07-13T18:48:39","date_gmt":"2022-07-13T10:48:39","guid":{"rendered":"https:\/\/www.grab.com\/vn\/?page_id=124895"},"modified":"2022-07-13T18:52:00","modified_gmt":"2022-07-13T10:52:00","slug":"tranh-nong-ha-noi-dat-ngay-grabcar","status":"publish","type":"page","link":"https:\/\/www.grab.com\/vn\/en\/tranh-nong-ha-noi-dat-ngay-grabcar\/","title":{"rendered":"Tr\u00e1nh n\u00f3ng H\u00e0 N\u1ed9i, \u0111\u1eb7t ngay GrabCar"},"content":{"rendered":"<p>&nbsp;<\/p>\n<p><span style=\"font-weight: 400\">\u2600\ufe0f Tr\u00e1nh n\u00f3ng H\u00e0 N\u1ed9i, \u0111\u1eb7t ngay GrabCar si\u00eau ti\u1ebft ki\u1ec7m v\u1edbi \u01b0u \u0111\u00e3i t\u1edbi 35%<\/span><\/p>\n<p><span style=\"font-weight: 400\">\ud83d\ude35 Th\u1ee7 \u0111\u00f4 m\u00f9a n\u00e0y m\u00e0 ph\u1ea3i x\u00e1ch xe \u0111i \u0111\u1ebfn c\u00f4ng ty, \u0111\u00e8o nhau ra \u0111\u01b0\u1eddng \u0103n tr\u01b0a th\u00ec \u00f4i th\u00f4i d\u00e3 man l\u00e0m sao ph\u1ea3i kh\u00f4ng c\u00e1c b\u00e1c?<\/span><\/p>\n<p><span style=\"font-weight: 400\">\ud83d\ude99 \u0110\u1ec3 xe \u1edf nh\u00e0, \u0111\u1eb7t chuy\u1ebfn GrabCar, nh\u1eadp m\u00e3 \ud835\udde1\ud835\udde2\ud835\udde1\ud835\uddda (*) &#8211; \u01b0u \u0111\u00e3i t\u1edbi 35% (t\u1ed1i \u0111a 20.000 cho cu\u1ed1c xe t\u1eeb 50.000\u0111) r\u1ed3i r\u1ee7 b\u1ea1n b\u00e8, \u0111\u1ed3ng nghi\u1ec7p, gia \u0111\u00ecnh c\u00f9ng ng\u1ed3i \u0111i\u1ec1u ho\u00e0 \u0111i \u0103n cho m\u00e1t! \ud83c\udf25\ufe0f\ud83c\udf25\ufe0f\ud83c\udf25\ufe0f<\/span><\/p>\n<p><span style=\"font-weight: 400\">\ud83d\udcf2 \u00c1p d\u1ee5ng \u0111\u1ebfn h\u1ebft ng\u00e0y 31\/07 lu\u00f4n cho tho\u1ea3i m\u00e1i c\u1ea3 nh\u00e0 nh\u00e9! N\u00f3ng l\u1eafm r\u1ed3i kh\u1ea9n tr\u01b0\u01a1ng m\u1edf \u0111i\u1ec7n tho\u1ea1i \u0111\u1eb7t GrabCar ngay c\u00e1c b\u00e1c \u01a1i!<\/span><\/p>\n<p>&nbsp;<\/p>\n<p><strong>Xem chi ti\u1ebft ch\u01b0\u01a1ng tr\u00ecnh t\u1ea1i \u0111\u00e2y:<\/strong><\/p>\n<p>&#8211; \u01afu \u0111\u00e3i 35% (t\u1ed1i \u0111a 20.000\u0111) \u00e1p d\u1ee5ng cho chuy\u1ebfn xe c\u00f3 c\u01b0\u1edbc ph\u00ed t\u1eeb 50.000\u0111 tr\u1edf l\u00ean.<\/p>\n<p>&#8211; \u00c1p d\u1ee5ng cho c\u00e1c d\u1ecbch v\u1ee5 GrabCar, GrabCar Plus, GrabCar Doanh Nghi\u1ec7p \u1edf Tp. H\u00e0 N\u1ed9i.<\/p>\n<p>&#8211; M\u1ed7i ng\u01b0\u1eddi d\u00f9ng c\u00f3 th\u1ec3 s\u1eed d\u1ee5ng \u01b0u \u0111\u00e3i t\u1ed1i \u0111a 01 l\u1ea7n m\u1ed7i ng\u00e0y v\u00e0 05 l\u1ea7n trong su\u1ed1t th\u1eddi gian di\u1ec5n ra ch\u01b0\u01a1ng tr\u00ecnh.<\/p>\n<p>&#8211; \u00c1p d\u1ee5ng cho m\u1ecdi h\u00ecnh th\u1ee9c thanh to\u00e1n.<\/p>\n<p>&#8211; M\u00e3 khuy\u1ebfn m\u00e3i kh\u00f4ng bao g\u1ed3m Ph\u1ee5 Ph\u00ed ng\u01b0\u1eddi d\u00f9ng vui l\u00f2ng thanh to\u00e1n ph\u1ee5 ph\u00ed (n\u1ebfu c\u00f3) v\u1edbi \u0110\u1ed1i t\u00e1c t\u00e0i x\u1ebf.<\/p>\n<p>&#8211; Kh\u00f4ng s\u1eed d\u1ee5ng c\u00f9ng v\u1edbi c\u00e1c khuy\u1ebfn m\u00e3i kh\u00e1c c\u1ee7a Grab.<\/p>\n<p>&#8211; Ch\u1ec9 \u00e1p d\u1ee5ng cho kh\u00e1ch h\u00e0ng nh\u1eadn \u0111\u01b0\u1ee3c th\u00f4ng b\u00e1o n\u00e0y.<\/p>\n<p><!--more--><\/p>\n<p><a href=\"https:\/\/grab.onelink.me\/2695613898\/datxengay\"><img loading=\"lazy\" decoding=\"async\" class=\"aligncenter wp-image-109009\" src=\"https:\/\/assets.grab.com\/wp-content\/uploads\/sites\/11\/2022\/01\/20122452\/CTA-012.png\" alt=\"\" width=\"204\" height=\"50\" \/><\/a><\/p>","protected":false},"excerpt":{"rendered":"&nbsp; \u2600\ufe0f Tr\u00e1nh n\u00f3ng H\u00e0 N\u1ed9i, \u0111\u1eb7t ngay GrabCar si\u00eau ti\u1ebft ki\u1ec7m v\u1edbi \u01b0u \u0111\u00e3i t\u1edbi 35% \ud83d\ude35 Th\u1ee7 \u0111\u00f4 m\u00f9a n\u00e0y m\u00e0 ph\u1ea3i x\u00e1ch xe \u0111i \u0111\u1ebfn c\u00f4ng ty, \u0111\u00e8o nhau ra \u0111\u01b0\u1eddng \u0103n tr\u01b0a th\u00ec \u00f4i th\u00f4i d\u00e3 man l\u00e0m sao ph\u1ea3i kh\u00f4ng c\u00e1c b\u00e1c? \ud83d\ude99 \u0110\u1ec3 xe \u1edf nh\u00e0, \u0111\u1eb7t chuy\u1ebfn GrabCar, [&hellip;]","protected":false},"author":1250,"featured_media":0,"parent":0,"menu_order":0,"comment_status":"closed","ping_status":"closed","template":"","meta":{"_acf_changed":false,"footnotes":""},"acf":[],"_links":{"self":[{"href":"https:\/\/www.grab.com\/vn\/en\/wp-json\/wp\/v2\/pages\/124895"}],"collection":[{"href":"https:\/\/www.grab.com\/vn\/en\/wp-json\/wp\/v2\/pages"}],"about":[{"href":"https:\/\/www.grab.com\/vn\/en\/wp-json\/wp\/v2\/types\/page"}],"author":[{"embeddable":true,"href":"https:\/\/www.grab.com\/vn\/en\/wp-json\/wp\/v2\/users\/1250"}],"replies":[{"embeddable":true,"href":"https:\/\/www.grab.com\/vn\/en\/wp-json\/wp\/v2\/comments?post=124895"}],"version-history":[{"count":3,"href":"https:\/\/www.grab.com\/vn\/en\/wp-json\/wp\/v2\/pages\/124895\/revisions"}],"predecessor-version":[{"id":124900,"href":"https:\/\/www.grab.com\/vn\/en\/wp-json\/wp\/v2\/pages\/124895\/revisions\/124900"}],"wp:attachment":[{"href":"https:\/\/www.grab.com\/vn\/en\/wp-json\/wp\/v2\/media?parent=124895"}],"curies":[{"name":"wp","href":"https:\/\/api.w.org\/{rel}","templated":true}]}}