{"id":124317,"date":"2022-07-08T10:33:37","date_gmt":"2022-07-08T02:33:37","guid":{"rendered":"https:\/\/www.grab.com\/vn\/?page_id=124317"},"modified":"2022-07-29T12:33:23","modified_gmt":"2022-07-29T04:33:23","slug":"uu-dai-grabmart-sau-moi-chuyen-xe-grabbike-grabcar-thang-7","status":"publish","type":"page","link":"https:\/\/www.grab.com\/vn\/en\/uu-dai-grabmart-sau-moi-chuyen-xe-grabbike-grabcar-thang-7\/","title":{"rendered":"\u01afu \u0111\u00e3i GrabMart sau m\u1ed7i chuy\u1ebfn xe GrabBike, GrabCar"},"content":{"rendered":"<p><img loading=\"lazy\" decoding=\"async\" class=\"aligncenter wp-image-124341 size-full\" src=\"https:\/\/assets.grab.com\/wp-content\/uploads\/sites\/11\/2022\/07\/08111709\/1200x600..png\" alt=\"\" width=\"1200\" height=\"600\" srcset=\"https:\/\/assets.grab.com\/wp-content\/uploads\/sites\/11\/2022\/07\/08111709\/1200x600..png 1200w, https:\/\/assets.grab.com\/wp-content\/uploads\/sites\/11\/2022\/07\/08111709\/1200x600.-250x125.png 250w, https:\/\/assets.grab.com\/wp-content\/uploads\/sites\/11\/2022\/07\/08111709\/1200x600.-700x350.png 700w, https:\/\/assets.grab.com\/wp-content\/uploads\/sites\/11\/2022\/07\/08111709\/1200x600.-768x384.png 768w, https:\/\/assets.grab.com\/wp-content\/uploads\/sites\/11\/2022\/07\/08111709\/1200x600.-120x60.png 120w\" sizes=\"(max-width: 1200px) 100vw, 1200px\" \/><\/p>\n<p>\ud83d\ude97\ud83d\udef5\u0110\u1eb7t Grab \u0111i l\u00e0m, nh\u1eadn voucher \u0111i ch\u1ee3 GrabMart l\u00ean \u0111\u1ebfn 50K<\/p>\n<p>\ud83d\ude0dNh\u00e0 \u201cbao vi\u1ec7c\u201d, b\u1eadn r\u1ed9n ng\u00e0y \u0111\u00eam th\u00ec g\u1ecdi Grab \u0111\u01b0a \u0111i \u0111\u00f3n v\u1ec1 n\u00e8. Di chuy\u1ec3n an to\u00e0n kh\u00f4ng lo ngh\u0129 c\u00f2n nh\u1eadn \u0111\u01b0\u1ee3c nhi\u1ec1u voucher \u0111i ch\u1ee3 n\u1eefa ch\u1ee9!<br \/>\n\ud83d\uded2\u01afu \u0111\u00e3i t\u1edbi 50.000\u0111 ph\u00ed giao h\u00e0ng cho \u0111\u01a1n h\u00e0ng t\u1eeb 119.000\u0111<br \/>\n\ud83d\uded2\u01afu \u0111\u00e3i t\u1edbi 40.000\u0111 ph\u00ed giao h\u00e0ng cho \u0111\u01a1n h\u00e0ng t\u1eeb 159.000\u0111<br \/>\n\ud83e\udd66\u01afu \u0111\u00e3i t\u1edbi 45.000\u0111 cho \u0111\u01a1n h\u00e0ng t\u1eeb 299.000\u0111<\/p>\n<p>\ud83c\udf81 Sau khi ho\u00e0n th\u00e0nh cu\u1ed1c xe, \u0111\u1eebng qu\u00ean ki\u1ec3m tra th\u00f4ng b\u00e1o \u201c\u01afu \u0111\u00e3i sau m\u1ed7i chuy\u1ebfn xe\u201d ho\u1eb7c m\u1ee5c \u201c\u01afu \u0111\u00e3i c\u1ee7a t\u00f4i\/ My rewards\u201d \u0111\u1ec3 nh\u1eadn ngay voucher \u0111i ch\u1ee3 c\u1ee7a GrabMart nh\u00e9.<\/p>\n<p>\ud83d\udc49\u0110\u1eb7t Grab ngay b\u1ea1n \u01a1i!<\/p>\n<p>#GrabBike #GrabCar #GrabMart<\/p>\n<p>&nbsp;<\/p>\n<p><strong>Xem chi ti\u1ebft ch\u01b0\u01a1ng tr\u00ecnh \u01b0u \u0111\u00e3i t\u1ea1i \u0111\u00e2y<\/strong><\/p>\n<p>&#8211; 1 x \u01afu \u0111\u00e3i ph\u00ed giao h\u00e0ng 40,000\u0111 cho \u0111\u01a1n h\u00e0ng t\u1eeb 159,000\u0111<br \/>\n&#8211; \u00c1p d\u1ee5ng cho t\u1ea5t c\u1ea3 h\u00ecnh th\u1ee9c thanh to\u00e1n.<br \/>\n&#8211; \u00c1p d\u1ee5ng cho c\u00e1c c\u1eeda h\u00e0ng c\u00f3 hi\u1ec3n th\u1ecb \u01b0u \u0111\u00e3i tr\u00ean GrabMart.<br \/>\n&#8211; Ch\u1ec9 \u00e1p d\u1ee5ng tr\u00ean ph\u00ed giao h\u00e0ng, kh\u00f4ng \u00e1p d\u1ee5ng tr\u00ean gi\u00e1 tr\u1ecb \u0111\u01a1n h\u00e0ng<br \/>\n&#8211; M\u1ed7i ng\u01b0\u1eddi d\u00f9ng c\u00f3 th\u1ec3 s\u1eed d\u1ee5ng \u01b0u \u0111\u00e3i t\u1ed1i \u0111a 1 l\u1ea7n trong su\u1ed1t th\u1eddi gian di\u1ec5n ra ch\u01b0\u01a1ng tr\u00ecnh.<br \/>\n&#8211; S\u1ed1 l\u01b0\u1ee3ng \u01b0u \u0111\u00e3i gi\u1edbi h\u1ea1n m\u1ed7i ng\u00e0y.<br \/>\n&#8211; Kh\u00f4ng \u00e1p d\u1ee5ng \u0111\u1ed3ng th\u1eddi c\u00e1c ch\u01b0\u01a1ng tr\u00ecnh \u01b0u \u0111\u00e3i kh\u00e1c.<br \/>\n&#8211; Ch\u01b0\u01a1ng tr\u00ecnh khuy\u1ebfn m\u00e3i c\u00f3 th\u1ec3 k\u1ebft th\u00fac s\u1edbm h\u01a1n d\u1ef1 ki\u1ebfn<\/p>\n<p>&nbsp;<\/p>\n<p><strong>Xem chi ti\u1ebft ch\u01b0\u01a1ng tr\u00ecnh \u01b0u \u0111\u00e3i t\u1ea1i \u0111\u00e2y<\/strong><\/p>\n<p>&#8211; 1 x \u01afu \u0111\u00e3i ph\u00ed giao h\u00e0ng 50,000\u0111 cho \u0111\u01a1n h\u00e0ng t\u1eeb 119,000\u0111<br \/>\n&#8211; \u00c1p d\u1ee5ng cho t\u1ea5t c\u1ea3 h\u00ecnh th\u1ee9c thanh to\u00e1n.<br \/>\n&#8211; \u00c1p d\u1ee5ng cho c\u00e1c c\u1eeda h\u00e0ng c\u00f3 hi\u1ec3n th\u1ecb \u01b0u \u0111\u00e3i tr\u00ean GrabMart.<br \/>\n&#8211; Ch\u1ec9 \u00e1p d\u1ee5ng tr\u00ean ph\u00ed giao h\u00e0ng, kh\u00f4ng \u00e1p d\u1ee5ng tr\u00ean gi\u00e1 tr\u1ecb \u0111\u01a1n h\u00e0ng<br \/>\n&#8211; M\u1ed7i ng\u01b0\u1eddi d\u00f9ng c\u00f3 th\u1ec3 s\u1eed d\u1ee5ng \u01b0u \u0111\u00e3i t\u1ed1i \u0111a 1 l\u1ea7n trong su\u1ed1t th\u1eddi gian di\u1ec5n ra ch\u01b0\u01a1ng tr\u00ecnh.<br \/>\n&#8211; S\u1ed1 l\u01b0\u1ee3ng \u01b0u \u0111\u00e3i gi\u1edbi h\u1ea1n m\u1ed7i ng\u00e0y.<br \/>\n&#8211; Kh\u00f4ng \u00e1p d\u1ee5ng \u0111\u1ed3ng th\u1eddi c\u00e1c ch\u01b0\u01a1ng tr\u00ecnh \u01b0u \u0111\u00e3i kh\u00e1c.<br \/>\n&#8211; Ch\u01b0\u01a1ng tr\u00ecnh khuy\u1ebfn m\u00e3i c\u00f3 th\u1ec3 k\u1ebft th\u00fac s\u1edbm h\u01a1n d\u1ef1 ki\u1ebfn<\/p>\n<p>&nbsp;<\/p>\n<p><strong>Xem chi ti\u1ebft ch\u01b0\u01a1ng tr\u00ecnh \u01b0u \u0111\u00e3i t\u1ea1i \u0111\u00e2y<\/strong><br \/>\n&#8211; 1x \u01afu \u0111\u00e3i 45.000\u0111 cho \u0111\u01a1n h\u00e0ng t\u1eeb 299.000\u0111<br \/>\n&#8211; \u00c1p d\u1ee5ng cho t\u1ea5t c\u1ea3 h\u00ecnh th\u1ee9c thanh to\u00e1n.<br \/>\n&#8211; \u00c1p d\u1ee5ng cho c\u00e1c c\u1eeda h\u00e0ng c\u00f3 hi\u1ec3n th\u1ecb \u01b0u \u0111\u00e3i tr\u00ean GrabMart.<br \/>\n&#8211; Ch\u1ec9 \u00e1p d\u1ee5ng tr\u00ean gi\u00e1 tr\u1ecb \u0111\u01a1n h\u00e0ng, kh\u00f4ng \u00e1p d\u1ee5ng tr\u00ean ph\u00ed giao h\u00e0ng.<br \/>\n&#8211; \u01afu \u0111\u00e3i kh\u00f4ng bao g\u1ed3m ph\u1ee5 ph\u00ed, h\u00e0nh kh\u00e1ch vui l\u00f2ng thanh to\u00e1n ph\u1ee5 ph\u00ed (n\u1ebfu c\u00f3) v\u1edbi t\u00e0i x\u1ebf.<br \/>\n&#8211; M\u1ed7i ng\u01b0\u1eddi d\u00f9ng c\u00f3 th\u1ec3 s\u1eed d\u1ee5ng \u01b0u \u0111\u00e3i t\u1ed1i \u0111a 1 l\u1ea7n trong su\u1ed1t th\u1eddi gian di\u1ec5n ra ch\u01b0\u01a1ng tr\u00ecnh.<br \/>\n&#8211; S\u1ed1 l\u01b0\u1ee3ng \u01b0u \u0111\u00e3i gi\u1edbi h\u1ea1n m\u1ed7i ng\u00e0y.<br \/>\n&#8211; Kh\u00f4ng \u00e1p d\u1ee5ng \u0111\u1ed3ng th\u1eddi c\u00e1c ch\u01b0\u01a1ng tr\u00ecnh \u01b0u \u0111\u00e3i kh\u00e1c.<\/p>\n<p>&nbsp;<\/p>\n<p><!--more--><\/p>\n<p><a href=\"https:\/\/grab.onelink.me\/2695613898\/datxengay\"><img loading=\"lazy\" decoding=\"async\" class=\"aligncenter wp-image-109009\" src=\"https:\/\/assets.grab.com\/wp-content\/uploads\/sites\/11\/2022\/01\/20122452\/CTA-012.png\" alt=\"\" width=\"204\" height=\"50\" \/><\/a><\/p>","protected":false},"excerpt":{"rendered":"\ud83d\ude97\ud83d\udef5\u0110\u1eb7t Grab \u0111i l\u00e0m, nh\u1eadn voucher \u0111i ch\u1ee3 GrabMart l\u00ean \u0111\u1ebfn 50K \ud83d\ude0dNh\u00e0 \u201cbao vi\u1ec7c\u201d, b\u1eadn r\u1ed9n ng\u00e0y \u0111\u00eam th\u00ec g\u1ecdi Grab \u0111\u01b0a \u0111i \u0111\u00f3n v\u1ec1 n\u00e8. Di chuy\u1ec3n an to\u00e0n kh\u00f4ng lo ngh\u0129 c\u00f2n nh\u1eadn \u0111\u01b0\u1ee3c nhi\u1ec1u voucher \u0111i ch\u1ee3 n\u1eefa ch\u1ee9! \ud83d\uded2\u01afu \u0111\u00e3i t\u1edbi 50.000\u0111 ph\u00ed giao h\u00e0ng cho \u0111\u01a1n h\u00e0ng t\u1eeb 119.000\u0111 [&hellip;]","protected":false},"author":1250,"featured_media":0,"parent":0,"menu_order":0,"comment_status":"closed","ping_status":"closed","template":"","meta":{"_acf_changed":false,"footnotes":""},"acf":[],"_links":{"self":[{"href":"https:\/\/www.grab.com\/vn\/en\/wp-json\/wp\/v2\/pages\/124317"}],"collection":[{"href":"https:\/\/www.grab.com\/vn\/en\/wp-json\/wp\/v2\/pages"}],"about":[{"href":"https:\/\/www.grab.com\/vn\/en\/wp-json\/wp\/v2\/types\/page"}],"author":[{"embeddable":true,"href":"https:\/\/www.grab.com\/vn\/en\/wp-json\/wp\/v2\/users\/1250"}],"replies":[{"embeddable":true,"href":"https:\/\/www.grab.com\/vn\/en\/wp-json\/wp\/v2\/comments?post=124317"}],"version-history":[{"count":8,"href":"https:\/\/www.grab.com\/vn\/en\/wp-json\/wp\/v2\/pages\/124317\/revisions"}],"predecessor-version":[{"id":126255,"href":"https:\/\/www.grab.com\/vn\/en\/wp-json\/wp\/v2\/pages\/124317\/revisions\/126255"}],"wp:attachment":[{"href":"https:\/\/www.grab.com\/vn\/en\/wp-json\/wp\/v2\/media?parent=124317"}],"curies":[{"name":"wp","href":"https:\/\/api.w.org\/{rel}","templated":true}]}}