{"id":124114,"date":"2022-07-06T15:31:07","date_gmt":"2022-07-06T07:31:07","guid":{"rendered":"https:\/\/www.grab.com\/vn\/?page_id=124114"},"modified":"2022-07-08T10:26:55","modified_gmt":"2022-07-08T02:26:55","slug":"pha-dao-thu-thach-giao-hang-thang-chuyen-du-lich-thai-lan","status":"publish","type":"page","link":"https:\/\/www.grab.com\/vn\/en\/pha-dao-thu-thach-giao-hang-thang-chuyen-du-lich-thai-lan\/","title":{"rendered":"Ph\u00e1 \u0111\u1ea3o th\u1eed th\u00e1ch giao h\u00e0ng &#8211; Th\u1eafng chuy\u1ebfn du l\u1ecbch Th\u00e1i Lan"},"content":{"rendered":"<p><img decoding=\"async\" src=\"https:\/\/assets.grab.com\/wp-content\/uploads\/sites\/11\/2022\/07\/06152031\/1200x600-52.jpg\" \/><\/p>\n<h4 style=\"font-family: 'Sanomat Grab Web', sans-serif;color: #333333\">\ud83c\udfc6 Tham gia Th\u1eed th\u00e1ch \u0111ua \u0111\u01a1n giao h\u00e0ng GrabExpress \u0111\u1ec3 c\u00f3 c\u01a1 h\u1ed9i th\u1eafng 1 chuy\u1ebfn du l\u1ecbch \u0111\u1ebfn Thi\u00ean \u0111\u01b0\u1eddng \u0111\u1ea3o Phuket Th\u00e1i Lan ch\u1ec9 v\u1edbi 2 b\u01b0\u1edbc:<\/h4>\n<p>B\u01b0\u1edbc 1\ufe0f\u20e3<em>: Ho\u00e0n th\u00e0nh 1 chuy\u1ebfn giao h\u00e0ng v\u1edbi GrabExpress k\u1ec3 t\u1eeb ng\u00e0y 11\/07\/2022 \u0111\u1ec3 t\u1ef1 \u0111\u00f4ng tham gia Th\u1eed th\u00e1ch<\/em><br \/>\nB\u01b0\u1edbc 2\ufe0f\u20e3<em>: Theo d\u00f5i \u0111\u01b0\u1eddng \u0111ua v\u00e0 ho\u00e0n th\u00e0nh c\u00e1c ch\u1eb7ng \u0111ua tr\u01b0\u1edbc ng\u00e0y 31\/07\/2022<\/em><\/p>\n<h4 style=\"font-family: 'Sanomat Grab Web', sans-serif;color: #333333\">Th\u1eed th\u00e1ch \u0111ua \u0111\u01a1n giao h\u00e0ng s\u1ebd c\u00f3 5 ch\u1eb7ng nh\u01b0 sau:<\/h4>\n<ul>\n<li>\ud83c\udf89 Ch\u1eb7ng 1: Ho\u00e0n th\u00e0nh 2 chuy\u1ebfn GrabExpress &#8211; nh\u1eadn ngay\u00a0<strong>1 \u01b0u \u0111\u00e3i GrabFood gi\u1ea3m 15.000\u0111<\/strong><\/li>\n<li>\ud83c\udf89 Ch\u1eb7ng 2: Ho\u00e0n th\u00e0nh th\u00eam 1 chuy\u1ebfn GrabExpress &#8211; nh\u1eadn th\u00eam\u00a0<strong>1 \u01b0u \u0111\u00e3i GrabBike\/GrabCar gi\u1ea3m 20% t\u1ed1i \u0111a 20.000\u0111<\/strong><\/li>\n<li>\ud83c\udf89 Ch\u1eb7ng 3: Ho\u00e0n th\u00e0nh th\u00eam 1 chuy\u1ebfn GrabExpress &#8211; nh\u1eadn th\u00eam\u00a0<strong>2 m\u00e3 n\u1ea1p ti\u1ec1n \u0111i\u1ec7n tho\u1ea1i tr\u1ecb gi\u00e1 20.000\u0111\/m\u00e3<\/strong><\/li>\n<li>\ud83c\udf89 Ch\u1eb7ng 4: Ho\u00e0n th\u00e0nh th\u00eam 1 chuy\u1ebfn GrabExpress &#8211; nh\u1eadn ngay\u00a0<strong>\u01b0u \u0111\u00e3i GrabMart gi\u1ea3m 50.000\u0111 cho \u0111\u01a1n t\u1eeb 200.000\u0111<\/strong><\/li>\n<li>\ud83c\udf89 Ch\u1eb7ng 5: Ho\u00e0n th\u00e0nh th\u00eam 2 chuy\u1ebfn GrabExpress &#8211; nh\u1eadn ngay\u00a0<strong>77.000\u0111 ho\u00e0n v\u1ec1 v\u00ed \u0111i\u1ec7n t\u1eed Moca<\/strong>\u00a0tr\u00ean \u1ee9ng d\u1ee5ng Grab (b\u1ea1n c\u00f3 th\u1ec3 r\u00fat ti\u1ec1n t\u1eeb v\u00ed Moca v\u1ec1 ng\u00e2n h\u00e0ng)<\/li>\n<\/ul>\n<h3 style=\"font-family: 'Sanomat Grab Web', sans-serif;color: #333333\">\u2b50 C\u01a0 C\u1ea4U GI\u1ea2I TH\u01af\u1edeNG:<\/h3>\n<p><strong>01 Gi\u1ea3i \u0111\u1eb7c bi\u1ec7t<\/strong>\u00a0&#8211;\u00a0<strong>voucher du l\u1ecbch gia \u0111\u00ecnh \u0111\u1ebfn Thi\u00ean \u0111\u01b0\u1eddng \u0111\u1ea3o Phuket Th\u00e1i Lan tr\u1ecb gi\u00e1 20.000.000\u0111<\/strong>\u00a0l\u00e0 ph\u1ea7n qu\u00e0 d\u00e0nh cho \u201ctay \u0111ua\u201d \u0111\u00e3 ho\u00e0n th\u00e0nh 7 chuy\u1ebfn GrabExpress trong Th\u1eed th\u00e1ch \u0111ua \u0111\u01a1n v\u00e0 c\u00f3 t\u1ed5ng gi\u00e1 tr\u1ecb c\u01b0\u1edbc ph\u00ed giao h\u00e0ng cao nh\u1ea5t tr\u00ean GrabExpress trong kho\u1ea3ng th\u1eddi gian di\u1ec5n ra ch\u01b0\u01a1ng tr\u00ecnh (11\/07\/2022 &#8211; 31\/07\/2022).<\/p>\n<h2 style=\"text-align: center\"><a role=\"button\" href=\"https:\/\/grb.to\/ThamgiaThuthach\">THAM GIA NGAY!<\/a><\/h2>\n<h4 style=\"text-align: left\"><a>QUY \u0110\u1ecaNH C\u1ee6A \u0110\u01af\u1edcNG \u0110UA <\/a><\/h4>\n<ul>\n<li>&#8211; \u0110\u01b0\u1eddng \u0111ua ch\u1ec9 d\u00e0nh cho Ng\u01b0\u1eddi d\u00f9ng c\u00e1 nh\u00e2n v\u00e0 ch\u01b0a gia nh\u1eadp H\u1ed9i Ch\u1ee7 Shop VIP GrabExpress.<br \/>\n&#8211; \u0110\u01b0\u1eddng \u0111ua \u00e1p d\u1ee5ng \u0111\u1ed1i v\u1edbi c\u00e1c giao d\u1ecbch thanh to\u00e1n cho d\u1ecbch v\u1ee5 GrabExpress, bao g\u1ed3m GrabExpress Si\u00eau t\u1ed1c, GrabExpress Si\u00eau t\u1ed1c COD, GrabExpress Th\u1ef1c Ph\u1ea9m, GrabExpress 4H Si\u00eau R\u1ebb. Ch\u01b0\u01a1ng tr\u00ecnh kh\u00f4ng \u00e1p d\u1ee5ng v\u1edbi c\u00e1c \u0111\u01a1n h\u00e0ng t\u1eeb kh\u00e1ch h\u00e0ng doanh nghi\u1ec7p c\u1ee7a GrabExpress.<br \/>\n&#8211; \u0110\u01b0\u1eddng \u0111ua k\u00e9o d\u00e0i t\u1eeb ng\u00e0y 11\/07\/2022 \u0111\u1ebfn h\u1ebft ng\u00e0y 31\/07\/2022 v\u00e0 ch\u1ec9 c\u00f3 hi\u1ec7u l\u1ef1c t\u1ea1i TP. H\u00e0 N\u1ed9i v\u00e0 TP. H\u1ed3 Ch\u00ed Minh v\u00e0 s\u1ebd k\u1ebft th\u00fac khi th\u1eddi h\u1ea1n ch\u01b0\u01a1ng tr\u00ecnh k\u1ebft th\u00fac ho\u1eb7c khi (c\u00e1c) gi\u1ea3i th\u01b0\u1edfng \u0111\u00e3 \u0111\u01b0\u1ee3c trao h\u1ebft, t\u00f9y v\u00e0o th\u1eddi \u0111i\u1ec3m n\u00e0o \u0111\u1ebfn tr\u01b0\u1edbc.<br \/>\n&#8211; \u0110\u01b0\u1eddng \u0111ua s\u1ebd kh\u00f4ng \u0111\u01b0\u1ee3c th\u1ef1c hi\u1ec7n d\u01b0\u1edbi h\u00ecnh th\u1ee9c chia s\u1ebb. M\u1ed7i \u0110\u01b0\u1eddng \u0111ua ch\u1ec9 d\u00e0nh cho m\u1ed9t t\u00e0i kho\u1ea3n Grab, d\u1ef1a tr\u00ean quy\u1ec1n truy c\u1eadp Th\u1eed th\u00e1ch hi\u1ec3n th\u1ecb tr\u00ean \u1ee9ng d\u1ee5ng. Grab c\u00f3 to\u00e0n quy\u1ec1n h\u1ea1n ch\u1ebf quy\u1ec1n truy c\u1eadp c\u1ee7a ng\u01b0\u1eddi ch\u01a1i v\u00e0o t\u00ednh n\u0103ng Th\u1eed th\u00e1ch tr\u00ean \u1ee9ng d\u1ee5ng Grab.<br \/>\n&#8211; Danh s\u00e1ch ng\u01b0\u1eddi chi\u1ebfn th\u1eafng \u0110\u01b0\u1eddng \u0111ua s\u1ebd \u0111\u01b0\u1ee3c c\u00f4ng b\u1ed1 tr\u00ean trang Facebook ch\u00ednh th\u1ee9c c\u1ee7a Grab.<br \/>\n&#8211; M\u1ed7i ng\u01b0\u1eddi d\u00f9ng khi ho\u00e0n th\u00e0nh t\u1eebng ch\u1eb7ng \u0111ua s\u1ebd \u0111\u01b0\u1ee3c nh\u1eadn \u01b0u \u0111\u00e3i 01 (m\u1ed9t) l\u1ea7n v\u00e0o m\u1ee5c \u01afu \u0111\u00e3i c\u1ee7a t\u00f4i\/My Rewards tr\u00ean \u1ee9ng d\u1ee5ng Grab.<br \/>\n&#8211; \u0110\u01b0\u1eddng \u0111ua n\u00e0y kh\u00f4ng th\u1ec3 \u0111\u01b0\u1ee3c th\u1ef1c hi\u1ec7n l\u1ea1i sau khi \u0111\u00e3 ho\u00e0n th\u00e0nh ho\u1eb7c th\u1eddi gian quy \u0111\u1ecbnh \u0111\u00e3 k\u1ebft th\u00fac.<br \/>\n&#8211; T\u1ed5ng gi\u00e1 tr\u1ecb c\u01b0\u1edbc ph\u00ed giao h\u00e0ng \u0111\u01b0\u1ee3c t\u00ednh trong th\u1eed th\u00e1ch l\u00e0 gi\u00e1 tr\u1ecb sau khi \u00e1p d\u1ee5ng khuy\u1ebfn m\u1ea1i\/m\u00e3 \u01b0u \u0111\u00e3i.<\/li>\n<\/ul>\n<h4><a> \u0110I\u1ec0U KHO\u1ea2N V\u00c0 \u0110I\u1ec0U KI\u1ec6N KH\u00c1C<\/a><\/h4>\n<ul>\n<li>&#8211; K\u1ebft qu\u1ea3 c\u1ee7a ch\u01b0\u01a1ng tr\u00ecnh s\u1ebd \u0111\u01b0\u1ee3c c\u00f4ng b\u1ed1 tr\u00ean trang m\u1ea1ng x\u00e3 h\u1ed9i ch\u00ednh th\u1ee9c c\u1ee7a Grab https:\/\/www.facebook.com\/GrabVN. Ng\u01b0\u1eddi d\u00f9ng c\u00f3 tr\u00e1ch nhi\u1ec7m theo d\u00f5i k\u1ebft qu\u1ea3 v\u00e0 ch\u1ee7 \u0111\u1ed9ng li\u00ean h\u1ec7 v\u1edbi Grab qua tin nh\u1eafn tr\u00ean trang m\u1ea1ng x\u00e3 h\u1ed9i ho\u1eb7c qua t\u1ed5ng \u0111\u00e0i trong \u1ee9ng d\u1ee5ng \u0111\u1ec3 ti\u1ebfn h\u00e0nh nh\u1eadn gi\u1ea3i.<br \/>\n&#8211; Grab s\u1ebd li\u00ean h\u1ec7 ng\u01b0\u1eddi th\u1eafng gi\u1ea3i \u0111\u1ec3 th\u00f4ng b\u00e1o k\u1ebft qu\u1ea3. Trong v\u00f2ng 07 ng\u00e0y k\u1ec3 t\u1eeb ng\u00e0y \u0111\u01b0\u1ee3c li\u00ean h\u1ec7, ng\u01b0\u1eddi th\u1eafng cu\u1ed9c c\u00f3 tr\u00e1ch nhi\u1ec7m li\u00ean h\u1ec7 v\u1edbi Grab \u0111\u1ec3 cung c\u1ea5p c\u00e1c th\u00f4ng tin c\u1ea7n thi\u1ebft nh\u01b0 h\u01b0\u1edbng d\u1eabn. Tr\u01b0\u1eddng h\u1ee3p ng\u01b0\u1eddi th\u1eafng gi\u1ea3i kh\u00f4ng cung c\u1ea5p th\u00f4ng tin trong th\u1eddi h\u1ea1n quy \u0111\u1ecbnh, Grab c\u00f3 quy\u1ec1n ti\u1ebfn h\u00e0nh h\u1ee7y gi\u1ea3i th\u01b0\u1edfng n\u00eau tr\u00ean.<br \/>\n&#8211; Grab c\u00f3 to\u00e0n quy\u1ec1n t\u1eeb ch\u1ed1i trao gi\u1ea3i, t\u01b0\u1edbc quy\u1ec1n tham d\u1ef1 n\u1ebfu nghi ng\u1edd ho\u1eb7c ph\u00e1t hi\u1ec7n ng\u01b0\u1eddi d\u00f9ng th\u1ef1c hi\u1ec7n b\u1ea5t k\u1ef3 h\u00e0nh vi gian l\u1eadn, gi\u1ea3 m\u1ea1o n\u00e0o trong qu\u00e1 tr\u00ecnh tham d\u1ef1 ch\u01b0\u01a1ng tr\u00ecnh d\u01b0\u1edbi b\u1ea5t k\u1ef3 h\u00ecnh th\u1ee9c n\u00e0o ho\u1eb7c qu\u00e1 tr\u00ecnh tham gia ch\u01b0\u01a1ng tr\u00ecnh \u201c\u0110\u01b0\u1eddng \u0111ua\u201d vi ph\u1ea1m c\u00e1c quy \u0111\u1ecbnh ph\u00e1p lu\u1eadt hi\u1ec7n h\u00e0nh kh\u00e1c v\u00e0\/ ho\u1eb7c quy \u0111\u1ecbnh, ch\u00ednh s\u00e1ch Grab. B\u1eb1ng vi\u1ec7c tham gia ch\u01b0\u01a1ng tr\u00ecnh n\u00e0y, ng\u01b0\u1eddi tham gia \u0111\u1ed3ng \u00fd r\u1eb1ng Grab c\u00f3 quy\u1ec1n s\u1eed d\u1ee5ng h\u00ecnh \u1ea3nh c\u1ee7a ng\u01b0\u1eddi chi\u1ebfn th\u1eafng \u0111\u01b0\u1eddng \u0111ua nh\u1eb1m m\u1ee5c \u0111\u00edch qu\u1ea3ng c\u00e1o, ti\u1ebfp th\u1ecb m\u00e0 kh\u00f4ng c\u1ea7n xin ph\u00e9p v\u00e0\/ ho\u1eb7c chi tr\u1ea3 th\u00f9 lao cho ng\u01b0\u1eddi chi\u1ebfn th\u1eafng.<br \/>\n&#8211; Trong m\u1ecdi tr\u01b0\u1eddng h\u1ee3p, Grab c\u00f3 to\u00e0n quy\u1ec1n quy\u1ebft \u0111\u1ecbnh \u0111i\u1ec1u ki\u1ec7n, x\u00e1c \u0111\u1ecbnh ng\u01b0\u1eddi th\u1eafng gi\u1ea3i, thay \u0111\u1ed5i th\u1ec3 l\u1ec7 v\u00e0 \u0111i\u1ec1u kho\u1ea3n c\u1ee7a ch\u01b0\u01a1ng tr\u00ecnh n\u00e0y. C\u00e1c n\u1ed9i dung \u0111\u01b0\u1ee3c thay \u0111\u1ed5i n\u00e0y s\u1ebd m\u1eb7c nhi\u00ean c\u00f3 hi\u1ec7u l\u1ef1c v\u00e0 \u0111\u01b0\u1ee3c \u00e1p d\u1ee5ng \u0111\u1ec3 \u0111i\u1ec1u ch\u1ec9nh c\u00e1c v\u1ea5n \u0111\u1ec1 li\u00ean quan \u0111\u1ebfn ch\u01b0\u01a1ng tr\u00ecnh.<br \/>\n&#8211; T\u1ea5t c\u1ea3 c\u00e1c \u01b0u \u0111\u00e3i\/gi\u1ea3i th\u01b0\u1edfng \u0111\u1ec1u kh\u00f4ng c\u00f3 gi\u00e1 tr\u1ecb chuy\u1ec3n nh\u01b0\u1ee3ng v\u00e0 quy \u0111\u1ed5i th\u00e0nh ti\u1ec1n m\u1eb7t ho\u1eb7c t\u00edn d\u1ee5ng c\u00f3 gi\u00e1 tr\u1ecb t\u01b0\u01a1ng \u0111\u01b0\u01a1ng n\u00e0o.<br \/>\n&#8211; Ng\u01b0\u1eddi d\u00f9ng \u0111\u1ed3ng \u00fd r\u1eb1ng quy\u1ebft \u0111\u1ecbnh c\u1ee7a Grab l\u00e0 quy\u1ebft \u0111\u1ecbnh cu\u1ed1i c\u00f9ng v\u00e0 c\u00f3 hi\u1ec7u l\u1ef1c \u00e1p d\u1ee5ng. M\u1ecdi tranh ch\u1ea5p gi\u1eefa Grab v\u00e0 ng\u01b0\u1eddi d\u00f9ng ph\u00e1t sinh t\u1eeb ho\u1eb7c li\u00ean quan \u0111\u1ebfn ch\u01b0\u01a1ng tr\u00ecnh (n\u1ebfu c\u00f3) s\u1ebd \u0111\u01b0\u1ee3c gi\u1ea3i quy\u1ebft theo quy tr\u00ecnh do Grab c\u00f4ng b\u1ed1 v\u00e0 \u00e1p d\u1ee5ng t\u1ea1i t\u1eebng th\u1eddi \u0111i\u1ec3m.<br \/>\n&#8211; Ng\u01b0\u1eddi tr\u00fang th\u01b0\u1edfng ph\u1ea3i \u0111\u1ed5i\/nh\u1eadn t\u1ea5t c\u1ea3 gi\u1ea3i th\u01b0\u1edfng trong th\u1eddi h\u1ea1n \u0111\u01b0\u1ee3c th\u00f4ng b\u00e1o b\u1edfi Grab. M\u1ecdi ph\u1ea7n th\u01b0\u1edfng kh\u00f4ng \u0111\u01b0\u1ee3c \u0111\u1ed5i\/nh\u1eadn trong th\u1eddi gian n\u00e0y s\u1ebd \u0111\u01b0\u1ee3c thu h\u1ed3i ho\u1eb7c ti\u00eau h\u1ee7y ho\u1eb7c quy\u00ean g\u00f3p ho\u1eb7c h\u00ecnh th\u1ee9c kh\u00e1c theo to\u00e0n quy\u1ec1n quy\u1ebft \u0111\u1ecbnh c\u1ee7a Grab ho\u1eb7c theo quy \u0111\u1ecbnh c\u1ee7a ph\u00e1p lu\u1eadt hi\u1ec7n h\u00e0nh. Grab s\u1ebd kh\u00f4ng gi\u1ea3i quy\u1ebft b\u1ea5t k\u00ec khi\u1ebfu n\u1ea1i ho\u1eb7c y\u00eau c\u1ea7u b\u1ed3i th\u01b0\u1eddng n\u00e0o li\u00ean quan \u0111\u1ebfn tr\u01b0\u1eddng h\u1ee3p n\u00e0y.<br \/>\n&#8211; Ng\u01b0\u1eddi tr\u00fang th\u01b0\u1edfng c\u00f3 tr\u00e1ch nhi\u1ec7m cung c\u1ea5p gi\u1ea5y t\u1edd c\u00e1 nh\u00e2n v\u00e0\/ ho\u1eb7c c\u00e1c th\u00f4ng tin kh\u00e1c nh\u1eb1m m\u1ee5c \u0111\u00edch x\u00e1c nh\u1eadn th\u00f4ng tin theo y\u00eau c\u1ea7u c\u1ee7a Grab trong v\u00f2ng 48 gi\u1edd k\u1ec3 t\u1eeb th\u1eddi \u0111i\u1ec3m nh\u1eadn \u0111\u01b0\u1ee3c th\u00f4ng b\u00e1o tr\u00fang th\u01b0\u1edfng. Grab c\u00f3 quy\u1ec1n t\u1eeb ch\u1ed1i trao gi\u1ea3i n\u1ebfu ng\u01b0\u1eddi tr\u00fang th\u01b0\u1edfng kh\u00f4ng ho\u1eb7c kh\u00f4ng th\u1ec3 cung c\u1ea5p \u0111\u1ea7y \u0111\u1ee7 th\u00f4ng tin \u0111\u1ec3 x\u00e1c minh nh\u00e2n th\u00e2n trong kho\u1ea3ng th\u1eddi gian y\u00eau c\u1ea7u.<br \/>\n&#8211; Ng\u01b0\u1eddi th\u1eafng Gi\u1ea3i \u0110\u1eb7c Bi\u1ec7t l\u00e0 ng\u01b0\u1eddi kh\u00f4ng chi\u1ebfn th\u1eafng Gi\u1ea3i \u0110\u1eb7c Bi\u1ec7t 02 \u0110\u01b0\u1eddng \u0111ua g\u1ea7n nh\u1ea5t t\u1ed5 ch\u1ee9c b\u1edfi GrabExpress.<br \/>\n&#8211; B\u1eb1ng vi\u1ec7c tham gia ch\u01b0\u01a1ng tr\u00ecnh n\u00e0y, b\u1ea1n x\u00e1c nh\u1eadn \u0111\u00e3 hi\u1ec3u v\u00e0 ch\u1ea5p thu\u1eadn to\u00e0n b\u1ed9 \u0111i\u1ec1u kho\u1ea3n v\u00e0 \u0111i\u1ec1u ki\u1ec7n quy \u0111\u1ecbnh t\u1ea1i th\u1ec3 l\u1ec7 n\u00e0y.<\/li>\n<\/ul>","protected":false},"excerpt":{"rendered":"\ud83c\udfc6 Tham gia Th\u1eed th\u00e1ch \u0111ua \u0111\u01a1n giao h\u00e0ng GrabExpress \u0111\u1ec3 c\u00f3 c\u01a1 h\u1ed9i th\u1eafng 1 chuy\u1ebfn du l\u1ecbch \u0111\u1ebfn Thi\u00ean \u0111\u01b0\u1eddng \u0111\u1ea3o Phuket Th\u00e1i Lan ch\u1ec9 v\u1edbi 2 b\u01b0\u1edbc: B\u01b0\u1edbc 1\ufe0f\u20e3: Ho\u00e0n th\u00e0nh 1 chuy\u1ebfn giao h\u00e0ng v\u1edbi GrabExpress k\u1ec3 t\u1eeb ng\u00e0y 11\/07\/2022 \u0111\u1ec3 t\u1ef1 \u0111\u00f4ng tham gia Th\u1eed th\u00e1ch B\u01b0\u1edbc 2\ufe0f\u20e3: Theo d\u00f5i [&hellip;]","protected":false},"author":1211,"featured_media":0,"parent":0,"menu_order":0,"comment_status":"closed","ping_status":"closed","template":"","meta":{"_acf_changed":false,"footnotes":""},"acf":[],"_links":{"self":[{"href":"https:\/\/www.grab.com\/vn\/en\/wp-json\/wp\/v2\/pages\/124114"}],"collection":[{"href":"https:\/\/www.grab.com\/vn\/en\/wp-json\/wp\/v2\/pages"}],"about":[{"href":"https:\/\/www.grab.com\/vn\/en\/wp-json\/wp\/v2\/types\/page"}],"author":[{"embeddable":true,"href":"https:\/\/www.grab.com\/vn\/en\/wp-json\/wp\/v2\/users\/1211"}],"replies":[{"embeddable":true,"href":"https:\/\/www.grab.com\/vn\/en\/wp-json\/wp\/v2\/comments?post=124114"}],"version-history":[{"count":5,"href":"https:\/\/www.grab.com\/vn\/en\/wp-json\/wp\/v2\/pages\/124114\/revisions"}],"predecessor-version":[{"id":124315,"href":"https:\/\/www.grab.com\/vn\/en\/wp-json\/wp\/v2\/pages\/124114\/revisions\/124315"}],"wp:attachment":[{"href":"https:\/\/www.grab.com\/vn\/en\/wp-json\/wp\/v2\/media?parent=124114"}],"curies":[{"name":"wp","href":"https:\/\/api.w.org\/{rel}","templated":true}]}}