{"id":123965,"date":"2022-07-05T16:34:30","date_gmt":"2022-07-05T08:34:30","guid":{"rendered":"https:\/\/www.grab.com\/vn\/?page_id=123965"},"modified":"2022-07-06T11:07:20","modified_gmt":"2022-07-06T03:07:20","slug":"lien-hoan-deal-tu-sang-den-toi-tha-ho-di-grab-vi-vu","status":"publish","type":"page","link":"https:\/\/www.grab.com\/vn\/en\/lien-hoan-deal-tu-sang-den-toi-tha-ho-di-grab-vi-vu\/","title":{"rendered":"Li\u00ean ho\u00e0n deal t\u1eeb s\u00e1ng \u0111\u1ebfn t\u1ed1i, tha h\u1ed3 \u0111i Grab vi vu"},"content":{"rendered":"<p><img loading=\"lazy\" decoding=\"async\" width=\"700\" height=\"350\" class=\"aligncenter size-large wp-image-124100\" src=\"https:\/\/assets.grab.com\/wp-content\/uploads\/sites\/11\/2022\/07\/06110713\/WhatsApp-Image-2022-07-06-at-10.06.14-AM-700x350.jpeg\" alt=\"\" srcset=\"https:\/\/assets.grab.com\/wp-content\/uploads\/sites\/11\/2022\/07\/06110713\/WhatsApp-Image-2022-07-06-at-10.06.14-AM-700x350.jpeg 700w, https:\/\/assets.grab.com\/wp-content\/uploads\/sites\/11\/2022\/07\/06110713\/WhatsApp-Image-2022-07-06-at-10.06.14-AM-250x125.jpeg 250w, https:\/\/assets.grab.com\/wp-content\/uploads\/sites\/11\/2022\/07\/06110713\/WhatsApp-Image-2022-07-06-at-10.06.14-AM-768x384.jpeg 768w, https:\/\/assets.grab.com\/wp-content\/uploads\/sites\/11\/2022\/07\/06110713\/WhatsApp-Image-2022-07-06-at-10.06.14-AM-120x60.jpeg 120w, https:\/\/assets.grab.com\/wp-content\/uploads\/sites\/11\/2022\/07\/06110713\/WhatsApp-Image-2022-07-06-at-10.06.14-AM.jpeg 1200w\" sizes=\"(max-width: 700px) 100vw, 700px\" \/><\/p>\n<p>\ud83c\udf1e Li\u00ean ho\u00e0n deal t\u1eeb s\u00e1ng \u0111\u1ebfn t\u1ed1i<br \/>\n\ud83c\udf19 \u0110i Grab vi vu, tr\u1ea3 Moca th\u00eam h\u1eddi!<\/p>\n<p>\ud83c\udf26 M\u00f9a n\u00e0y n\u1eafng n\u1eafng m\u01b0a m\u01b0a, t\u1ea1m c\u1ea5t con xe tay ga, \u0111\u1eb7t Grab cho ti\u1ec7n n\u00e0o! Kh\u00f4ng nh\u1eefng ti\u1ec7n m\u00e0 c\u00f2n r\u1ea5t l\u1ee3i v\u1edbi v\u00f4 v\u00e0n \u01b0u \u0111\u00e3i t\u1eeb s\u00e1ng \u0111\u1ebfn t\u1ed1i n\u1eefa \u0111\u00f3 nha.<\/p>\n<p>\ud83d\udc47 L\u01b0u li\u1ec1n 3 khung gi\u1edd s\u0103n deal nh\u00e9!<br \/>\n\ud83d\udc9a Khung gi\u1edd 6:00 &#8211; 9:00<br \/>\n\ud83d\ude97 Nh\u1eadp m\u00e3 DAYDIGC gi\u1ea3m 20% t\u1ed1i \u0111a 20.000\u0111 cho chuy\u1ebfn GrabCar<br \/>\n\ud83d\udef5 Nh\u1eadp m\u00e3 DAYDIGB gi\u1ea3m 20% t\u1ed1i \u0111a 10.000\u0111 cho chuy\u1ebfn GrabBike<\/p>\n<p>\ud83d\udc9a Khung gi\u1edd 9:00 &#8211; 17:00<br \/>\n\ud83d\ude97 Nh\u1eadp m\u00e3 GC3SIEU gi\u1ea3m 30% t\u1ed1i \u0111a 25.000\u0111 cho chuy\u1ec3n GrabCar<br \/>\n\ud83d\udef5 Nh\u1eadp m\u00e3 GB3SIEU gi\u1ea3m 30% t\u1ed1i \u0111a 15.000\u0111 cho chuy\u1ebfn GrabBike<br \/>\n\ud83d\udcb3 Thanh to\u00e1n kh\u00f4ng ti\u1ec1n m\u1eb7t, nh\u1eadn li\u1ec1n \u01b0u \u0111\u00e3i t\u01b0\u01a1ng \u1ee9ng cho chuy\u1ebfn xe ti\u1ebfp theo<\/p>\n<p>\ud83d\udc9a Khung gi\u1edd 17:00 &#8211; 21:00<br \/>\n\ud83d\ude97 Nh\u1eadp m\u00e3 TANCAGC gi\u1ea3m 30% t\u1ed1i \u0111a 20.000\u0111 cho chuy\u1ebfn GrabCar<br \/>\n\ud83d\udef5 Nh\u1eadp m\u00e3 TANCAGB gi\u1ea3m 30% t\u1ed1i \u0111a 10.000\u0111 cho chuy\u1ebfn GrabBike<br \/>\n\ud83d\udcb3 \u00c1p d\u1ee5ng thanh to\u00e1n kh\u00f4ng ti\u1ec1n m\u1eb7t<\/p>\n<p>S\u00e1ng t\u1ea5t b\u1eadt \u0111i l\u00e0m, tr\u01b0a h\u1eb9n v\u1edbi \u0111\u1ed1i t\u00e1c, t\u1ed1i l\u00ean k\u00e8o chill chill. \u0110i \u0111\u00e2u Grab c\u0169ng \u0111\u00f3n \u0111\u01b0a t\u1eadn ch\u1ed7 l\u1ea1i th\u00eam deal \u0111\u1eadm t\u1eeb Moca su\u1ed1t c\u1ea3 ng\u00e0y!<\/p>\n<p>&nbsp;<\/p>\n<p><!--more--><\/p>\n<p><strong>Xem chi ti\u1ebft ch\u01b0\u01a1ng tr\u00ecnh m\u00e3 DAYDIGB<\/strong><\/p>\n<p>&#8211; \u01afu \u0111\u00e3i 25% (t\u1ed1i \u0111a 10.000\u0111) \u00e1p d\u1ee5ng cho d\u1ecbch v\u1ee5 GrabBike.<\/p>\n<p>&#8211; \u00c1p d\u1ee5ng t\u1ea1i th\u00e0nh ph\u1ed1 H\u1ed3 Ch\u00ed Minh v\u00e0 H\u00e0 N\u1ed9i.<\/p>\n<p>&#8211; \u00c1p d\u1ee5ng trong khung gi\u1edd 06:00-09:00 m\u1ed7i ng\u00e0y.<\/p>\n<p>&#8211; \u00c1p d\u1ee5ng cho m\u1ecdi h\u00ecnh th\u1ee9c thanh to\u00e1n.<\/p>\n<p>&#8211; \u01afu \u0111\u00e3i kh\u00f4ng bao g\u1ed3m ph\u1ee5 ph\u00ed, ng\u01b0\u1eddi d\u00f9ng vui l\u00f2ng thanh to\u00e1n ph\u1ee5 ph\u00ed (n\u1ebfu c\u00f3) v\u1edbi \u0110\u1ed1i t\u00e1c t\u00e0i x\u1ebf.<\/p>\n<p>&#8211; M\u1ed7i ng\u01b0\u1eddi d\u00f9ng c\u00f3 th\u1ec3 s\u1eed d\u1ee5ng \u01b0u \u0111\u00e3i t\u1ed1i \u0111a 01 l\u1ea7n\/ ng\u00e0y v\u00e0 05 l\u1ea7n trong su\u1ed1t th\u1eddi gian di\u1ec5n ra ch\u01b0\u01a1ng tr\u00ecnh.<\/p>\n<p>&#8211; S\u1ed1 l\u01b0\u1ee3ng \u01b0u \u0111\u00e3i c\u00f3 gi\u1edbi h\u1ea1n m\u1ed7i ng\u00e0y.<\/p>\n<p>&#8211; Ch\u1ec9 \u00e1p d\u1ee5ng cho ng\u01b0\u1eddi d\u00f9ng nh\u1eadn \u0111\u01b0\u1ee3c th\u00f4ng b\u00e1o.<\/p>\n<p>&#8211; Ch\u1ec9 \u00e1p d\u1ee5ng v\u1edbi phi\u00ean b\u1ea3n app m\u1edbi nh\u1ea5t.<\/p>\n<p>&nbsp;<\/p>\n<p><strong>Xem chi ti\u1ebft ch\u01b0\u01a1ng tr\u00ecnh m\u00e3 DAYDIGC<\/strong><\/p>\n<p>&#8211; \u01afu \u0111\u00e3i 25% (t\u1ed1i \u0111a 20.000\u0111) \u00e1p d\u1ee5ng cho d\u1ecbch v\u1ee5 GrabCar\/ GrabCar Protect\/ GrabCar Plus.<\/p>\n<p>&#8211; \u00c1p d\u1ee5ng t\u1ea1i th\u00e0nh ph\u1ed1 H\u1ed3 Ch\u00ed Minh.<\/p>\n<p>&#8211; \u00c1p d\u1ee5ng trong khung gi\u1edd 06:00-09:00 m\u1ed7i ng\u00e0y.<\/p>\n<p>&#8211; \u00c1p d\u1ee5ng cho m\u1ecdi h\u00ecnh th\u1ee9c thanh to\u00e1n.<\/p>\n<p>&#8211; \u01afu \u0111\u00e3i kh\u00f4ng bao g\u1ed3m ph\u1ee5 ph\u00ed, ng\u01b0\u1eddi d\u00f9ng vui l\u00f2ng thanh to\u00e1n ph\u1ee5 ph\u00ed (n\u1ebfu c\u00f3) v\u1edbi \u0110\u1ed1i t\u00e1c t\u00e0i x\u1ebf.<\/p>\n<p>&#8211; M\u1ed7i ng\u01b0\u1eddi d\u00f9ng c\u00f3 th\u1ec3 s\u1eed d\u1ee5ng \u01b0u \u0111\u00e3i t\u1ed1i \u0111a 01 l\u1ea7n\/ ng\u00e0y v\u00e0 05 l\u1ea7n trong su\u1ed1t th\u1eddi gian di\u1ec5n ra ch\u01b0\u01a1ng tr\u00ecnh.<\/p>\n<p>&#8211; S\u1ed1 l\u01b0\u1ee3ng \u01b0u \u0111\u00e3i c\u00f3 gi\u1edbi h\u1ea1n m\u1ed7i ng\u00e0y.<\/p>\n<p>&#8211; Ch\u1ec9 \u00e1p d\u1ee5ng cho ng\u01b0\u1eddi d\u00f9ng nh\u1eadn \u0111\u01b0\u1ee3c th\u00f4ng b\u00e1o.<\/p>\n<p>&#8211; Ch\u1ec9 \u00e1p d\u1ee5ng v\u1edbi phi\u00ean b\u1ea3n app m\u1edbi nh\u1ea5t.<\/p>\n<p>&nbsp;<\/p>\n<p><strong>Xem chi ti\u1ebft ch\u01b0\u01a1ng tr\u00ecnh m\u00e3 GB3SIEU<\/strong><\/p>\n<p>&#8211; \u01afu \u0111\u00e3i 30% (t\u1ed1i \u0111a 15.000\u0111) \u00e1p d\u1ee5ng cho d\u1ecbch v\u1ee5 GrabBike.<\/p>\n<p>&#8211; \u00c1p d\u1ee5ng t\u1ea1i Tp.H\u1ed3 Ch\u00ed Minh v\u00e0 H\u00e0 N\u1ed9i.<\/p>\n<p>&#8211; \u00c1p d\u1ee5ng trong khung gi\u1edd 9:00-17:00 m\u1ed7i ng\u00e0y.<\/p>\n<p>&#8211; \u00c1p d\u1ee5ng cho m\u1ecdi ph\u01b0\u01a1ng th\u1ee9c thanh to\u00e1n.<\/p>\n<p>&#8211; Khi thanh to\u00e1n kh\u00f4ng ti\u1ec1n m\u1eb7t (qua V\u00ed Moca ho\u1eb7c Th\u1ebb ng\u00e2n h\u00e0ng) nh\u1eadn ngay 01 \u01b0u \u0111\u00e3i 30% (t\u1ed1i \u0111a 15.000\u0111) \u00e1p d\u1ee5ng cho chuy\u1ebfn xe ti\u1ebfp theo \u00e1p d\u1ee5ng trong m\u1ecdi khung gi\u1edd v\u00e0 c\u00f3 gi\u00e1 tr\u1ecb s\u1eed d\u1ee5ng trong v\u00f2ng 01 ng\u00e0y k\u1ec3 t\u1eeb ng\u00e0y nh\u1eadn.<\/p>\n<p>&#8211; \u01afu \u0111\u00e3i kh\u00f4ng bao g\u1ed3m ph\u1ee5 ph\u00ed, ng\u01b0\u1eddi d\u00f9ng vui l\u00f2ng thanh to\u00e1n ph\u1ee5 ph\u00ed (n\u1ebfu c\u00f3) v\u1edbi \u0110\u1ed1i t\u00e1c t\u00e0i x\u1ebf.<\/p>\n<p>&#8211; M\u1ed7i ng\u01b0\u1eddi d\u00f9ng c\u00f3 th\u1ec3 s\u1eed d\u1ee5ng \u01b0u \u0111\u00e3i t\u1ed1i \u0111a 01 l\u1ea7n\/ng\u00e0y v\u00e0 10 l\u1ea7n trong su\u1ed1t th\u1eddi gian di\u1ec5n ra ch\u01b0\u01a1ng tr\u00ecnh.<\/p>\n<p>&#8211; S\u1ed1 l\u01b0\u1ee3ng \u01b0u \u0111\u00e3i c\u00f3 gi\u1edbi h\u1ea1n m\u1ed7i ng\u00e0y.<\/p>\n<p>&#8211; Ch\u1ec9 \u00e1p d\u1ee5ng cho ng\u01b0\u1eddi d\u00f9ng nh\u1eadn \u0111\u01b0\u1ee3c th\u00f4ng b\u00e1o.<\/p>\n<p>&ndash; Ch\u1ec9 &aacute;p d\u1ee5ng v\u1edbi phi&ecirc;n b\u1ea3n app m\u1edbi nh\u1ea5t.&lt;br&gt;<\/p>\n<p>&nbsp;<\/p>\n<p><strong>Xem chi ti\u1ebft ch\u01b0\u01a1ng tr\u00ecnh m\u00e3 GC3SIEU<\/strong><\/p>\n<p>&#8211; \u01afu \u0111\u00e3i 30% (t\u1ed1i \u0111a 25.000\u0111) \u00e1p d\u1ee5ng cho d\u1ecbch v\u1ee5 GrabCar\/ GrabCar Plus\/ GrabCar Protect.<\/p>\n<p>&#8211; \u00c1p d\u1ee5ng t\u1ea1i Tp.H\u1ed3 Ch\u00ed Minh v\u00e0 H\u00e0 N\u1ed9i.<\/p>\n<p>&#8211; \u00c1p d\u1ee5ng trong khung gi\u1edd 09:00-17:00 m\u1ed7i ng\u00e0y.<\/p>\n<p>&#8211; \u00c1p d\u1ee5ng cho m\u1ecdi ph\u01b0\u01a1ng th\u1ee9c thanh to\u00e1n.<\/p>\n<p>&#8211; Khi thanh to\u00e1n kh\u00f4ng ti\u1ec1n m\u1eb7t (qua V\u00ed Moca ho\u1eb7c Th\u1ebb ng\u00e2n h\u00e0ng) nh\u1eadn ngay 01 \u01b0u \u0111\u00e3i 30% (t\u1ed1i \u0111a 25.000\u0111) cho chuy\u1ebfn xe ti\u1ebfp theo \u00e1p d\u1ee5ng trong m\u1ecdi khung gi\u1edd v\u00e0 c\u00f3 gi\u00e1 tr\u1ecb s\u1eed d\u1ee5ng trong v\u00f2ng 01 ng\u00e0y k\u1ec3 t\u1eeb ng\u00e0y nh\u1eadn.<\/p>\n<p>&#8211; \u01afu \u0111\u00e3i kh\u00f4ng bao g\u1ed3m ph\u1ee5 ph\u00ed, ng\u01b0\u1eddi d\u00f9ng vui l\u00f2ng thanh to\u00e1n ph\u1ee5 ph\u00ed (n\u1ebfu c\u00f3) v\u1edbi \u0110\u1ed1i t\u00e1c t\u00e0i x\u1ebf.<\/p>\n<p>&#8211; M\u1ed7i ng\u01b0\u1eddi d\u00f9ng c\u00f3 th\u1ec3 s\u1eed d\u1ee5ng \u01b0u \u0111\u00e3i t\u1ed1i \u0111a 01 l\u1ea7n\/ng\u00e0y v\u00e0 10 l\u1ea7n trong su\u1ed1t th\u1eddi gian di\u1ec5n ra ch\u01b0\u01a1ng tr\u00ecnh.<\/p>\n<p>&#8211; S\u1ed1 l\u01b0\u1ee3ng \u01b0u \u0111\u00e3i c\u00f3 gi\u1edbi h\u1ea1n m\u1ed7i ng\u00e0y.<\/p>\n<p>&#8211; Ch\u1ec9 \u00e1p d\u1ee5ng cho ng\u01b0\u1eddi d\u00f9ng nh\u1eadn \u0111\u01b0\u1ee3c th\u00f4ng b\u00e1o.<\/p>\n<p>&#8211; Ch\u1ec9 \u00e1p d\u1ee5ng v\u1edbi phi\u00ean b\u1ea3n app m\u1edbi nh\u1ea5t.<\/p>\n<p>&nbsp;<\/p>\n<p><strong>Xem chi ti\u1ebft ch\u01b0\u01a1ng tr\u00ecnh m\u00e3 TANCAGB<\/strong><\/p>\n<p>\u01afu \u0111\u00e3i 30% t\u1ed1i \u0111a 10.000\u0111 d\u1ecbch v\u1ee5 GrabBike<\/p>\n<p>&#8211; Ch\u1ec9 \u00e1p d\u1ee5ng cho h\u00ecnh th\u1ee9c thanh to\u00e1n qua th\u1ebb v\u00e0 v\u00ed Moca.<\/p>\n<p>&#8211; M\u1ed7i ng\u01b0\u1eddi d\u00f9ng \u0111\u01b0\u1ee3c s\u1eed d\u1ee5ng t\u1ed1i \u0111a 05 l\u1ea7n trong su\u1ed1t th\u1eddi gian di\u1ec5n ra ch\u01b0\u01a1ng tr\u00ecnh v\u00e0 1 l\u1ea7n m\u1ed7i ng\u00e0y.<\/p>\n<p>&#8211; M\u00e3 khuy\u1ebfn m\u00e3i \u0111\u01b0\u1ee3c \u00e1p d\u1ee5ng t\u1eeb 17h \u0111\u1ebfn 21h h\u1eb1ng ng\u00e0y.<\/p>\n<p>&#8211; M\u00e3 khuy\u1ebfn m\u00e3i kh\u00f4ng bao g\u1ed3m ph\u1ee5 ph\u00ed, ng\u01b0\u1eddi d\u00f9ng vui l\u00f2ng thanh to\u00e1n ph\u1ea7n ph\u1ee5 ph\u00ed n\u00e0y v\u1edbi t\u00e0i x\u1ebf.<\/p>\n<p>&#8211; M\u00e3 ch\u1ec9 \u00e1p d\u1ee5ng v\u1edbi phi\u00ean b\u1ea3n app m\u1edbi nh\u1ea5t.<\/p>\n<p>&#8211; Ch\u1ec9 d\u00e0nh ri\u00eang cho ng\u01b0\u1eddi d\u00f9ng th\u1ea5y \u0111\u01b0\u1ee3c th\u00f4ng b\u00e1o n\u00e0y.<\/p>\n<p>&#8211; S\u1ed1 l\u01b0\u1ee3t khuy\u1ebfn m\u00e3i c\u00f3 gi\u1edbi h\u1ea1n m\u1ed7i ng\u00e0y.<\/p>\n<p>&nbsp;<\/p>\n<p><strong>Xem chi ti\u1ebft ch\u01b0\u01a1ng tr\u00ecnh m\u00e3 TANCAGC<\/strong><\/p>\n<p>\u01afu \u0111\u00e3i 30% t\u1ed1i \u0111a 20.000\u0111 d\u1ecbch v\u1ee5 GrabCar<\/p>\n<p>&#8211; Ch\u1ec9 \u00e1p d\u1ee5ng cho h\u00ecnh th\u1ee9c thanh to\u00e1n qua th\u1ebb v\u00e0 v\u00ed Moca.<\/p>\n<p>&#8211; M\u1ed7i ng\u01b0\u1eddi d\u00f9ng \u0111\u01b0\u1ee3c s\u1eed d\u1ee5ng t\u1ed1i \u0111a 05 l\u1ea7n trong su\u1ed1t th\u1eddi gian di\u1ec5n ra ch\u01b0\u01a1ng tr\u00ecnh v\u00e0 1 l\u1ea7n m\u1ed7i ng\u00e0y.<\/p>\n<p>&#8211; M\u00e3 khuy\u1ebfn m\u00e3i \u0111\u01b0\u1ee3c \u00e1p d\u1ee5ng t\u1eeb 17h \u0111\u1ebfn 21h h\u1eb1ng ng\u00e0y.<\/p>\n<p>&#8211; M\u00e3 khuy\u1ebfn m\u00e3i kh\u00f4ng bao g\u1ed3m ph\u1ee5 ph\u00ed, ng\u01b0\u1eddi d\u00f9ng vui l\u00f2ng thanh to\u00e1n ph\u1ea7n ph\u1ee5 ph\u00ed n\u00e0y v\u1edbi t\u00e0i x\u1ebf.<\/p>\n<p>&#8211; M\u00e3 ch\u1ec9 \u00e1p d\u1ee5ng v\u1edbi phi\u00ean b\u1ea3n app m\u1edbi nh\u1ea5t.<\/p>\n<p>&#8211; Ch\u1ec9 d\u00e0nh ri\u00eang cho ng\u01b0\u1eddi d\u00f9ng th\u1ea5y \u0111\u01b0\u1ee3c th\u00f4ng b\u00e1o n\u00e0y.<\/p>\n<p>&#8211; S\u1ed1 l\u01b0\u1ee3t khuy\u1ebfn m\u00e3i c\u00f3 gi\u1edbi h\u1ea1n m\u1ed7i ng\u00e0y.<\/p>\n<p><!--more--><\/p>\n<p><a href=\"https:\/\/grab.onelink.me\/2695613898\/datxengay\"><img loading=\"lazy\" decoding=\"async\" class=\"aligncenter wp-image-109009\" src=\"https:\/\/assets.grab.com\/wp-content\/uploads\/sites\/11\/2022\/01\/20122452\/CTA-012.png\" alt=\"\" width=\"204\" height=\"50\" \/><\/a><\/p>","protected":false},"excerpt":{"rendered":"\ud83c\udf1e Li\u00ean ho\u00e0n deal t\u1eeb s\u00e1ng \u0111\u1ebfn t\u1ed1i \ud83c\udf19 \u0110i Grab vi vu, tr\u1ea3 Moca th\u00eam h\u1eddi! \ud83c\udf26 M\u00f9a n\u00e0y n\u1eafng n\u1eafng m\u01b0a m\u01b0a, t\u1ea1m c\u1ea5t con xe tay ga, \u0111\u1eb7t Grab cho ti\u1ec7n n\u00e0o! Kh\u00f4ng nh\u1eefng ti\u1ec7n m\u00e0 c\u00f2n r\u1ea5t l\u1ee3i v\u1edbi v\u00f4 v\u00e0n \u01b0u \u0111\u00e3i t\u1eeb s\u00e1ng \u0111\u1ebfn t\u1ed1i n\u1eefa \u0111\u00f3 nha. \ud83d\udc47 [&hellip;]","protected":false},"author":1250,"featured_media":0,"parent":0,"menu_order":0,"comment_status":"closed","ping_status":"closed","template":"","meta":{"_acf_changed":false,"footnotes":""},"acf":[],"_links":{"self":[{"href":"https:\/\/www.grab.com\/vn\/en\/wp-json\/wp\/v2\/pages\/123965"}],"collection":[{"href":"https:\/\/www.grab.com\/vn\/en\/wp-json\/wp\/v2\/pages"}],"about":[{"href":"https:\/\/www.grab.com\/vn\/en\/wp-json\/wp\/v2\/types\/page"}],"author":[{"embeddable":true,"href":"https:\/\/www.grab.com\/vn\/en\/wp-json\/wp\/v2\/users\/1250"}],"replies":[{"embeddable":true,"href":"https:\/\/www.grab.com\/vn\/en\/wp-json\/wp\/v2\/comments?post=123965"}],"version-history":[{"count":6,"href":"https:\/\/www.grab.com\/vn\/en\/wp-json\/wp\/v2\/pages\/123965\/revisions"}],"predecessor-version":[{"id":124101,"href":"https:\/\/www.grab.com\/vn\/en\/wp-json\/wp\/v2\/pages\/123965\/revisions\/124101"}],"wp:attachment":[{"href":"https:\/\/www.grab.com\/vn\/en\/wp-json\/wp\/v2\/media?parent=123965"}],"curies":[{"name":"wp","href":"https:\/\/api.w.org\/{rel}","templated":true}]}}