{"id":123379,"date":"2022-06-30T10:49:12","date_gmt":"2022-06-30T02:49:12","guid":{"rendered":"https:\/\/www.grab.com\/vn\/?page_id=123379"},"modified":"2022-07-01T18:48:26","modified_gmt":"2022-07-01T10:48:26","slug":"sieu-sale-7-7-uu-dai-ngap-tran","status":"publish","type":"page","link":"https:\/\/www.grab.com\/vn\/en\/sieu-sale-7-7-uu-dai-ngap-tran\/","title":{"rendered":"Si\u00eau sale 7.7, \u01b0u \u0111\u00e3i ng\u1eadp tr\u00e0n"},"content":{"rendered":"<p><img loading=\"lazy\" decoding=\"async\" width=\"700\" height=\"350\" class=\"aligncenter size-large wp-image-123687\" src=\"https:\/\/assets.grab.com\/wp-content\/uploads\/sites\/11\/2022\/07\/01184819\/1200X600-2-700x350.jpg\" alt=\"\" srcset=\"https:\/\/assets.grab.com\/wp-content\/uploads\/sites\/11\/2022\/07\/01184819\/1200X600-2-700x350.jpg 700w, https:\/\/assets.grab.com\/wp-content\/uploads\/sites\/11\/2022\/07\/01184819\/1200X600-2-250x125.jpg 250w, https:\/\/assets.grab.com\/wp-content\/uploads\/sites\/11\/2022\/07\/01184819\/1200X600-2-768x384.jpg 768w, https:\/\/assets.grab.com\/wp-content\/uploads\/sites\/11\/2022\/07\/01184819\/1200X600-2-120x60.jpg 120w, https:\/\/assets.grab.com\/wp-content\/uploads\/sites\/11\/2022\/07\/01184819\/1200X600-2.jpg 1200w\" sizes=\"(max-width: 700px) 100vw, 700px\" \/><\/p>\n<p>&nbsp;<\/p>\n<p>\ud83d\ude97\ud83d\udef5N\u1eafng m\u01b0a th\u1ea5t th\u01b0\u1eddng, lu\u00f4n c\u00f3 Grab \u0111\u00f3n \u0111\u01b0a<\/p>\n<p>\ud83d\ude25Th\u1eddi ti\u1ebft d\u1ea1o n\u00e0y h\u01a1i th\u1ea5t th\u01b0\u1eddng: L\u00fac n\u1eafng l\u1ea1i m\u01b0a, khi oi b\u1ee9c b\u1ed7ng se l\u1ea1nh b\u1ea5t ng\u1edd. D\u1eabu th\u1eddi ti\u1ebft \u201ckh\u00f3 chi\u1ec1u\u201d t\u1edbi \u0111\u00e2u, Grab c\u0169ng \u201clu\u00f4n chi\u1ec1u\u201d h\u1ebft m\u00ecnh, s\u1eb5n s\u00e0ng \u0111\u00f3n \u0111\u01b0a b\u1ea1n tr\u00ean m\u1ecdi n\u1ebbo \u0111\u01b0\u1eddng!<\/p>\n<p>\ud83d\ude0dCh\u01b0a h\u1ebft, Grab t\u1eb7ng b\u1ea1n \u01b0u \u0111\u00e3i \u0111\u1ec3 \u0111i l\u00e0m hay d\u1ea1o ph\u1ed1 v\u1eeba an to\u00e0n v\u1eeba ti\u1ebft ki\u1ec7m n\u00e8<\/p>\n<p>\ud83d\udef5Nh\u1eadp m\u00e3<strong> GC77<\/strong> \u0111\u1ec3 nh\u1eadn \u01b0u \u0111\u00e3i 27% t\u1ed1i \u0111a 20.000\u0111 cu\u1ed1c xe GrabCar<br \/>\n\ud83d\ude98Nh\u1eadp m\u00e3 <strong>GB77<\/strong> \u0111\u1ec3 nh\u1eadn \u01b0u \u0111\u00e3i 17% t\u1ed1i \u0111a 10.000\u0111 cu\u1ed1c xe GrabBike<\/p>\n<p>\ud83d\udcb3 \u0110\u1eb7c bi\u1ec7t, khi thanh to\u00e1n qua Th\u1ebb\/ V\u00ed Moca s\u1ebd nh\u1eadn th\u00eam \u01b0u \u0111\u00e3i t\u01b0\u01a1ng \u1ee9ng s\u1eed d\u1ee5ng trong ng\u00e0y.<\/p>\n<p>&nbsp;<\/p>\n<p><strong>Xem chi ti\u1ebft ch\u01b0\u01a1ng tr\u00ecnh GB77 t\u1ea1i \u0111\u00e2y:<\/strong><\/p>\n<p>&#8211; \u01afu \u0111\u00e3i 17% (t\u1ed1i \u0111a 10.000\u0111) \u00e1p d\u1ee5ng cho d\u1ecbch v\u1ee5 GrabBike\/ GrabBike Plus<\/p>\n<p>&#8211; \u00c1p d\u1ee5ng t\u1ea1i th\u00e0nh ph\u1ed1 H\u00e0 N\u1ed9i v\u00e0 H\u1ed3 Ch\u00ed Minh.<\/p>\n<p>&#8211; \u00c1p d\u1ee5ng cho m\u1ecdi ph\u01b0\u01a1ng th\u1ee9c thanh to\u00e1n.<\/p>\n<p>&#8211; Nh\u1eadn ngay \u01b0u \u0111\u00e3i t\u01b0\u01a1ng \u1ee9ng ti\u1ebfp theo khi thanh to\u00e1n qua th\u1ebb v\u00ed\/ Moca, \u01b0u \u0111\u00e3i \u00e1p d\u1ee5ng cho thanh to\u00e1n kh\u00f4ng ti\u1ec1n m\u1eb7t (qua V\u00ed Moca ho\u1eb7c Th\u1ebb ng\u00e2n h\u00e0ng) v\u00e0 c\u00f3 g\u00eda tr\u1ecb s\u1eed d\u1ee5ng trong ng\u00e0y.<\/p>\n<p>&#8211; \u01afu \u0111\u00e3i kh\u00f4ng bao g\u1ed3m ph\u1ee5 ph\u00ed, ng\u01b0\u1eddi d\u00f9ng vui l\u00f2ng thanh to\u00e1n ph\u1ee5 ph\u00ed (n\u1ebfu c\u00f3) v\u1edbi \u0110\u1ed1i t\u00e1c t\u00e0i x\u1ebf.<\/p>\n<p>&#8211; M\u1ed7i ng\u01b0\u1eddi d\u00f9ng c\u00f3 th\u1ec3 s\u1eed d\u1ee5ng \u01b0u \u0111\u00e3i t\u1ed1i \u0111a 01 l\u1ea7n\/ng\u00e0y v\u00e0 05 l\u1ea7n trong su\u1ed1t th\u1eddi gian di\u1ec5n ra ch\u01b0\u01a1ng tr\u00ecnh.<\/p>\n<p>&#8211; S\u1ed1 l\u01b0\u1ee3ng \u01b0u \u0111\u00e3i c\u00f3 gi\u1edbi h\u1ea1n m\u1ed7i ng\u00e0y.<\/p>\n<p>&#8211; Ch\u1ec9 \u00e1p d\u1ee5ng cho ng\u01b0\u1eddi d\u00f9ng nh\u1eadn \u0111\u01b0\u1ee3c th\u00f4ng b\u00e1o.<\/p>\n<p>&#8211; Ch\u1ec9 \u00e1p d\u1ee5ng v\u1edbi phi\u00ean b\u1ea3n app m\u1edbi nh\u1ea5t.<\/p>\n<p>&nbsp;<\/p>\n<p><strong>Xem chi ti\u1ebft ch\u01b0\u01a1ng tr\u00ecnh GC77 t\u1ea1i \u0111\u00e2y:<\/strong><\/p>\n<p>&#8211; \u01afu \u0111\u00e3i 27% (t\u1ed1i \u0111a 20.000\u0111) \u00e1p d\u1ee5ng cho d\u1ecbch v\u1ee5 GrabCar\/ GrabCar Premium\/ GrabCar Plus\/ GrabCar Protect<\/p>\n<p>&#8211; \u00c1p d\u1ee5ng t\u1ea1i th\u00e0nh ph\u1ed1 H\u00e0 N\u1ed9i v\u00e0 H\u1ed3 Ch\u00ed Minh.<\/p>\n<p>&#8211; \u00c1p d\u1ee5ng cho m\u1ecdi ph\u01b0\u01a1ng th\u1ee9c thanh to\u00e1n.<\/p>\n<p>-Nh\u1eadn ngay \u01b0u \u0111\u00e3i t\u01b0\u01a1ng \u1ee9ng ti\u1ebfp theo khi thanh to\u00e1n qua th\u1ebb v\u00ed\/Moca, \u01b0u \u0111\u00e3i \u00e1p d\u1ee5ng cho thanh to\u00e1n kh\u00f4ng ti\u1ec1n m\u1eb7t (qua V\u00ed Moca ho\u1eb7c Th\u1ebb ng\u00e2n h\u00e0ng) v\u00e0 c\u00f3 g\u00eda tr\u1ecb s\u1eed d\u1ee5ng trong ng\u00e0y.<\/p>\n<p>&#8211; \u01afu \u0111\u00e3i kh\u00f4ng bao g\u1ed3m ph\u1ee5 ph\u00ed, ng\u01b0\u1eddi d\u00f9ng vui l\u00f2ng thanh to\u00e1n ph\u1ee5 ph\u00ed (n\u1ebfu c\u00f3) v\u1edbi \u0110\u1ed1i t\u00e1c t\u00e0i x\u1ebf.<\/p>\n<p>&#8211; M\u1ed7i ng\u01b0\u1eddi d\u00f9ng c\u00f3 th\u1ec3 s\u1eed d\u1ee5ng \u01b0u \u0111\u00e3i t\u1ed1i \u0111a 01 l\u1ea7n\/ng\u00e0y v\u00e0 05 l\u1ea7n trong su\u1ed1t th\u1eddi gian di\u1ec5n ra ch\u01b0\u01a1ng tr\u00ecnh.<\/p>\n<p>&#8211; S\u1ed1 l\u01b0\u1ee3ng \u01b0u \u0111\u00e3i c\u00f3 gi\u1edbi h\u1ea1n m\u1ed7i ng\u00e0y.<\/p>\n<p>&#8211; Ch\u1ec9 \u00e1p d\u1ee5ng cho ng\u01b0\u1eddi d\u00f9ng nh\u1eadn \u0111\u01b0\u1ee3c th\u00f4ng b\u00e1o.<\/p>\n<p>&#8211; Ch\u1ec9 \u00e1p d\u1ee5ng v\u1edbi phi\u00ean b\u1ea3n app m\u1edbi nh\u1ea5t.<\/p>\n<p>&nbsp;<\/p>\n<p><a href=\"https:\/\/grab.onelink.me\/2695613898\/datxengay\"><img loading=\"lazy\" decoding=\"async\" class=\"aligncenter wp-image-109009\" src=\"https:\/\/assets.grab.com\/wp-content\/uploads\/sites\/11\/2022\/01\/20122452\/CTA-012.png\" alt=\"\" width=\"204\" height=\"50\" \/><\/a><\/p>","protected":false},"excerpt":{"rendered":"&nbsp; \ud83d\ude97\ud83d\udef5N\u1eafng m\u01b0a th\u1ea5t th\u01b0\u1eddng, lu\u00f4n c\u00f3 Grab \u0111\u00f3n \u0111\u01b0a \ud83d\ude25Th\u1eddi ti\u1ebft d\u1ea1o n\u00e0y h\u01a1i th\u1ea5t th\u01b0\u1eddng: L\u00fac n\u1eafng l\u1ea1i m\u01b0a, khi oi b\u1ee9c b\u1ed7ng se l\u1ea1nh b\u1ea5t ng\u1edd. D\u1eabu th\u1eddi ti\u1ebft \u201ckh\u00f3 chi\u1ec1u\u201d t\u1edbi \u0111\u00e2u, Grab c\u0169ng \u201clu\u00f4n chi\u1ec1u\u201d h\u1ebft m\u00ecnh, s\u1eb5n s\u00e0ng \u0111\u00f3n \u0111\u01b0a b\u1ea1n tr\u00ean m\u1ecdi n\u1ebbo \u0111\u01b0\u1eddng! \ud83d\ude0dCh\u01b0a h\u1ebft, Grab t\u1eb7ng [&hellip;]","protected":false},"author":1250,"featured_media":0,"parent":0,"menu_order":0,"comment_status":"closed","ping_status":"closed","template":"","meta":{"_acf_changed":false,"footnotes":""},"acf":[],"_links":{"self":[{"href":"https:\/\/www.grab.com\/vn\/en\/wp-json\/wp\/v2\/pages\/123379"}],"collection":[{"href":"https:\/\/www.grab.com\/vn\/en\/wp-json\/wp\/v2\/pages"}],"about":[{"href":"https:\/\/www.grab.com\/vn\/en\/wp-json\/wp\/v2\/types\/page"}],"author":[{"embeddable":true,"href":"https:\/\/www.grab.com\/vn\/en\/wp-json\/wp\/v2\/users\/1250"}],"replies":[{"embeddable":true,"href":"https:\/\/www.grab.com\/vn\/en\/wp-json\/wp\/v2\/comments?post=123379"}],"version-history":[{"count":2,"href":"https:\/\/www.grab.com\/vn\/en\/wp-json\/wp\/v2\/pages\/123379\/revisions"}],"predecessor-version":[{"id":123688,"href":"https:\/\/www.grab.com\/vn\/en\/wp-json\/wp\/v2\/pages\/123379\/revisions\/123688"}],"wp:attachment":[{"href":"https:\/\/www.grab.com\/vn\/en\/wp-json\/wp\/v2\/media?parent=123379"}],"curies":[{"name":"wp","href":"https:\/\/api.w.org\/{rel}","templated":true}]}}