{"id":122257,"date":"2022-06-15T11:54:56","date_gmt":"2022-06-15T03:54:56","guid":{"rendered":"https:\/\/www.grab.com\/vn\/?page_id=122257"},"modified":"2022-06-15T12:03:16","modified_gmt":"2022-06-15T04:03:16","slug":"sang-som-di-lam-dat-grab-giam-toi-50","status":"publish","type":"page","link":"https:\/\/www.grab.com\/vn\/en\/sang-som-di-lam-dat-grab-giam-toi-50\/","title":{"rendered":"S\u00e1ng s\u1edbm \u0111i l\u00e0m, \u0111\u1eb7t Grab gi\u1ea3m t\u1edbi 50%"},"content":{"rendered":"<p><img loading=\"lazy\" decoding=\"async\" width=\"700\" height=\"350\" class=\"aligncenter size-large wp-image-122258\" src=\"https:\/\/assets.grab.com\/wp-content\/uploads\/sites\/11\/2022\/06\/15115146\/TP-KCT-DAYDI-1200x600-1-700x350.jpg\" alt=\"\" srcset=\"https:\/\/assets.grab.com\/wp-content\/uploads\/sites\/11\/2022\/06\/15115146\/TP-KCT-DAYDI-1200x600-1-700x350.jpg 700w, https:\/\/assets.grab.com\/wp-content\/uploads\/sites\/11\/2022\/06\/15115146\/TP-KCT-DAYDI-1200x600-1-250x125.jpg 250w, https:\/\/assets.grab.com\/wp-content\/uploads\/sites\/11\/2022\/06\/15115146\/TP-KCT-DAYDI-1200x600-1-768x384.jpg 768w, https:\/\/assets.grab.com\/wp-content\/uploads\/sites\/11\/2022\/06\/15115146\/TP-KCT-DAYDI-1200x600-1-120x60.jpg 120w, https:\/\/assets.grab.com\/wp-content\/uploads\/sites\/11\/2022\/06\/15115146\/TP-KCT-DAYDI-1200x600-1.jpg 1200w\" sizes=\"(max-width: 700px) 100vw, 700px\" \/><\/p>\n<p>&nbsp;<\/p>\n<p>\ud83d\ude2a N\u1ebfu b\u1ea1n thu\u1ed9c team t\u1ed1i qua th\u1ee9c \u0111\u00eam ch\u1ea1y deadline m\u00e0 s\u00e1ng nay ph\u1ea3i \u0111i l\u00e0m s\u1edbm hay team s\u00e1ng \u0111i l\u00e0m l\u1ea1i s\u1ee3 k\u1eb9t xe, lo l\u1eafng m\u00f9a h\u00e8 n\u1eafng m\u01b0a th\u1ea5t th\u01b0\u1eddng th\u00ec \u0111\u1eb7t Grab \u0111\u00f3n \u0111\u01b0a cho ti\u1ec7n n\u00e8!<\/p>\n<p>\ud83d\udd25 \u0110i l\u00e0m bu\u1ed5i s\u00e1ng v\u1eeba an to\u00e0n l\u1ea1i c\u00f2n nh\u1eb9 v\u00ed v\u00ec Grab t\u1eb7ng \u01b0u \u0111\u00e3i di chuy\u1ec3n si\u00eau h\u1eddi lu\u00f4n!<br \/>\n\ud83d\udef5 Nh\u1eadp m\u00e3 DAYDIGB \u01b0u \u0111\u00e3i 50% t\u1ed1i \u0111a 10.000\u0111 (*)<br \/>\n\ud83d\ude97 Nh\u1eadp m\u00e3 DAYDIGC \u01b0u \u0111\u00e3i 50% t\u1ed1i \u0111a 20.000\u0111 (*)<\/p>\n<p>\ud83d\udc49 Nhanh tay l\u01b0u m\u00e3 v\u00e0 \u0111\u1eb7t Grab li\u1ec1n nha!<\/p>\n<p>&nbsp;<\/p>\n<p><strong>Xem chi ti\u1ebft ch\u01b0\u01a1ng tr\u00ecnh \u01b0u \u0111\u00e3i DAYDIGB t\u1ea1i \u0111\u00e2y:<\/strong><\/p>\n<p>&#8211; \u01afu \u0111\u00e3i 50% (t\u1ed1i \u0111a 10.000\u0111) \u00e1p d\u1ee5ng cho d\u1ecbch v\u1ee5 GrabBike\/ GrabBike Plus.<\/p>\n<p>&#8211; \u00c1p d\u1ee5ng t\u1ea1i th\u00e0nh ph\u1ed1 H\u1ed3 Ch\u00ed Minh v\u00e0 H\u00e0 N\u1ed9i<\/p>\n<p>&#8211; \u00c1p d\u1ee5ng trong khung gi\u1edd 06:00-09:00 m\u1ed7i ng\u00e0y.<\/p>\n<p>&#8211; \u00c1p d\u1ee5ng cho m\u1ecdi h\u00ecnh th\u1ee9c thanh to\u00e1n.<\/p>\n<p>&#8211; \u01afu \u0111\u00e3i kh\u00f4ng bao g\u1ed3m ph\u1ee5 ph\u00ed, ng\u01b0\u1eddi d\u00f9ng vui l\u00f2ng thanh to\u00e1n ph\u1ee5 ph\u00ed (n\u1ebfu c\u00f3) v\u1edbi \u0110\u1ed1i t\u00e1c t\u00e0i x\u1ebf.<\/p>\n<p>&#8211; M\u1ed7i ng\u01b0\u1eddi d\u00f9ng c\u00f3 th\u1ec3 s\u1eed d\u1ee5ng \u01b0u \u0111\u00e3i t\u1ed1i \u0111a 01 l\u1ea7n\/ ng\u00e0y v\u00e0 05 l\u1ea7n trong su\u1ed1t th\u1eddi gian di\u1ec5n ra ch\u01b0\u01a1ng tr\u00ecnh.<\/p>\n<p>&#8211; S\u1ed1 l\u01b0\u1ee3ng \u01b0u \u0111\u00e3i c\u00f3 gi\u1edbi h\u1ea1n m\u1ed7i ng\u00e0y.<\/p>\n<p>&#8211; Ch\u1ec9 \u00e1p d\u1ee5ng cho ng\u01b0\u1eddi d\u00f9ng nh\u1eadn \u0111\u01b0\u1ee3c th\u00f4ng b\u00e1o.<\/p>\n<p>&#8211; Ch\u1ec9 \u00e1p d\u1ee5ng v\u1edbi phi\u00ean b\u1ea3n app m\u1edbi nh\u1ea5t.<\/p>\n<p>&nbsp;<\/p>\n<p><strong>Xem chi ti\u1ebft ch\u01b0\u01a1ng tr\u00ecnh \u01b0u \u0111\u00e3i DAYDIGC t\u1ea1i \u0111\u00e2y:<\/strong><\/p>\n<p>&#8211; \u01afu \u0111\u00e3i 50% (t\u1ed1i \u0111a 20.000\u0111) \u00e1p d\u1ee5ng cho d\u1ecbch v\u1ee5 GrabCar\/ GrabCar Protect\/ GrabCar Plus<\/p>\n<p>&#8211; \u00c1p d\u1ee5ng t\u1ea1i th\u00e0nh ph\u1ed1 H\u1ed3 Ch\u00ed Minh v\u00e0 H\u00e0 N\u1ed9i<\/p>\n<p>&#8211; \u00c1p d\u1ee5ng trong khung gi\u1edd 06:00-09:00 m\u1ed7i ng\u00e0y.<\/p>\n<p>&#8211; \u00c1p d\u1ee5ng cho m\u1ecdi h\u00ecnh th\u1ee9c thanh to\u00e1n.<\/p>\n<p>&#8211; \u01afu \u0111\u00e3i kh\u00f4ng bao g\u1ed3m ph\u1ee5 ph\u00ed, ng\u01b0\u1eddi d\u00f9ng vui l\u00f2ng thanh to\u00e1n ph\u1ee5 ph\u00ed (n\u1ebfu c\u00f3) v\u1edbi \u0110\u1ed1i t\u00e1c t\u00e0i x\u1ebf.<\/p>\n<p>&#8211; M\u1ed7i ng\u01b0\u1eddi d\u00f9ng c\u00f3 th\u1ec3 s\u1eed d\u1ee5ng \u01b0u \u0111\u00e3i t\u1ed1i \u0111a 01 l\u1ea7n\/ ng\u00e0y v\u00e0 05 l\u1ea7n trong su\u1ed1t th\u1eddi gian di\u1ec5n ra ch\u01b0\u01a1ng tr\u00ecnh.<\/p>\n<p>&#8211; S\u1ed1 l\u01b0\u1ee3ng \u01b0u \u0111\u00e3i c\u00f3 gi\u1edbi h\u1ea1n m\u1ed7i ng\u00e0y.<\/p>\n<p>&#8211; Ch\u1ec9 \u00e1p d\u1ee5ng cho ng\u01b0\u1eddi d\u00f9ng nh\u1eadn \u0111\u01b0\u1ee3c th\u00f4ng b\u00e1o.<\/p>\n<p>&#8211; Ch\u1ec9 \u00e1p d\u1ee5ng v\u1edbi phi\u00ean b\u1ea3n app m\u1edbi nh\u1ea5t.<\/p>\n<p>&nbsp;<\/p>\n<p><a href=\"\/\/open?screenType=BOOKING\"><img loading=\"lazy\" decoding=\"async\" class=\"aligncenter wp-image-109009\" src=\"https:\/\/assets.grab.com\/wp-content\/uploads\/sites\/11\/2022\/01\/20122452\/CTA-012.png\" alt=\"\" width=\"204\" height=\"50\" \/><\/a><\/p>","protected":false},"excerpt":{"rendered":"&nbsp; \ud83d\ude2a N\u1ebfu b\u1ea1n thu\u1ed9c team t\u1ed1i qua th\u1ee9c \u0111\u00eam ch\u1ea1y deadline m\u00e0 s\u00e1ng nay ph\u1ea3i \u0111i l\u00e0m s\u1edbm hay team s\u00e1ng \u0111i l\u00e0m l\u1ea1i s\u1ee3 k\u1eb9t xe, lo l\u1eafng m\u00f9a h\u00e8 n\u1eafng m\u01b0a th\u1ea5t th\u01b0\u1eddng th\u00ec \u0111\u1eb7t Grab \u0111\u00f3n \u0111\u01b0a cho ti\u1ec7n n\u00e8! \ud83d\udd25 \u0110i l\u00e0m bu\u1ed5i s\u00e1ng v\u1eeba an to\u00e0n l\u1ea1i c\u00f2n nh\u1eb9 [&hellip;]","protected":false},"author":1250,"featured_media":0,"parent":0,"menu_order":0,"comment_status":"closed","ping_status":"closed","template":"","meta":{"_acf_changed":false,"footnotes":""},"acf":[],"_links":{"self":[{"href":"https:\/\/www.grab.com\/vn\/en\/wp-json\/wp\/v2\/pages\/122257"}],"collection":[{"href":"https:\/\/www.grab.com\/vn\/en\/wp-json\/wp\/v2\/pages"}],"about":[{"href":"https:\/\/www.grab.com\/vn\/en\/wp-json\/wp\/v2\/types\/page"}],"author":[{"embeddable":true,"href":"https:\/\/www.grab.com\/vn\/en\/wp-json\/wp\/v2\/users\/1250"}],"replies":[{"embeddable":true,"href":"https:\/\/www.grab.com\/vn\/en\/wp-json\/wp\/v2\/comments?post=122257"}],"version-history":[{"count":4,"href":"https:\/\/www.grab.com\/vn\/en\/wp-json\/wp\/v2\/pages\/122257\/revisions"}],"predecessor-version":[{"id":122264,"href":"https:\/\/www.grab.com\/vn\/en\/wp-json\/wp\/v2\/pages\/122257\/revisions\/122264"}],"wp:attachment":[{"href":"https:\/\/www.grab.com\/vn\/en\/wp-json\/wp\/v2\/media?parent=122257"}],"curies":[{"name":"wp","href":"https:\/\/api.w.org\/{rel}","templated":true}]}}