{"id":121767,"date":"2022-06-10T17:25:29","date_gmt":"2022-06-10T09:25:29","guid":{"rendered":"https:\/\/www.grab.com\/vn\/copy-of-bung-no-sieu-sale-6-6-mua-he-di-grab-ngan-uu-dai\/"},"modified":"2022-06-10T17:25:29","modified_gmt":"2022-06-10T09:25:29","slug":"copy-of-bung-no-sieu-sale-6-6-mua-he-di-grab-ngan-uu-dai","status":"publish","type":"page","link":"https:\/\/www.grab.com\/vn\/en\/copy-of-bung-no-sieu-sale-6-6-mua-he-di-grab-ngan-uu-dai\/","title":{"rendered":"Copy of B\u00f9ng n\u1ed5 si\u00eau sale 6.6, m\u00f9a h\u00e8 \u0111i Grab ng\u00e0n \u01b0u \u0111\u00e3i"},"content":{"rendered":"<p><img loading=\"lazy\" decoding=\"async\" width=\"1125\" height=\"464\" class=\"aligncenter size-full wp-image-120369\" src=\"https:\/\/assets.grab.com\/wp-content\/uploads\/sites\/11\/2022\/05\/31034944\/1125x464_Grab66_existing.png\" alt=\"\" srcset=\"https:\/\/assets.grab.com\/wp-content\/uploads\/sites\/11\/2022\/05\/31034944\/1125x464_Grab66_existing.png 1125w, https:\/\/assets.grab.com\/wp-content\/uploads\/sites\/11\/2022\/05\/31034944\/1125x464_Grab66_existing-250x103.png 250w, https:\/\/assets.grab.com\/wp-content\/uploads\/sites\/11\/2022\/05\/31034944\/1125x464_Grab66_existing-700x289.png 700w, https:\/\/assets.grab.com\/wp-content\/uploads\/sites\/11\/2022\/05\/31034944\/1125x464_Grab66_existing-768x317.png 768w, https:\/\/assets.grab.com\/wp-content\/uploads\/sites\/11\/2022\/05\/31034944\/1125x464_Grab66_existing-120x49.png 120w\" sizes=\"(max-width: 1125px) 100vw, 1125px\" \/><\/p>\n<p><strong>\ud83c\udf8a Si\u00eau sale 6.6 Grab h\u00e8 ng\u00e0n \u01b0u \u0111\u00e3i<\/strong><\/p>\n<p>\ud83d\ude97\ud83d\udef5 Th\u1eed th\u00e1ch \u0111\u1eb7t Grab 7 ng\u00e0y 7 \u0111\u00eam li\u00ean ti\u1ebfp \u0111\u1ec3 nh\u1eadn \u01b0u \u0111\u00e3i di chuy\u1ec3n si\u00eau kh\u1ee7ng gi\u1eefa n\u0103m, g\u00e9t g\u00f4! M\u00f9a h\u00e8 m\u01b0a n\u1eafng th\u1ea5t th\u01b0\u1eddng, c\u1ee9 \u0111\u1ec3 Grab y\u00eau th\u01b0\u01a1ng \u0111\u00f3n \u0111\u01b0a n\u00e8!!<\/p>\n<p>\ud83d\udd25 \u0110\u1eb7t GrabBike nh\u1eadp m\u00e3 <strong>BIKE66<\/strong>, nh\u1eadn \u01b0u \u0111\u00e3i gi\u1ea3m 50% t\u1ed1i \u0111a 15.000\u0111 (*)<br \/>\n\ud83d\udd25 \u0110\u1eb7t GrabCar nh\u1eadp m\u00e3 <strong>CAR66<\/strong>, nh\u1eadn \u01b0u \u0111\u00e3i gi\u1ea3m 50% t\u1ed1i \u0111a 30.000\u0111 (*)<\/p>\n<p>\u2728\u0110\u1eb7c bi\u1ec7t, d\u00e0nh ri\u00eang cho ng\u01b0\u1eddi d\u00f9ng m\u1edbi<strong>, \u0111\u1ed3ng gi\u00e1 6.000\u0111 d\u00e0nh cho 06 chuy\u1ebfn xe<\/strong> \u0111\u1ea7u ti\u00ean. \u00c1p d\u1ee5ng cho c\u00e1c chuy\u1ebfn GrabBike d\u01b0\u1edbi 20.000\u0111 v\u00e0 chuy\u1ebfn GrabCar d\u01b0\u1edbi 30.000\u0111!<\/p>\n<p>\u2728 Ch\u01b0\u01a1ng tr\u00ecnh di\u1ec5n ra t\u1eeb 31\/05 \u0111\u1ebfn 10\/06, l\u01b0u m\u00e3 \u0111\u1ec3 nh\u1eadn \u01b0u \u0111\u00e3i vi vu ngay!<br \/>\n(*) S\u1ed1 l\u01b0\u1ee3ng \u01b0u \u0111\u00e3i m\u1ed7i ng\u00e0y c\u00f3 h\u1ea1n.<\/p>\n<p><a href=\"https:\/\/grab.onelink.me\/2695613898\/datxengay\"><img loading=\"lazy\" decoding=\"async\" class=\"aligncenter wp-image-109009\" src=\"https:\/\/assets.grab.com\/wp-content\/uploads\/sites\/11\/2022\/01\/20122452\/CTA-012.png\" alt=\"\" width=\"204\" height=\"50\" \/><\/a><\/p>\n<p><img loading=\"lazy\" decoding=\"async\" width=\"1125\" height=\"464\" class=\"aligncenter size-full wp-image-120371\" src=\"https:\/\/assets.grab.com\/wp-content\/uploads\/sites\/11\/2022\/05\/31035254\/1125x464_Grab66_new.png\" alt=\"\" srcset=\"https:\/\/assets.grab.com\/wp-content\/uploads\/sites\/11\/2022\/05\/31035254\/1125x464_Grab66_new.png 1125w, https:\/\/assets.grab.com\/wp-content\/uploads\/sites\/11\/2022\/05\/31035254\/1125x464_Grab66_new-250x103.png 250w, https:\/\/assets.grab.com\/wp-content\/uploads\/sites\/11\/2022\/05\/31035254\/1125x464_Grab66_new-700x289.png 700w, https:\/\/assets.grab.com\/wp-content\/uploads\/sites\/11\/2022\/05\/31035254\/1125x464_Grab66_new-768x317.png 768w, https:\/\/assets.grab.com\/wp-content\/uploads\/sites\/11\/2022\/05\/31035254\/1125x464_Grab66_new-120x49.png 120w\" sizes=\"(max-width: 1125px) 100vw, 1125px\" \/><\/p>\n<p>&nbsp;<\/p>","protected":false},"excerpt":{"rendered":"\ud83c\udf8a Si\u00eau sale 6.6 Grab h\u00e8 ng\u00e0n \u01b0u \u0111\u00e3i \ud83d\ude97\ud83d\udef5 Th\u1eed th\u00e1ch \u0111\u1eb7t Grab 7 ng\u00e0y 7 \u0111\u00eam li\u00ean ti\u1ebfp \u0111\u1ec3 nh\u1eadn \u01b0u \u0111\u00e3i di chuy\u1ec3n si\u00eau kh\u1ee7ng gi\u1eefa n\u0103m, g\u00e9t g\u00f4! M\u00f9a h\u00e8 m\u01b0a n\u1eafng th\u1ea5t th\u01b0\u1eddng, c\u1ee9 \u0111\u1ec3 Grab y\u00eau th\u01b0\u01a1ng \u0111\u00f3n \u0111\u01b0a n\u00e8!! \ud83d\udd25 \u0110\u1eb7t GrabBike nh\u1eadp m\u00e3 BIKE66, nh\u1eadn \u01b0u \u0111\u00e3i [&hellip;]","protected":false},"author":1123,"featured_media":0,"parent":0,"menu_order":0,"comment_status":"closed","ping_status":"closed","template":"","meta":{"_acf_changed":false,"footnotes":""},"acf":[],"_links":{"self":[{"href":"https:\/\/www.grab.com\/vn\/en\/wp-json\/wp\/v2\/pages\/121767"}],"collection":[{"href":"https:\/\/www.grab.com\/vn\/en\/wp-json\/wp\/v2\/pages"}],"about":[{"href":"https:\/\/www.grab.com\/vn\/en\/wp-json\/wp\/v2\/types\/page"}],"author":[{"embeddable":true,"href":"https:\/\/www.grab.com\/vn\/en\/wp-json\/wp\/v2\/users\/1123"}],"replies":[{"embeddable":true,"href":"https:\/\/www.grab.com\/vn\/en\/wp-json\/wp\/v2\/comments?post=121767"}],"version-history":[{"count":0,"href":"https:\/\/www.grab.com\/vn\/en\/wp-json\/wp\/v2\/pages\/121767\/revisions"}],"wp:attachment":[{"href":"https:\/\/www.grab.com\/vn\/en\/wp-json\/wp\/v2\/media?parent=121767"}],"curies":[{"name":"wp","href":"https:\/\/api.w.org\/{rel}","templated":true}]}}