{"id":121556,"date":"2022-06-08T11:11:04","date_gmt":"2022-06-08T03:11:04","guid":{"rendered":"https:\/\/www.grab.com\/vn\/?page_id=121556"},"modified":"2022-06-08T14:34:23","modified_gmt":"2022-06-08T06:34:23","slug":"he-hoc-hanh-vui-choi-di-grabbike-sieu-hoi","status":"publish","type":"page","link":"https:\/\/www.grab.com\/vn\/en\/he-hoc-hanh-vui-choi-di-grabbike-sieu-hoi\/","title":{"rendered":"H\u00e8 h\u1ecdc h\u00e0nh vui ch\u01a1i, \u0111i GrabBike si\u00eau h\u1eddi"},"content":{"rendered":"<p><img loading=\"lazy\" decoding=\"async\" width=\"1200\" height=\"600\" class=\"aligncenter size-full wp-image-121568\" src=\"https:\/\/assets.grab.com\/wp-content\/uploads\/sites\/11\/2022\/06\/08143416\/KV-SVCH-1200X600.jpg\" alt=\"\" srcset=\"https:\/\/assets.grab.com\/wp-content\/uploads\/sites\/11\/2022\/06\/08143416\/KV-SVCH-1200X600.jpg 1200w, https:\/\/assets.grab.com\/wp-content\/uploads\/sites\/11\/2022\/06\/08143416\/KV-SVCH-1200X600-250x125.jpg 250w, https:\/\/assets.grab.com\/wp-content\/uploads\/sites\/11\/2022\/06\/08143416\/KV-SVCH-1200X600-700x350.jpg 700w, https:\/\/assets.grab.com\/wp-content\/uploads\/sites\/11\/2022\/06\/08143416\/KV-SVCH-1200X600-768x384.jpg 768w, https:\/\/assets.grab.com\/wp-content\/uploads\/sites\/11\/2022\/06\/08143416\/KV-SVCH-1200X600-120x60.jpg 120w\" sizes=\"(max-width: 1200px) 100vw, 1200px\" \/><\/p>\n<p>&nbsp;<\/p>\n<p>\ud83d\udef5H\u00e8 h\u1ecdc h\u00e0nh vui ch\u01a1i, \u0111i GrabBike si\u00eau h\u1eddi<\/p>\n<p>\u270f\ufe0fC\u00f3 2 ki\u1ec3u h\u1ecdc sinh, sinh vi\u00ean khi m\u00f9a h\u00e8 t\u1edbi:<br \/>\n1\ufe0f\u20e3Ki\u1ec3u ch\u0103m ch\u1ec9 h\u1ecdc h\u00e0nh, \u00f4n luy\u1ec7n ki\u1ebfn th\u1ee9c xuy\u00ean ng\u00e0y \u0111\u00eam ch\u1ec9 ch\u1edd gi\u1eadt h\u1ecdc b\u1ed5ng k\u1ef3 sau.<br \/>\n2\ufe0f\u20e3Ki\u1ec3u tu\u1ed5i tr\u1ebb n\u0103ng \u0111\u1ed9ng, \u0111\u1eb7t ra k\u1ebf ho\u1ea1ch vui ch\u01a1i v\u00e0 kh\u00e1m ph\u00e1 kh\u1eafp n\u01a1i tr\u01b0\u1edbc khi quay l\u1ea1i gi\u1ea3ng \u0111\u01b0\u1eddng.<\/p>\n<p>\u2728D\u00f9 nh\u00f3m 1 hay 2, th\u00edch h\u1ecdc h\u00e0nh hay \u01b0a \u0111i \u0111\u00e2y \u0111\u00f3, GrabBike v\u1eabn y\u00eau chi\u1ec1u t\u1edbi b\u1ebfn! <strong>Nh\u1eadp m\u00e3 CHAOHE \u0111\u1ec3 nh\u1eadn \u01b0u \u0111\u00e3i t\u1edbi 15.000\u0111<\/strong> (*), tha h\u1ed3 vi vu h\u00e8 n\u00e0y nha!<\/p>\n<p>&nbsp;<\/p>\n<p><strong>Xem chi ti\u1ebft ch\u01b0\u01a1ng tr\u00ecnh t\u1ea1i \u0111\u00e2y<\/strong><\/p>\n<p>&#8211; \u01afu \u0111\u00e3i 10% (t\u1ed1i \u0111a 15.000\u0111) \u00e1p d\u1ee5ng cho d\u1ecbch v\u1ee5 GrabBike.<\/p>\n<p>&#8211; \u00c1p d\u1ee5ng t\u1ea1i Th\u00e0nh ph\u1ed1 H\u1ed3 Ch\u00ed Minh v\u00e0 H\u00e0 N\u1ed9i<\/p>\n<p>&#8211; \u00c1p d\u1ee5ng cho m\u1ecdi ph\u01b0\u01a1ng th\u1ee9c thanh to\u00e1n.<\/p>\n<p>&#8211; \u01afu \u0111\u00e3i kh\u00f4ng bao g\u1ed3m ph\u1ee5 ph\u00ed, ng\u01b0\u1eddi d\u00f9ng vui l\u00f2ng thanh to\u00e1n ph\u1ee5 ph\u00ed (n\u1ebfu c\u00f3) v\u1edbi \u0110\u1ed1i t\u00e1c t\u00e0i x\u1ebf.<\/p>\n<p>&#8211; M\u1ed7i ng\u01b0\u1eddi d\u00f9ng c\u00f3 th\u1ec3 s\u1eed d\u1ee5ng \u01b0u \u0111\u00e3i t\u1ed1i \u0111a 02 l\u1ea7n\/ng\u00e0y v\u00e0 10 l\u1ea7n trong su\u1ed1t th\u1eddi gian di\u1ec5n ra ch\u01b0\u01a1ng tr\u00ecnh.<\/p>\n<p>&#8211; S\u1ed1 l\u01b0\u1ee3ng \u01b0u \u0111\u00e3i c\u00f3 gi\u1edbi h\u1ea1n m\u1ed7i ng\u00e0y.<\/p>\n<p>&#8211; Ch\u1ec9 \u00e1p d\u1ee5ng cho ng\u01b0\u1eddi d\u00f9ng nh\u1eadn \u0111\u01b0\u1ee3c th\u00f4ng b\u00e1o.<\/p>\n<p>&#8211; Ch\u1ec9 \u00e1p d\u1ee5ng v\u1edbi phi\u00ean b\u1ea3n app m\u1edbi nh\u1ea5t<\/p>\n<p><!--more--><\/p>\n<p><a href=\"https:\/\/grab.onelink.me\/2695613898\/bookxengay\"><img loading=\"lazy\" decoding=\"async\" class=\"aligncenter wp-image-109009\" src=\"https:\/\/assets.grab.com\/wp-content\/uploads\/sites\/11\/2022\/01\/20122452\/CTA-012.png\" alt=\"\" width=\"203\" height=\"50\" \/><\/a><\/p>","protected":false},"excerpt":{"rendered":"&nbsp; \ud83d\udef5H\u00e8 h\u1ecdc h\u00e0nh vui ch\u01a1i, \u0111i GrabBike si\u00eau h\u1eddi \u270f\ufe0fC\u00f3 2 ki\u1ec3u h\u1ecdc sinh, sinh vi\u00ean khi m\u00f9a h\u00e8 t\u1edbi: 1\ufe0f\u20e3Ki\u1ec3u ch\u0103m ch\u1ec9 h\u1ecdc h\u00e0nh, \u00f4n luy\u1ec7n ki\u1ebfn th\u1ee9c xuy\u00ean ng\u00e0y \u0111\u00eam ch\u1ec9 ch\u1edd gi\u1eadt h\u1ecdc b\u1ed5ng k\u1ef3 sau. 2\ufe0f\u20e3Ki\u1ec3u tu\u1ed5i tr\u1ebb n\u0103ng \u0111\u1ed9ng, \u0111\u1eb7t ra k\u1ebf ho\u1ea1ch vui ch\u01a1i v\u00e0 kh\u00e1m ph\u00e1 kh\u1eafp [&hellip;]","protected":false},"author":1250,"featured_media":0,"parent":0,"menu_order":0,"comment_status":"closed","ping_status":"closed","template":"","meta":{"_acf_changed":false,"footnotes":""},"acf":[],"_links":{"self":[{"href":"https:\/\/www.grab.com\/vn\/en\/wp-json\/wp\/v2\/pages\/121556"}],"collection":[{"href":"https:\/\/www.grab.com\/vn\/en\/wp-json\/wp\/v2\/pages"}],"about":[{"href":"https:\/\/www.grab.com\/vn\/en\/wp-json\/wp\/v2\/types\/page"}],"author":[{"embeddable":true,"href":"https:\/\/www.grab.com\/vn\/en\/wp-json\/wp\/v2\/users\/1250"}],"replies":[{"embeddable":true,"href":"https:\/\/www.grab.com\/vn\/en\/wp-json\/wp\/v2\/comments?post=121556"}],"version-history":[{"count":5,"href":"https:\/\/www.grab.com\/vn\/en\/wp-json\/wp\/v2\/pages\/121556\/revisions"}],"predecessor-version":[{"id":121569,"href":"https:\/\/www.grab.com\/vn\/en\/wp-json\/wp\/v2\/pages\/121556\/revisions\/121569"}],"wp:attachment":[{"href":"https:\/\/www.grab.com\/vn\/en\/wp-json\/wp\/v2\/media?parent=121556"}],"curies":[{"name":"wp","href":"https:\/\/api.w.org\/{rel}","templated":true}]}}