{"id":120368,"date":"2022-05-31T03:48:27","date_gmt":"2022-05-30T19:48:27","guid":{"rendered":"https:\/\/www.grab.com\/vn\/copy-of-bung-no-sieu-sale-6-6-mua-he-di-grab-ngan-uu-dai\/"},"modified":"2022-06-10T17:45:33","modified_gmt":"2022-06-10T09:45:33","slug":"50off-sang","status":"publish","type":"page","link":"https:\/\/www.grab.com\/vn\/en\/50off-sang\/","title":{"rendered":"\u2600\ufe0f S\u00e1ng \u0111\u1eb7t Grab, \u01b0u \u0111\u00e3i 5\ufe0f\u20e30\ufe0f\u20e3% c\u00e1c chuy\u1ebfn xe \ud83d\ude99"},"content":{"rendered":"<p><img loading=\"lazy\" decoding=\"async\" width=\"1200\" height=\"600\" class=\"aligncenter size-full wp-image-121768\" src=\"https:\/\/assets.grab.com\/wp-content\/uploads\/sites\/11\/2022\/06\/10172543\/1200x600-2022-06-10T162430.380.jpg\" alt=\"\" srcset=\"https:\/\/assets.grab.com\/wp-content\/uploads\/sites\/11\/2022\/06\/10172543\/1200x600-2022-06-10T162430.380.jpg 1200w, https:\/\/assets.grab.com\/wp-content\/uploads\/sites\/11\/2022\/06\/10172543\/1200x600-2022-06-10T162430.380-250x125.jpg 250w, https:\/\/assets.grab.com\/wp-content\/uploads\/sites\/11\/2022\/06\/10172543\/1200x600-2022-06-10T162430.380-700x350.jpg 700w, https:\/\/assets.grab.com\/wp-content\/uploads\/sites\/11\/2022\/06\/10172543\/1200x600-2022-06-10T162430.380-768x384.jpg 768w, https:\/\/assets.grab.com\/wp-content\/uploads\/sites\/11\/2022\/06\/10172543\/1200x600-2022-06-10T162430.380-120x60.jpg 120w\" sizes=\"(max-width: 1200px) 100vw, 1200px\" \/><\/p>\n<p><strong>\ud83d\ude97\ud83d\udef5 S\u00e1ng m\u1edf app, di chuy\u1ec3n th\u1ea3nh th\u01a1i<\/strong><\/p>\n<p><strong>GRABCAR T\u1eb6NG B\u1ea0N \u01afU \u0110\u00c3I 50% KHI \u0110\u1eb6T XE \ud83d\udc99<\/strong><\/p>\n<p>\u2600\ufe0fTr\u1eddi th\u00e1ng 6 n\u1eafngggg thi\u1ec7t n\u1eafng, chi b\u1eb1ng c\u1ee9 \u0111\u1ec3 Grab \u0111\u00f3n \u0111\u01b0a \u0111i l\u00e0m, \u0111i ch\u01a1i n\u00e8. Di chuy\u1ec3n v\u1eeba an to\u00e0n, l\u1ea1i v\u1eeba ti\u1ebft ki\u1ec7m \ud83e\udd70<\/p>\n<p>\ud83d\udc49 T\u1eeb ng\u00e0y 12\/6, khi \u0111\u1eb7t GrabCar v\u00e0 nh\u1eadp m\u00e3 \ud83c\udf81 \ud835\udc12\ud835\udc00\ud835\udc0d\ud835\udc06 \ud83c\udf81 trong <strong>khung gi\u1edd t\u1eeb 6h &#8211; 12h<\/strong>, nh\u1eadn ngay <strong>\u01b0u \u0111\u00e3i 50% c\u00e1c chuy\u1ebfn xe.<\/strong><\/p>\n<p>\u2757\ufe0f Ch\u01b0a h\u1ebft, <strong>k\u1ebft th\u00fac chuy\u1ebfn \u0111i<\/strong> b\u1ea1n s\u1ebd nh\u1eadn \u0111\u01b0\u1ee3c <strong>01 \u01b0u \u0111\u00e3i 50%<\/strong> t\u01b0\u01a1ng \u1ee9ng \u0111\u1ec3 x\u00e0i lu\u00f4n <strong>cho chuy\u1ebfn ti\u1ebfp theo trong ng\u00e0y<\/strong> nh\u00e9, qu\u00e1 x\u1ecbn lu\u00f4n!<\/p>\n<p>\ud83d\udc9d S\u00e1ng b\u1eaft xe \u0111i l\u00e0m g\u1eb7p \u0111\u1ed3ng nghi\u1ec7p. T\u1ed1i tan l\u00e0m c\u00f3 Grab \u0111\u00f3n \u0111\u01b0a. Vi vu v\u1eeba l\u1ee3i, \u0111\u1eb7t Grab ngay th\u00f4i!<\/p>\n<p><strong>\u2705 L\u01b0u \u00fd:<\/strong><\/p>\n<p>&#8211; \u01afu \u0111\u00e3i 50% (t\u1ed1i \u0111a 25.000\u0111) \u00e1p d\u1ee5ng cho d\u1ecbch v\u1ee5 GrabCar.<\/p>\n<p>&#8211; \u00c1p d\u1ee5ng t\u1ea1i ri\u00eang th\u00e0nh ph\u1ed1 Nha Trang v\u00e0 \u0110\u00e0 N\u1eb5ng.<\/p>\n<p>&#8211; \u01afu \u0111\u00e3i \u00e1p d\u1ee5ng trong khung gi\u1edd <strong>6:00-12:00 t\u1eeb Th\u1ee9 2 t\u1edbi Th\u1ee9 6.<\/strong><\/p>\n<p>&#8211; S\u1ed1 l\u01b0\u1ee3ng \u01b0u \u0111\u00e3i m\u1ed7i ng\u00e0y c\u00f3 h\u1ea1n, m\u1ed7i ng\u01b0\u1eddi d\u00f9ng \u0111\u01b0\u1ee3c s\u1eed d\u1ee5ng t\u1ed1i \u0111a 1 l\u1ea7n m\u1ed7i ng\u00e0y trong su\u1ed1t th\u1eddi gian di\u1ec5n ra ch\u01b0\u01a1ng tr\u00ecnh.<\/p>\n<p><a href=\"https:\/\/grab.onelink.me\/2695613898\/datxengay\"><img loading=\"lazy\" decoding=\"async\" class=\"aligncenter wp-image-109009\" src=\"https:\/\/assets.grab.com\/wp-content\/uploads\/sites\/11\/2022\/01\/20122452\/CTA-012.png\" alt=\"\" width=\"204\" height=\"50\" \/><\/a><\/p>\n<p><img loading=\"lazy\" decoding=\"async\" width=\"1200\" height=\"600\" class=\"aligncenter size-full wp-image-121769\" src=\"https:\/\/assets.grab.com\/wp-content\/uploads\/sites\/11\/2022\/06\/10173017\/1200x600-2022-05-20T200320.398.jpg\" alt=\"\" srcset=\"https:\/\/assets.grab.com\/wp-content\/uploads\/sites\/11\/2022\/06\/10173017\/1200x600-2022-05-20T200320.398.jpg 1200w, https:\/\/assets.grab.com\/wp-content\/uploads\/sites\/11\/2022\/06\/10173017\/1200x600-2022-05-20T200320.398-250x125.jpg 250w, https:\/\/assets.grab.com\/wp-content\/uploads\/sites\/11\/2022\/06\/10173017\/1200x600-2022-05-20T200320.398-700x350.jpg 700w, https:\/\/assets.grab.com\/wp-content\/uploads\/sites\/11\/2022\/06\/10173017\/1200x600-2022-05-20T200320.398-768x384.jpg 768w, https:\/\/assets.grab.com\/wp-content\/uploads\/sites\/11\/2022\/06\/10173017\/1200x600-2022-05-20T200320.398-120x60.jpg 120w\" sizes=\"(max-width: 1200px) 100vw, 1200px\" \/><\/p>\n<p>&nbsp;<\/p>","protected":false},"excerpt":{"rendered":"\ud83d\ude97\ud83d\udef5 S\u00e1ng m\u1edf app, di chuy\u1ec3n th\u1ea3nh th\u01a1i GRABCAR T\u1eb6NG B\u1ea0N \u01afU \u0110\u00c3I 50% KHI \u0110\u1eb6T XE \ud83d\udc99 \u2600\ufe0fTr\u1eddi th\u00e1ng 6 n\u1eafngggg thi\u1ec7t n\u1eafng, chi b\u1eb1ng c\u1ee9 \u0111\u1ec3 Grab \u0111\u00f3n \u0111\u01b0a \u0111i l\u00e0m, \u0111i ch\u01a1i n\u00e8. Di chuy\u1ec3n v\u1eeba an to\u00e0n, l\u1ea1i v\u1eeba ti\u1ebft ki\u1ec7m \ud83e\udd70 \ud83d\udc49 T\u1eeb ng\u00e0y 12\/6, khi \u0111\u1eb7t GrabCar v\u00e0 nh\u1eadp [&hellip;]","protected":false},"author":1123,"featured_media":0,"parent":0,"menu_order":0,"comment_status":"closed","ping_status":"closed","template":"","meta":{"_acf_changed":false,"footnotes":""},"acf":[],"_links":{"self":[{"href":"https:\/\/www.grab.com\/vn\/en\/wp-json\/wp\/v2\/pages\/120368"}],"collection":[{"href":"https:\/\/www.grab.com\/vn\/en\/wp-json\/wp\/v2\/pages"}],"about":[{"href":"https:\/\/www.grab.com\/vn\/en\/wp-json\/wp\/v2\/types\/page"}],"author":[{"embeddable":true,"href":"https:\/\/www.grab.com\/vn\/en\/wp-json\/wp\/v2\/users\/1123"}],"replies":[{"embeddable":true,"href":"https:\/\/www.grab.com\/vn\/en\/wp-json\/wp\/v2\/comments?post=120368"}],"version-history":[{"count":4,"href":"https:\/\/www.grab.com\/vn\/en\/wp-json\/wp\/v2\/pages\/120368\/revisions"}],"predecessor-version":[{"id":121783,"href":"https:\/\/www.grab.com\/vn\/en\/wp-json\/wp\/v2\/pages\/120368\/revisions\/121783"}],"wp:attachment":[{"href":"https:\/\/www.grab.com\/vn\/en\/wp-json\/wp\/v2\/media?parent=120368"}],"curies":[{"name":"wp","href":"https:\/\/api.w.org\/{rel}","templated":true}]}}