{"id":120252,"date":"2022-05-30T11:31:56","date_gmt":"2022-05-30T03:31:56","guid":{"rendered":"https:\/\/www.grab.com\/vn\/?page_id=120252"},"modified":"2022-05-30T11:38:22","modified_gmt":"2022-05-30T03:38:22","slug":"sieu-sale-6-6-ban-moi-di-grab-uu-dai-den-nua-gia","status":"publish","type":"page","link":"https:\/\/www.grab.com\/vn\/en\/sieu-sale-6-6-ban-moi-di-grab-uu-dai-den-nua-gia\/","title":{"rendered":"Si\u00eau sale 6.6, b\u1ea1n m\u1edbi \u0111i Grab \u01b0u \u0111\u00e3i \u0111\u1ebfn n\u1eeda gi\u00e1"},"content":{"rendered":"<p><img loading=\"lazy\" decoding=\"async\" width=\"1200\" height=\"600\" class=\"aligncenter size-full wp-image-120253\" src=\"https:\/\/assets.grab.com\/wp-content\/uploads\/sites\/11\/2022\/05\/30113122\/1200x600-13.jpg\" alt=\"\" srcset=\"https:\/\/assets.grab.com\/wp-content\/uploads\/sites\/11\/2022\/05\/30113122\/1200x600-13.jpg 1200w, https:\/\/assets.grab.com\/wp-content\/uploads\/sites\/11\/2022\/05\/30113122\/1200x600-13-250x125.jpg 250w, https:\/\/assets.grab.com\/wp-content\/uploads\/sites\/11\/2022\/05\/30113122\/1200x600-13-700x350.jpg 700w, https:\/\/assets.grab.com\/wp-content\/uploads\/sites\/11\/2022\/05\/30113122\/1200x600-13-768x384.jpg 768w, https:\/\/assets.grab.com\/wp-content\/uploads\/sites\/11\/2022\/05\/30113122\/1200x600-13-120x60.jpg 120w\" sizes=\"(max-width: 1200px) 100vw, 1200px\" \/><\/p>\n<p>&nbsp;<\/p>\n<p><span style=\"font-weight: 400\">\ud83c\udf8a Si\u00eau sale 6.6 Grab h\u00e8 ng\u00e0n \u01b0u \u0111\u00e3i<\/span><\/p>\n<p><span style=\"font-weight: 400\">\ud83d\ude97\ud83d\udef5B\u1ea1n m\u1edbi \u0111\u1ec3 Grab \u0111\u00f3n \u0111\u01b0a<\/span><\/p>\n<p><span style=\"font-weight: 400\">\u01afu \u0111\u00e3i n\u1eeda gi\u00e1, n\u1eafng m\u01b0a s\u1ee3 g\u00ec!<\/span><\/p>\n<p><span style=\"font-weight: 400\">\ud83d\udd25 B\u1ea1n m\u1edbi \u01a1i, Grab t\u1eb7ng b\u1ea1n \u01b0u \u0111\u00e3i di chuy\u1ec3n t\u1edbi 50% t\u1ed1i \u0111a 30.000\u0111 cho chuy\u1ebfn \u0111\u1ea7u ti\u00ean n\u00e8! Tha h\u1ed3 vi vu, kh\u1ecfi lo th\u1eddi ti\u1ebft n\u1eafng m\u01b0a th\u1ea5t th\u01b0\u1eddng nh\u00f3!<\/span><\/p>\n<p><span style=\"font-weight: 400\">\u2728 Ch\u01b0\u01a1ng tr\u00ecnh di\u1ec5n ra t\u1eeb 30\/05 \u0111\u1ebfn 06\/06, Grab ngay \u0111i n\u00e8!<\/span><\/p>\n<p>&nbsp;<\/p>\n<p><strong>Xem chi ti\u1ebft ch\u01b0\u01a1ng tr\u00ecnh \u01b0u \u0111\u00e3i GrabBike t\u1ea1i \u0111\u00e2y<\/strong><\/p>\n<p>&#8211; \u01afu \u0111\u00e3i 50% (t\u1ed1i \u0111a 30.000\u0111) \u00e1p d\u1ee5ng cho d\u1ecbch v\u1ee5 GrabBike\/ GrabBike Plus.<\/p>\n<p>&#8211; \u00c1p d\u1ee5ng t\u1ea1i th\u00e0nh ph\u1ed1 H\u00e0 N\u1ed9i v\u00e0 H\u1ed3 Ch\u00ed Minh.<\/p>\n<p>&#8211; \u00c1p d\u1ee5ng cho m\u1ecdi ph\u01b0\u01a1ng th\u1ee9c thanh to\u00e1n.<\/p>\n<p>&#8211; \u01afu \u0111\u00e3i kh\u00f4ng bao g\u1ed3m ph\u1ee5 ph\u00ed, ng\u01b0\u1eddi d\u00f9ng vui l\u00f2ng thanh to\u00e1n ph\u1ee5 ph\u00ed (n\u1ebfu c\u00f3) v\u1edbi \u0110\u1ed1i t\u00e1c t\u00e0i x\u1ebf.<\/p>\n<p>&#8211; M\u1ed7i ng\u01b0\u1eddi d\u00f9ng c\u00f3 th\u1ec3 s\u1eed d\u1ee5ng \u01b0u \u0111\u00e3i t\u1ed1i \u0111a 01 l\u1ea7n trong su\u1ed1t th\u1eddi gian di\u1ec5n ra ch\u01b0\u01a1ng tr\u00ecnh.<\/p>\n<p>&#8211; S\u1ed1 l\u01b0\u1ee3ng \u01b0u \u0111\u00e3i c\u00f3 gi\u1edbi h\u1ea1n m\u1ed7i ng\u00e0y.<\/p>\n<p>&#8211; Ch\u1ec9 \u00e1p d\u1ee5ng cho ng\u01b0\u1eddi d\u00f9ng nh\u1eadn \u0111\u01b0\u1ee3c th\u00f4ng b\u00e1o.<\/p>\n<p>&#8211; Ch\u1ec9 \u00e1p d\u1ee5ng v\u1edbi phi\u00ean b\u1ea3n app m\u1edbi nh\u1ea5t.<\/p>\n<p>&nbsp;<\/p>\n<p><strong>Xem chi ti\u1ebft ch\u01b0\u01a1ng tr\u00ecnh \u01b0u \u0111\u00e3i GrabCar t\u1ea1i \u0111\u00e2y<\/strong><\/p>\n<p>&#8211; \u01afu \u0111\u00e3i 50% (t\u1ed1i \u0111a 30.000\u0111) \u00e1p d\u1ee5ng cho d\u1ecbch v\u1ee5 GrabCar\/ GrabCar Protect\/ GrabCar Economy\/ GrabCar Plus<\/p>\n<p>&#8211; \u00c1p d\u1ee5ng t\u1ea1i th\u00e0nh ph\u1ed1 H\u00e0 N\u1ed9i v\u00e0 H\u1ed3 Ch\u00ed Minh<\/p>\n<p>&#8211; \u00c1p d\u1ee5ng cho m\u1ecdi ph\u01b0\u01a1ng th\u1ee9c thanh to\u00e1n.<\/p>\n<p>&#8211; \u01afu \u0111\u00e3i kh\u00f4ng bao g\u1ed3m ph\u1ee5 ph\u00ed, ng\u01b0\u1eddi d\u00f9ng vui l\u00f2ng thanh to\u00e1n ph\u1ee5 ph\u00ed (n\u1ebfu c\u00f3) v\u1edbi \u0110\u1ed1i t\u00e1c t\u00e0i x\u1ebf.<\/p>\n<p>&#8211; M\u1ed7i ng\u01b0\u1eddi d\u00f9ng c\u00f3 th\u1ec3 s\u1eed d\u1ee5ng \u01b0u \u0111\u00e3i t\u1ed1i \u0111a 01 l\u1ea7n trong su\u1ed1t th\u1eddi gian di\u1ec5n ra ch\u01b0\u01a1ng tr\u00ecnh.<\/p>\n<p>&#8211; S\u1ed1 l\u01b0\u1ee3ng \u01b0u \u0111\u00e3i c\u00f3 gi\u1edbi h\u1ea1n m\u1ed7i ng\u00e0y.<\/p>\n<p>&#8211; Ch\u1ec9 \u00e1p d\u1ee5ng cho ng\u01b0\u1eddi d\u00f9ng nh\u1eadn \u0111\u01b0\u1ee3c th\u00f4ng b\u00e1o<\/p>\n<p>&#8211; Ch\u1ec9 \u00e1p d\u1ee5ng v\u1edbi phi\u00ean b\u1ea3n app m\u1edbi nh\u1ea5t.<\/p>\n<p>&nbsp;<\/p>\n<p><!--more--><\/p>\n<p><a href=\"https:\/\/grab.onelink.me\/2695613898\/datxengay\"><img loading=\"lazy\" decoding=\"async\" class=\"aligncenter wp-image-109009\" src=\"https:\/\/assets.grab.com\/wp-content\/uploads\/sites\/11\/2022\/01\/20122452\/CTA-012.png\" alt=\"\" width=\"204\" height=\"50\" \/><\/a><\/p>","protected":false},"excerpt":{"rendered":"&nbsp; \ud83c\udf8a Si\u00eau sale 6.6 Grab h\u00e8 ng\u00e0n \u01b0u \u0111\u00e3i \ud83d\ude97\ud83d\udef5B\u1ea1n m\u1edbi \u0111\u1ec3 Grab \u0111\u00f3n \u0111\u01b0a \u01afu \u0111\u00e3i n\u1eeda gi\u00e1, n\u1eafng m\u01b0a s\u1ee3 g\u00ec! \ud83d\udd25 B\u1ea1n m\u1edbi \u01a1i, Grab t\u1eb7ng b\u1ea1n \u01b0u \u0111\u00e3i di chuy\u1ec3n t\u1edbi 50% t\u1ed1i \u0111a 30.000\u0111 cho chuy\u1ebfn \u0111\u1ea7u ti\u00ean n\u00e8! Tha h\u1ed3 vi vu, kh\u1ecfi lo th\u1eddi ti\u1ebft n\u1eafng m\u01b0a [&hellip;]","protected":false},"author":1250,"featured_media":0,"parent":0,"menu_order":0,"comment_status":"closed","ping_status":"closed","template":"","meta":{"_acf_changed":false,"footnotes":""},"acf":[],"_links":{"self":[{"href":"https:\/\/www.grab.com\/vn\/en\/wp-json\/wp\/v2\/pages\/120252"}],"collection":[{"href":"https:\/\/www.grab.com\/vn\/en\/wp-json\/wp\/v2\/pages"}],"about":[{"href":"https:\/\/www.grab.com\/vn\/en\/wp-json\/wp\/v2\/types\/page"}],"author":[{"embeddable":true,"href":"https:\/\/www.grab.com\/vn\/en\/wp-json\/wp\/v2\/users\/1250"}],"replies":[{"embeddable":true,"href":"https:\/\/www.grab.com\/vn\/en\/wp-json\/wp\/v2\/comments?post=120252"}],"version-history":[{"count":4,"href":"https:\/\/www.grab.com\/vn\/en\/wp-json\/wp\/v2\/pages\/120252\/revisions"}],"predecessor-version":[{"id":120257,"href":"https:\/\/www.grab.com\/vn\/en\/wp-json\/wp\/v2\/pages\/120252\/revisions\/120257"}],"wp:attachment":[{"href":"https:\/\/www.grab.com\/vn\/en\/wp-json\/wp\/v2\/media?parent=120252"}],"curies":[{"name":"wp","href":"https:\/\/api.w.org\/{rel}","templated":true}]}}