{"id":120239,"date":"2022-05-30T10:04:04","date_gmt":"2022-05-30T02:04:04","guid":{"rendered":"https:\/\/www.grab.com\/vn\/?page_id=120239"},"modified":"2022-05-31T03:48:24","modified_gmt":"2022-05-30T19:48:24","slug":"bung-no-sieu-sale-6-6-mua-he-di-grab-ngan-uu-dai","status":"publish","type":"page","link":"https:\/\/www.grab.com\/vn\/en\/bung-no-sieu-sale-6-6-mua-he-di-grab-ngan-uu-dai\/","title":{"rendered":"B\u00f9ng n\u1ed5 si\u00eau sale 6.6, m\u00f9a h\u00e8 \u0111i Grab ng\u00e0n \u01b0u \u0111\u00e3i"},"content":{"rendered":"<p><img loading=\"lazy\" decoding=\"async\" width=\"1200\" height=\"600\" class=\"aligncenter size-full wp-image-120240\" src=\"https:\/\/assets.grab.com\/wp-content\/uploads\/sites\/11\/2022\/05\/30100027\/1200x600_Grab66_TPT.jpg\" alt=\"\" srcset=\"https:\/\/assets.grab.com\/wp-content\/uploads\/sites\/11\/2022\/05\/30100027\/1200x600_Grab66_TPT.jpg 1200w, https:\/\/assets.grab.com\/wp-content\/uploads\/sites\/11\/2022\/05\/30100027\/1200x600_Grab66_TPT-250x125.jpg 250w, https:\/\/assets.grab.com\/wp-content\/uploads\/sites\/11\/2022\/05\/30100027\/1200x600_Grab66_TPT-700x350.jpg 700w, https:\/\/assets.grab.com\/wp-content\/uploads\/sites\/11\/2022\/05\/30100027\/1200x600_Grab66_TPT-768x384.jpg 768w, https:\/\/assets.grab.com\/wp-content\/uploads\/sites\/11\/2022\/05\/30100027\/1200x600_Grab66_TPT-120x60.jpg 120w\" sizes=\"(max-width: 1200px) 100vw, 1200px\" \/><\/p>\n<p>&nbsp;<\/p>\n<p>\ud83c\udf8a Si\u00eau sale 6.6 Grab h\u00e8 ng\u00e0n \u01b0u \u0111\u00e3i<\/p>\n<p>\ud83d\ude97\ud83d\udef5 Th\u1eed th\u00e1ch \u0111\u1eb7t Grab 7 ng\u00e0y 7 \u0111\u00eam li\u00ean ti\u1ebfp \u0111\u1ec3 nh\u1eadn \u01b0u \u0111\u00e3i di chuy\u1ec3n si\u00eau kh\u1ee7ng gi\u1eefa n\u0103m, g\u00e9t g\u00f4! M\u00f9a h\u00e8 m\u01b0a n\u1eafng th\u1ea5t th\u01b0\u1eddng, c\u1ee9 \u0111\u1ec3 Grab y\u00eau th\u01b0\u01a1ng \u0111\u00f3n \u0111\u01b0a n\u00e8!!<\/p>\n<p>\ud83d\udd25 \u0110\u1eb7t GrabBike nh\u1eadp m\u00e3 GB66, nh\u1eadn \u01b0u \u0111\u00e3i gi\u1ea3m 50% t\u1ed1i \u0111a 10.000\u0111 (*)<br \/>\n\ud83d\udd25 \u0110\u1eb7t GrabCar nh\u1eadp m\u00e3 GC66, nh\u1eadn \u01b0u \u0111\u00e3i gi\u1ea3m 50% t\u1ed1i \u0111a 20.000\u0111 (*)<\/p>\n<p>\u2728 Ch\u01b0\u01a1ng tr\u00ecnh di\u1ec5n ra t\u1eeb 30\/05 \u0111\u1ebfn 06\/06, l\u01b0u m\u00e3 \u0111\u1ec3 nh\u1eadn \u01b0u \u0111\u00e3i vi vu ngay!<\/p>\n<p>&nbsp;<\/p>\n<p><strong>Xem chi ti\u1ebft ch\u01b0\u01a1ng tr\u00ecnh m\u00e3 \u01b0u \u0111\u00e3i GB66 t\u1ea1i \u0111\u00e2y<\/strong><\/p>\n<p>&#8211; \u01afu \u0111\u00e3i 50% (t\u1ed1i \u0111a 10.000\u0111) \u00e1p d\u1ee5ng cho d\u1ecbch v\u1ee5 GrabBike\/GrabBike Premium\/ GrabBike Plus<\/p>\n<p>&#8211; \u00c1p d\u1ee5ng t\u1ea1i th\u00e0nh ph\u1ed1 H\u00e0 N\u1ed9i v\u00e0 H\u1ed3 Ch\u00ed Minh.<\/p>\n<p>&#8211; \u00c1p d\u1ee5ng cho m\u1ecdi ph\u01b0\u01a1ng th\u1ee9c thanh to\u00e1n.<\/p>\n<p>&#8211; \u01afu \u0111\u00e3i kh\u00f4ng bao g\u1ed3m ph\u1ee5 ph\u00ed, ng\u01b0\u1eddi d\u00f9ng vui l\u00f2ng thanh to\u00e1n ph\u1ee5 ph\u00ed (n\u1ebfu c\u00f3) v\u1edbi \u0110\u1ed1i t\u00e1c t\u00e0i x\u1ebf.<\/p>\n<p>&#8211; M\u1ed7i ng\u01b0\u1eddi d\u00f9ng c\u00f3 th\u1ec3 s\u1eed d\u1ee5ng \u01b0u \u0111\u00e3i t\u1ed1i \u0111a 02 l\u1ea7n\/ng\u00e0y v\u00e0 10 l\u1ea7n trong su\u1ed1t th\u1eddi gian di\u1ec5n ra ch\u01b0\u01a1ng tr\u00ecnh.<\/p>\n<p>&#8211; S\u1ed1 l\u01b0\u1ee3ng \u01b0u \u0111\u00e3i c\u00f3 gi\u1edbi h\u1ea1n m\u1ed7i ng\u00e0y.<\/p>\n<p>&#8211; Ch\u1ec9 \u00e1p d\u1ee5ng cho ng\u01b0\u1eddi d\u00f9ng nh\u1eadn \u0111\u01b0\u1ee3c th\u00f4ng b\u00e1o.<\/p>\n<p>&#8211; Ch\u1ec9 \u00e1p d\u1ee5ng v\u1edbi phi\u00ean b\u1ea3n app m\u1edbi nh\u1ea5t.<\/p>\n<p>&nbsp;<\/p>\n<p><strong>Xem chi ti\u1ebft ch\u01b0\u01a1ng tr\u00ecnh m\u00e3 \u01b0u \u0111\u00e3i GC66t\u1ea1i \u0111\u00e2y<\/strong><\/p>\n<p>&#8211; \u01afu \u0111\u00e3i 50% (t\u1ed1i \u0111a 20.000\u0111) \u00e1p d\u1ee5ng cho d\u1ecbch v\u1ee5 GrabCar\/ GrabCar Protect\/ GrabCar Economy\/ GrabCar Plus<\/p>\n<p>&ndash; &Aacute;p d\u1ee5ng t\u1ea1i th&agrave;nh ph\u1ed1 H&agrave; N\u1ed9i v&agrave; H\u1ed3 Ch&iacute; Minh.&lt;br&gt; &ndash; &Aacute;p d\u1ee5ng cho m\u1ecdi ph\u01b0\u01a1ng th\u1ee9c thanh to&aacute;n.<\/p>\n<p>&#8211; \u01afu \u0111\u00e3i kh\u00f4ng bao g\u1ed3m ph\u1ee5 ph\u00ed, ng\u01b0\u1eddi d\u00f9ng vui l\u00f2ng thanh to\u00e1n ph\u1ee5 ph\u00ed (n\u1ebfu c\u00f3) v\u1edbi \u0110\u1ed1i t\u00e1c t\u00e0i x\u1ebf.<\/p>\n<p>&#8211; M\u1ed7i ng\u01b0\u1eddi d\u00f9ng c\u00f3 th\u1ec3 s\u1eed d\u1ee5ng \u01b0u \u0111\u00e3i t\u1ed1i \u0111a 02 l\u1ea7n\/ng\u00e0y v\u00e0 10 l\u1ea7n trong su\u1ed1t th\u1eddi gian di\u1ec5n ra ch\u01b0\u01a1ng tr\u00ecnh.<\/p>\n<p>&#8211; S\u1ed1 l\u01b0\u1ee3ng \u01b0u \u0111\u00e3i c\u00f3 gi\u1edbi h\u1ea1n m\u1ed7i ng\u00e0y.<\/p>\n<p>&#8211; Ch\u1ec9 \u00e1p d\u1ee5ng cho ng\u01b0\u1eddi d\u00f9ng nh\u1eadn \u0111\u01b0\u1ee3c th\u00f4ng b\u00e1o.<\/p>\n<p>&#8211; Ch\u1ec9 \u00e1p d\u1ee5ng v\u1edbi phi\u00ean b\u1ea3n app m\u1edbi nh\u1ea5t.<\/p>\n<p>&nbsp;<\/p>\n<p><!--more--><\/p>\n<p><a href=\"https:\/\/grab.onelink.me\/2695613898\/datxengay\"><img loading=\"lazy\" decoding=\"async\" class=\"aligncenter wp-image-109009\" src=\"https:\/\/assets.grab.com\/wp-content\/uploads\/sites\/11\/2022\/01\/20122452\/CTA-012.png\" alt=\"\" width=\"204\" height=\"50\" \/><\/a><\/p>","protected":false},"excerpt":{"rendered":"&nbsp; \ud83c\udf8a Si\u00eau sale 6.6 Grab h\u00e8 ng\u00e0n \u01b0u \u0111\u00e3i \ud83d\ude97\ud83d\udef5 Th\u1eed th\u00e1ch \u0111\u1eb7t Grab 7 ng\u00e0y 7 \u0111\u00eam li\u00ean ti\u1ebfp \u0111\u1ec3 nh\u1eadn \u01b0u \u0111\u00e3i di chuy\u1ec3n si\u00eau kh\u1ee7ng gi\u1eefa n\u0103m, g\u00e9t g\u00f4! M\u00f9a h\u00e8 m\u01b0a n\u1eafng th\u1ea5t th\u01b0\u1eddng, c\u1ee9 \u0111\u1ec3 Grab y\u00eau th\u01b0\u01a1ng \u0111\u00f3n \u0111\u01b0a n\u00e8!! \ud83d\udd25 \u0110\u1eb7t GrabBike nh\u1eadp m\u00e3 GB66, nh\u1eadn \u01b0u [&hellip;]","protected":false},"author":1250,"featured_media":0,"parent":0,"menu_order":0,"comment_status":"closed","ping_status":"closed","template":"","meta":{"_acf_changed":false,"footnotes":""},"acf":[],"_links":{"self":[{"href":"https:\/\/www.grab.com\/vn\/en\/wp-json\/wp\/v2\/pages\/120239"}],"collection":[{"href":"https:\/\/www.grab.com\/vn\/en\/wp-json\/wp\/v2\/pages"}],"about":[{"href":"https:\/\/www.grab.com\/vn\/en\/wp-json\/wp\/v2\/types\/page"}],"author":[{"embeddable":true,"href":"https:\/\/www.grab.com\/vn\/en\/wp-json\/wp\/v2\/users\/1250"}],"replies":[{"embeddable":true,"href":"https:\/\/www.grab.com\/vn\/en\/wp-json\/wp\/v2\/comments?post=120239"}],"version-history":[{"count":3,"href":"https:\/\/www.grab.com\/vn\/en\/wp-json\/wp\/v2\/pages\/120239\/revisions"}],"predecessor-version":[{"id":120243,"href":"https:\/\/www.grab.com\/vn\/en\/wp-json\/wp\/v2\/pages\/120239\/revisions\/120243"}],"wp:attachment":[{"href":"https:\/\/www.grab.com\/vn\/en\/wp-json\/wp\/v2\/media?parent=120239"}],"curies":[{"name":"wp","href":"https:\/\/api.w.org\/{rel}","templated":true}]}}