{"id":119829,"date":"2022-05-25T16:29:35","date_gmt":"2022-05-25T08:29:35","guid":{"rendered":"https:\/\/www.grab.com\/vn\/?page_id=119829"},"modified":"2022-05-25T16:31:33","modified_gmt":"2022-05-25T08:31:33","slug":"don-dua-tan-tinh-gan-ket-ca-nha-minh","status":"publish","type":"page","link":"https:\/\/www.grab.com\/vn\/en\/don-dua-tan-tinh-gan-ket-ca-nha-minh\/","title":{"rendered":"\u0110\u00f3n \u0111\u01b0a t\u1eadn t\u00ecnh, g\u1eafn k\u1ebft c\u1ea3 nh\u00e0 m\u00ecnh"},"content":{"rendered":"<p><img loading=\"lazy\" decoding=\"async\" class=\"wp-image-119831 size-full aligncenter\" src=\"https:\/\/assets.grab.com\/wp-content\/uploads\/sites\/11\/2022\/05\/25162629\/1200x600-111.jpg\" alt=\"\" width=\"1200\" height=\"600\" srcset=\"https:\/\/assets.grab.com\/wp-content\/uploads\/sites\/11\/2022\/05\/25162629\/1200x600-111.jpg 1200w, https:\/\/assets.grab.com\/wp-content\/uploads\/sites\/11\/2022\/05\/25162629\/1200x600-111-250x125.jpg 250w, https:\/\/assets.grab.com\/wp-content\/uploads\/sites\/11\/2022\/05\/25162629\/1200x600-111-700x350.jpg 700w, https:\/\/assets.grab.com\/wp-content\/uploads\/sites\/11\/2022\/05\/25162629\/1200x600-111-768x384.jpg 768w, https:\/\/assets.grab.com\/wp-content\/uploads\/sites\/11\/2022\/05\/25162629\/1200x600-111-120x60.jpg 120w\" sizes=\"(max-width: 1200px) 100vw, 1200px\" \/><\/p>\n<p>&nbsp;<\/p>\n<p>\ud83e\udd70 GrabCar \u0111\u00f3n \u0111\u01b0a t\u1eadn t\u00ecnh, g\u1eafn k\u1ebft c\u1ea3 nh\u00e0 m\u00ecnh<\/p>\n<p>\ud83d\udc68\u200d\ud83d\udc69\u200d\ud83d\udc67\u200d\ud83d\udc66 T\u1ebft Thi\u1ebfu Nhi, c\u01a1 h\u1ed9i \u0111\u1ec3 c\u1ea3 gia \u0111\u00ecnh m\u00ecnh c\u00f9ng \u0111i ch\u01a1i x\u1ea3 h\u01a1i n\u00e8! Con \u0111\u01b0\u1ee3c th\u1ecfa s\u1ee9c v\u1eadn \u0111\u1ed9ng, kh\u00e1m ph\u00e1 th\u00eam nhi\u1ec1u \u0111i\u1ec1u m\u1edbi, ba m\u1eb9 th\u1ea5u hi\u1ec3u v\u00e0 g\u1eafn k\u1ebft v\u1edbi con h\u01a1n. \u0110i \u0111\u00e2u c\u0169ng \u0111\u01b0\u1ee3c, mi\u1ec5n l\u00e0 c\u1ea3 nh\u00e0 m\u00ecnh \u0111i c\u00f9ng nhau ba m\u1eb9 nh\u1ec9?<br \/>\n\ud83d\ude99 Vi vu \u0111\u00e2y \u0111\u00f3 c\u1ee9 \u0111\u1ec3 GrabCar \u0111\u00f3n \u0111\u01b0a c\u1ea3 nh\u00e0 m\u00ecnh nha. Ba m\u1eb9 h\u00e3y nh\u1eadp m\u00e3 GC66 \u0111\u1ec3 nh\u1eadn ngay \u01b0u \u0111\u00e3i 50% t\u1ed1i \u0111a 20.000\u0111 nhen.<\/p>\n<p>&nbsp;<\/p>\n<p><strong>Xem chi ti\u1ebft ch\u01b0\u01a1ng tr\u00ecnh t\u1ea1i \u0111\u00e2y:<\/strong><\/p>\n<p>&#8211; \u01afu \u0111\u00e3i 50% (t\u1ed1i \u0111a 20.000\u0111) \u00e1p d\u1ee5ng cho d\u1ecbch v\u1ee5 GrabCar\/ GrabCar Protect\/ GrabCar Plus<\/p>\n<p>&ndash; &Aacute;p d\u1ee5ng t\u1ea1i th&agrave;nh ph\u1ed1 H&agrave; N\u1ed9i v&agrave; H\u1ed3 Ch&iacute; Minh.&lt;br&gt; &ndash; &Aacute;p d\u1ee5ng cho m\u1ecdi ph\u01b0\u01a1ng th\u1ee9c thanh to&aacute;n.<\/p>\n<p>&#8211; \u01afu \u0111\u00e3i kh\u00f4ng bao g\u1ed3m ph\u1ee5 ph\u00ed, ng\u01b0\u1eddi d\u00f9ng vui l\u00f2ng thanh to\u00e1n ph\u1ee5 ph\u00ed (n\u1ebfu c\u00f3) v\u1edbi \u0110\u1ed1i t\u00e1c t\u00e0i x\u1ebf.<\/p>\n<p>&#8211; M\u1ed7i ng\u01b0\u1eddi d\u00f9ng c\u00f3 th\u1ec3 s\u1eed d\u1ee5ng \u01b0u \u0111\u00e3i t\u1ed1i \u0111a 02 l\u1ea7n\/ng\u00e0y v\u00e0 10 l\u1ea7n trong su\u1ed1t th\u1eddi gian di\u1ec5n ra ch\u01b0\u01a1ng tr\u00ecnh.<\/p>\n<p>&#8211; S\u1ed1 l\u01b0\u1ee3ng \u01b0u \u0111\u00e3i c\u00f3 gi\u1edbi h\u1ea1n m\u1ed7i ng\u00e0y.<\/p>\n<p>&#8211; Ch\u1ec9 \u00e1p d\u1ee5ng cho ng\u01b0\u1eddi d\u00f9ng nh\u1eadn \u0111\u01b0\u1ee3c th\u00f4ng b\u00e1o.<\/p>\n<p>&#8211; Ch\u1ec9 \u00e1p d\u1ee5ng v\u1edbi phi\u00ean b\u1ea3n app m\u1edbi nh\u1ea5t.<\/p>\n<p>&nbsp;<\/p>\n<p><a href=\"https:\/\/grab.onelink.me\/2695613898\/datxengay\"><img loading=\"lazy\" decoding=\"async\" class=\"aligncenter wp-image-109009\" src=\"https:\/\/assets.grab.com\/wp-content\/uploads\/sites\/11\/2022\/01\/20122452\/CTA-012.png\" alt=\"\" width=\"204\" height=\"50\" \/><\/a><\/p>","protected":false},"excerpt":{"rendered":"&nbsp; \ud83e\udd70 GrabCar \u0111\u00f3n \u0111\u01b0a t\u1eadn t\u00ecnh, g\u1eafn k\u1ebft c\u1ea3 nh\u00e0 m\u00ecnh \ud83d\udc68\u200d\ud83d\udc69\u200d\ud83d\udc67\u200d\ud83d\udc66 T\u1ebft Thi\u1ebfu Nhi, c\u01a1 h\u1ed9i \u0111\u1ec3 c\u1ea3 gia \u0111\u00ecnh m\u00ecnh c\u00f9ng \u0111i ch\u01a1i x\u1ea3 h\u01a1i n\u00e8! Con \u0111\u01b0\u1ee3c th\u1ecfa s\u1ee9c v\u1eadn \u0111\u1ed9ng, kh\u00e1m ph\u00e1 th\u00eam nhi\u1ec1u \u0111i\u1ec1u m\u1edbi, ba m\u1eb9 th\u1ea5u hi\u1ec3u v\u00e0 g\u1eafn k\u1ebft v\u1edbi con h\u01a1n. \u0110i \u0111\u00e2u c\u0169ng \u0111\u01b0\u1ee3c, [&hellip;]","protected":false},"author":1250,"featured_media":0,"parent":0,"menu_order":0,"comment_status":"closed","ping_status":"closed","template":"","meta":{"_acf_changed":false,"footnotes":""},"acf":[],"_links":{"self":[{"href":"https:\/\/www.grab.com\/vn\/en\/wp-json\/wp\/v2\/pages\/119829"}],"collection":[{"href":"https:\/\/www.grab.com\/vn\/en\/wp-json\/wp\/v2\/pages"}],"about":[{"href":"https:\/\/www.grab.com\/vn\/en\/wp-json\/wp\/v2\/types\/page"}],"author":[{"embeddable":true,"href":"https:\/\/www.grab.com\/vn\/en\/wp-json\/wp\/v2\/users\/1250"}],"replies":[{"embeddable":true,"href":"https:\/\/www.grab.com\/vn\/en\/wp-json\/wp\/v2\/comments?post=119829"}],"version-history":[{"count":3,"href":"https:\/\/www.grab.com\/vn\/en\/wp-json\/wp\/v2\/pages\/119829\/revisions"}],"predecessor-version":[{"id":119834,"href":"https:\/\/www.grab.com\/vn\/en\/wp-json\/wp\/v2\/pages\/119829\/revisions\/119834"}],"wp:attachment":[{"href":"https:\/\/www.grab.com\/vn\/en\/wp-json\/wp\/v2\/media?parent=119829"}],"curies":[{"name":"wp","href":"https:\/\/api.w.org\/{rel}","templated":true}]}}