{"id":119426,"date":"2022-05-19T17:36:42","date_gmt":"2022-05-19T09:36:42","guid":{"rendered":"https:\/\/www.grab.com\/vn\/?page_id=119426"},"modified":"2022-05-19T17:48:58","modified_gmt":"2022-05-19T09:48:58","slug":"grab-toi-moi-noi-uu-dai-nhan-doi","status":"publish","type":"page","link":"https:\/\/www.grab.com\/vn\/en\/grab-toi-moi-noi-uu-dai-nhan-doi\/","title":{"rendered":"Grab t\u1edbi m\u1ecdi n\u01a1i, \u01b0u \u0111\u00e3i nh\u00e2n \u0111\u00f4i"},"content":{"rendered":"<p><img loading=\"lazy\" decoding=\"async\" class=\"alignnone wp-image-119429 size-full\" src=\"https:\/\/assets.grab.com\/wp-content\/uploads\/sites\/11\/2022\/05\/19172530\/MFR-Cover-3-scaled.jpg\" alt=\"\" width=\"2560\" height=\"1706\" srcset=\"https:\/\/assets.grab.com\/wp-content\/uploads\/sites\/11\/2022\/05\/19172530\/MFR-Cover-3-scaled.jpg 2560w, https:\/\/assets.grab.com\/wp-content\/uploads\/sites\/11\/2022\/05\/19172530\/MFR-Cover-3-250x167.jpg 250w, https:\/\/assets.grab.com\/wp-content\/uploads\/sites\/11\/2022\/05\/19172530\/MFR-Cover-3-700x466.jpg 700w, https:\/\/assets.grab.com\/wp-content\/uploads\/sites\/11\/2022\/05\/19172530\/MFR-Cover-3-768x512.jpg 768w, https:\/\/assets.grab.com\/wp-content\/uploads\/sites\/11\/2022\/05\/19172530\/MFR-Cover-3-1536x1024.jpg 1536w, https:\/\/assets.grab.com\/wp-content\/uploads\/sites\/11\/2022\/05\/19172530\/MFR-Cover-3-2048x1365.jpg 2048w, https:\/\/assets.grab.com\/wp-content\/uploads\/sites\/11\/2022\/05\/19172530\/MFR-Cover-3-120x80.jpg 120w\" sizes=\"(max-width: 2560px) 100vw, 2560px\" \/><\/p>\n<p>&nbsp;<\/p>\n<p><span style=\"font-weight: 400\">\u2600\ufe0fGrab t\u1edbi m\u1ecdi n\u01a1i, \u01b0u \u0111\u00e3i nh\u00e2n \u0111\u00f4i<\/span><\/p>\n<p>&nbsp;<\/p>\n<p><span style=\"font-weight: 400\">\u26a1\ufe0fH\u00e8 vi vu c\u00f9ng Grab c\u00f3 nhi\u1ec1u \u01b0u \u0111\u00e3i, c\u00f2n \u0111\u01b0\u1ee3c nh\u1eadn qu\u00e0 t\u1eeb c\u00e1c th\u01b0\u01a1ng hi\u1ec7u tuy\u1ec7t \u0111\u1ec9nh n\u00e8 c\u1ea3 nh\u00e0 \u01a1i!<\/span><\/p>\n<p><span style=\"font-weight: 400\">\ud83d\udd25Nh\u1eadn ngay \u01b0u \u0111\u00e3i gi\u1ea3m t\u1edbi 15% t\u1ed1i \u0111a 20k cho c\u00e1c cu\u1ed1c xe GrabBike v\u00e0 GrabCar, khi gh\u00e9 qua Vincom \u0110\u1ed3ng Kh\u1edfi, The Pizza Company v\u00e0 Chang Thai trong th\u00e1ng 5 n\u00e0y. Mua s\u1eafm ho\u1eb7c d\u00f9ng b\u1eefa t\u1ea1i 3 \u0111\u1ecba \u0111i\u1ec3m n\u00e0y, b\u1ea1n c\u00f3 th\u00eam \u01b0u \u0111\u00e3i gi\u1ea3m gi\u00e1 tr\u1ef1c ti\u1ebfp tr\u00ean h\u00f3a \u0111\u01a1n.\u00a0<\/span><\/p>\n<p><span style=\"font-weight: 400\">\ud83d\udc49\u0110\u1eebng qu\u00ean thanh to\u00e1n b\u1eb1ng V\u00ed Moca \u0111\u1ec3 \u201cgi\u1eadt\u201d tr\u1ecdn 2 \u01b0u \u0111\u00e3i n\u00e0y c\u0169ng nh\u01b0 t\u00edch th\u00eam \u0111i\u1ec3m Rewards b\u1ea1n nhen. Nh\u00e2n \u0111\u00f4i \u01b0u \u0111\u00e3i, g\u1ea5p nhi\u1ec1u ni\u1ec1m vui m\u00f9a h\u00e8!<\/span><\/p>\n<p>&nbsp;<\/p>\n<p><span style=\"font-weight: 400\">L\u01b0u \u00fd:<\/span><\/p>\n<p><span style=\"font-weight: 400\">\u2757\ufe0f\u01afu \u0111\u00e3i ch\u1ec9 \u00e1p d\u1ee5ng cho d\u1ecbch v\u1ee5 GrabBike, GrabCar t\u1ea1i TP. HCM<\/span><\/p>\n<p><span style=\"font-weight: 400\">\u2757\ufe0f\u01afu \u0111\u00e3i ch\u1ec9 \u00e1p d\u1ee5ng khi kh\u00e1ch h\u00e0ng thanh to\u00e1n qua Th\u1ebb\/V\u00ed Moca<\/span><\/p>\n<p><span style=\"font-weight: 400\">\u2757\ufe0fS\u1ed1 l\u01b0\u1ee3ng \u01b0u \u0111\u00e3i c\u00f3 h\u1ea1n m\u1ed7i ng\u00e0y v\u00e0 v\u1edbi m\u1ed7i ng\u01b0\u1eddi d\u00f9ng<\/span><\/p>\n<p><span style=\"font-weight: 400\">\u2757\ufe0fTh\u1eddi gian \u01b0u \u0111\u00e3i \u00e1p d\u1ee5ng v\u1edbi t\u1eebng c\u1eeda h\u00e0ng l\u00e0 kh\u00e1c nhau<\/span><\/p>\n<p>&nbsp;<\/p>\n<p><span style=\"font-weight: 400\">*\u0110i\u1ec1u ki\u1ec7n v\u00e0 \u0111i\u1ec1u kho\u1ea3n \u00e1p d\u1ee5ng. Ch\u1ec9 \u00e1p d\u1ee5ng cho c\u00e1c c\u1eeda h\u00e0ng c\u00f3 tham gia ch\u01b0\u01a1ng tr\u00ecnh c\u00f9ng Grab.<\/span><\/p>\n<p>&nbsp;<\/p>\n<p><b>Danh s\u00e1ch c\u00e1c \u0111\u1ed1i t\u00e1c \u00e1p d\u1ee5ng ch\u01b0\u01a1ng tr\u00ecnh:<\/b><\/p>\n<p>&nbsp;<\/p>\n<p><b>1.\u00a0VinCom:\u00a0<\/b><\/p>\n<ul>\n<li style=\"font-weight: 400\"><span style=\"font-weight: 400\">\u0110\u1ecba ch\u1ec9: VinCom \u0110\u1ed3ng Kh\u1edfi, P. B\u1ebfn Ngh\u00e9, Q.1, TP. HCM<\/span><\/li>\n<li style=\"font-weight: 400\"><span style=\"font-weight: 400\">Th\u1eddi gian: 16\/05 &#8211; 25\/05<\/span><\/li>\n<li style=\"font-weight: 400\"><span style=\"font-weight: 400\">\u01afu \u0111\u00e3i:<\/span><\/li>\n<\/ul>\n<p>&#8211; Gi\u1ea3m 15% chuy\u1ebfn xe t\u1edbi VinCom \u0110\u1ed3ng Kh\u1edfi<\/p>\n<p><span style=\"font-weight: 400\">&#8211; Nh\u1eadn \u01b0u \u0111\u00e3i t\u1ea1i c\u00e1c c\u1eeda h\u00e0ng (\u00e1p d\u1ee5ng khi thanh to\u00e1n qua Th\u1ebb\/V\u00ed Moca):<\/span><\/p>\n<p><span style=\"font-weight: 400\">Innisfree: T\u0103\u0323ng ngay 1 h\u1ed9p Cherry tone-up cream khi mua s\u1eafm \u0111\u01a1n b\u1ea5t k\u1ef3<\/span><\/p>\n<p><span style=\"font-weight: 400\">Kiehl&#8217;s: Gia\u0309m ngay 100.000\u0111 v\u1edbi ho\u0301a \u0111\u01a1n t\u01b0\u0300 1.000.000\u0111<\/span><\/p>\n<p><span style=\"font-weight: 400\">Shu Uemura: Gia\u0309m ngay 100.000\u0111 v\u1edbi h\u00f3a \u0111\u01a1n t\u1eeb 1.000.000\u0111<\/span><\/p>\n<p>&nbsp;<\/p>\n<p><b>2. The Pizza Company:<\/b><\/p>\n<ul>\n<li style=\"font-weight: 400\"><span style=\"font-weight: 400\">Th\u1eddi gian: 16\/05 &#8211; 25\/05<\/span><\/li>\n<li style=\"font-weight: 400\"><span style=\"font-weight: 400\">\u01afu \u0111\u00e3i:<\/span><\/li>\n<\/ul>\n<p>&#8211; Gi\u1ea3m 10% chuy\u1ebfn xe t\u1edbi c\u1eeda h\u00e0ng The Pizza Company<\/p>\n<p>&#8211; Gi\u1ea3m 50% t\u1ed1i \u0111a 70.000\u0111 khi d\u00f9ng b\u1eefa t\u1ea1i c\u1eeda h\u00e0ng v\u00e0 thanh to\u00e1n qua Th\u1ebb\/V\u00ed Moca<\/p>\n<ul>\n<li style=\"font-weight: 400\"><span style=\"font-weight: 400\">Danh s\u00e1ch c\u1eeda h\u00e0ng \u00e1p d\u1ee5ng ch\u01b0\u01a1ng tr\u00ecnh:<\/span><\/li>\n<\/ul>\n<table dir=\"ltr\" border=\"1\" cellspacing=\"0\" cellpadding=\"0\">\n<colgroup>\n<col width=\"51\" \/>\n<col width=\"185\" \/>\n<col width=\"133\" \/>\n<col width=\"291\" \/><\/colgroup>\n<tbody>\n<tr>\n<td data-sheets-value=\"{&quot;1&quot;:2,&quot;2&quot;:&quot;\\rSTT&quot;}\">STT<\/td>\n<td data-sheets-value=\"{&quot;1&quot;:2,&quot;2&quot;:&quot;T\u00ean c\u1eeda h\u00e0ng &quot;}\">T\u00ean c\u1eeda h\u00e0ng<\/td>\n<td data-sheets-value=\"{&quot;1&quot;:2,&quot;2&quot;:&quot;Th\u00e0nh ph\u1ed1&quot;}\">Th\u00e0nh ph\u1ed1<\/td>\n<td data-sheets-value=\"{&quot;1&quot;:2,&quot;2&quot;:&quot;\u0110\u1ecba ch\u1ec9&quot;}\">\u0110\u1ecba ch\u1ec9<\/td>\n<\/tr>\n<tr>\n<td data-sheets-value=\"{&quot;1&quot;:3,&quot;3&quot;:1}\" data-sheets-formula=\"=row()-9\">1<\/td>\n<td data-sheets-value=\"{&quot;1&quot;:2,&quot;2&quot;:&quot;The Pizza Company - Bau Cat&quot;}\">The Pizza Company &#8211; Bau Cat<\/td>\n<td data-sheets-value=\"{&quot;1&quot;:2,&quot;2&quot;:&quot;TP. H\u1ed3 Ch\u00ed Minh&quot;}\">TP. H\u1ed3 Ch\u00ed Minh<\/td>\n<td data-sheets-value=\"{&quot;1&quot;:2,&quot;2&quot;:&quot;S\u1ed1 207-209 B\u00e0u C\u00e1t, Ph\u01b0\u1eddng 13, Qu\u1eadn T\u00e2n B\u00ecnh&quot;}\">S\u1ed1 207-209 B\u00e0u C\u00e1t, Ph\u01b0\u1eddng 13, Qu\u1eadn T\u00e2n B\u00ecnh<\/td>\n<\/tr>\n<tr>\n<td data-sheets-value=\"{&quot;1&quot;:3,&quot;3&quot;:2}\" data-sheets-formula=\"=row()-9\">2<\/td>\n<td data-sheets-value=\"{&quot;1&quot;:2,&quot;2&quot;:&quot;The Pizza Company - Cau Giay&quot;}\">The Pizza Company &#8211; Cau Giay<\/td>\n<td data-sheets-value=\"{&quot;1&quot;:2,&quot;2&quot;:&quot;H\u00e0 N\u1ed9i&quot;}\">H\u00e0 N\u1ed9i<\/td>\n<td data-sheets-value=\"{&quot;1&quot;:2,&quot;2&quot;:&quot;333 C\u1ea7u Gi\u1ea5y , Ph\u01b0\u1eddng D\u1ecbch V\u1ecdng, Qu\u1eadn C\u1ea7u Gi\u1ea5y&quot;}\">333 C\u1ea7u Gi\u1ea5y , Ph\u01b0\u1eddng D\u1ecbch V\u1ecdng, Qu\u1eadn C\u1ea7u Gi\u1ea5y<\/td>\n<\/tr>\n<tr>\n<td data-sheets-value=\"{&quot;1&quot;:3,&quot;3&quot;:3}\" data-sheets-formula=\"=row()-9\">3<\/td>\n<td data-sheets-value=\"{&quot;1&quot;:2,&quot;2&quot;:&quot;The Pizza Company - Doan Tran Nghiep&quot;}\">The Pizza Company &#8211; Doan Tran Nghiep<\/td>\n<td data-sheets-value=\"{&quot;1&quot;:2,&quot;2&quot;:&quot;H\u00e0 N\u1ed9i&quot;}\">H\u00e0 N\u1ed9i<\/td>\n<td data-sheets-value=\"{&quot;1&quot;:2,&quot;2&quot;:&quot;30 \u0110o\u00e0n Tr\u1ea7n Nghi\u1ec7p, Ph\u01b0\u1eddng B\u00f9i Th\u1ecb Xu\u00e2n, Qu\u1eadn Hai B\u00e0 Tr\u01b0ng&quot;}\">30 \u0110o\u00e0n Tr\u1ea7n Nghi\u1ec7p, Ph\u01b0\u1eddng B\u00f9i Th\u1ecb Xu\u00e2n, Qu\u1eadn Hai B\u00e0 Tr\u01b0ng<\/td>\n<\/tr>\n<tr>\n<td data-sheets-value=\"{&quot;1&quot;:3,&quot;3&quot;:4}\" data-sheets-formula=\"=row()-9\">4<\/td>\n<td data-sheets-value=\"{&quot;1&quot;:2,&quot;2&quot;:&quot;The Pizza Company - Hoa Binh&quot;}\">The Pizza Company &#8211; Hoa Binh<\/td>\n<td data-sheets-value=\"{&quot;1&quot;:2,&quot;2&quot;:&quot;TP. H\u1ed3 Ch\u00ed Minh&quot;}\">TP. H\u1ed3 Ch\u00ed Minh<\/td>\n<td data-sheets-value=\"{&quot;1&quot;:2,&quot;2&quot;:&quot;70d-80 H\u00f2a B\u00ecnh, Ph\u01b0\u1eddng 5, Qu\u1eadn 11&quot;}\">70d-80 H\u00f2a B\u00ecnh, Ph\u01b0\u1eddng 5, Qu\u1eadn 11<\/td>\n<\/tr>\n<tr>\n<td data-sheets-value=\"{&quot;1&quot;:3,&quot;3&quot;:5}\" data-sheets-formula=\"=row()-9\">5<\/td>\n<td data-sheets-value=\"{&quot;1&quot;:2,&quot;2&quot;:&quot;The Pizza Company - Hoang Hoa Tham&quot;}\">The Pizza Company &#8211; Hoang Hoa Tham<\/td>\n<td data-sheets-value=\"{&quot;1&quot;:2,&quot;2&quot;:&quot;TP. H\u1ed3 Ch\u00ed Minh&quot;}\">TP. H\u1ed3 Ch\u00ed Minh<\/td>\n<td data-sheets-value=\"{&quot;1&quot;:2,&quot;2&quot;:&quot;10d Ho\u00e0ng Hoa Th\u00e1m, Ph\u01b0\u1eddng 7, Qu\u1eadn B\u00ecnh Th\u1ea1nh&quot;}\">10d Ho\u00e0ng Hoa Th\u00e1m, Ph\u01b0\u1eddng 7, Qu\u1eadn B\u00ecnh Th\u1ea1nh<\/td>\n<\/tr>\n<tr>\n<td data-sheets-value=\"{&quot;1&quot;:3,&quot;3&quot;:6}\" data-sheets-formula=\"=row()-9\">6<\/td>\n<td data-sheets-value=\"{&quot;1&quot;:2,&quot;2&quot;:&quot;The Pizza Company - Huynh Tan Phat&quot;}\">The Pizza Company &#8211; Huynh Tan Phat<\/td>\n<td data-sheets-value=\"{&quot;1&quot;:2,&quot;2&quot;:&quot;TP. H\u1ed3 Ch\u00ed Minh&quot;}\">TP. H\u1ed3 Ch\u00ed Minh<\/td>\n<td data-sheets-value=\"{&quot;1&quot;:2,&quot;2&quot;:&quot;346 Hu\u1ef3nh T\u1ea5n Ph\u00e1t, Ph\u01b0\u1eddng B\u00ecnh Thu\u1eadn, Qu\u1eadn 7&quot;}\">346 Hu\u1ef3nh T\u1ea5n Ph\u00e1t, Ph\u01b0\u1eddng B\u00ecnh Thu\u1eadn, Qu\u1eadn 7<\/td>\n<\/tr>\n<tr>\n<td data-sheets-value=\"{&quot;1&quot;:3,&quot;3&quot;:7}\" data-sheets-formula=\"=row()-9\">7<\/td>\n<td data-sheets-value=\"{&quot;1&quot;:2,&quot;2&quot;:&quot;The Pizza Company - Le Dai Hanh&quot;}\">The Pizza Company &#8211; Le Dai Hanh<\/td>\n<td data-sheets-value=\"{&quot;1&quot;:2,&quot;2&quot;:&quot;TP. H\u1ed3 Ch\u00ed Minh&quot;}\">TP. H\u1ed3 Ch\u00ed Minh<\/td>\n<td data-sheets-value=\"{&quot;1&quot;:2,&quot;2&quot;:&quot;L\u00f4 4 - Khu B - C\u0103n S\u1ed1 7 - Chung C\u01b0 Ph\u00fa Th\u1ecd - L\u00ea \u0110\u1ea1i H\u00e0nh, Ph\u01b0\u1eddng 11, Qu\u1eadn 11&quot;}\">L\u00f4 4 &#8211; Khu B &#8211; C\u0103n S\u1ed1 7 &#8211; Chung C\u01b0 Ph\u00fa Th\u1ecd &#8211; L\u00ea \u0110\u1ea1i H\u00e0nh, Ph\u01b0\u1eddng 11, Qu\u1eadn 11<\/td>\n<\/tr>\n<tr>\n<td data-sheets-value=\"{&quot;1&quot;:3,&quot;3&quot;:8}\" data-sheets-formula=\"=row()-9\">8<\/td>\n<td data-sheets-value=\"{&quot;1&quot;:2,&quot;2&quot;:&quot;The Pizza Company - Le Van Quoi&quot;}\">The Pizza Company &#8211; Le Van Quoi<\/td>\n<td data-sheets-value=\"{&quot;1&quot;:2,&quot;2&quot;:&quot;TP. H\u1ed3 Ch\u00ed Minh&quot;}\">TP. H\u1ed3 Ch\u00ed Minh<\/td>\n<td data-sheets-value=\"{&quot;1&quot;:2,&quot;2&quot;:&quot;239 L\u00ea V\u0103n Qu\u1edbi, Ph\u01b0\u1eddng B\u00ecnh Tr\u1ecb \u0110\u00f4ng, Qu\u1eadn B\u00ecnh T\u00e2n&quot;}\">239 L\u00ea V\u0103n Qu\u1edbi, Ph\u01b0\u1eddng B\u00ecnh Tr\u1ecb \u0110\u00f4ng, Qu\u1eadn B\u00ecnh T\u00e2n<\/td>\n<\/tr>\n<tr>\n<td data-sheets-value=\"{&quot;1&quot;:3,&quot;3&quot;:9}\" data-sheets-formula=\"=row()-9\">9<\/td>\n<td data-sheets-value=\"{&quot;1&quot;:2,&quot;2&quot;:&quot;The Pizza Company - Le Van Sy 2&quot;}\">The Pizza Company &#8211; Le Van Sy 2<\/td>\n<td data-sheets-value=\"{&quot;1&quot;:2,&quot;2&quot;:&quot;TP. H\u1ed3 Ch\u00ed Minh&quot;}\">TP. H\u1ed3 Ch\u00ed Minh<\/td>\n<td data-sheets-value=\"{&quot;1&quot;:2,&quot;2&quot;:&quot;515 L\u00ea V\u0103n S\u1ef9, Ph\u01b0\u1eddng 2, Q.T\u00e2n B\u00ecnh&quot;}\">515 L\u00ea V\u0103n S\u1ef9, Ph\u01b0\u1eddng 2, Q.T\u00e2n B\u00ecnh<\/td>\n<\/tr>\n<tr>\n<td data-sheets-value=\"{&quot;1&quot;:3,&quot;3&quot;:10}\" data-sheets-formula=\"=row()-9\">10<\/td>\n<td data-sheets-value=\"{&quot;1&quot;:2,&quot;2&quot;:&quot;The Pizza Company - Nguyen Anh Thu&quot;}\">The Pizza Company &#8211; Nguyen Anh Thu<\/td>\n<td data-sheets-value=\"{&quot;1&quot;:2,&quot;2&quot;:&quot;TP. H\u1ed3 Ch\u00ed Minh&quot;}\">TP. H\u1ed3 Ch\u00ed Minh<\/td>\n<td data-sheets-value=\"{&quot;1&quot;:2,&quot;2&quot;:&quot;75\/3-75\/4 Nguy\u1ec5n \u00c1nh Th\u1ee7, \u1ea4p V\u1ea1n H\u1ea1nh, X\u00e3 Trung Ch\u00e1nh, Huy\u1ec7n H\u00f3c M\u00f4n&quot;}\">75\/3-75\/4 Nguy\u1ec5n \u00c1nh Th\u1ee7, \u1ea4p V\u1ea1n H\u1ea1nh, X\u00e3 Trung Ch\u00e1nh, Huy\u1ec7n H\u00f3c M\u00f4n<\/td>\n<\/tr>\n<tr>\n<td data-sheets-value=\"{&quot;1&quot;:3,&quot;3&quot;:11}\" data-sheets-formula=\"=row()-9\">11<\/td>\n<td data-sheets-value=\"{&quot;1&quot;:2,&quot;2&quot;:&quot;The Pizza Company - Nguy\u1ec5n \u0110\u1ee9c C\u1ea3nh&quot;}\">The Pizza Company &#8211; Nguy\u1ec5n \u0110\u1ee9c C\u1ea3nh<\/td>\n<td data-sheets-value=\"{&quot;1&quot;:2,&quot;2&quot;:&quot;TP. H\u1ed3 Ch\u00ed Minh&quot;}\">TP. H\u1ed3 Ch\u00ed Minh<\/td>\n<td data-sheets-value=\"{&quot;1&quot;:2,&quot;2&quot;:&quot;101 Nguy\u1ec5n \u0110\u1ee9c C\u1ea3nh, Khu Ph\u1ed1 Parkview - H19 - 2, Ph\u01b0\u1eddng T\u00e2n Phong, Qu\u1eadn 7&quot;}\">101 Nguy\u1ec5n \u0110\u1ee9c C\u1ea3nh, Khu Ph\u1ed1 Parkview &#8211; H19 &#8211; 2, Ph\u01b0\u1eddng T\u00e2n Phong, Qu\u1eadn 7<\/td>\n<\/tr>\n<tr>\n<td data-sheets-value=\"{&quot;1&quot;:3,&quot;3&quot;:12}\" data-sheets-formula=\"=row()-9\">12<\/td>\n<td data-sheets-value=\"{&quot;1&quot;:2,&quot;2&quot;:&quot;The Pizza Company - Nguyen Thai Hoc&quot;}\">The Pizza Company &#8211; Nguyen Thai Hoc<\/td>\n<td data-sheets-value=\"{&quot;1&quot;:2,&quot;2&quot;:&quot;TP. H\u1ed3 Ch\u00ed Minh&quot;}\">TP. H\u1ed3 Ch\u00ed Minh<\/td>\n<td data-sheets-value=\"{&quot;1&quot;:2,&quot;2&quot;:&quot;105-107 Nguy\u1ec5n Th\u00e1i H\u1ecdc, Ph\u01b0\u1eddng C\u1ea7u \u00d4ng L\u00e3nh, Qu\u1eadn 1&quot;}\">105-107 Nguy\u1ec5n Th\u00e1i H\u1ecdc, Ph\u01b0\u1eddng C\u1ea7u \u00d4ng L\u00e3nh, Qu\u1eadn 1<\/td>\n<\/tr>\n<tr>\n<td data-sheets-value=\"{&quot;1&quot;:3,&quot;3&quot;:13}\" data-sheets-formula=\"=row()-9\">13<\/td>\n<td data-sheets-value=\"{&quot;1&quot;:2,&quot;2&quot;:&quot;The Pizza Company - Nguyen Thi Minh Khai&quot;}\">The Pizza Company &#8211; Nguyen Thi Minh Khai<\/td>\n<td data-sheets-value=\"{&quot;1&quot;:2,&quot;2&quot;:&quot;TP. H\u1ed3 Ch\u00ed Minh&quot;}\">TP. H\u1ed3 Ch\u00ed Minh<\/td>\n<td data-sheets-value=\"{&quot;1&quot;:2,&quot;2&quot;:&quot;506 - 508 Nguy\u1ec5n Th\u1ecb Minh Khai, Ph\u01b0\u1eddng 2, Qu\u1eadn 3&quot;}\">506 &#8211; 508 Nguy\u1ec5n Th\u1ecb Minh Khai, Ph\u01b0\u1eddng 2, Qu\u1eadn 3<\/td>\n<\/tr>\n<tr>\n<td data-sheets-value=\"{&quot;1&quot;:3,&quot;3&quot;:14}\" data-sheets-formula=\"=row()-9\">14<\/td>\n<td data-sheets-value=\"{&quot;1&quot;:2,&quot;2&quot;:&quot;The Pizza Company - Pham Hung&quot;}\">The Pizza Company &#8211; Pham Hung<\/td>\n<td data-sheets-value=\"{&quot;1&quot;:2,&quot;2&quot;:&quot;TP. H\u1ed3 Ch\u00ed Minh&quot;}\">TP. H\u1ed3 Ch\u00ed Minh<\/td>\n<td data-sheets-value=\"{&quot;1&quot;:2,&quot;2&quot;:&quot;322b Ph\u1ea1m H\u00f9ng, Ph\u01b0\u1eddng 5, Qu\u1eadn 8&quot;}\">322b Ph\u1ea1m H\u00f9ng, Ph\u01b0\u1eddng 5, Qu\u1eadn 8<\/td>\n<\/tr>\n<tr>\n<td data-sheets-value=\"{&quot;1&quot;:3,&quot;3&quot;:15}\" data-sheets-formula=\"=row()-9\">15<\/td>\n<td data-sheets-value=\"{&quot;1&quot;:2,&quot;2&quot;:&quot;The Pizza Company - Phan Van Tri&quot;}\">The Pizza Company &#8211; Phan Van Tri<\/td>\n<td data-sheets-value=\"{&quot;1&quot;:2,&quot;2&quot;:&quot;TP. H\u1ed3 Ch\u00ed Minh&quot;}\">TP. H\u1ed3 Ch\u00ed Minh<\/td>\n<td data-sheets-value=\"{&quot;1&quot;:2,&quot;2&quot;:&quot;S\u1ed1 527j Phan V\u0103n Tr\u1ecb, Ph\u01b0\u1eddng 5, Qu\u1eadn G\u00f2 V\u1ea5p&quot;}\">S\u1ed1 527j Phan V\u0103n Tr\u1ecb, Ph\u01b0\u1eddng 5, Qu\u1eadn G\u00f2 V\u1ea5p<\/td>\n<\/tr>\n<tr>\n<td data-sheets-value=\"{&quot;1&quot;:3,&quot;3&quot;:16}\" data-sheets-formula=\"=row()-9\">16<\/td>\n<td data-sheets-value=\"{&quot;1&quot;:2,&quot;2&quot;:&quot;The Pizza Company - Phan Xich Long&quot;}\">The Pizza Company &#8211; Phan Xich Long<\/td>\n<td data-sheets-value=\"{&quot;1&quot;:2,&quot;2&quot;:&quot;TP. H\u1ed3 Ch\u00ed Minh&quot;}\">TP. H\u1ed3 Ch\u00ed Minh<\/td>\n<td data-sheets-value=\"{&quot;1&quot;:2,&quot;2&quot;:&quot;6a Phan X\u00edch Long, Ph\u01b0\u1eddng 1, Qu\u1eadn Ph\u00fa Nhu\u1eadn&quot;}\">6a Phan X\u00edch Long, Ph\u01b0\u1eddng 1, Qu\u1eadn Ph\u00fa Nhu\u1eadn<\/td>\n<\/tr>\n<tr>\n<td data-sheets-value=\"{&quot;1&quot;:3,&quot;3&quot;:17}\" data-sheets-formula=\"=row()-9\">17<\/td>\n<td data-sheets-value=\"{&quot;1&quot;:2,&quot;2&quot;:&quot;The Pizza Company - Song Hanh&quot;}\">The Pizza Company &#8211; Song Hanh<\/td>\n<td data-sheets-value=\"{&quot;1&quot;:2,&quot;2&quot;:&quot;TP. H\u1ed3 Ch\u00ed Minh&quot;}\">TP. H\u1ed3 Ch\u00ed Minh<\/td>\n<td data-sheets-value=\"{&quot;1&quot;:2,&quot;2&quot;:&quot;81 Song H\u00e0nh, Ph\u01b0\u1eddng An Ph\u00fa, Qu\u1eadn 2&quot;}\">81 Song H\u00e0nh, Ph\u01b0\u1eddng An Ph\u00fa, Qu\u1eadn 2<\/td>\n<\/tr>\n<tr>\n<td data-sheets-value=\"{&quot;1&quot;:3,&quot;3&quot;:18}\" data-sheets-formula=\"=row()-9\">18<\/td>\n<td data-sheets-value=\"{&quot;1&quot;:2,&quot;2&quot;:&quot;The Pizza Company - Tan Son Nhi&quot;}\">The Pizza Company &#8211; Tan Son Nhi<\/td>\n<td data-sheets-value=\"{&quot;1&quot;:2,&quot;2&quot;:&quot;TP. H\u1ed3 Ch\u00ed Minh&quot;}\">TP. H\u1ed3 Ch\u00ed Minh<\/td>\n<td data-sheets-value=\"{&quot;1&quot;:2,&quot;2&quot;:&quot;456a T\u00e2n S\u01a1n Nh\u00ec, Ph\u01b0\u1eddng T\u00e2n Qu\u00fd, Qu\u1eadn T\u00e2n Ph\u00fa&quot;}\">456a T\u00e2n S\u01a1n Nh\u00ec, Ph\u01b0\u1eddng T\u00e2n Qu\u00fd, Qu\u1eadn T\u00e2n Ph\u00fa<\/td>\n<\/tr>\n<tr>\n<td data-sheets-value=\"{&quot;1&quot;:3,&quot;3&quot;:19}\" data-sheets-formula=\"=row()-9\">19<\/td>\n<td data-sheets-value=\"{&quot;1&quot;:2,&quot;2&quot;:&quot;The Pizza Company - Vo Van Ngan&quot;}\">The Pizza Company &#8211; Vo Van Ngan<\/td>\n<td data-sheets-value=\"{&quot;1&quot;:2,&quot;2&quot;:&quot;TP. H\u1ed3 Ch\u00ed Minh&quot;}\">TP. H\u1ed3 Ch\u00ed Minh<\/td>\n<td data-sheets-value=\"{&quot;1&quot;:2,&quot;2&quot;:&quot;S\u1ed1 26-28-30 V\u00f5 V\u0103n Ng\u00e2n, Ph\u01b0\u1eddng Tr\u01b0\u1eddng Th\u1ecd, Qu\u1eadn Th\u1ee7 \u0110\u1ee9c&quot;}\">S\u1ed1 26-28-30 V\u00f5 V\u0103n Ng\u00e2n, Ph\u01b0\u1eddng Tr\u01b0\u1eddng Th\u1ecd, Qu\u1eadn Th\u1ee7 \u0110\u1ee9c<\/td>\n<\/tr>\n<tr>\n<td data-sheets-value=\"{&quot;1&quot;:3,&quot;3&quot;:20}\" data-sheets-formula=\"=row()-9\">20<\/td>\n<td data-sheets-value=\"{&quot;1&quot;:2,&quot;2&quot;:&quot;The Pizza Company D2&quot;}\">The Pizza Company D2<\/td>\n<td data-sheets-value=\"{&quot;1&quot;:2,&quot;2&quot;:&quot;TP. H\u1ed3 Ch\u00ed Minh&quot;}\">TP. H\u1ed3 Ch\u00ed Minh<\/td>\n<td data-sheets-value=\"{&quot;1&quot;:2,&quot;2&quot;:&quot;183 D2, Ph\u01b0\u1eddng 25, Qu\u1eadn B\u00ecnh Th\u1ea1nh&quot;}\">183 D2, Ph\u01b0\u1eddng 25, Qu\u1eadn B\u00ecnh Th\u1ea1nh<\/td>\n<\/tr>\n<tr>\n<td data-sheets-value=\"{&quot;1&quot;:3,&quot;3&quot;:21}\" data-sheets-formula=\"=row()-9\">21<\/td>\n<td data-sheets-value=\"{&quot;1&quot;:2,&quot;2&quot;:&quot;The Pizza Company Quang Trung&quot;}\">The Pizza Company Quang Trung<\/td>\n<td data-sheets-value=\"{&quot;1&quot;:2,&quot;2&quot;:&quot;TP. H\u1ed3 Ch\u00ed Minh&quot;}\">TP. H\u1ed3 Ch\u00ed Minh<\/td>\n<td data-sheets-value=\"{&quot;1&quot;:2,&quot;2&quot;:&quot;638 Quang Trung, Ph\u01b0\u1eddng 11, Qu\u1eadn G\u00f2 V\u1ea5p&quot;}\">638 Quang Trung, Ph\u01b0\u1eddng 11, Qu\u1eadn G\u00f2 V\u1ea5p<\/td>\n<\/tr>\n<tr>\n<td data-sheets-value=\"{&quot;1&quot;:3,&quot;3&quot;:22}\" data-sheets-formula=\"=row()-9\">22<\/td>\n<td data-sheets-value=\"{&quot;1&quot;:2,&quot;2&quot;:&quot;The Pizza Company - Nguyen Van Loc&quot;}\">The Pizza Company &#8211; Nguyen Van Loc<\/td>\n<td data-sheets-value=\"{&quot;1&quot;:2,&quot;2&quot;:&quot;H\u00e0 \\rN\u1ed9i&quot;}\">H\u00e0 N\u1ed9i<\/td>\n<td data-sheets-value=\"{&quot;1&quot;:2,&quot;2&quot;:&quot;Bt-2c(16b-4) - 16, Khu \u0110\u00f4 Th\u1ecb M\u1ed7 Lao, Ph\u01b0\u1eddng M\u1ed9 Lao, Qu\u1eadn H\u00e0 \u0110\u00f4ng&quot;}\">Bt-2c(16b-4) &#8211; 16, Khu \u0110\u00f4 Th\u1ecb M\u1ed7 Lao, Ph\u01b0\u1eddng M\u1ed9 Lao, Qu\u1eadn H\u00e0 \u0110\u00f4ng<\/td>\n<\/tr>\n<\/tbody>\n<\/table>\n<p>&nbsp;<\/p>\n<p><b>3. Chang Thai:<\/b><\/p>\n<ul>\n<li style=\"font-weight: 400\"><span style=\"font-weight: 400\">Th\u1eddi gian: 16\/05 &#8211; 25\/05<\/span><\/li>\n<li style=\"font-weight: 400\"><span style=\"font-weight: 400\">\u01afu \u0111\u00e3i:<\/span><\/li>\n<\/ul>\n<p>&#8211; Gi\u1ea3m 10% chuy\u1ebfn xe t\u1edbi c\u00e1c c\u1eeda h\u00e0ng Chang Thai<\/p>\n<p>&#8211; Gi\u1ea3m 100.000\u0111 cho ho\u00e1 \u0111\u01a1n t\u1ed1i thi\u1ec3u 500.000\u0111 khi d\u00f9ng b\u1eefa t\u1ea1i c\u1eeda h\u00e0ng, v\u00e0 thanh to\u00e1n qua Th\u1ebb\/V\u00ed Moca<\/p>\n<ul>\n<li style=\"font-weight: 400\"><span style=\"font-weight: 400\">Danh s\u00e1ch c\u1eeda h\u00e0ng \u00e1p d\u1ee5ng ch\u01b0\u01a1ng tr\u00ecnh:<\/span><\/li>\n<\/ul>\n<table dir=\"ltr\" border=\"1\" cellspacing=\"0\" cellpadding=\"0\">\n<colgroup>\n<col width=\"51\" \/>\n<col width=\"185\" \/>\n<col width=\"133\" \/>\n<col width=\"291\" \/><\/colgroup>\n<tbody>\n<tr>\n<td data-sheets-value=\"{&quot;1&quot;:2,&quot;2&quot;:&quot;\\rSTT&quot;}\">STT<\/td>\n<td data-sheets-value=\"{&quot;1&quot;:2,&quot;2&quot;:&quot;T\u00ean c\u1eeda h\u00e0ng &quot;}\">T\u00ean c\u1eeda h\u00e0ng<\/td>\n<td data-sheets-value=\"{&quot;1&quot;:2,&quot;2&quot;:&quot;Th\u00e0nh ph\u1ed1&quot;}\">Th\u00e0nh ph\u1ed1<\/td>\n<td data-sheets-value=\"{&quot;1&quot;:2,&quot;2&quot;:&quot;\u0110\u1ecba ch\u1ec9&quot;}\">\u0110\u1ecba ch\u1ec9<\/td>\n<\/tr>\n<tr>\n<td data-sheets-value=\"{&quot;1&quot;:3,&quot;3&quot;:1}\" data-sheets-formula=\"=row()-1\">1<\/td>\n<td data-sheets-value=\"{&quot;1&quot;:2,&quot;2&quot;:&quot;Chang - Phan X\u00edch Long&quot;}\">Chang &#8211; Phan X\u00edch Long<\/td>\n<td data-sheets-value=\"{&quot;1&quot;:2,&quot;2&quot;:&quot;TP. H\u1ed3 Ch\u00ed Minh&quot;}\">TP. H\u1ed3 Ch\u00ed Minh<\/td>\n<td data-sheets-value=\"{&quot;1&quot;:2,&quot;2&quot;:&quot;347 Phan X\u00edch Long, Ph\u01b0\u1eddng 1, Qu\u1eadn Ph\u00fa Nhu\u1eadn&quot;}\">347 Phan X\u00edch Long, Ph\u01b0\u1eddng 1, Qu\u1eadn Ph\u00fa Nhu\u1eadn<\/td>\n<\/tr>\n<tr>\n<td data-sheets-value=\"{&quot;1&quot;:3,&quot;3&quot;:2}\" data-sheets-formula=\"=row()-1\">2<\/td>\n<td data-sheets-value=\"{&quot;1&quot;:2,&quot;2&quot;:&quot;Chang L\u00ea Th\u00e1nh T\u00f4n&quot;}\">Chang L\u00ea Th\u00e1nh T\u00f4n<\/td>\n<td data-sheets-value=\"{&quot;1&quot;:2,&quot;2&quot;:&quot;TP. H\u1ed3 Ch\u00ed Minh&quot;}\">TP. H\u1ed3 Ch\u00ed Minh<\/td>\n<td data-sheets-value=\"{&quot;1&quot;:2,&quot;2&quot;:&quot;11 L\u00ea Th\u00e1nh T\u00f4n, Ph\u01b0\u1eddng B\u1ebfn Ngh\u00e9, Qu\u1eadn 1&quot;}\">11 L\u00ea Th\u00e1nh T\u00f4n, Ph\u01b0\u1eddng B\u1ebfn Ngh\u00e9, Qu\u1eadn 1<\/td>\n<\/tr>\n<tr>\n<td data-sheets-value=\"{&quot;1&quot;:3,&quot;3&quot;:3}\" data-sheets-formula=\"=row()-1\">3<\/td>\n<td data-sheets-value=\"{&quot;1&quot;:2,&quot;2&quot;:&quot;Chang Modern Thai Cuisine - Nguy\\b\u1ec5n \u0110\u1ee9c C\u1ea3nh&quot;}\">Chang Modern Thai Cuisine &#8211; Nguy\u1ec5n \u0110\u1ee9c C\u1ea3nh<\/td>\n<td data-sheets-value=\"{&quot;1&quot;:2,&quot;2&quot;:&quot;TP. H\u1ed3 Ch\u00ed Minh&quot;}\">TP. H\u1ed3 Ch\u00ed Minh<\/td>\n<td data-sheets-value=\"{&quot;1&quot;:2,&quot;2&quot;:&quot;Sb8-1, M\u1ef9 Kh\u00e1nh 2, Nguy\u1ec5n \u0110\u1ee9c C\u1ea3nh, Qu\u1eadn 7&quot;}\">Sb8-1, M\u1ef9 Kh\u00e1nh 2, Nguy\u1ec5n \u0110\u1ee9c C\u1ea3nh, Qu\u1eadn 7<\/td>\n<\/tr>\n<tr>\n<td data-sheets-value=\"{&quot;1&quot;:3,&quot;3&quot;:4}\" data-sheets-formula=\"=row()-1\">4<\/td>\n<td data-sheets-value=\"{&quot;1&quot;:2,&quot;2&quot;:&quot;Chang Thai - Cao Th\u1eafng&quot;}\">Chang Thai &#8211; Cao Th\u1eafng<\/td>\n<td data-sheets-value=\"{&quot;1&quot;:2,&quot;2&quot;:&quot;TP. H\u1ed3 Ch\u00ed Minh&quot;}\">TP. H\u1ed3 Ch\u00ed Minh<\/td>\n<td data-sheets-value=\"{&quot;1&quot;:2,&quot;2&quot;:&quot;S\u1ed1 4 Cao Th\u1eafng, Ph\u01b0\u1eddng 5, Qu\u1eadn 3&quot;}\">S\u1ed1 4 Cao Th\u1eafng, Ph\u01b0\u1eddng 5, Qu\u1eadn 3<\/td>\n<\/tr>\n<tr>\n<td data-sheets-value=\"{&quot;1&quot;:3,&quot;3&quot;:5}\" data-sheets-formula=\"=row()-1\">5<\/td>\n<td data-sheets-value=\"{&quot;1&quot;:2,&quot;2&quot;:&quot;Chang - V\u00f5 V\u0103n Ng\u00e2n&quot;}\">Chang &#8211; V\u00f5 V\u0103n Ng\u00e2n<\/td>\n<td data-sheets-value=\"{&quot;1&quot;:2,&quot;2&quot;:&quot;TP. H\u1ed3 Ch\u00ed Minh&quot;}\">TP. H\u1ed3 Ch\u00ed Minh<\/td>\n<td data-sheets-value=\"{&quot;1&quot;:2,&quot;2&quot;:&quot;292 V\u00f5 V\u0103n Ng\u00e2n, Ph\u01b0\u1eddng B\u00ecnh Th\u1ecd, Qu\u1eadn Th\u1ee7 \u0110\u1ee9c&quot;}\">292 V\u00f5 V\u0103n Ng\u00e2n, Ph\u01b0\u1eddng B\u00ecnh Th\u1ecd, Qu\u1eadn Th\u1ee7 \u0110\u1ee9c<\/td>\n<\/tr>\n<\/tbody>\n<\/table>\n<p>&nbsp;<\/p>\n<p><span style=\"font-weight: 400\">#GrabBike #GrabCar<\/span><\/p>","protected":false},"excerpt":{"rendered":"&nbsp; \u2600\ufe0fGrab t\u1edbi m\u1ecdi n\u01a1i, \u01b0u \u0111\u00e3i nh\u00e2n \u0111\u00f4i &nbsp; \u26a1\ufe0fH\u00e8 vi vu c\u00f9ng Grab c\u00f3 nhi\u1ec1u \u01b0u \u0111\u00e3i, c\u00f2n \u0111\u01b0\u1ee3c nh\u1eadn qu\u00e0 t\u1eeb c\u00e1c th\u01b0\u01a1ng hi\u1ec7u tuy\u1ec7t \u0111\u1ec9nh n\u00e8 c\u1ea3 nh\u00e0 \u01a1i! \ud83d\udd25Nh\u1eadn ngay \u01b0u \u0111\u00e3i gi\u1ea3m t\u1edbi 15% t\u1ed1i \u0111a 20k cho c\u00e1c cu\u1ed1c xe GrabBike v\u00e0 GrabCar, khi gh\u00e9 qua Vincom \u0110\u1ed3ng [&hellip;]","protected":false},"author":1336,"featured_media":0,"parent":0,"menu_order":0,"comment_status":"closed","ping_status":"closed","template":"","meta":{"_acf_changed":false,"footnotes":""},"acf":[],"_links":{"self":[{"href":"https:\/\/www.grab.com\/vn\/en\/wp-json\/wp\/v2\/pages\/119426"}],"collection":[{"href":"https:\/\/www.grab.com\/vn\/en\/wp-json\/wp\/v2\/pages"}],"about":[{"href":"https:\/\/www.grab.com\/vn\/en\/wp-json\/wp\/v2\/types\/page"}],"author":[{"embeddable":true,"href":"https:\/\/www.grab.com\/vn\/en\/wp-json\/wp\/v2\/users\/1336"}],"replies":[{"embeddable":true,"href":"https:\/\/www.grab.com\/vn\/en\/wp-json\/wp\/v2\/comments?post=119426"}],"version-history":[{"count":4,"href":"https:\/\/www.grab.com\/vn\/en\/wp-json\/wp\/v2\/pages\/119426\/revisions"}],"predecessor-version":[{"id":119433,"href":"https:\/\/www.grab.com\/vn\/en\/wp-json\/wp\/v2\/pages\/119426\/revisions\/119433"}],"wp:attachment":[{"href":"https:\/\/www.grab.com\/vn\/en\/wp-json\/wp\/v2\/media?parent=119426"}],"curies":[{"name":"wp","href":"https:\/\/api.w.org\/{rel}","templated":true}]}}