{"id":117745,"date":"2022-04-29T15:49:30","date_gmt":"2022-04-29T07:49:30","guid":{"rendered":"https:\/\/www.grab.com\/vn\/?page_id=117745"},"modified":"2022-04-29T15:49:39","modified_gmt":"2022-04-29T07:49:39","slug":"sieu-uu-dai-5-5-grab-uu-dai-toi-50","status":"publish","type":"page","link":"https:\/\/www.grab.com\/vn\/en\/sieu-uu-dai-5-5-grab-uu-dai-toi-50\/","title":{"rendered":"\ud83d\udd25 Si\u00eau \u01b0u \u0111\u00e3i 5.5, Grab \u01b0u \u0111\u00e3i t\u1edbi 50%"},"content":{"rendered":"<p><img loading=\"lazy\" decoding=\"async\" width=\"1200\" height=\"600\" class=\"aligncenter size-full wp-image-117746\" src=\"https:\/\/assets.grab.com\/wp-content\/uploads\/sites\/11\/2022\/04\/29154619\/1200x600_Grab-55_TPT.jpg\" alt=\"\" srcset=\"https:\/\/assets.grab.com\/wp-content\/uploads\/sites\/11\/2022\/04\/29154619\/1200x600_Grab-55_TPT.jpg 1200w, https:\/\/assets.grab.com\/wp-content\/uploads\/sites\/11\/2022\/04\/29154619\/1200x600_Grab-55_TPT-250x125.jpg 250w, https:\/\/assets.grab.com\/wp-content\/uploads\/sites\/11\/2022\/04\/29154619\/1200x600_Grab-55_TPT-700x350.jpg 700w, https:\/\/assets.grab.com\/wp-content\/uploads\/sites\/11\/2022\/04\/29154619\/1200x600_Grab-55_TPT-768x384.jpg 768w, https:\/\/assets.grab.com\/wp-content\/uploads\/sites\/11\/2022\/04\/29154619\/1200x600_Grab-55_TPT-120x60.jpg 120w\" sizes=\"(max-width: 1200px) 100vw, 1200px\" \/><\/p>\n<p><strong>\ud83c\udf1f Si\u00eau Sale 5.5 Grab h\u00e8 n\u1eeda gi\u00e1 \ud83c\udf1f<\/strong><\/p>\n<p>\ud83c\udf89 H\u00e8 n\u00e0y kh\u1ecfi lo n\u00f3ng nha c\u1ea3 nh\u00e0 m\u00ecnh \u01a1i, v\u00ec \u0111i l\u00e0m \u0111i h\u1ecdc \u0111\u00e3 c\u00f3 <strong>GrabBike<\/strong>. <strong>GrabCar<\/strong> \u0111\u01b0a \u0111i \u0111\u00f3n v\u1ec1 \ud83d\ude98\ud83d\udef5<\/p>\n<p>\ud83c\udf8a Anh ch\u1ecb m\u00ecnh th\u00edch \u0111i \u0111\u00e2u, \u0111\u1eb7t xe \u01b0u \u0111\u00e3i su\u1ed1t tu\u1ea7n nh\u1eadp m\u00e3 <strong>BIKE55<\/strong> &amp; <strong>CAR55<\/strong> &#8211; gi\u1ea3m li\u1ec1n 50% m\u1ecdi chuy\u1ebfn xe.<\/p>\n<p>\ud83d\udcb3 T\u1eb7ng th\u00eam 01 \u01b0u \u0111\u00e3i t\u01b0\u01a1ng t\u1ef1 v\u1edbi c\u00e1c chuy\u1ebfn xe s\u1eed d\u1ee5ng h\u00ecnh th\u1ee9c thanh to\u00e1n kh\u00f4ng ti\u1ec1n m\u0103t.<\/p>\n<p>\ud83d\udcf1 Ch\u01b0\u01a1ng tr\u00ecnh di\u1ec5n ra t\u1eeb 04\/05 \u0111\u1ebfn h\u1ebft 09\/05\/2022.<\/p>\n<p>M\u1edf app \u0111\u1eb7t chuy\u1ebfn, \u01b0u \u0111\u00e3i \u0111\u1ec3 <strong>Grab<\/strong> lo nhaaa!<\/p>\n<p>&nbsp;<\/p>\n<p><!--more--><\/p>\n<p><strong>Xem chi ti\u1ebft ch\u01b0\u01a1ng tr\u00ecnh cho GrabBike t\u1ea1i \u0111\u00e2y:<\/strong><\/p>\n<p>&#8211; \u01afu \u0111\u00e3i 50% (t\u1ed1i \u0111a 10.000\u0111) \u00e1p d\u1ee5ng cho d\u1ecbch v\u1ee5 GrabBike\/GrabBike Premium\/ GrabBike Plus.<\/p>\n<p>&#8211; \u00c1p d\u1ee5ng to\u00e1n qu\u1ed1c, ngo\u1ea1i tr\u1eeb Th\u00e0nh ph\u1ed1 H\u1ed3 Ch\u00ed Minh v\u00e0 H\u00e0 N\u1ed9i.<\/p>\n<p>&#8211; Nh\u1eadn th\u00eam m\u1ed9t \u01b0u \u0111\u00e3i t\u01b0\u01a1ng t\u1ef1 sau chuy\u1ebfn xe trong m\u1ee5c &#8220;\u01afu \u0111\u00e3i c\u1ee7a t\u00f4i&#8221; khi thanh to\u00e1n qua Th\u1ebb\/ V\u00ed Moca.<\/p>\n<p>&#8211; \u01afu \u0111\u00e3i kh\u00f4ng bao g\u1ed3m ph\u1ee5 ph\u00ed, ng\u01b0\u1eddi d\u00f9ng vui l\u00f2ng thanh to\u00e1n ph\u1ee5 ph\u00ed (n\u1ebfu c\u00f3) v\u1edbi \u0110\u1ed1i t\u00e1c t\u00e0i x\u1ebf.<\/p>\n<p>&#8211; M\u1ed7i ng\u01b0\u1eddi d\u00f9ng c\u00f3 th\u1ec3 s\u1eed d\u1ee5ng \u01b0u \u0111\u00e3i t\u1ed1i \u0111a 01 l\u1ea7n trong su\u1ed1t th\u1eddi gian di\u1ec5n ra ch\u01b0\u01a1ng tr\u00ecnh.<\/p>\n<p>&#8211; S\u1ed1 l\u01b0\u1ee3ng \u01b0u \u0111\u00e3i c\u00f3 gi\u1edbi h\u1ea1n m\u1ed7i ng\u00e0y.<\/p>\n<p>&#8211; Ch\u1ec9 \u00e1p d\u1ee5ng cho ng\u01b0\u1eddi d\u00f9ng nh\u1eadn \u0111\u01b0\u1ee3c th\u00f4ng b\u00e1o.<\/p>\n<p>&#8211; Ch\u1ec9 \u00e1p d\u1ee5ng v\u1edbi phi\u00ean b\u1ea3n app m\u1edbi nh\u1ea5t.<\/p>\n<p>&nbsp;<\/p>\n<p><strong>Xem chi ti\u1ebft ch\u01b0\u01a1ng tr\u00ecnh cho GrabCar t\u1ea1i \u0111\u00e2y:<\/strong><\/p>\n<p>&#8211; \u01afu \u0111\u00e3i 50% (t\u1ed1i \u0111a 20.000\u0111) \u00e1p d\u1ee5ng cho d\u1ecbch v\u1ee5 GrabBike\/GrabBike Premium\/ GrabBike Plus.<\/p>\n<p>&#8211; \u00c1p d\u1ee5ng to\u00e1n qu\u1ed1c, ngo\u1ea1i tr\u1eeb Th\u00e0nh ph\u1ed1 H\u1ed3 Ch\u00ed Minh v\u00e0 H\u00e0 N\u1ed9i.<\/p>\n<p>&#8211; Nh\u1eadn th\u00eam m\u1ed9t \u01b0u \u0111\u00e3i t\u01b0\u01a1ng t\u1ef1 sau chuy\u1ebfn xe trong m\u1ee5c &#8220;\u01afu \u0111\u00e3i c\u1ee7a t\u00f4i&#8221; khi thanh to\u00e1n qua Th\u1ebb\/ V\u00ed Moca.<\/p>\n<p>&#8211; \u01afu \u0111\u00e3i kh\u00f4ng bao g\u1ed3m ph\u1ee5 ph\u00ed, ng\u01b0\u1eddi d\u00f9ng vui l\u00f2ng thanh to\u00e1n ph\u1ee5 ph\u00ed (n\u1ebfu c\u00f3) v\u1edbi \u0110\u1ed1i t\u00e1c t\u00e0i x\u1ebf.<\/p>\n<p>&#8211; M\u1ed7i ng\u01b0\u1eddi d\u00f9ng c\u00f3 th\u1ec3 s\u1eed d\u1ee5ng \u01b0u \u0111\u00e3i t\u1ed1i \u0111a 01 l\u1ea7n trong su\u1ed1t th\u1eddi gian di\u1ec5n ra ch\u01b0\u01a1ng tr\u00ecnh.<\/p>\n<p>&#8211; S\u1ed1 l\u01b0\u1ee3ng \u01b0u \u0111\u00e3i c\u00f3 gi\u1edbi h\u1ea1n m\u1ed7i ng\u00e0y.<\/p>\n<p>&#8211; Ch\u1ec9 \u00e1p d\u1ee5ng cho ng\u01b0\u1eddi d\u00f9ng nh\u1eadn \u0111\u01b0\u1ee3c th\u00f4ng b\u00e1o.<\/p>\n<p>&#8211; Ch\u1ec9 \u00e1p d\u1ee5ng v\u1edbi phi\u00ean b\u1ea3n app m\u1edbi nh\u1ea5t.<\/p>\n<p><!--more--><\/p>\n<p><a href=\"https:\/\/grab.onelink.me\/2695613898\/datxengay\"><img loading=\"lazy\" decoding=\"async\" class=\"aligncenter wp-image-109009\" src=\"https:\/\/assets.grab.com\/wp-content\/uploads\/sites\/11\/2022\/01\/20122452\/CTA-012.png\" alt=\"\" width=\"204\" height=\"50\" \/><\/a><\/p>","protected":false},"excerpt":{"rendered":"\ud83c\udf1f Si\u00eau Sale 5.5 Grab h\u00e8 n\u1eeda gi\u00e1 \ud83c\udf1f \ud83c\udf89 H\u00e8 n\u00e0y kh\u1ecfi lo n\u00f3ng nha c\u1ea3 nh\u00e0 m\u00ecnh \u01a1i, v\u00ec \u0111i l\u00e0m \u0111i h\u1ecdc \u0111\u00e3 c\u00f3 GrabBike. GrabCar \u0111\u01b0a \u0111i \u0111\u00f3n v\u1ec1 \ud83d\ude98\ud83d\udef5 \ud83c\udf8a Anh ch\u1ecb m\u00ecnh th\u00edch \u0111i \u0111\u00e2u, \u0111\u1eb7t xe \u01b0u \u0111\u00e3i su\u1ed1t tu\u1ea7n nh\u1eadp m\u00e3 BIKE55 &amp; CAR55 &#8211; gi\u1ea3m li\u1ec1n [&hellip;]","protected":false},"author":1123,"featured_media":0,"parent":0,"menu_order":0,"comment_status":"closed","ping_status":"closed","template":"","meta":{"_acf_changed":false,"footnotes":""},"acf":[],"_links":{"self":[{"href":"https:\/\/www.grab.com\/vn\/en\/wp-json\/wp\/v2\/pages\/117745"}],"collection":[{"href":"https:\/\/www.grab.com\/vn\/en\/wp-json\/wp\/v2\/pages"}],"about":[{"href":"https:\/\/www.grab.com\/vn\/en\/wp-json\/wp\/v2\/types\/page"}],"author":[{"embeddable":true,"href":"https:\/\/www.grab.com\/vn\/en\/wp-json\/wp\/v2\/users\/1123"}],"replies":[{"embeddable":true,"href":"https:\/\/www.grab.com\/vn\/en\/wp-json\/wp\/v2\/comments?post=117745"}],"version-history":[{"count":1,"href":"https:\/\/www.grab.com\/vn\/en\/wp-json\/wp\/v2\/pages\/117745\/revisions"}],"predecessor-version":[{"id":117747,"href":"https:\/\/www.grab.com\/vn\/en\/wp-json\/wp\/v2\/pages\/117745\/revisions\/117747"}],"wp:attachment":[{"href":"https:\/\/www.grab.com\/vn\/en\/wp-json\/wp\/v2\/media?parent=117745"}],"curies":[{"name":"wp","href":"https:\/\/api.w.org\/{rel}","templated":true}]}}