{"id":117728,"date":"2022-04-29T15:26:00","date_gmt":"2022-04-29T07:26:00","guid":{"rendered":"https:\/\/www.grab.com\/vn\/?page_id=117728"},"modified":"2022-04-29T15:26:00","modified_gmt":"2022-04-29T07:26:00","slug":"sieu-uu-dai-05-chuyen-dong-gia-1k-danh-cho-ban-moi","status":"publish","type":"page","link":"https:\/\/www.grab.com\/vn\/en\/sieu-uu-dai-05-chuyen-dong-gia-1k-danh-cho-ban-moi\/","title":{"rendered":"Si\u00eau \u01b0u \u0111\u00e3i 05 chuy\u1ebfn \u0111\u1ed3ng gi\u00e1 1k d\u00e0nh cho b\u1ea1n m\u1edbi"},"content":{"rendered":"<p><img loading=\"lazy\" decoding=\"async\" width=\"1200\" height=\"600\" class=\"aligncenter size-full wp-image-117729\" src=\"https:\/\/assets.grab.com\/wp-content\/uploads\/sites\/11\/2022\/04\/29151623\/1200x600-53.jpg\" alt=\"\" srcset=\"https:\/\/assets.grab.com\/wp-content\/uploads\/sites\/11\/2022\/04\/29151623\/1200x600-53.jpg 1200w, https:\/\/assets.grab.com\/wp-content\/uploads\/sites\/11\/2022\/04\/29151623\/1200x600-53-250x125.jpg 250w, https:\/\/assets.grab.com\/wp-content\/uploads\/sites\/11\/2022\/04\/29151623\/1200x600-53-700x350.jpg 700w, https:\/\/assets.grab.com\/wp-content\/uploads\/sites\/11\/2022\/04\/29151623\/1200x600-53-768x384.jpg 768w, https:\/\/assets.grab.com\/wp-content\/uploads\/sites\/11\/2022\/04\/29151623\/1200x600-53-120x60.jpg 120w\" sizes=\"(max-width: 1200px) 100vw, 1200px\" \/><\/p>\n<p><span style=\"font-weight: 400\">\ud83d\ude98 \ud83d\udef5 Si\u00eau \u01b0u \u0111\u00e3i 5.5 \u0111\u1eb7c bi\u1ec7t t\u1eb7ng cho b\u1ea1n m\u1edbi khi s\u1eed d\u1ee5ng d\u1ecbch v\u1ee5 di chuy\u1ec3n GrabBike, GrabCar t\u1eeb ng\u00e0y 4.5 \u0111\u1ebfn h\u1ebft 9.5. Tha h\u1ed3 di chuy\u1ec3n mu\u00f4n n\u01a1i v\u1eeba an to\u00e0n, ti\u1ec7n l\u1ee3i l\u1ea1i si\u00eau ti\u1ebft ki\u1ec7m.<\/span><\/p>\n<p>\ud83e\udd73 \u0110\u1ed3ng gi\u00e1 1.000\u0111 , \u00e1p d\u1ee5ng cho 05 chuy\u1ebfn xe \u0111\u1ea7u ti\u00ean!<\/p>\n<p><span style=\"font-weight: 400\">\ud83d\udcf1 M\u1edf app \u0111\u1eb7t chuy\u1ebfn, \u0111i \u0111\u00e2u Grab \u0111\u00f3n!<\/span><\/p>\n<p><!--more--><\/p>\n<p><strong>Xem chi ti\u1ebft ch\u01b0\u01a1ng tr\u00ecnh cho ng\u01b0\u1eddi d\u00f9ng m\u1edbi t\u1ea1i \u0111\u00e2y:<\/strong><\/p>\n<p>&#8211; \u0110\u1ed3ng Gi\u00e1 1.000\u0111 \u00e1p d\u1ee5ng cho d\u1ecbch v\u1ee5 GrabBike\/GrabBike Premium\/ GrabBike Plus c\u00f3 c\u01b0\u1edbc ph\u00ed d\u01b0\u1edbi ho\u1eb7c b\u1eb1ng 20.000\u0111.\u00a0 V\u1edbi c\u00e1c chuy\u1ebfn xe c\u00f3 c\u01b0\u1edbc ph\u00ed t\u1eeb 21.000\u0111 tr\u1edf l\u00ean, \u01b0u \u0111\u00e3i t\u1ed1i \u0111a 19.000\u0111.<\/p>\n<p>&#8211; \u01afu \u0111\u00e3i ch\u1ec9 \u00e1p d\u1ee5ng cho ng\u01b0\u1eddi d\u00f9ng m\u1edbi.<\/p>\n<p>&#8211; \u00c1p d\u1ee5ng tr\u00ean to\u00e0n qu\u1ed1c ngo\u1ea1i tr\u1eeb th\u00e0nh ph\u1ed1 H\u1ed3 Ch\u00ed Minh v\u00e0 H\u00e0 N\u1ed9i.<\/p>\n<p>&#8211; \u00c1p d\u1ee5ng cho m\u1ecdi ph\u01b0\u01a1ng th\u1ee9c thanh to\u00e1n.<\/p>\n<p>&#8211; \u01afu \u0111\u00e3i kh\u00f4ng bao g\u1ed3m ph\u1ee5 ph\u00ed, ng\u01b0\u1eddi d\u00f9ng vui l\u00f2ng thanh to\u00e1n ph\u1ee5 ph\u00ed (n\u1ebfu c\u00f3) v\u1edbi \u0110\u1ed1i t\u00e1c t\u00e0i x\u1ebf.<\/p>\n<p>&#8211; S\u1ed1 l\u01b0\u1ee3ng \u01b0u \u0111\u00e3i c\u00f3 gi\u1edbi h\u1ea1n m\u1ed7i ng\u00e0y.<\/p>\n<p><!--more--><\/p>\n<p><a href=\"https:\/\/grab.onelink.me\/2695613898\/datxengay\"><img loading=\"lazy\" decoding=\"async\" class=\"aligncenter wp-image-109009\" src=\"https:\/\/assets.grab.com\/wp-content\/uploads\/sites\/11\/2022\/01\/20122452\/CTA-012.png\" alt=\"\" width=\"204\" height=\"50\" \/><\/a><\/p>","protected":false},"excerpt":{"rendered":"\ud83d\ude98 \ud83d\udef5 Si\u00eau \u01b0u \u0111\u00e3i 5.5 \u0111\u1eb7c bi\u1ec7t t\u1eb7ng cho b\u1ea1n m\u1edbi khi s\u1eed d\u1ee5ng d\u1ecbch v\u1ee5 di chuy\u1ec3n GrabBike, GrabCar t\u1eeb ng\u00e0y 4.5 \u0111\u1ebfn h\u1ebft 9.5. Tha h\u1ed3 di chuy\u1ec3n mu\u00f4n n\u01a1i v\u1eeba an to\u00e0n, ti\u1ec7n l\u1ee3i l\u1ea1i si\u00eau ti\u1ebft ki\u1ec7m. \ud83e\udd73 \u0110\u1ed3ng gi\u00e1 1.000\u0111 , \u00e1p d\u1ee5ng cho 05 chuy\u1ebfn xe \u0111\u1ea7u ti\u00ean! [&hellip;]","protected":false},"author":1123,"featured_media":0,"parent":0,"menu_order":0,"comment_status":"closed","ping_status":"closed","template":"","meta":{"_acf_changed":false,"footnotes":""},"acf":[],"_links":{"self":[{"href":"https:\/\/www.grab.com\/vn\/en\/wp-json\/wp\/v2\/pages\/117728"}],"collection":[{"href":"https:\/\/www.grab.com\/vn\/en\/wp-json\/wp\/v2\/pages"}],"about":[{"href":"https:\/\/www.grab.com\/vn\/en\/wp-json\/wp\/v2\/types\/page"}],"author":[{"embeddable":true,"href":"https:\/\/www.grab.com\/vn\/en\/wp-json\/wp\/v2\/users\/1123"}],"replies":[{"embeddable":true,"href":"https:\/\/www.grab.com\/vn\/en\/wp-json\/wp\/v2\/comments?post=117728"}],"version-history":[{"count":1,"href":"https:\/\/www.grab.com\/vn\/en\/wp-json\/wp\/v2\/pages\/117728\/revisions"}],"predecessor-version":[{"id":117736,"href":"https:\/\/www.grab.com\/vn\/en\/wp-json\/wp\/v2\/pages\/117728\/revisions\/117736"}],"wp:attachment":[{"href":"https:\/\/www.grab.com\/vn\/en\/wp-json\/wp\/v2\/media?parent=117728"}],"curies":[{"name":"wp","href":"https:\/\/api.w.org\/{rel}","templated":true}]}}