{"id":114975,"date":"2022-04-05T11:08:05","date_gmt":"2022-04-05T03:08:05","guid":{"rendered":"https:\/\/www.grab.com\/vn\/?page_id=114975"},"modified":"2022-04-06T21:26:20","modified_gmt":"2022-04-06T13:26:20","slug":"thu-thach-chuyen-gia-di-grab","status":"publish","type":"page","link":"https:\/\/www.grab.com\/vn\/en\/thu-thach-chuyen-gia-di-grab\/","title":{"rendered":"Th\u1eed th\u00e1ch &#8220;Chuy\u00ean gia \u0111i Grab&#8221;"},"content":{"rendered":"<p><img loading=\"lazy\" decoding=\"async\" width=\"1200\" height=\"600\" class=\"aligncenter size-full wp-image-114978\" src=\"https:\/\/assets.grab.com\/wp-content\/uploads\/sites\/11\/2022\/04\/05110740\/1200x600-21.jpg\" alt=\"\" srcset=\"https:\/\/assets.grab.com\/wp-content\/uploads\/sites\/11\/2022\/04\/05110740\/1200x600-21.jpg 1200w, https:\/\/assets.grab.com\/wp-content\/uploads\/sites\/11\/2022\/04\/05110740\/1200x600-21-250x125.jpg 250w, https:\/\/assets.grab.com\/wp-content\/uploads\/sites\/11\/2022\/04\/05110740\/1200x600-21-700x350.jpg 700w, https:\/\/assets.grab.com\/wp-content\/uploads\/sites\/11\/2022\/04\/05110740\/1200x600-21-768x384.jpg 768w, https:\/\/assets.grab.com\/wp-content\/uploads\/sites\/11\/2022\/04\/05110740\/1200x600-21-120x60.jpg 120w\" sizes=\"(max-width: 1200px) 100vw, 1200px\" \/><\/p>\n<p>&nbsp;<\/p>\n<p>\ud83c\udf89 Anh ch\u1ecb n\u00e0o th\u01b0\u1eddng xuy\u00ean \u0111\u1eb7t Grab \u0111i l\u00e0m, \u0111i ch\u01a1i, \u0111i mua s\u1eafm,&#8230;th\u00ec tham gia li\u1ec1n tay \u0111\u1ec3 \u0111\u01b0\u1ee3c ho\u00e0n ti\u1ec1n 100% khi mua c\u00e1c G\u00f3i H\u1ed9i Vi\u00ean sau nha!<br \/>\n\ud83c\udf81 01 G\u00f3i H\u1ed9i vi\u00ean \u01b0u \u0111\u00e3i \u0111i GrabBike 1 th\u00e1ng kh\u00f4ng gi\u1edbi h\u1ea1n cu\u1ed1c xe tr\u1ecb gi\u00e1 90.000\u0111\/g\u00f3i<br \/>\n\ud83c\udf81 01 G\u00f3i H\u1ed9i vi\u00ean \u01b0u \u0111\u00e3i \u0111i chuy\u1ec3n GrabCar 1 th\u00e1ng kh\u00f4ng gi\u1edbi h\u1ea1n cu\u1ed1c xe tr\u1ecb gi\u00e1 180.000\u0111\/g\u00f3i<\/p>\n<p>\ud83c\udf8a C\u00e1c b\u01b0\u1edbc tham gia qu\u00e1 s\u1ee9c \u0111\u01a1n gi\u1ea3n:<\/p>\n<p>1\ufe0f\u20e3 B\u01b0\u1edbc 1: Ch\u1ecdn m\u1ee5c &#8220;Th\u1eed th\u00e1ch&#8221; trong \u1ee9ng d\u1ee5ng Grab<br \/>\n2\ufe0f\u20e3 B\u01b0\u1edbc 2: Ch\u1ecdn \u201cCh\u1ea5p nh\u1eadn th\u1eed th\u00e1ch\u201d c\u1ee7a Th\u1eed th\u00e1ch \u201cChuy\u00ean gia \u0111i Grab, nh\u1eadn ho\u00e0n ti\u1ec1n 100% khi mua G\u00f3i H\u1ed9i vi\u00ean \u0111i Grab 1 th\u00e1ng\u201d<br \/>\n3\ufe0f\u20e3 B\u01b0\u1edbc 3: Ho\u00e0n th\u00e0nh 20 chuy\u1ebfn GrabBike ho\u1eb7c GrabCar c\u00f3 gi\u00e1 tr\u1ecb chuy\u1ebfn xe t\u1eeb 35.000\u0111, \u0111\u01b0\u1ee3c thanh to\u00e1n kh\u00f4ng ti\u1ec1n m\u1eb7t (gi\u00e1 tr\u1ecb ch\u01b0a bao g\u1ed3m khuy\u1ebfn m\u1ea1i \u0111\u01b0\u1ee3c \u00e1p d\u1ee5ng) <strong>tr\u01b0\u1edbc ng\u00e0y 20\/04\/2022<\/strong> \u0111\u1ec3 nh\u1eadn th\u01b0\u1edfng th\u00f4i n\u00e8!<\/p>\n<p>\ud83d\udcf1S\u1ed1 l\u01b0\u1ee3ng qu\u00e0 t\u1eb7ng <strong>ch\u1ec9 c\u00f3 10.000 gi\u1ea3i th\u01b0\u1edfng cho 10.000 ng\u01b0\u1eddi ch\u01a1i ho\u00e0n th\u00e0nh th\u1eed th\u00e1ch \u0111\u1ea7u ti\u00ean,<\/strong> n\u00ean c\u1ea3 nh\u00e0 m\u00ecnh tranh th\u1ee7 ngay v\u00e0 lu\u00f4n nh\u00e9, ch\u1ea5p nh\u1eadn th\u1eed th\u00e1ch v\u00e0 \u0111\u1eb7t xe di chuy\u1ec3n li\u1ec1n th\u00f4i!<\/p>\n<p>L\u01b0u \u00fd:<br \/>\n\u2705(*) L\u1ef1a ch\u1ecdn tham gia ngay th\u1eed th\u00e1ch t\u1ea1i \u0111\u00e2y: <a href=\"https:\/\/grab.onelink.me\/2695613898\/thamgiangay\">https:\/\/grab.onelink.me\/2695613898\/thamgiangay<\/a><br \/>\n\u2705(*) Ch\u01b0\u01a1ng tr\u00ecnh \u00e1p d\u1ee5ng cho c\u00e1c chuy\u1ebfn xe \u0111\u01b0\u1ee3c thanh to\u00e1n kh\u00f4ng ti\u1ec1n m\u1eb7t. Ng\u01b0\u1eddi ch\u01a1i l\u01b0u \u00fd k\u00edch ho\u1ea1t V\u00ed Moca\/ li\u00ean k\u1ebft v\u1edbi Th\u1ebb ng\u00e2n h\u00e0ng \u0111\u1ec3 tham gia th\u1eed th\u00e1ch.<br \/>\n\u2705(*) Ch\u01b0\u01a1ng tr\u00ecnh \u0111\u01b0\u1ee3c \u00e1p d\u1ee5ng t\u1ea1i Th\u00e0nh ph\u1ed1 H\u1ed3 Ch\u00ed Minh v\u00e0 H\u00e0 N\u1ed9i.<br \/>\n\u2705(*) S\u1ed1 l\u01b0\u1ee3ng qu\u00e0 t\u1eb7ng c\u00f3 gi\u1edbi h\u1ea1n. Xem chi ti\u1ebft ch\u01b0\u01a1ng tr\u00ecnh t\u1ea1i \u0111\u00e2y: <a href=\"https:\/\/grb.to\/3j5XMy1\">https:\/\/grb.to\/3j5XMy1<\/a><br \/>\n\u2705(*) Th\u1eed th\u00e1ch ch\u1ec9 \u00e1p d\u1ee5ng cho phi\u00ean b\u1ea3n app m\u1edbi nh\u1ea5t.<\/p>\n<p>\u0110\u1eb7t Grab, nh\u1edb tr\u1ea3 th\u1ebb\/ v\u00ed Moca \u0111\u1ec3 lu\u00f4n an to\u00e0n v\u00e0 h\u01b0\u1edfng \u01b0u \u0111\u00e3i t\u1ed1t h\u01a1n nha.<br \/>\nK\u00edch ho\u1ea1t V\u00ed Moca: <a href=\"https:\/\/grb.to\/KichHoatViMoca\">https:\/\/grb.to\/KichHoatViMoca<\/a><br \/>\nho\u1eb7c li\u00ean k\u1ebft th\u1ebb v\u00e0o Grab ngay:<a href=\"https:\/\/grb.to\/GanTheThanhToanTT\">https:\/\/grb.to\/GanTheThanhToanTT<\/a><\/p>\n<p>#GrabBike #GrabCar #Th\u1eedth\u00e1chChuy\u00eangia\u0111iGrab<\/p>\n<p><!--more--><\/p>\n<h4><\/h4>\n<h4><span style=\"color: #339966\"><b>CHUY\u00caN GIA \u0110I GRAB, NH\u1eacN HO\u00c0N TI\u1ec0N 100% KHI MUA G\u00d3I H\u1ed8I VI\u00caN \u0110I GRAB 1 TH\u00c1NG<\/b><\/span><\/h4>\n<p><span style=\"font-weight: 400\">\ud83c\udfc6Ho\u00e0n th\u00e0nh th\u1eed th\u00e1ch \u201c<strong>Chuy\u00ean gia \u0111i Grab, nh\u1eadn ho\u00e0n ti\u1ec1n 100% khi mua G\u00f3i H\u1ed9i vi\u00ean \u0111i Grab 1 th\u00e1ng<\/strong>\u201d \u0111\u1ec3 c\u00f3 c\u01a1 h\u1ed9i nh\u1eadn ho\u00e0n ti\u1ec1n 100% khi mua G\u00f3i H\u1ed9i vi\u00ean \u01b0u \u0111\u00e3i di chuy\u1ec3n GrabBike v\u00e0 GrabCar 1 th\u00e1ng ch\u1ec9 v\u1edbi 2 b\u01b0\u1edbc:<\/span><\/p>\n<p>1\ufe0f\u20e3 B\u01b0\u1edbc 1: Ch\u1ecdn m\u1ee5c &#8220;Th\u1eed th\u00e1ch&#8221; trong \u1ee9ng d\u1ee5ng Grab<br \/>\n2\ufe0f\u20e3 B\u01b0\u1edbc 2: Ch\u1ecdn \u201cCh\u1ea5p nh\u1eadn th\u1eed th\u00e1ch\u201d c\u1ee7a Th\u1eed th\u00e1ch \u201cChuy\u00ean gia \u0111i Grab, nh\u1eadn ho\u00e0n ti\u1ec1n 100% khi mua G\u00f3i H\u1ed9i vi\u00ean \u0111i Grab 1 th\u00e1ng\u201d<br \/>\n3\ufe0f\u20e3 B\u01b0\u1edbc 3: Ho\u00e0n th\u00e0nh 20 chuy\u1ebfn GrabBike ho\u1eb7c GrabCar c\u00f3 gi\u00e1 tr\u1ecb chuy\u1ebfn xe t\u1eeb 35.000\u0111, \u0111\u01b0\u1ee3c thanh to\u00e1n kh\u00f4ng ti\u1ec1n m\u1eb7t (gi\u00e1 tr\u1ecb ch\u01b0a bao g\u1ed3m khuy\u1ebfn m\u1ea1i \u0111\u01b0\u1ee3c \u00e1p d\u1ee5ng) <strong>tr\u01b0\u1edbc ng\u00e0y 20\/04\/2022<\/strong> \u0111\u1ec3 nh\u1eadn th\u01b0\u1edfng th\u00f4i n\u00e8!<\/p>\n<p><span style=\"font-weight: 400\">Ch\u01b0\u01a1ng tr\u00ecnh \u00e1p d\u1ee5ng t\u1ea1i khu v\u1ef1c Th\u00e0nh ph\u1ed1 H\u1ed3 Ch\u00ed Minh v\u00e0 H\u00e0 N\u1ed9i.<\/span><\/p>\n<h4><\/h4>\n<h4><strong><span style=\"color: #339966\">C\u01a0 C\u1ea4U GI\u1ea2I TH\u01af\u1edeNG:<\/span><\/strong><\/h4>\n<p><span style=\"font-weight: 400\"><strong>10.000 gi\u1ea3i th\u01b0\u1edfng d\u00e0nh cho 10.000 ng\u01b0\u1eddi chi\u1ebfn th\u1eafng \u0111\u1ea7u ti\u00ean ho\u00e0n th\u00e0nh th\u1eed th\u00e1ch<\/strong>, ng\u01b0\u1eddi chi\u1ebfn th\u1eafng \u0111\u01b0\u1ee3c ho\u00e0n ti\u1ec1n 100% khi mua G\u00f3i H\u1ed9i vi\u00ean sau (*):<\/span><\/p>\n<ul>\n<li style=\"font-weight: 400\"><span style=\"font-weight: 400\">01 G\u00f3i H\u1ed9i vi\u00ean \u01b0u \u0111\u00e3i \u0111i GrabBike 1 th\u00e1ng kh\u00f4ng gi\u1edbi h\u1ea1n cu\u1ed1c xe tr\u1ecb gi\u00e1 90.000\u0111\/g\u00f3i<\/span><\/li>\n<li style=\"font-weight: 400\"><span style=\"font-weight: 400\">01 G\u00f3i H\u1ed9i vi\u00ean \u01b0u \u0111\u00e3i \u0111i chuy\u1ec3n GrabCar 1 th\u00e1ng kh\u00f4ng gi\u1edbi h\u1ea1n cu\u1ed1c xe tr\u1ecb gi\u00e1 180.000\u0111\/g\u00f3i<\/span><\/li>\n<\/ul>\n<p><span style=\"font-weight: 400\">L\u01b0u \u00fd: Ng\u01b0\u1eddi th\u1eafng gi\u1ea3i c\u1ea7n thao t\u00e1c ho\u00e0n ti\u1ec1n t\u1ea1i m\u1ee5c \u201c\u01afu \u0111\u00e3i c\u1ee7a t\u00f4i\/My Rewards\u201d trong v\u00f2ng 7 ng\u00e0y k\u1ec3 t\u1eeb ng\u00e0y nh\u1eadn \u0111\u01b0\u1ee3c th\u00f4ng b\u00e1o th\u1eafng gi\u1ea3i.<\/span><\/p>\n<h4><\/h4>\n<h4><span style=\"color: #339966\"><b>QUY \u0110\u1ecaNH C\u1ee6A TH\u1eec TH\u00c1CH:\u00a0<\/b><\/span><\/h4>\n<ul>\n<li style=\"font-weight: 400\">Th\u1eed th\u00e1ch ch\u1ec9 \u00e1p d\u1ee5ng cho ng\u01b0\u1eddi ch\u01a1i \u0111\u00e3 k\u00edch ho\u1ea1t v\u00ed \u0111i\u1ec7n t\u1eed Moca tr\u00ean \u1ee9ng d\u1ee5ng Grab v\u00e0 \u0111\u01b0\u1ee3c hi\u1ec3n th\u1ecb \u201cChuy\u00ean gia \u0111i Grab, nh\u1eadn ho\u00e0n ti\u1ec1n 100% khi mua G\u00f3i H\u1ed9i vi\u00ean \u0111i Grab 1 th\u00e1ng\u201d trong m\u1ee5c \u201cTh\u1eed Th\u00e1ch\u201d tr\u00ean \u1ee9ng d\u1ee5ng Grab <strong>k\u1ec3 t\u1eeb 0h00\u2019 ng\u00e0y 08\/04\/2022<\/strong>. Theo \u0111\u00f3, ng\u01b0\u1eddi ch\u01a1i c\u1ea7n ch\u1ecdn \u201cCh\u1ea5p nh\u1eadn th\u1eed th\u00e1ch\u201d \u0111\u1ec3 tham gia ch\u01b0\u01a1ng tr\u00ecnh.<\/li>\n<li style=\"font-weight: 400\"><span style=\"font-weight: 400\">Th\u1eed th\u00e1ch k\u00e9o d\u00e0i t\u1eeb ng\u00e0y <\/span><span style=\"font-weight: 400\">07\/04\/2022 \u0111\u1ebfn h\u1ebft ng\u00e0y 20\/04\/2022<\/span><span style=\"font-weight: 400\"> v\u00e0 s\u1ebd k\u1ebft th\u00fac khi th\u1eddi h\u1ea1n ch\u01b0\u01a1ng tr\u00ecnh k\u1ebft th\u00fac ho\u1eb7c khi (c\u00e1c) gi\u1ea3i th\u01b0\u1edfng \u0111\u00e3 \u0111\u01b0\u1ee3c trao h\u1ebft, t\u00f9y v\u00e0o th\u1eddi \u0111i\u1ec3m n\u00e0o \u0111\u1ebfn tr\u01b0\u1edbc.<\/span><\/li>\n<li style=\"font-weight: 400\"><span style=\"font-weight: 400\">Th\u1eed th\u00e1ch s\u1ebd kh\u00f4ng \u0111\u01b0\u1ee3c th\u1ef1c hi\u1ec7n d\u01b0\u1edbi h\u00ecnh th\u1ee9c chia s\u1ebb. M\u1ed7i Th\u1eed th\u00e1ch ch\u1ec9 d\u00e0nh cho m\u1ed9t t\u00e0i kho\u1ea3n Grab, d\u1ef1a tr\u00ean quy\u1ec1n truy c\u1eadp Th\u1eed th\u00e1ch hi\u1ec3n th\u1ecb tr\u00ean \u1ee9ng d\u1ee5ng.\u00a0<\/span><\/li>\n<li style=\"font-weight: 400\"><span style=\"font-weight: 400\">Th\u1eed th\u00e1ch n\u00e0y kh\u00f4ng th\u1ec3 \u0111\u01b0\u1ee3c th\u1ef1c hi\u1ec7n l\u1ea1i sau khi \u0111\u00e3 ho\u00e0n th\u00e0nh ho\u1eb7c th\u1eddi gian quy \u0111\u1ecbnh \u0111\u00e3 k\u1ebft th\u00fac.<\/span><\/li>\n<li style=\"font-weight: 400\"><span style=\"font-weight: 400\">M\u1ed7i ng\u01b0\u1eddi th\u1eafng gi\u1ea3i khi ho\u00e0n th\u00e0nh th\u1eed th\u00e1ch s\u1ebd \u0111\u01b0\u1ee3c nh\u1eadn th\u00f4ng b\u00e1o th\u1eafng gi\u1ea3i v\u00e0 \u0111\u01b0\u1ee3c ho\u00e0n ti\u1ec1n 100% v\u00e0o V\u00ed Moca tr\u00ean \u1ee9ng d\u1ee5ng Grab sau khi mua G\u00f3i H\u1ed9i vi\u00ean (*). Theo \u0111\u00f3, ng\u01b0\u1eddi th\u1eafng gi\u1ea3i c\u1ea7n th\u1ef1c hi\u1ec7n c\u00e1c thao t\u00e1c nh\u01b0 sau \u0111\u1ec3 nh\u1eadn \u0111\u01b0\u1ee3c gi\u1ea3i th\u01b0\u1edfng:<\/span>\n<ul>\n<li style=\"font-weight: 400\"><span style=\"font-weight: 400\">B\u01b0\u1edbc 1: Sau khi nh\u1eadn \u0111\u01b0\u1ee3c th\u00f4ng b\u00e1o th\u1eafng gi\u1ea3i, ng\u01b0\u1eddi th\u1eafng gi\u1ea3i ch\u1ecdn m\u1ee5c \u201cG\u00f3i H\u1ed9i vi\u00ean\u201d tr\u00ean \u1ee9ng d\u1ee5ng Grab v\u00e0 ti\u1ebfn h\u00e0nh thanh to\u00e1n G\u00f3i H\u1ed9i vi\u00ean (*) b\u1eb1ng Th\u1ebb\/ ho\u1eb7c V\u00ed Moca.<\/span><\/li>\n<li style=\"font-weight: 400\"><span style=\"font-weight: 400\">B\u01b0\u1edbc 2: Sau khi thanh to\u00e1n, ng\u01b0\u1eddi th\u1eafng gi\u1ea3i s\u1ebd nh\u1eadn \u0111\u01b0\u1ee3c th\u00f4ng b\u00e1o v\u00e0o m\u1ee5c \u201c\u01afu \u0111\u00e3i c\u1ee7a t\u00f4i\/My Rewards\u201d \u0111\u1ec3 \u0111\u01b0\u1ee3c ho\u00e0n ti\u1ec1n 100% G\u00f3i H\u1ed9i vi\u00ean (*)<\/span><\/li>\n<li style=\"font-weight: 400\"><span style=\"font-weight: 400\">B\u01b0\u1edbc 3: V\u00e0o m\u1ee5c \u201cThanh to\u00e1n\u201d \u0111\u1ec3 ki\u1ec3m tra ho\u00e0n ti\u1ec1n v\u00e0o V\u00ed Moca tr\u00ean \u1ee9ng d\u1ee5ng Grab<\/span><\/li>\n<\/ul>\n<\/li>\n<\/ul>\n<h4><\/h4>\n<h4><span style=\"color: #339966\"><b>\u0110I\u1ec0U KHO\u1ea2N V\u00c0 \u0110I\u1ec0U KI\u1ec6N KH\u00c1C:<\/b><\/span><\/h4>\n<ul>\n<li style=\"font-weight: 400\"><span style=\"font-weight: 400\">Grab c\u00f3 to\u00e0n quy\u1ec1n t\u1eeb ch\u1ed1i trao gi\u1ea3i, t\u01b0\u1edbc quy\u1ec1n tham d\u1ef1 n\u1ebfu nghi ng\u1edd ho\u1eb7c ph\u00e1t hi\u1ec7n ng\u01b0\u1eddi ch\u01a1i th\u1ef1c hi\u1ec7n b\u1ea5t k\u1ef3 h\u00e0nh vi gian l\u1eadn, gi\u1ea3 m\u1ea1o n\u00e0o trong qu\u00e1 tr\u00ecnh tham d\u1ef1 ch\u01b0\u01a1ng tr\u00ecnh d\u01b0\u1edbi b\u1ea5t k\u1ef3 h\u00ecnh th\u1ee9c n\u00e0o ho\u1eb7c qu\u00e1 tr\u00ecnh tham gia ch\u01b0\u01a1ng tr\u00ecnh \u201cTh\u1eed th\u00e1ch\u201d vi ph\u1ea1m c\u00e1c quy \u0111\u1ecbnh ph\u00e1p lu\u1eadt hi\u1ec7n h\u00e0nh kh\u00e1c v\u00e0\/ ho\u1eb7c quy \u0111\u1ecbnh, ch\u00ednh s\u00e1ch Grab. B\u1eb1ng vi\u1ec7c tham gia ch\u01b0\u01a1ng tr\u00ecnh n\u00e0y, ng\u01b0\u1eddi tham gia \u0111\u1ed3ng \u00fd r\u1eb1ng Grab c\u00f3 quy\u1ec1n s\u1eed d\u1ee5ng h\u00ecnh \u1ea3nh c\u1ee7a ng\u01b0\u1eddi chi\u1ebfn th\u1eafng Th\u1eed th\u00e1ch nh\u1eb1m m\u1ee5c \u0111\u00edch qu\u1ea3ng c\u00e1o, ti\u1ebfp th\u1ecb m\u00e0 kh\u00f4ng c\u1ea7n xin ph\u00e9p v\u00e0\/ ho\u1eb7c chi tr\u1ea3 th\u00f9 lao cho ng\u01b0\u1eddi chi\u1ebfn th\u1eafng.\u00a0<\/span><\/li>\n<li style=\"font-weight: 400\"><span style=\"font-weight: 400\">Trong m\u1ecdi tr\u01b0\u1eddng h\u1ee3p, Grab c\u00f3 to\u00e0n quy\u1ec1n quy\u1ebft \u0111\u1ecbnh \u0111i\u1ec1u ki\u1ec7n, x\u00e1c \u0111\u1ecbnh ng\u01b0\u1eddi th\u1eafng gi\u1ea3i, thay \u0111\u1ed5i th\u1ec3 l\u1ec7 v\u00e0 \u0111i\u1ec1u kho\u1ea3n c\u1ee7a ch\u01b0\u01a1ng tr\u00ecnh n\u00e0y. C\u00e1c n\u1ed9i dung \u0111\u01b0\u1ee3c thay \u0111\u1ed5i n\u00e0y s\u1ebd m\u1eb7c nhi\u00ean c\u00f3 hi\u1ec7u l\u1ef1c v\u00e0 \u0111\u01b0\u1ee3c \u00e1p d\u1ee5ng \u0111\u1ec3 \u0111i\u1ec1u ch\u1ec9nh c\u00e1c v\u1ea5n \u0111\u1ec1 li\u00ean quan \u0111\u1ebfn ch\u01b0\u01a1ng tr\u00ecnh.\u00a0<\/span><\/li>\n<li style=\"font-weight: 400\"><span style=\"font-weight: 400\">T\u1ea5t c\u1ea3 c\u00e1c \u01b0u \u0111\u00e3i\/gi\u1ea3i th\u01b0\u1edfng \u0111\u1ec1u kh\u00f4ng c\u00f3 gi\u00e1 tr\u1ecb chuy\u1ec3n nh\u01b0\u1ee3ng v\u00e0 quy \u0111\u1ed5i th\u00e0nh ti\u1ec1n m\u1eb7t ho\u1eb7c t\u00edn d\u1ee5ng c\u00f3 gi\u00e1 tr\u1ecb t\u01b0\u01a1ng \u0111\u01b0\u01a1ng n\u00e0o.<\/span><\/li>\n<li style=\"font-weight: 400\"><span style=\"font-weight: 400\">Ng\u01b0\u1eddi ch\u01a1i \u0111\u1ed3ng \u00fd r\u1eb1ng quy\u1ebft \u0111\u1ecbnh c\u1ee7a Grab l\u00e0 quy\u1ebft \u0111\u1ecbnh cu\u1ed1i c\u00f9ng v\u00e0 c\u00f3 hi\u1ec7u l\u1ef1c \u00e1p d\u1ee5ng. M\u1ecdi tranh ch\u1ea5p gi\u1eefa Grab v\u00e0 ng\u01b0\u1eddi ch\u01a1i ph\u00e1t sinh t\u1eeb ho\u1eb7c li\u00ean quan \u0111\u1ebfn ch\u01b0\u01a1ng tr\u00ecnh (n\u1ebfu c\u00f3) s\u1ebd \u0111\u01b0\u1ee3c gi\u1ea3i quy\u1ebft theo quy tr\u00ecnh do Grab c\u00f4ng b\u1ed1 v\u00e0 \u00e1p d\u1ee5ng t\u1ea1i t\u1eebng th\u1eddi \u0111i\u1ec3m.<\/span><\/li>\n<li style=\"font-weight: 400\"><span style=\"font-weight: 400\">Ng\u01b0\u1eddi tr\u00fang th\u01b0\u1edfng ph\u1ea3i \u0111\u1ed5i\/nh\u1eadn t\u1ea5t c\u1ea3 gi\u1ea3i th\u01b0\u1edfng trong th\u1eddi h\u1ea1n \u0111\u01b0\u1ee3c th\u00f4ng b\u00e1o b\u1edfi Grab. M\u1ecdi ph\u1ea7n th\u01b0\u1edfng kh\u00f4ng \u0111\u01b0\u1ee3c \u0111\u1ed5i\/nh\u1eadn trong th\u1eddi gian n\u00e0y s\u1ebd \u0111\u01b0\u1ee3c thu h\u1ed3i ho\u1eb7c ti\u00eau h\u1ee7y ho\u1eb7c quy\u00ean g\u00f3p ho\u1eb7c h\u00ecnh th\u1ee9c kh\u00e1c theo to\u00e0n quy\u1ec1n quy\u1ebft \u0111\u1ecbnh c\u1ee7a Grab ho\u1eb7c theo quy \u0111\u1ecbnh c\u1ee7a ph\u00e1p lu\u1eadt hi\u1ec7n h\u00e0nh. Grab s\u1ebd kh\u00f4ng gi\u1ea3i quy\u1ebft b\u1ea5t k\u00ec khi\u1ebfu n\u1ea1i ho\u1eb7c y\u00eau c\u1ea7u b\u1ed3i th\u01b0\u1eddng n\u00e0o li\u00ean quan \u0111\u1ebfn tr\u01b0\u1eddng h\u1ee3p n\u00e0y.<\/span><\/li>\n<li style=\"font-weight: 400\"><span style=\"font-weight: 400\">B\u1eb1ng vi\u1ec7c tham gia ch\u01b0\u01a1ng tr\u00ecnh n\u00e0y, b\u1ea1n x\u00e1c nh\u1eadn \u0111\u00e3 hi\u1ec3u v\u00e0 ch\u1ea5p thu\u1eadn to\u00e0n b\u1ed9 \u0111i\u1ec1u kho\u1ea3n v\u00e0 \u0111i\u1ec1u ki\u1ec7n quy \u0111\u1ecbnh t\u1ea1i th\u1ec3 l\u1ec7 n\u00e0y.<\/span><\/li>\n<li style=\"font-weight: 400\"><span style=\"font-weight: 400\">Ch\u01b0\u01a1ng tr\u00ecnh kh\u00f4ng \u00e1p d\u1ee5ng cho nh\u00e2n vi\u00ean, nh\u00e2n s\u1ef1, \u0111\u1ed1i t\u00e1c c\u00f3 li\u00ean quan th\u1ef1c hi\u1ec7n ch\u01b0\u01a1ng tr\u00ecnh c\u1ee7a C\u00f4ng ty TNHH Grab.<\/span><\/li>\n<li style=\"font-weight: 400\">Nh\u1eefng \u0111i\u1ec1u kho\u1ea3n v\u00e0 \u0111i\u1ec1u ki\u1ec7n c\u1ee7a ch\u01b0\u01a1ng tr\u00ecnh n\u00e0y \u0111\u01b0\u1ee3c \u0111i\u1ec1u ch\u1ec9nh b\u1edfi ph\u00e1p lu\u1eadt c\u1ee7a Vi\u1ec7t Nam. Trong tr\u01b0\u1eddng h\u1ee3p c\u00f3 tranh ch\u1ea5p, C\u00e1c B\u00ean s\u1ebd \u01b0u ti\u00ean gi\u1ea3i quy\u1ebft b\u1eb1ng h\u00f2a gi\u1ea3i v\u00e0 th\u01b0\u01a1ng l\u01b0\u1ee3ng. Trong tr\u01b0\u1eddng h\u1ee3p C\u00e1c B\u00ean kh\u00f4ng th\u1ecfa thu\u1eadn \u0111\u01b0\u1ee3c v\u1edbi nhau v\u1ec1 vi\u1ec7c gi\u1ea3i quy\u1ebft tranh ch\u1ea5p trong v\u00f2ng 30 (ba m\u01b0\u01a1i) ng\u00e0y k\u1ec3 t\u1eeb ng\u00e0y x\u1ea3y ra Tranh Ch\u1ea5p, C\u00e1c B\u00ean c\u00f3 quy\u1ec1n y\u00eau c\u1ea7u Trung t\u00e2m tr\u1ecdng t\u00e0i qu\u1ed1c t\u1ebf Vi\u1ec7t Nam (\u201cVIAC\u201d) b\u00ean c\u1ea1nh Ph\u00f2ng Th\u01b0\u01a1ng m\u1ea1i v\u00e0 C\u00f4ng nghi\u1ec7p Vi\u1ec7t Nam (\u201cVCCI\u201d) gi\u1ea3i quy\u1ebft theo th\u1ee7 t\u1ee5c t\u1ed1 t\u1ee5ng c\u1ee7a c\u01a1 quan tr\u1ecdng t\u00e0i n\u00e0y. N\u01a1i gi\u1ea3i quy\u1ebft tranh ch\u1ea5p s\u1ebd t\u1ea1i Th\u00e0nh ph\u1ed1 H\u1ed3 Ch\u00ed Minh. Ng\u00f4n ng\u1eef gi\u1ea3i quy\u1ebft tranh ch\u1ea5p s\u1ebd b\u1eb1ng Ti\u1ebfng Vi\u1ec7t.<\/li>\n<\/ul>\n<p>&nbsp;<\/p>","protected":false},"excerpt":{"rendered":"&nbsp; \ud83c\udf89 Anh ch\u1ecb n\u00e0o th\u01b0\u1eddng xuy\u00ean \u0111\u1eb7t Grab \u0111i l\u00e0m, \u0111i ch\u01a1i, \u0111i mua s\u1eafm,&#8230;th\u00ec tham gia li\u1ec1n tay \u0111\u1ec3 \u0111\u01b0\u1ee3c ho\u00e0n ti\u1ec1n 100% khi mua c\u00e1c G\u00f3i H\u1ed9i Vi\u00ean sau nha! \ud83c\udf81 01 G\u00f3i H\u1ed9i vi\u00ean \u01b0u \u0111\u00e3i \u0111i GrabBike 1 th\u00e1ng kh\u00f4ng gi\u1edbi h\u1ea1n cu\u1ed1c xe tr\u1ecb gi\u00e1 90.000\u0111\/g\u00f3i \ud83c\udf81 01 G\u00f3i [&hellip;]","protected":false},"author":1250,"featured_media":0,"parent":0,"menu_order":0,"comment_status":"closed","ping_status":"closed","template":"","meta":{"_acf_changed":false,"footnotes":""},"acf":[],"_links":{"self":[{"href":"https:\/\/www.grab.com\/vn\/en\/wp-json\/wp\/v2\/pages\/114975"}],"collection":[{"href":"https:\/\/www.grab.com\/vn\/en\/wp-json\/wp\/v2\/pages"}],"about":[{"href":"https:\/\/www.grab.com\/vn\/en\/wp-json\/wp\/v2\/types\/page"}],"author":[{"embeddable":true,"href":"https:\/\/www.grab.com\/vn\/en\/wp-json\/wp\/v2\/users\/1250"}],"replies":[{"embeddable":true,"href":"https:\/\/www.grab.com\/vn\/en\/wp-json\/wp\/v2\/comments?post=114975"}],"version-history":[{"count":11,"href":"https:\/\/www.grab.com\/vn\/en\/wp-json\/wp\/v2\/pages\/114975\/revisions"}],"predecessor-version":[{"id":115267,"href":"https:\/\/www.grab.com\/vn\/en\/wp-json\/wp\/v2\/pages\/114975\/revisions\/115267"}],"wp:attachment":[{"href":"https:\/\/www.grab.com\/vn\/en\/wp-json\/wp\/v2\/media?parent=114975"}],"curies":[{"name":"wp","href":"https:\/\/api.w.org\/{rel}","templated":true}]}}