{"id":113816,"date":"2022-03-30T16:59:26","date_gmt":"2022-03-30T08:59:26","guid":{"rendered":"https:\/\/www.grab.com\/vn\/?page_id=113816"},"modified":"2022-03-31T15:13:12","modified_gmt":"2022-03-31T07:13:12","slug":"dat-grabcar-ra-san-bay-an-toan-chill-le","status":"publish","type":"page","link":"https:\/\/www.grab.com\/vn\/en\/dat-grabcar-ra-san-bay-an-toan-chill-le\/","title":{"rendered":"\u0110\u1eb6T GRABCAR RA S\u00c2N BAY, AN TO\u00c0N &#8220;CHILL&#8221; L\u1ec4"},"content":{"rendered":"<p><img loading=\"lazy\" decoding=\"async\" width=\"1200\" height=\"600\" class=\"aligncenter size-full wp-image-113817\" src=\"https:\/\/assets.grab.com\/wp-content\/uploads\/sites\/11\/2022\/03\/30165517\/1200x600-12.jpg\" alt=\"\" srcset=\"https:\/\/assets.grab.com\/wp-content\/uploads\/sites\/11\/2022\/03\/30165517\/1200x600-12.jpg 1200w, https:\/\/assets.grab.com\/wp-content\/uploads\/sites\/11\/2022\/03\/30165517\/1200x600-12-250x125.jpg 250w, https:\/\/assets.grab.com\/wp-content\/uploads\/sites\/11\/2022\/03\/30165517\/1200x600-12-700x350.jpg 700w, https:\/\/assets.grab.com\/wp-content\/uploads\/sites\/11\/2022\/03\/30165517\/1200x600-12-768x384.jpg 768w, https:\/\/assets.grab.com\/wp-content\/uploads\/sites\/11\/2022\/03\/30165517\/1200x600-12-120x60.jpg 120w\" sizes=\"(max-width: 1200px) 100vw, 1200px\" \/><\/p>\n<p>&nbsp;<\/p>\n<p>\ud83e\uddf3 L\u1ec5 n\u00e0y ai \u0111i Nha Trang, M\u0169i N\u00e9 t\u1eafm bi\u1ec3n, ai \u0111i \u0110\u00e0 L\u1ea1t , \u0110\u0103k N\u00f4ng ng\u1eafm n\u00fai \u0111\u1ed3i,&#8230;c\u1ea7n ra s\u00e2n bay th\u00ec \u0111\u1eb7t ngay GrabCar v\u1eeba an to\u00e0n v\u1eeba ti\u1ebft ki\u1ec7m lu\u00f4n n\u00e8. T\u00e0i x\u1ebf \u0111\u00f3n \u0111\u01b0a t\u1eadn t\u00ecnh, h\u00e0nh l\u00fd kh\u00f4ng ph\u1ea3i x\u00e1ch mang, l\u1ea1i c\u00f2n \u0111\u01b0\u1ee3c \u01b0u \u0111\u00e3i 20% c\u01b0\u1edbc ph\u00ed n\u1eefa n\u00e8.<\/p>\n<p>\ud83c\udf81Nh\u1eadp m\u00e3 TANSONNHAT khi \u0111\u1ebfn s\u00e2n bay T\u00e2n S\u01a1n Nh\u1ea5t t\u1ea1i Th\u00e0nh ph\u1ed1 H\u1ed3 Ch\u00ed Minh, hay nh\u1eadp m\u00e3 NOIBAI khi \u0111\u1ebfn s\u00e2n bay N\u1ed9i B\u00e0i t\u1ea1i H\u00e0 N\u1ed9i \u0111\u1ec3 nh\u1eadn \u0111\u01b0\u1ee3c \u01b0u \u0111\u00e3i c\u1ea3 nh\u00e0 nh\u00e9.<\/p>\n<p>\ud83d\udcf1 &#8220;Pack&#8221; \u0111\u1ed3, l\u00ean xe \u0111i chill th\u00f4i!<\/p>\n<p>L\u01b0u \u00fd:<br \/>\n\u2705(*) Ch\u01b0\u01a1ng tr\u00ecnh \u01b0u \u0111\u00e3i \u00e1p d\u1ee5ng t\u1ea1i Th\u00e0nh ph\u1ed1 H\u1ed3 Ch\u00ed Minh v\u00e0 H\u00e0 N\u1ed9i.<br \/>\n\u2705(*) Ch\u01b0\u01a1ng tr\u00ecnh ch\u1ec9 \u00e1p d\u1ee5ng cho ph\u01b0\u01a1ng th\u1ee9c thanh to\u00e1n kh\u00f4ng ti\u1ec1n m\u1eb7t<br \/>\n\u2705(*) S\u1ed1 l\u01b0\u1ee3ng m\u00e3 \u01b0u \u0111\u00e3i c\u00f3 gi\u1edbi h\u1ea1n v\u00e0 ch\u01b0\u01a1ng tr\u00ecnh c\u00f3 th\u1ec3 k\u1ebft th\u00fac s\u1edbm h\u01a1n d\u1ef1 ki\u1ebfn. Xem chi ti\u1ebft ch\u01b0\u01a1ng tr\u00ecnh t\u1ea1i \u0111\u00e2y: https:\/\/grb.to\/3Ls5S0g<\/p>\n<p>\u0110\u1eb7t Grab, nh\u1edb tr\u1ea3 th\u1ebb\/ v\u00ed Moca \u0111\u1ec3 lu\u00f4n an to\u00e0n v\u00e0 h\u01b0\u1edfng \u01b0u \u0111\u00e3i t\u1ed1t h\u01a1n nha.<br \/>\nK\u00edch ho\u1ea1t V\u00ed Moca: <a href=\"https:\/\/grb.to\/KichHoatViMoca\">https:\/\/grb.to\/KichHoatViMoca<\/a><br \/>\nho\u1eb7c li\u00ean k\u1ebft th\u1ebb v\u00e0o Grab ngay:<a href=\"https:\/\/grb.to\/GanTheThanhToanTT\">https:\/\/grb.to\/GanTheThanhToanTT<\/a><\/p>\n<p>#GrabCar #TanSonNhat #NoiBai<\/p>\n<p><!--more--><\/p>\n<p>&nbsp;<\/p>\n<p><strong>Xem chi ti\u1ebft ch\u01b0\u01a1ng tr\u00ecnh m\u00e3 TANSONNHAT t\u1ea1i \u0111\u00e2y:<\/strong><\/p>\n<p>&#8211; Nh\u1eadp m\u00e3: TANSONNHAT Nh\u1eadn ngay \u01b0u \u0111\u00e3i 20% (t\u1ed1i \u0111a 200.000\u0111)<\/p>\n<p>&#8211; \u01afu \u0111\u00e3i \u00e1p d\u1ee5ng cho c\u00e1c chuy\u1ebfn xe c\u00f3 c\u01b0\u1edbc ph\u00ed t\u1eeb 100.000\u0111 tr\u1edf l\u00ean<\/p>\n<p>&#8211; \u00c1p d\u1ee5ng cho c\u00e1c d\u1ecbch v\u1ee5 di chuy\u1ec3n GrabCar\/GrabCar Protect\/ GrabCar Doanh Nghi\u1ec7p\/ GrabCar Plus\/ GrabCar Economy c\u00f3 \u0111i\u1ec3m \u0111\u00f3n ho\u1eb7c \u0111i\u1ec3m \u0111\u1ebfn t\u1ea1i s\u00e2n bay T\u00e2n S\u01a1n Nh\u1ea5t.<\/p>\n<p>&#8211; \u01afu \u0111\u00e3i ch\u1ec9 \u00e1p d\u1ee5ng khi thanh to\u00e1n kh\u00f4ng ti\u1ec1n m\u1eb7t (qua V\u00ed Moca ho\u1eb7c Th\u1ebb ng\u00e2n h\u00e0ng)<\/p>\n<p>&#8211; \u01afu \u0111\u00e3i kh\u00f4ng bao g\u1ed3m ph\u1ee5 ph\u00ed, ng\u01b0\u1eddi d\u00f9ng vui l\u00f2ng thanh to\u00e1n ph\u1ee5 ph\u00ed (n\u1ebfu c\u00f3) v\u1edbi \u0110\u1ed1i t\u00e1c t\u00e0i x\u1ebf<\/p>\n<p>&#8211; S\u1ed1 l\u01b0\u1ee3ng \u01b0u \u0111\u00e3i c\u00f3 gi\u1edbi h\u1ea1n v\u00e0 ch\u01b0\u01a1ng tr\u00ecnh c\u00f3 th\u1ec3 k\u1ebft th\u00fac s\u1edbm h\u01a1n d\u1ef1 ki\u1ebfn.<\/p>\n<p>&nbsp;<\/p>\n<p><strong>Xem chi ti\u1ebft ch\u01b0\u01a1ng tr\u00ecnh m\u00e3 NOIBAI t\u1ea1i \u0111\u00e2y:<\/strong><\/p>\n<p>&#8211; Nh\u1eadp m\u00e3 NOIBAI \u01b0u \u0111\u00e3i 20% t\u1ed1i \u0111a 50.000\u0111 cho chuy\u1ebfn xe GrabCar t\u1eeb 200.000\u0111.<\/p>\n<p>&#8211; \u00c1p d\u1ee5ng cho c\u00e1c d\u1ecbch v\u1ee5 GrabCar\/GrabCar Protect\/ GrabCar Doanh Nghi\u1ec7p\/ GrabCar Plus\/ GrabCar Economy.<\/p>\n<p>&#8211; \u01afu \u0111\u00e3i \u00e1p d\u1ee5ng cho c\u00e1c chuy\u1ebfn xe c\u00f3 \u0111i\u1ec3m \u0111\u1ebfn\/ \u0111i\u1ec3m \u0111\u00f3n t\u1ea1i S\u00e2n Bay N\u1ed9i B\u00e0i.<\/p>\n<p>&#8211; \u01afu \u0111\u00e3i kh\u00f4ng bao g\u1ed3m ph\u1ee5 ph\u00ed, ng\u01b0\u1eddi d\u00f9ng vui l\u00f2ng thanh to\u00e1n ph\u1ea7n ph\u1ee5 ph\u00ed n\u00e0y v\u1edbi \u0110\u1ed1i t\u00e1c t\u00e0i x\u1ebf.<\/p>\n<p>&#8211; \u01afu \u0111\u00e3i ch\u1ec9 \u00e1p d\u1ee5ng khi thanh to\u00e1n kh\u00f4ng ti\u1ec1n m\u1eb7t (qua V\u00ed Moca ho\u1eb7c Th\u1ebb ng\u00e2n h\u00e0ng).<\/p>\n<p>&#8211; S\u1ed1 l\u01b0\u1ee3ng \u01b0u \u0111\u00e3i c\u00f3 gi\u1edbi h\u1ea1n m\u1ed7i ng\u00e0y.<\/p>\n<p>&nbsp;<\/p>\n<p><!--more--><\/p>\n<p><a href=\"https:\/\/grab.onelink.me\/2695613898\/datxengay\"><img loading=\"lazy\" decoding=\"async\" class=\"aligncenter wp-image-109009\" src=\"https:\/\/assets.grab.com\/wp-content\/uploads\/sites\/11\/2022\/01\/20122452\/CTA-012.png\" alt=\"\" width=\"204\" height=\"50\" \/><\/a><\/p>","protected":false},"excerpt":{"rendered":"&nbsp; \ud83e\uddf3 L\u1ec5 n\u00e0y ai \u0111i Nha Trang, M\u0169i N\u00e9 t\u1eafm bi\u1ec3n, ai \u0111i \u0110\u00e0 L\u1ea1t , \u0110\u0103k N\u00f4ng ng\u1eafm n\u00fai \u0111\u1ed3i,&#8230;c\u1ea7n ra s\u00e2n bay th\u00ec \u0111\u1eb7t ngay GrabCar v\u1eeba an to\u00e0n v\u1eeba ti\u1ebft ki\u1ec7m lu\u00f4n n\u00e8. T\u00e0i x\u1ebf \u0111\u00f3n \u0111\u01b0a t\u1eadn t\u00ecnh, h\u00e0nh l\u00fd kh\u00f4ng ph\u1ea3i x\u00e1ch mang, l\u1ea1i c\u00f2n \u0111\u01b0\u1ee3c \u01b0u \u0111\u00e3i 20% [&hellip;]","protected":false},"author":1250,"featured_media":0,"parent":0,"menu_order":0,"comment_status":"closed","ping_status":"closed","template":"","meta":{"_acf_changed":false,"footnotes":""},"acf":[],"_links":{"self":[{"href":"https:\/\/www.grab.com\/vn\/en\/wp-json\/wp\/v2\/pages\/113816"}],"collection":[{"href":"https:\/\/www.grab.com\/vn\/en\/wp-json\/wp\/v2\/pages"}],"about":[{"href":"https:\/\/www.grab.com\/vn\/en\/wp-json\/wp\/v2\/types\/page"}],"author":[{"embeddable":true,"href":"https:\/\/www.grab.com\/vn\/en\/wp-json\/wp\/v2\/users\/1250"}],"replies":[{"embeddable":true,"href":"https:\/\/www.grab.com\/vn\/en\/wp-json\/wp\/v2\/comments?post=113816"}],"version-history":[{"count":5,"href":"https:\/\/www.grab.com\/vn\/en\/wp-json\/wp\/v2\/pages\/113816\/revisions"}],"predecessor-version":[{"id":113939,"href":"https:\/\/www.grab.com\/vn\/en\/wp-json\/wp\/v2\/pages\/113816\/revisions\/113939"}],"wp:attachment":[{"href":"https:\/\/www.grab.com\/vn\/en\/wp-json\/wp\/v2\/media?parent=113816"}],"curies":[{"name":"wp","href":"https:\/\/api.w.org\/{rel}","templated":true}]}}