{"id":112308,"date":"2022-03-14T12:14:22","date_gmt":"2022-03-14T04:14:22","guid":{"rendered":"https:\/\/www.grab.com\/vn\/?page_id=112308"},"modified":"2022-03-15T15:55:49","modified_gmt":"2022-03-15T07:55:49","slug":"cu-di-grab-la-co-uu-dai","status":"publish","type":"page","link":"https:\/\/www.grab.com\/vn\/en\/cu-di-grab-la-co-uu-dai\/","title":{"rendered":"C\u1ee8 \u0110I GRAB L\u00c0 C\u00d3 \u01afU \u0110\u00c3I"},"content":{"rendered":"<p><img loading=\"lazy\" decoding=\"async\" width=\"1200\" height=\"600\" class=\"aligncenter size-full wp-image-112421\" src=\"https:\/\/assets.grab.com\/wp-content\/uploads\/sites\/11\/2022\/03\/15105408\/Grab-Timetable-1200x600-1.png\" alt=\"\" srcset=\"https:\/\/assets.grab.com\/wp-content\/uploads\/sites\/11\/2022\/03\/15105408\/Grab-Timetable-1200x600-1.png 1200w, https:\/\/assets.grab.com\/wp-content\/uploads\/sites\/11\/2022\/03\/15105408\/Grab-Timetable-1200x600-1-250x125.png 250w, https:\/\/assets.grab.com\/wp-content\/uploads\/sites\/11\/2022\/03\/15105408\/Grab-Timetable-1200x600-1-768x384.png 768w, https:\/\/assets.grab.com\/wp-content\/uploads\/sites\/11\/2022\/03\/15105408\/Grab-Timetable-1200x600-1-700x350.png 700w, https:\/\/assets.grab.com\/wp-content\/uploads\/sites\/11\/2022\/03\/15105408\/Grab-Timetable-1200x600-1-120x60.png 120w\" sizes=\"(max-width: 1200px) 100vw, 1200px\" \/><\/p>\n<p>&nbsp;<\/p>\n<p>\ud83c\udf1f B\u1ea5t k\u1ec3 ng\u00e0y n\u00e0o, c\u1ee9 \u0111i Grab l\u00e0 c\u00f3 \u01b0u \u0111\u00e3i \ud83c\udf1f<\/p>\n<p>\ud83c\udf89 Tha h\u1ed3 \u0111\u1eb7t Grab \u0111i ch\u01a1i, \u0111i h\u1ecdc, \u0111i l\u00e0m, v\u1eeba \u0111\u01b0\u1ee3c \u01b0u \u0111\u00e3i c\u01b0\u1edbc ph\u00ed di chuy\u1ec3n, v\u1eeba \u0111\u01b0\u1ee3c nh\u1eadn nguy\u00ean m\u1ed9t &#8220;b\u1ed9 s\u01b0u t\u1eadp&#8221; voucher x\u1ecbn-s\u00f2 t\u1eeb GrabFood, GrabMart, GrabExpress v\u00e0 V\u00ed Moca lu\u00f4n n\u00e8!<\/p>\n<p>\ud83d\udef5 T\u1eeb th\u1ee9 Hai \u0111\u1ebfn Ch\u1ee7 Nh\u1eadt, ng\u00e0y n\u00e0o \u0111i Grab c\u0169ng c\u00f3 \u01b0u \u0111\u00e3i h\u1ebft lu\u00f4n nha:<\/p>\n<p>\ud83c\udf8a Th\u1ee9 Hai, th\u1ee9 N\u0103m v\u00e0 Ch\u1ee7 Nh\u1eadt: \u01b0u \u0111\u00e3i m\u00f3n ngon GrabFood \ud83c\udf5c<br \/>\n\ud83c\udf8a Th\u1ee9 Ba \u01b0u \u0111\u00e3i giao h\u00e0ng GrabExpress \ud83d\udce6<br \/>\n\ud83c\udf8a Th\u1ee9 T\u01b0, th\u1ee9 B\u1ea3y \u01b0u \u0111\u00e3i \u0111i ch\u1ee3 t\u1eeb GrabMart \ud83e\udd90<br \/>\n\ud83c\udf8a Th\u1ee9 S\u00e1u \u01b0u \u0111\u00e3i t\u1eeb V\u00ed Moca \ud83d\udcf2<\/p>\n<p>\ud83d\ude98 C\u00f2n ch\u1edd g\u00ec m\u00e0 kh\u00f4ng nhanh tay l\u01b0u chi\u1ebfc th\u1eddi kho\u00e1 &#8220;deal&#8221; n\u00e0y l\u1ea1i v\u00e0 t\u1eadn h\u01b0\u1edfng \u01b0u \u0111\u00e3i n\u00e8 c\u1ea3 nh\u00e0 m\u00ecnh \u01a1i, l\u00ean xe th\u00f4i!<\/p>\n<p>&nbsp;<\/p>\n<p><!--more--><\/p>\n<h2 style=\"text-align: center\"><span style=\"color: #339966\"><strong>TH\u1edcI KH\u00d3A &#8220;DEAL&#8221;<\/strong><\/span><\/h2>\n<p><img loading=\"lazy\" decoding=\"async\" width=\"1185\" height=\"286\" class=\"aligncenter size-full wp-image-112324\" src=\"https:\/\/assets.grab.com\/wp-content\/uploads\/sites\/11\/2022\/03\/14142548\/Screenshot-2022-03-14-132522.png\" alt=\"\" srcset=\"https:\/\/assets.grab.com\/wp-content\/uploads\/sites\/11\/2022\/03\/14142548\/Screenshot-2022-03-14-132522.png 1185w, https:\/\/assets.grab.com\/wp-content\/uploads\/sites\/11\/2022\/03\/14142548\/Screenshot-2022-03-14-132522-250x60.png 250w, https:\/\/assets.grab.com\/wp-content\/uploads\/sites\/11\/2022\/03\/14142548\/Screenshot-2022-03-14-132522-768x185.png 768w, https:\/\/assets.grab.com\/wp-content\/uploads\/sites\/11\/2022\/03\/14142548\/Screenshot-2022-03-14-132522-700x169.png 700w, https:\/\/assets.grab.com\/wp-content\/uploads\/sites\/11\/2022\/03\/14142548\/Screenshot-2022-03-14-132522-120x29.png 120w\" sizes=\"(max-width: 1185px) 100vw, 1185px\" \/><\/p>\n<p><!--more--><\/p>\n<p>&nbsp;<\/p>\n<p><strong>Xem chi ti\u1ebft ch\u01b0\u01a1ng tr\u00ecnh \u01b0u \u0111\u00e3i c\u1ee7a GrabFood t\u1ea1i \u0111\u00e2y<\/strong><\/p>\n<p><strong><span style=\"color: #339966\">1\/ \u01afu \u0111\u00e3i 35.000\u0111 cho \u0111\u01a1n h\u00e0ng t\u1eeb 150.000\u0111.<\/span><\/strong><\/p>\n<p>&#8211; \u00c1p d\u1ee5ng cho t\u1ea5t c\u1ea3 h\u00ecnh th\u1ee9c thanh to\u00e1n.<\/p>\n<p>&#8211; \u00c1p d\u1ee5ng cho c\u00e1c c\u1eeda h\u00e0ng c\u00f3 hi\u1ec3n th\u1ecb \u01b0u \u0111\u00e3i tr\u00ean GrabFood.<\/p>\n<p>&#8211; \u00c1p d\u1ee5ng tr\u00ean gi\u00e1 tr\u1ecb \u0111\u01a1n h\u00e0ng, kh\u00f4ng \u00e1p d\u1ee5ng tr\u00ean ph\u00ed giao h\u00e0ng.<\/p>\n<p>&#8211; S\u1ed1 l\u01b0\u1ee3ng \u01b0u \u0111\u00e3i gi\u1edbi h\u1ea1n m\u1ed7i ng\u00e0y.<\/p>\n<p>&#8211; Kh\u00f4ng \u00e1p d\u1ee5ng \u0111\u1ed3ng th\u1eddi c\u00e1c ch\u01b0\u01a1ng tr\u00ecnh \u01b0u \u0111\u00e3i kh\u00e1c.<\/p>\n<p>&nbsp;<\/p>\n<p><span style=\"color: #339966\"><strong>2\/\u01afu \u0111\u00e3i 50% cho \u0111\u01a1n h\u00e0ng b\u1ea5t k\u00ec, gi\u1ea3m t\u1ed1i \u0111a 100,000\u0111 cho \u0111\u01a1n h\u00e0ng GrabFood \u0111\u1ea7u ti\u00ean<\/strong> <\/span><\/p>\n<p>&#8211; \u00c1p d\u1ee5ng cho t\u1ea5t c\u1ea3 h\u00ecnh th\u1ee9c thanh to\u00e1n.<\/p>\n<p>&#8211; \u00c1p d\u1ee5ng t\u1ea5t c\u1ea3 \u0111\u1ed1i t\u00e1c nh\u00e0 h\u00e0ng tr\u00ean GrabFood<\/p>\n<p>&#8211; \u00c1p d\u1ee5ng tr\u00ean gi\u00e1 tr\u1ecb \u0111\u01a1n h\u00e0ng, kh\u00f4ng \u00e1p d\u1ee5ng tr\u00ean ph\u00ed v\u1eadn chuy\u1ec3n.<\/p>\n<p>&#8211; M\u1ed7i kh\u00e1ch h\u00e0ng c\u00f3 th\u1ec3 s\u1eed d\u1ee5ng \u01b0u \u0111\u00e3i t\u1ed1i \u0111a 01 l\u1ea7n trong su\u1ed1t th\u1eddi gian di\u1ec5n ra ch\u01b0\u01a1ng tr\u00ecnh.<\/p>\n<p>&#8211; Kh\u00f4ng \u00e1p d\u1ee5ng \u0111\u1ed3ng th\u1eddi c\u00e1c ch\u01b0\u01a1ng tr\u00ecnh \u01b0u \u0111\u00e3i kh\u00e1c.<\/p>\n<p>&nbsp;<\/p>\n<p><span style=\"color: #339966\"><strong>3\/ \u01afu \u0111\u00e3i 20.000\u0111 cho \u0111\u01a1n h\u00e0ng t\u1eeb 60.000\u0111.<\/strong><\/span><br \/>\n&#8211; \u00c1p d\u1ee5ng cho t\u1ea5t c\u1ea3 h\u00ecnh th\u1ee9c thanh to\u00e1n.<br \/>\n&#8211; \u00c1p d\u1ee5ng t\u1ea5t c\u1ea3 \u0111\u1ed1i t\u00e1c nh\u00e0 h\u00e0ng tr\u00ean GrabFood<br \/>\n&#8211; \u00c1p d\u1ee5ng tr\u00ean gi\u00e1 tr\u1ecb \u0111\u01a1n h\u00e0ng, kh\u00f4ng \u00e1p d\u1ee5ng tr\u00ean ph\u00ed v\u1eadn chuy\u1ec3n.<br \/>\n&#8211; M\u1ed7i kh\u00e1ch h\u00e0ng c\u00f3 th\u1ec3 s\u1eed d\u1ee5ng \u01b0u \u0111\u00e3i t\u1ed1i \u0111a 01 l\u1ea7n trong su\u1ed1t th\u1eddi gian di\u1ec5n ra ch\u01b0\u01a1ng tr\u00ecnh.<br \/>\n&#8211; Kh\u00f4ng \u00e1p d\u1ee5ng \u0111\u1ed3ng th\u1eddi c\u00e1c ch\u01b0\u01a1ng tr\u00ecnh \u01b0u \u0111\u00e3i kh\u00e1c.<\/p>\n<p>&nbsp;<\/p>\n<p><strong>Xem chi ti\u1ebft ch\u01b0\u01a1ng tr\u00ecnh \u01b0u \u0111\u00e3i c\u1ee7a GrabExpress t\u1ea1i \u0111\u00e2y<\/strong><\/p>\n<p><span style=\"color: #339966\"><strong>1\/\u01afu \u0111\u00e3i 33% t\u1ed1i \u0111a 33.000\u0111<\/strong><\/span><\/p>\n<p>&#8211; \u01afu \u0111\u00e3i 33% (t\u1ed1i \u0111a 33.000\u0111) cho c\u00e1c chuy\u1ebfn xe GrabExpress Si\u00eau T\u1ed1c\/GrabExpress Si\u00eau T\u1ed1c COD\/ GrabExpress Si\u00eau T\u1ed1c Premium\/ GrabExpress Si\u00eau T\u1ed1c (Giao t\u1eadn tay)\/ GrabExpress Si\u00eau T\u1ed1c (Th\u1ef1c Ph\u1ea9m)\/ GrabExpress (Th\u1ebb\/v\u00ed)\/ GrabExpress Si\u00eau T\u1ed1c (Si\u00eau th\u1ecb).<br \/>\n&#8211; \u00c1p d\u1ee5ng t\u1ea1i th\u00e0nh ph\u1ed1 H\u1ed3 Ch\u00ed Minh v\u00e0 H\u00e0 N\u1ed9i.<br \/>\n&#8211; \u00c1p d\u1ee5ng cho m\u1ecdi ph\u01b0\u01a1ng th\u1ee9c thanh to\u00e1n.<br \/>\n&#8211; \u01afu \u0111\u00e3i kh\u00f4ng bao g\u1ed3m ph\u1ee5 ph\u00ed n\u1ec1n t\u1ea3ng, ng\u01b0\u1eddi d\u00f9ng vui l\u00f2ng thanh to\u00e1n ph\u1ea7n ph\u1ee5 ph\u00ed (n\u1ebfu c\u00f3) v\u1edbi \u0110\u1ed1i t\u00e1c t\u00e0i x\u1ebf.<br \/>\n&#8211; Ch\u1ec9 \u00e1p d\u1ee5ng cho ng\u01b0\u1eddi d\u00f9ng nh\u1eadn \u0111\u01b0\u1ee3c th\u00f4ng b\u00e1o.<br \/>\n&#8211; Ch\u1ec9 \u00e1p d\u1ee5ng v\u1edbi phi\u00ean b\u1ea3n app m\u1edbi nh\u1ea5t.<\/p>\n<p>&nbsp;<\/p>\n<p><strong><span style=\"color: #339966\">2\/ \u0110\u1ed3ng gi\u00e1 1.000\u0111\u00a0<\/span><\/strong><\/p>\n<p>&#8211; \u0110\u1ed3ng gi\u00e1 1.000\u0111 cho c\u00e1c chuy\u1ebfn xe GrabExpress Si\u00eau T\u1ed1c\/GrabExpress Si\u00eau T\u1ed1c COD\/ GrabExpress Si\u00eau T\u1ed1c Premium\/ GrabExpress Si\u00eau T\u1ed1c (Giao t\u1eadn tay)\/ GrabExpress Si\u00eau T\u1ed1c (Th\u1ef1c Ph\u1ea9m)\/ GrabExpress (Th\u1ebb\/v\u00ed)\/ GrabExpress Si\u00eau T\u1ed1c (Si\u00eau th\u1ecb).<br \/>\n&#8211; \u00c1p d\u1ee5ng cho c\u00e1c chuy\u1ebfn xe c\u00f3 c\u01b0\u1edbc ph\u00ed d\u01b0\u1edbi ho\u1eb7c b\u1eb1ng 30.000\u0111.<br \/>\n&#8211; V\u1edbi c\u00e1c chuy\u1ebfn xe c\u00f3 c\u01b0\u1edbc ph\u00ed t\u1eeb 31.000\u0111 tr\u1edf l\u00ean, \u01b0u \u0111\u00e3i t\u1ed1i \u0111a 29.000\u0111.<br \/>\n&#8211; \u00c1p d\u1ee5ng t\u1ea1i th\u00e0nh ph\u1ed1 H\u1ed3 Ch\u00ed Minh v\u00e0 H\u00e0 N\u1ed9i.<br \/>\n&#8211; \u00c1p d\u1ee5ng cho m\u1ecdi ph\u01b0\u01a1ng th\u1ee9c thanh to\u00e1n.<br \/>\n&#8211; \u01afu \u0111\u00e3i kh\u00f4ng bao g\u1ed3m ph\u1ee5 ph\u00ed n\u1ec1n t\u1ea3ng, ng\u01b0\u1eddi d\u00f9ng vui l\u00f2ng thanh to\u00e1n ph\u1ea7n ph\u1ee5 ph\u00ed (n\u1ebfu c\u00f3) v\u1edbi \u0110\u1ed1i t\u00e1c t\u00e0i x\u1ebf.<br \/>\n&#8211; Ch\u1ec9 \u00e1p d\u1ee5ng cho ng\u01b0\u1eddi d\u00f9ng nh\u1eadn \u0111\u01b0\u1ee3c th\u00f4ng b\u00e1o.<br \/>\n&#8211; Ch\u1ec9 \u00e1p d\u1ee5ng v\u1edbi phi\u00ean b\u1ea3n app m\u1edbi nh\u1ea5t.<\/p>\n<p>&nbsp;<\/p>\n<p><span style=\"color: #339966\"><strong>3\/ \u01afu \u0111\u00e3i 33%<\/strong><\/span><\/p>\n<p>&#8211; \u01afu \u0111\u00e3i 33% cho c\u00e1c chuy\u1ebfn xe GrabExpress Si\u00eau T\u1ed1c\/GrabExpress Si\u00eau T\u1ed1c COD\/ GrabExpress Si\u00eau T\u1ed1c Premium\/ GrabExpress Si\u00eau T\u1ed1c (Giao t\u1eadn tay)\/ GrabExpress Si\u00eau T\u1ed1c (Th\u1ef1c Ph\u1ea9m)\/ GrabExpress (Th\u1ebb\/v\u00ed)\/ GrabExpress Si\u00eau T\u1ed1c (Si\u00eau th\u1ecb).<br \/>\n&#8211; \u00c1p d\u1ee5ng t\u1ea1i th\u00e0nh ph\u1ed1 H\u1ed3 Ch\u00ed Minh v\u00e0 H\u00e0 N\u1ed9i.<br \/>\n&#8211; \u00c1p d\u1ee5ng cho m\u1ecdi ph\u01b0\u01a1ng th\u1ee9c thanh to\u00e1n.<br \/>\n&#8211; \u01afu \u0111\u00e3i kh\u00f4ng bao g\u1ed3m ph\u1ee5 ph\u00ed n\u1ec1n t\u1ea3ng, ng\u01b0\u1eddi d\u00f9ng vui l\u00f2ng thanh to\u00e1n ph\u1ea7n ph\u1ee5 ph\u00ed (n\u1ebfu c\u00f3) v\u1edbi \u0110\u1ed1i t\u00e1c t\u00e0i x\u1ebf.<br \/>\n&#8211; Ch\u1ec9 \u00e1p d\u1ee5ng cho ng\u01b0\u1eddi d\u00f9ng nh\u1eadn \u0111\u01b0\u1ee3c th\u00f4ng b\u00e1o.<br \/>\n&#8211; Ch\u1ec9 \u00e1p d\u1ee5ng v\u1edbi phi\u00ean b\u1ea3n app m\u1edbi nh\u1ea5t.<\/p>\n<p>&nbsp;<\/p>\n<p><strong>Xem chi ti\u1ebft ch\u01b0\u01a1ng tr\u00ecnh \u01b0u \u0111\u00e3i c\u1ee7a GrabMart t\u1ea1i \u0111\u00e2y<\/strong><\/p>\n<p><span style=\"color: #339966\"><strong>1\/ \u01afu \u0111\u00e3i 50,000\u0111 cho \u0111\u01a1n h\u00e0ng t\u1eeb 300,000\u0111.<\/strong><\/span><br \/>\n&#8211; M\u1ed7i ng\u01b0\u1eddi d\u00f9ng \u0111\u01b0\u1ee3c s\u1eed d\u1ee5ng \u01b0u \u0111\u00e3i t\u1ed1i \u0111a 1 l\u1ea7n xuy\u00ean su\u1ed1t ch\u01b0\u01a1ng tr\u00ecnh.<br \/>\n&#8211; \u00c1p d\u1ee5ng cho c\u00e1c c\u1eeda h\u00e0ng hi\u1ec3n th\u1ecb \u01b0u \u0111\u00e3i tr\u00ean GrabMart.<br \/>\n&#8211; Ch\u1ec9 \u00e1p d\u1ee5ng tr\u00ean tr\u00ean gi\u00e1 tr\u1ecb \u0111\u01a1n h\u00e0ng, kh\u00f4ng \u00e1p d\u1ee5ng tr\u00ean ph\u00ed giao h\u00e0ng.<br \/>\n&#8211; S\u1ed1 l\u01b0\u1ee3ng \u01b0u \u0111\u00e3i gi\u1edbi h\u1ea1n xuy\u00ean su\u1ed1t ch\u01b0\u01a1ng tr\u00ecnh.<br \/>\n&#8211; Ch\u01b0\u01a1ng tr\u00ecnh khuy\u1ebfn m\u00e3i c\u00f3 th\u1ec3 k\u1ebft th\u00fac s\u1edbm h\u01a1n d\u1ef1 ki\u1ebfn.<br \/>\n&#8211; Kh\u00f4ng \u00e1p d\u1ee5ng \u0111\u1ed3ng th\u1eddi c\u00e1c ch\u01b0\u01a1ng tr\u00ecnh \u01b0u \u0111\u00e3i kh\u00e1c.<\/p>\n<p>&nbsp;<\/p>\n<p><span style=\"color: #339966\"><strong>2\/ \u01afu \u0111\u00e3i 25%, t\u1ed1i \u0111a 70,000\u0111 cho \u0111\u01a1n h\u00e0ng b\u1ea5t k\u00ec<\/strong><\/span><br \/>\n&#8211; M\u1ed7i ng\u01b0\u1eddi d\u00f9ng \u0111\u01b0\u1ee3c s\u1eed d\u1ee5ng \u01b0u \u0111\u00e3i t\u1ed1i \u0111a 1 l\u1ea7n xuy\u00ean su\u1ed1t ch\u01b0\u01a1ng tr\u00ecnh.<br \/>\n&#8211; \u00c1p d\u1ee5ng cho c\u00e1c c\u1eeda h\u00e0ng hi\u1ec3n th\u1ecb \u01b0u \u0111\u00e3i tr\u00ean GrabMart.<br \/>\n&#8211; Ch\u1ec9 \u00e1p d\u1ee5ng tr\u00ean tr\u00ean gi\u00e1 tr\u1ecb \u0111\u01a1n h\u00e0ng, kh\u00f4ng \u00e1p d\u1ee5ng tr\u00ean ph\u00ed giao h\u00e0ng.<br \/>\n&#8211; S\u1ed1 l\u01b0\u1ee3ng \u01b0u \u0111\u00e3i gi\u1edbi h\u1ea1n xuy\u00ean su\u1ed1t ch\u01b0\u01a1ng tr\u00ecnh.<br \/>\n&#8211; Ch\u01b0\u01a1ng tr\u00ecnh khuy\u1ebfn m\u00e3i c\u00f3 th\u1ec3 k\u1ebft th\u00fac s\u1edbm h\u01a1n d\u1ef1 ki\u1ebfn.<br \/>\n&#8211; Kh\u00f4ng \u00e1p d\u1ee5ng \u0111\u1ed3ng th\u1eddi c\u00e1c ch\u01b0\u01a1ng tr\u00ecnh \u01b0u \u0111\u00e3i kh\u00e1c.<\/p>\n<p>&nbsp;<\/p>\n<p><span style=\"color: #339966\"><strong>3\/ \u01afu \u0111\u00e3i 15%, t\u1ed1i \u0111a 50,000\u0111 cho \u0111\u01a1n h\u00e0ng b\u1ea5t k\u00ec.<\/strong><\/span><br \/>\n&#8211; M\u1ed7i ng\u01b0\u1eddi d\u00f9ng \u0111\u01b0\u1ee3c s\u1eed d\u1ee5ng \u01b0u \u0111\u00e3i t\u1ed1i \u0111a 1 l\u1ea7n xuy\u00ean su\u1ed1t ch\u01b0\u01a1ng tr\u00ecnh.<br \/>\n&#8211; \u00c1p d\u1ee5ng cho c\u00e1c c\u1eeda h\u00e0ng hi\u1ec3n th\u1ecb \u01b0u \u0111\u00e3i tr\u00ean GrabMart.<br \/>\n&#8211; Ch\u1ec9 \u00e1p d\u1ee5ng tr\u00ean tr\u00ean gi\u00e1 tr\u1ecb \u0111\u01a1n h\u00e0ng, kh\u00f4ng \u00e1p d\u1ee5ng tr\u00ean ph\u00ed giao h\u00e0ng.<br \/>\n&#8211; S\u1ed1 l\u01b0\u1ee3ng \u01b0u \u0111\u00e3i gi\u1edbi h\u1ea1n xuy\u00ean su\u1ed1t ch\u01b0\u01a1ng tr\u00ecnh.<br \/>\n&#8211; Ch\u01b0\u01a1ng tr\u00ecnh khuy\u1ebfn m\u00e3i c\u00f3 th\u1ec3 k\u1ebft th\u00fac s\u1edbm h\u01a1n d\u1ef1 ki\u1ebfn.<br \/>\n&#8211; Kh\u00f4ng \u00e1p d\u1ee5ng \u0111\u1ed3ng th\u1eddi c\u00e1c ch\u01b0\u01a1ng tr\u00ecnh \u01b0u \u0111\u00e3i kh\u00e1c.<\/p>\n<p>&nbsp;<\/p>\n<p><strong>Xem chi ti\u1ebft ch\u01b0\u01a1ng tr\u00ecnh \u01b0u \u0111\u00e3i c\u1ee7a Moca t\u1ea1i \u0111\u00e2y<\/strong><\/p>\n<p>&#8211; \u00c1p d\u1ee5ng cho thanh to\u00e1n kh\u00f4ng ti\u1ec1n m\u1eb7t (tr\u1ea3 qua th\u1ebb\/ v\u00ed Moca)<br \/>\n&#8211; \u00c1p d\u1ee5ng tr\u00ean to\u00e0n qu\u1ed1c<br \/>\n&#8211; \u00c1p d\u1ee5ng cho c\u00e1c d\u1ecbch v\u1ee5 GrabBike, GrabCar<br \/>\n&#8211; M\u1ed7i kh\u00e1ch h\u00e0ng c\u00f3 th\u1ec3 nh\u1eadn \u01b0u \u0111\u00e3i t\u1ed1i \u0111a 03 l\u1ea7n trong su\u1ed1t th\u1eddi gian di\u1ec5n ra ch\u01b0\u01a1ng tr\u00ecnh.<br \/>\n&#8211; S\u1ed1 l\u01b0\u1ee3ng \u01b0u \u0111\u00e3i c\u00f3 h\u1ea1n trong ng\u00e0y<br \/>\n&#8211; Th\u1eddi gian \u00e1p d\u1ee5ng: th\u1ee9 6 h\u00e0ng tu\u1ea7n t\u1eeb 11\/3 &#8211; 31\/3\/2022<\/p>\n<p>&nbsp;<\/p>\n<p><!--more--><\/p>\n<p><a href=\"https:\/\/grab.onelink.me\/2695613898\/datxengay\"><img loading=\"lazy\" decoding=\"async\" class=\"aligncenter wp-image-109009\" src=\"https:\/\/assets.grab.com\/wp-content\/uploads\/sites\/11\/2022\/01\/20122452\/CTA-012.png\" alt=\"\" width=\"204\" height=\"50\" \/><\/a><\/p>","protected":false},"excerpt":{"rendered":"&nbsp; \ud83c\udf1f B\u1ea5t k\u1ec3 ng\u00e0y n\u00e0o, c\u1ee9 \u0111i Grab l\u00e0 c\u00f3 \u01b0u \u0111\u00e3i \ud83c\udf1f \ud83c\udf89 Tha h\u1ed3 \u0111\u1eb7t Grab \u0111i ch\u01a1i, \u0111i h\u1ecdc, \u0111i l\u00e0m, v\u1eeba \u0111\u01b0\u1ee3c \u01b0u \u0111\u00e3i c\u01b0\u1edbc ph\u00ed di chuy\u1ec3n, v\u1eeba \u0111\u01b0\u1ee3c nh\u1eadn nguy\u00ean m\u1ed9t &#8220;b\u1ed9 s\u01b0u t\u1eadp&#8221; voucher x\u1ecbn-s\u00f2 t\u1eeb GrabFood, GrabMart, GrabExpress v\u00e0 V\u00ed Moca lu\u00f4n n\u00e8! \ud83d\udef5 T\u1eeb th\u1ee9 [&hellip;]","protected":false},"author":1250,"featured_media":0,"parent":0,"menu_order":0,"comment_status":"closed","ping_status":"closed","template":"","meta":{"_acf_changed":false,"footnotes":""},"acf":[],"_links":{"self":[{"href":"https:\/\/www.grab.com\/vn\/en\/wp-json\/wp\/v2\/pages\/112308"}],"collection":[{"href":"https:\/\/www.grab.com\/vn\/en\/wp-json\/wp\/v2\/pages"}],"about":[{"href":"https:\/\/www.grab.com\/vn\/en\/wp-json\/wp\/v2\/types\/page"}],"author":[{"embeddable":true,"href":"https:\/\/www.grab.com\/vn\/en\/wp-json\/wp\/v2\/users\/1250"}],"replies":[{"embeddable":true,"href":"https:\/\/www.grab.com\/vn\/en\/wp-json\/wp\/v2\/comments?post=112308"}],"version-history":[{"count":18,"href":"https:\/\/www.grab.com\/vn\/en\/wp-json\/wp\/v2\/pages\/112308\/revisions"}],"predecessor-version":[{"id":112477,"href":"https:\/\/www.grab.com\/vn\/en\/wp-json\/wp\/v2\/pages\/112308\/revisions\/112477"}],"wp:attachment":[{"href":"https:\/\/www.grab.com\/vn\/en\/wp-json\/wp\/v2\/media?parent=112308"}],"curies":[{"name":"wp","href":"https:\/\/api.w.org\/{rel}","templated":true}]}}