{"id":110744,"date":"2022-02-22T11:36:07","date_gmt":"2022-02-22T03:36:07","guid":{"rendered":"https:\/\/www.grab.com\/vn\/?page_id=110744"},"modified":"2022-02-28T02:17:37","modified_gmt":"2022-02-27T18:17:37","slug":"quoc-te-phu-nu-cung-chi-chieu-em-grab-kem-qua-xin","status":"publish","type":"page","link":"https:\/\/www.grab.com\/vn\/en\/quoc-te-phu-nu-cung-chi-chieu-em-grab-kem-qua-xin\/","title":{"rendered":"Qu\u1ed1c T\u1ebf Ph\u1ee5 N\u1eef, C\u01b0ng ch\u1ecb chi\u1ec1u em, Grab k\u00e8m qu\u00e0 x\u1ecbn!"},"content":{"rendered":"<p><strong>M\u1eebng ng\u00e0y Qu\u1ed1c t\u1ebf Ph\u1ee5 N\u1eef, Grab mang \u0111\u1ebfn th\u1eadt nhi\u1ec1u qu\u00e0 cho ch\u1ecb em n\u00e8!<\/strong><\/p>\n<p>Ch\u00fac m\u1eebng! B\u1ea1n l\u00e0 1 trong 2500 kh\u00e1ch h\u00e0ng may m\u1eafn nh\u1eadn qu\u00e0 <strong>Son d\u01b0\u1ee1ng Cocoon d\u1ea7u d\u1eeba<\/strong>\u00a0t\u1eeb\u00a0<strong>Grab<\/strong>. H\u00e3y th\u1ef1c hi\u1ec7n 2 b\u01b0\u1edbc \u0111\u01a1n gi\u1ea3n sau \u0111\u1ec3 nh\u1eadn th\u00eam <strong>\u01b0u \u0111\u00e3i 40K<\/strong> v\u00e0 c\u00f9ng tham gia <strong>V\u00f2ng quay N\u00e0ng M\u00ea<\/strong> 100% tr\u00fang qu\u00e0 t\u1eeb Grab\u00a0nha:<\/p>\n<p><strong><em>B\u01b0\u1edbc 1:<\/em>\u00a0<\/strong>\u0110\u0103ng h\u00ecnh check-in th\u1eadt xinh v\u1edbi Son v\u00e0 thi\u1ec7p may m\u1eafn c\u1ee7a <strong>Grab <\/strong>l\u00ean trang c\u00e1 nh\u00e2n\/h\u1ed9i nh\u00f3m tr\u00ean Facebook, k\u00e8m hashtag\u00a0<strong>#PhuNu #GrabExpress #GrabCar<\/strong><\/p>\n<p>\ud83d\udc49 Nh\u1edb m\u1edf ch\u1ebf \u0111\u1ed9 c\u00f4ng khai \u0111\u1ec3 Grab c\u00f3 th\u1ec3 xem \u0111\u01b0\u1ee3c nhen! (*)<\/p>\n<p><em><strong>B\u01b0\u1edbc 2:<\/strong><\/em>\u00a0Nh\u1eafn tin t\u1edbi Grab t\u1ea1i\u00a0<a href=\"http:\/\/m.me\/GrabVN\">m.me\/GrabVN<\/a>, nh\u1eadp t\u1eeb kh\u00f3a \u201c<b>Grab c\u01b0ng ch\u1ecb chi\u1ec1u em<\/b>\u201d \u0111\u1ec3 nh\u1eadn ngay\u00a0<strong>02 m\u00e3 n\u1ea1p \u0111i\u1ec7n tho\u1ea1i tr\u1ecb gi\u00e1 20.000\u0111\/m\u00e3,<\/strong>\u00a0ch\u1ec9 d\u00e0nh t\u1eb7ng ri\u00eang b\u1ea1n \u0111\u00f3!<\/p>\n<p>\u0110\u1eb7c bi\u1ec7t t\u1eeb ng\u00e0y 01.03 &#8211; 08.03 khi \u0111\u1eb7t GrabExpress, GrabBike ho\u1eb7c GrabCar nh\u1eadp m\u00e3 <b>PHUNU<\/b>, b\u1ea1n s\u1ebd kh\u00f4ng ch\u1ec9 \u0111\u01b0\u1ee3c gi\u1ea3m gi\u00e1 30% chuy\u1ebfn xe m\u00e0 c\u00f2n nh\u1eadn ngay 1 l\u01b0\u1ee3t quay V\u00f2ng quay N\u00e0ng M\u00ea, quay l\u00e0 tr\u00fang qu\u00e0 th\u00edch m\u00ea!<\/p>\n<p><img decoding=\"async\" src=\"https:\/\/assets.grab.com\/wp-content\/uploads\/sites\/11\/2022\/02\/28015121\/1200x600-171.jpg\" \/><\/p>\n<p><b>C\u00e1c gi\u1ea3i th\u01b0\u1edfng v\u00f4 c\u00f9ng h\u1ea5p d\u1eabn bao g\u1ed3m:<\/b><\/p>\n<p>\u2764\ufe0f Robot h\u00fat b\u1ee5i SHIMONO<\/p>\n<p>\ud83e\udde1\u00a0N\u1ed3i chi\u00ean kh\u00f4ng d\u1ea7u Philips<\/p>\n<p>\ud83d\udc9b\u00a0L\u00f2 vi s\u00f3ng Electrolux<\/p>\n<p>\ud83d\udc9a\u00a0C\u00f9ng h\u00e0ng ng\u00e0n \u01b0u \u0111\u00e3i giao h\u00e0ng, di chuy\u1ec3n, \u0111i ch\u1ee3 t\u1eeb GrabMart, GrabExpress v\u00e0 GrabBike\/GrabCar.<\/p>\n<p><span style=\"font-weight: 400\">\u2705 Chi ti\u1ebft ch\u01b0\u01a1ng tr\u00ecnh xem t\u1ea1i: <\/span><a href=\"https:\/\/www.grab.com\/vn\/en\/vong-quay-may-man-quoc-te-phu-nu\/\"><span style=\"font-weight: 400\">https:\/\/www.grab.com\/vn\/vong-quay-may-man-quoc-te-phu-nu\/<\/span><\/a><\/p>\n<h2 style=\"text-align: center\"><a href=\"https:\/\/grab.onelink.me\/2695613898\/homepage\"><b>\u0110\u1eb7t Grab \u0111\u1ec3 tham gia V\u00f2ng quay N\u00e0ng M\u00ea ngay!<\/b><\/a><\/h2>\n<p>&nbsp;<\/p>\n<p><em style=\"text-align: center\">*B\u1eb1ng vi\u1ec7c tham gia ch\u01b0\u01a1ng tr\u00ecnh, ng\u01b0\u1eddi d\u00f9ng \u0111\u1ed3ng \u00fd r\u1eb1ng C\u00f4ng ty c\u00f3 quy\u1ec1n s\u1eed d\u1ee5ng h\u00ecnh \u1ea3nh v\u00e0 th\u00f4ng tin ng\u01b0\u1eddi d\u00f9ng tr\u00fang th\u01b0\u1edfng \u0111\u1ec3 th\u1ef1c hi\u1ec7n c\u00f4ng t\u00e1c truy\u1ec1n th\u00f4ng m\u00e0 kh\u00f4ng tr\u1ea3 b\u1ea5t c\u1ee9 chi ph\u00ed n\u00e0o.<\/em><\/p>","protected":false},"excerpt":{"rendered":"M\u1eebng ng\u00e0y Qu\u1ed1c t\u1ebf Ph\u1ee5 N\u1eef, Grab mang \u0111\u1ebfn th\u1eadt nhi\u1ec1u qu\u00e0 cho ch\u1ecb em n\u00e8! Ch\u00fac m\u1eebng! B\u1ea1n l\u00e0 1 trong 2500 kh\u00e1ch h\u00e0ng may m\u1eafn nh\u1eadn qu\u00e0 Son d\u01b0\u1ee1ng Cocoon d\u1ea7u d\u1eeba\u00a0t\u1eeb\u00a0Grab. H\u00e3y th\u1ef1c hi\u1ec7n 2 b\u01b0\u1edbc \u0111\u01a1n gi\u1ea3n sau \u0111\u1ec3 nh\u1eadn th\u00eam \u01b0u \u0111\u00e3i 40K v\u00e0 c\u00f9ng tham gia V\u00f2ng quay N\u00e0ng [&hellip;]","protected":false},"author":1211,"featured_media":0,"parent":0,"menu_order":0,"comment_status":"closed","ping_status":"closed","template":"","meta":{"_acf_changed":false,"footnotes":""},"acf":[],"_links":{"self":[{"href":"https:\/\/www.grab.com\/vn\/en\/wp-json\/wp\/v2\/pages\/110744"}],"collection":[{"href":"https:\/\/www.grab.com\/vn\/en\/wp-json\/wp\/v2\/pages"}],"about":[{"href":"https:\/\/www.grab.com\/vn\/en\/wp-json\/wp\/v2\/types\/page"}],"author":[{"embeddable":true,"href":"https:\/\/www.grab.com\/vn\/en\/wp-json\/wp\/v2\/users\/1211"}],"replies":[{"embeddable":true,"href":"https:\/\/www.grab.com\/vn\/en\/wp-json\/wp\/v2\/comments?post=110744"}],"version-history":[{"count":13,"href":"https:\/\/www.grab.com\/vn\/en\/wp-json\/wp\/v2\/pages\/110744\/revisions"}],"predecessor-version":[{"id":111242,"href":"https:\/\/www.grab.com\/vn\/en\/wp-json\/wp\/v2\/pages\/110744\/revisions\/111242"}],"wp:attachment":[{"href":"https:\/\/www.grab.com\/vn\/en\/wp-json\/wp\/v2\/media?parent=110744"}],"curies":[{"name":"wp","href":"https:\/\/api.w.org\/{rel}","templated":true}]}}