{"id":110687,"date":"2022-02-21T13:23:49","date_gmt":"2022-02-21T05:23:49","guid":{"rendered":"https:\/\/www.grab.com\/vn\/?page_id=110687"},"modified":"2022-02-21T13:23:49","modified_gmt":"2022-02-21T05:23:49","slug":"the-le-chuong-trinh-phat-son-duong-cocoon-dau-dua-cho-nguoi-dung-dat-chuyen-grabcar-2","status":"publish","type":"page","link":"https:\/\/www.grab.com\/vn\/en\/the-le-chuong-trinh-phat-son-duong-cocoon-dau-dua-cho-nguoi-dung-dat-chuyen-grabcar-2\/","title":{"rendered":"Th\u1ec3 l\u1ec7 ch\u01b0\u01a1ng tr\u00ecnh Ph\u00e1t Son d\u01b0\u1ee1ng Cocoon d\u1ea7u d\u1eeba cho ng\u01b0\u1eddi d\u00f9ng \u0111\u1eb7t chuy\u1ebfn GrabCar"},"content":{"rendered":"<p><strong>[D\u00c0NH CHO \u0110\u1ed0I T\u00c1C] <\/strong><span style=\"font-weight: 400\">Ch\u01b0\u01a1ng tr\u00ecnh ph\u00e1t Son d\u01b0\u1ee1ng Cocoon d\u1ea7u d\u1eeba cho kh\u00e1ch h\u00e0ng n\u1eef \u0111\u1eb7t chuy\u1ebfn GrabCar t\u1ea1i B\u00ecnh D\u01b0\u01a1ng, \u0110\u00e0 N\u1eb5ng, Nha Trang, L\u00e2m \u0110\u1ed3ng, V\u0169ng T\u00e0u di\u1ec5n ra t\u1eeb 05\/03 &#8211; 08\/03\/2022.<\/span><\/p>\n<p><strong>\u0110\u1ed1i t\u01b0\u1ee3ng nh\u1eadn qu\u00e0: <\/strong>Kh\u00e1ch h\u00e0ng n\u1eef <span style=\"font-weight: 400\">\u0111\u1eb7t chuy\u1ebfn <strong><span style=\"color: #339966\">GrabCar <\/span><\/strong>\u00a0t\u1ea1i B\u00ecnh D\u01b0\u01a1ng, \u0110\u00e0 N\u1eb5ng, Nha Trang, L\u00e2m \u0110\u1ed3ng, V\u0169ng T\u00e0u t\u1eeb 05\/03 &#8211; 08\/03\/2022.<\/span><\/p>\n<p><strong>H\u00ecnh th\u1ee9c:<\/strong><\/p>\n<ul>\n<li><span style=\"font-weight: 400\">V\u1edbi m\u1ed7i chuy\u1ebfn xe GrabCar, \u0111\u1ed1i t\u00e1c s\u1ebd ph\u00e1t 01 Son d\u01b0\u1ee1ng Cocoon d\u1ea7u d\u1eeba cho kh\u00e1ch h\u00e0ng n\u1eef \u0111\u1eb7t chuy\u1ebfn GrabCar.<\/span><\/li>\n<li><span style=\"font-weight: 400\">V\u1edbi m\u1ed7i Son d\u01b0\u1ee1ng Cocoon d\u1ea7u d\u1eeba \u0111\u01b0\u1ee3c ph\u00e1t (t\u01b0\u01a1ng \u1ee9ng v\u1edbi 01 chuy\u1ebfn xe), \u0111\u1ed1i t\u00e1c nh\u1eadn m\u1ee9c h\u1ed7 tr\u1ee3 l\u00e0 10,000\u0111.<\/span><\/li>\n<li><span style=\"font-weight: 400\">M\u1ed7i \u0111\u1ed1i t\u00e1c s\u1ebd \u0111\u01b0\u1ee3c ph\u00e1t t\u1ed1i \u0111a 20 Son d\u01b0\u1ee1ng Cocoon d\u1ea7u d\u1eeba trong su\u1ed1t th\u1eddi gian di\u1ec5n ra ch\u01b0\u01a1ng tr\u00ecnh, t\u01b0\u01a1ng \u1ee9ng v\u1edbi m\u1ee9c th\u01b0\u1edfng t\u1ed1i \u0111a 200,000\u0111\/ng\u01b0\u1eddi.<\/span><\/li>\n<li><span style=\"font-weight: 400\">Trong tr\u01b0\u1eddng h\u1ee3p \u0111\u1ed1i t\u00e1c kh\u00f4ng ph\u00e1t \u0111\u1ee7 20 Son d\u01b0\u1ee1ng Cocoon d\u1ea7u d\u1eeba, s\u1ed1 ti\u1ec1n h\u1ed7 tr\u1ee3 s\u1ebd \u0111\u01b0\u1ee3c t\u00ednh theo s\u1ed1 chuy\u1ebfn th\u1ef1c t\u1ebf \u0111\u1ed1i t\u00e1c \u0111\u00e3 th\u1ef1c hi\u1ec7n.<\/span><\/li>\n<li><span style=\"font-weight: 400\">\u0110\u1ed1i t\u00e1c c\u1ea7n b\u1ea3o qu\u1ea3n Son d\u01b0\u1ee1ng Cocoon d\u1ea7u d\u1eeba kh\u00f4ng nh\u00e0u n\u00e1t, kh\u00f4ng h\u01b0 h\u1ecfng khi t\u1edbi tay ng\u01b0\u1eddi nh\u1eadn qu\u00e0.<\/span><\/li>\n<\/ul>\n<p><b>\u0110\u1ed1i chi\u1ebfu v\u00e0 b\u00e1o c\u00e1o:<\/b><\/p>\n<ul>\n<li style=\"font-weight: 400\"><span style=\"font-weight: 400\">M\u1ee5c <\/span><b>\u201cTr\u00f2 chuy\u1ec7n\u201d<\/b><span style=\"font-weight: 400\"> trong ph\u1ea7n <\/span><b>\u201cTin nh\u1eafn\u201d<\/b><span style=\"font-weight: 400\"> tr\u00ean \u1ee9ng d\u1ee5ng Grab c\u1ee7a <\/span><b>ng\u01b0\u1eddi \u0111\u1eb7t chuy\u1ebfn<\/b><span style=\"font-weight: 400\"> s\u1ebd y\u00eau c\u1ea7u x\u00e1c nh\u1eadn \u0111\u00e3 nh\u1eadn <\/span><b>Son d\u01b0\u1ee1ng Cocoon d\u1ea7u d\u1eeba<\/b><span style=\"font-weight: 400\">. \u0110\u00e2y l\u00e0 c\u00f4ng c\u1ee5 duy nh\u1ea5t \u0111\u1ec3 Grab ki\u1ec3m tra v\u00e0 chi tr\u1ea3 ph\u1ea7n th\u01b0\u1edfng cho \u0110\u1ed1i t\u00e1c. \u0110\u1ed1i t\u00e1c c\u00f3 th\u1ec3 nh\u1edd ng\u01b0\u1eddi \u0111\u1eb7t chuy\u1ebfn b\u1ea5m<\/span><b> \u201cY\u201d <\/b><span style=\"font-weight: 400\">\u0111\u1ec3 \u0111\u01b0\u1ee3c t\u00ednh th\u01b0\u1edfng.<\/span><\/li>\n<li style=\"font-weight: 400\"><span style=\"font-weight: 400\">Ngo\u00e0i ra, sau khi ph\u00e1t Son d\u01b0\u1ee1ng Cocoon d\u1ea7u d\u1eeba th\u00e0nh c\u00f4ng, \u0111\u1ed1i t\u00e1c c\u1ea7n ch\u1ee5p t\u1ed1i thi\u1ec3u 01 b\u1ee9c h\u00ecnh v\u1edbi ng\u01b0\u1eddi nh\u1eadn qu\u00e0, v\u00e0 \u0111i\u1ec1n \u0111\u1ee7 th\u00f4ng tin v\u00e0o <\/span><a href=\"https:\/\/forms.gle\/TicJ1sjwFG9NbqyT8\"><span style=\"font-weight: 400\">Google Form<\/span><\/a><span style=\"font-weight: 400\"> \u0111\u1ec3 Grab c\u00f3 th\u1ec3 \u0111\u1ed1i chi\u1ebfu v\u00e0 x\u1eed l\u00fd n\u1ebfu c\u00f3 khi\u1ebfu n\u1ea1i.<\/span><\/li>\n<\/ul>","protected":false},"excerpt":{"rendered":"[D\u00c0NH CHO \u0110\u1ed0I T\u00c1C] Ch\u01b0\u01a1ng tr\u00ecnh ph\u00e1t Son d\u01b0\u1ee1ng Cocoon d\u1ea7u d\u1eeba cho kh\u00e1ch h\u00e0ng n\u1eef \u0111\u1eb7t chuy\u1ebfn GrabCar t\u1ea1i B\u00ecnh D\u01b0\u01a1ng, \u0110\u00e0 N\u1eb5ng, Nha Trang, L\u00e2m \u0110\u1ed3ng, V\u0169ng T\u00e0u di\u1ec5n ra t\u1eeb 05\/03 &#8211; 08\/03\/2022. \u0110\u1ed1i t\u01b0\u1ee3ng nh\u1eadn qu\u00e0: Kh\u00e1ch h\u00e0ng n\u1eef \u0111\u1eb7t chuy\u1ebfn GrabCar \u00a0t\u1ea1i B\u00ecnh D\u01b0\u01a1ng, \u0110\u00e0 N\u1eb5ng, Nha Trang, L\u00e2m \u0110\u1ed3ng, [&hellip;]","protected":false},"author":1123,"featured_media":0,"parent":0,"menu_order":0,"comment_status":"closed","ping_status":"closed","template":"","meta":{"_acf_changed":false,"footnotes":""},"acf":[],"_links":{"self":[{"href":"https:\/\/www.grab.com\/vn\/en\/wp-json\/wp\/v2\/pages\/110687"}],"collection":[{"href":"https:\/\/www.grab.com\/vn\/en\/wp-json\/wp\/v2\/pages"}],"about":[{"href":"https:\/\/www.grab.com\/vn\/en\/wp-json\/wp\/v2\/types\/page"}],"author":[{"embeddable":true,"href":"https:\/\/www.grab.com\/vn\/en\/wp-json\/wp\/v2\/users\/1123"}],"replies":[{"embeddable":true,"href":"https:\/\/www.grab.com\/vn\/en\/wp-json\/wp\/v2\/comments?post=110687"}],"version-history":[{"count":2,"href":"https:\/\/www.grab.com\/vn\/en\/wp-json\/wp\/v2\/pages\/110687\/revisions"}],"predecessor-version":[{"id":110689,"href":"https:\/\/www.grab.com\/vn\/en\/wp-json\/wp\/v2\/pages\/110687\/revisions\/110689"}],"wp:attachment":[{"href":"https:\/\/www.grab.com\/vn\/en\/wp-json\/wp\/v2\/media?parent=110687"}],"curies":[{"name":"wp","href":"https:\/\/api.w.org\/{rel}","templated":true}]}}