{"id":110679,"date":"2022-02-21T12:20:44","date_gmt":"2022-02-21T04:20:44","guid":{"rendered":"https:\/\/www.grab.com\/vn\/?page_id=110679"},"modified":"2022-02-21T12:28:33","modified_gmt":"2022-02-21T04:28:33","slug":"the-le-chuong-trinh-phat-qua-mung-ngay-quoc-te-phu-nu-grabexpress","status":"publish","type":"page","link":"https:\/\/www.grab.com\/vn\/en\/the-le-chuong-trinh-phat-qua-mung-ngay-quoc-te-phu-nu-grabexpress\/","title":{"rendered":"Th\u1ec3 l\u1ec7 ch\u01b0\u01a1ng tr\u00ecnh ph\u00e1t qu\u00e0 m\u1eebng ng\u00e0y Qu\u1ed1c T\u1ebf Ph\u1ee5 N\u1eef GrabExpress"},"content":{"rendered":"<p><strong>[D\u00c0NH CHO \u0110\u1ed0I T\u00c1C] <\/strong><span style=\"font-weight: 400\">Ch\u01b0\u01a1ng tr\u00ecnh ph\u00e1t qu\u00e0 Son d\u01b0\u1ee1ng Cocoon d\u1ea7u d\u1eeba cho kh\u00e1ch h\u00e0ng N\u1eef \u0111\u1eb7t giao h\u00e0ng b\u1eb1ng GrabExpress t\u1ea1i H\u00e0 N\u1ed9i v\u00e0 TP. HCM di\u1ec5n ra t\u1eeb 05\/03 &#8211; 08\/03\/2022.<\/span><\/p>\n<p><strong>\u0110\u1ed1i t\u01b0\u1ee3ng nh\u1eadn l\u00ec x\u00ec: <span style=\"font-weight: 400\">\u00a0Kh\u00e1ch h\u00e0ng n\u1eef \u0111\u1eb7t giao h\u00e0ng b\u1eb1ng GrabExpress t\u1ea1i H\u00e0 N\u1ed9i v\u00e0 TP. HCM di\u1ec5n ra t\u1eeb 05\/03 &#8211; 08\/03\/2022.<\/span><\/strong><\/p>\n<p><strong>Th\u1ec3 l\u1ec7 ph\u00e1t qu\u00e0:<\/strong><\/p>\n<ul>\n<li>V\u1edbi m\u1ed7i chuy\u1ebfn giao h\u00e0ng <strong>GrabExpress<\/strong>, \u0111\u1ed1i t\u00e1c s\u1ebd ph\u00e1t <strong>01 ph\u1ea7n qu\u00e0 g\u1ed3m Son d\u01b0\u1ee1ng Cocoon d\u1ea7u d\u1eeba v\u00e0 thi\u1ec7p<\/strong> cho kh\u00e1ch h\u00e0ng n\u1eef ho\u00e0n th\u00e0nh chuy\u1ebfn giao h\u00e0ng.<\/li>\n<li>V\u1edbi m\u1ed7i ph\u1ea7n qu\u00e0 \u0111\u01b0\u1ee3c ph\u00e1t (t\u01b0\u01a1ng \u1ee9ng v\u1edbi 01 chuy\u1ebfn xe), \u0111\u1ed1i t\u00e1c nh\u1eadn <strong>m\u1ee9c h\u1ed7 tr\u1ee3 l\u00e0 10,000\u0111<\/strong>.<\/li>\n<li>M\u1ed7i \u0111\u1ed1i t\u00e1c s\u1ebd \u0111\u01b0\u1ee3c <strong>ph\u00e1t t\u1ed1i \u0111a 40 ph\u1ea7n qu\u00e0<\/strong> trong su\u1ed1t th\u1eddi gian di\u1ec5n ra ch\u01b0\u01a1ng tr\u00ecnh, t\u01b0\u01a1ng \u1ee9ng v\u1edbi m\u1ee9c th\u01b0\u1edfng t\u1ed1i \u0111a 400,000\u0111\/ng\u01b0\u1eddi. Tr\u01b0\u1eddng h\u1ee3p \u0111\u1ed1i t\u00e1c ph\u00e1t nhi\u1ec1u h\u01a1n, s\u1ed1 th\u01b0\u1edfng v\u1eabn t\u00ednh theo m\u1ed1c t\u1ed1i \u0111a.<\/li>\n<li>Trong tr\u01b0\u1eddng h\u1ee3p \u0111\u1ed1i t\u00e1c kh\u00f4ng ph\u00e1t \u0111\u1ee7 40 ph\u1ea7n qu\u00e0, s\u1ed1 ti\u1ec1n h\u1ed7 tr\u1ee3 s\u1ebd \u0111\u01b0\u1ee3c t\u00ednh theo s\u1ed1 chuy\u1ebfn th\u1ef1c t\u1ebf \u0111\u1ed1i t\u00e1c \u0111\u00e3 th\u1ef1c hi\u1ec7n.<\/li>\n<li>\u0110\u1ed1i t\u00e1c c\u1ea7n <strong>ph\u00e1t t\u1ed1i thi\u1ec3u 20 ph\u1ea7n qu\u00e0<\/strong> trong su\u1ed1t th\u1eddi gian ch\u01b0\u01a1ng tr\u00ecnh \u0111\u1ec3 nh\u1eadn s\u1ed1 ti\u1ec1n h\u1ed7 tr\u1ee3.<\/li>\n<li>\u0110\u1ed1i t\u00e1c c\u1ea7n b\u1ea3o qu\u1ea3n Son d\u01b0\u1ee1ng Cocoon d\u1ea7u d\u1eeba kh\u00f4ng h\u01b0 h\u1ecfng v\u00e0 thi\u1ec7p kh\u00f4ng nh\u00e0u n\u00e1t khi t\u1edbi tay ng\u01b0\u1eddi nh\u1eadn qu\u00e0.<\/li>\n<li>Ch\u01b0\u01a1ng tr\u00ecnh ph\u00e1t qu\u00e0 ch\u1ec9 \u00e1p d\u1ee5ng cho c\u00e1c d\u1ecbch v\u1ee5 GrabExpress Si\u00eau T\u1ed1c, GrabExpress Si\u00eau T\u1ed1c (COD), GrabExpress Si\u00eau T\u1ed1c Th\u1ef1c Ph\u1ea9m, GrabExpress Si\u00eau T\u1ed1c H\u00e0ng Gi\u00e1 Tr\u1ecb Cao v\u00e0 GrabExpress Giao Nhi\u1ec1u \u0110i\u1ec3m.<\/li>\n<li>\u0110\u1ed1i t\u00e1c vui l\u00f2ng kh\u00f4ng ph\u00e1t qu\u00e0 cho chuy\u1ebfn xe GrabExpress 4H Si\u00eau R\u1ebb v\u00e0 GrabExpress Giao H\u00e0ng C\u00f4ng Ty v\u00e0 c\u00e1c d\u1ecbch v\u1ee5 kh\u00e1c kh\u00f4ng \u0111\u01b0\u1ee3c \u0111\u1ec1 c\u1eadp \u1edf tr\u00ean.<\/li>\n<\/ul>\n<p><b>\u0110\u1ed1i chi\u1ebfu v\u00e0 b\u00e1o c\u00e1o:<\/b><\/p>\n<ul>\n<li>M\u1ee5c \u201cTr\u00f2 chuy\u1ec7n\u201d trong ph\u1ea7n \u201cTin nh\u1eafn\u201d tr\u00ean \u1ee9ng d\u1ee5ng Grab c\u1ee7a ng\u01b0\u1eddi di chuy\u1ec3n s\u1ebd y\u00eau c\u1ea7u x\u00e1c nh\u1eadn \u0111\u00e3 nh\u1eadn Son d\u01b0\u1ee1ng Cocoon d\u1ea7u d\u1eeba v\u00e0 thi\u1ec7p. \u0110\u00e2y l\u00e0 c\u00f4ng c\u1ee5 duy nh\u1ea5t \u0111\u1ec3 Grab ki\u1ec3m tra v\u00e0 chi tr\u1ea3 ph\u1ea7n th\u01b0\u1edfng cho \u0110\u1ed1i t\u00e1c. \u0110\u1ed1i t\u00e1c c\u00f3 th\u1ec3 nh\u1edd ng\u01b0\u1eddi g\u1eedi <strong>b\u1ea5m \u201cY\u201d \u0111\u1ec3 \u0111\u01b0\u1ee3c t\u00ednh th\u01b0\u1edfng<\/strong>.<\/li>\n<li>Ngo\u00e0i ra, sau khi ph\u00e1t qu\u00e0 th\u00e0nh c\u00f4ng, \u0111\u1ed1i t\u00e1c c\u1ea7n<strong> ch\u1ee5p t\u1ed1i thi\u1ec3u 01 b\u1ee9c h\u00ecnh v\u1edbi ng\u01b0\u1eddi nh\u1eadn qu\u00e0<\/strong>, v\u00e0 \u0111i\u1ec1n \u0111\u1ee7 th\u00f4ng tin v\u00e0o <a href=\"https:\/\/forms.gle\/tQvo8FzBhXKvdqoA7\">Google Form<\/a> \u0111\u1ec3 Grab c\u00f3 th\u1ec3 \u0111\u1ed1i chi\u1ebfu v\u00e0 x\u1eed l\u00fd n\u1ebfu c\u00f3 khi\u1ebfu n\u1ea1i.<\/li>\n<li>\u0110\u1ed1i t\u00e1c tham gia ch\u01b0\u01a1ng tr\u00ecnh ch\u1ec9 m\u1edf d\u1ecbch v\u1ee5 GrabExpress trong su\u1ed1t th\u1eddi gian di\u1ec5n ra ch\u01b0\u01a1ng tr\u00ecnh, ho\u1eb7c cho t\u1edbi khi \u0111\u00e3 ho\u00e0n th\u00e0nh \u0111\u1ee7 s\u1ed1 chuy\u1ebfn t\u1ed1i \u0111a (40) tr\u01b0\u1edbc khi m\u1edf th\u00eam c\u00e1c d\u1ecbch v\u1ee5 kh\u00e1c.<\/li>\n<\/ul>","protected":false},"excerpt":{"rendered":"[D\u00c0NH CHO \u0110\u1ed0I T\u00c1C] Ch\u01b0\u01a1ng tr\u00ecnh ph\u00e1t qu\u00e0 Son d\u01b0\u1ee1ng Cocoon d\u1ea7u d\u1eeba cho kh\u00e1ch h\u00e0ng N\u1eef \u0111\u1eb7t giao h\u00e0ng b\u1eb1ng GrabExpress t\u1ea1i H\u00e0 N\u1ed9i v\u00e0 TP. HCM di\u1ec5n ra t\u1eeb 05\/03 &#8211; 08\/03\/2022. \u0110\u1ed1i t\u01b0\u1ee3ng nh\u1eadn l\u00ec x\u00ec: \u00a0Kh\u00e1ch h\u00e0ng n\u1eef \u0111\u1eb7t giao h\u00e0ng b\u1eb1ng GrabExpress t\u1ea1i H\u00e0 N\u1ed9i v\u00e0 TP. HCM di\u1ec5n ra [&hellip;]","protected":false},"author":1211,"featured_media":0,"parent":0,"menu_order":0,"comment_status":"closed","ping_status":"closed","template":"","meta":{"_acf_changed":false,"footnotes":""},"acf":[],"_links":{"self":[{"href":"https:\/\/www.grab.com\/vn\/en\/wp-json\/wp\/v2\/pages\/110679"}],"collection":[{"href":"https:\/\/www.grab.com\/vn\/en\/wp-json\/wp\/v2\/pages"}],"about":[{"href":"https:\/\/www.grab.com\/vn\/en\/wp-json\/wp\/v2\/types\/page"}],"author":[{"embeddable":true,"href":"https:\/\/www.grab.com\/vn\/en\/wp-json\/wp\/v2\/users\/1211"}],"replies":[{"embeddable":true,"href":"https:\/\/www.grab.com\/vn\/en\/wp-json\/wp\/v2\/comments?post=110679"}],"version-history":[{"count":5,"href":"https:\/\/www.grab.com\/vn\/en\/wp-json\/wp\/v2\/pages\/110679\/revisions"}],"predecessor-version":[{"id":110684,"href":"https:\/\/www.grab.com\/vn\/en\/wp-json\/wp\/v2\/pages\/110679\/revisions\/110684"}],"wp:attachment":[{"href":"https:\/\/www.grab.com\/vn\/en\/wp-json\/wp\/v2\/media?parent=110679"}],"curies":[{"name":"wp","href":"https:\/\/api.w.org\/{rel}","templated":true}]}}