{"id":110654,"date":"2022-02-20T01:13:21","date_gmt":"2022-02-19T17:13:21","guid":{"rendered":"https:\/\/www.grab.com\/vn\/?page_id=110654"},"modified":"2022-02-28T02:03:19","modified_gmt":"2022-02-27T18:03:19","slug":"vong-quay-may-man-quoc-te-phu-nu","status":"publish","type":"page","link":"https:\/\/www.grab.com\/vn\/en\/vong-quay-may-man-quoc-te-phu-nu\/","title":{"rendered":"Qu\u1ed1c t\u1ebf Ph\u1ee5 n\u1eef, di chuy\u1ec3n giao h\u00e0ng, qu\u00e0 x\u1ecbn ch\u1edd n\u00e0ng!"},"content":{"rendered":"<p><img decoding=\"async\" src=\"https:\/\/assets.grab.com\/wp-content\/uploads\/sites\/11\/2022\/02\/28015121\/1200x600-171.jpg\" \/><\/p>\n<p><strong>\ud83d\udc9d V\u00d2NG QUAY N\u00c0NG M\u00ca, QUAY L\u00c0 TR\u00daNG QU\u00c0 TH\u00cdCH M\u00ca!<\/strong><\/p>\n<p>\ud83c\udff5\ufe0f M\u1eebng ng\u00e0y \u0111\u1eb7c bi\u1ec7t c\u1ee7a m\u1ed9t n\u1eeda th\u1ebf gi\u1edbi, Grab mang \u0111\u1ebfn h\u00e0ng ng\u00e0n ph\u1ea7n qu\u00e0 h\u1ea5p d\u1eabn cho ch\u1ecb em m\u00ecnh \u0111\u00e2y! Hi v\u1ecdng ch\u1ecb em s\u1ebd c\u00f3 m\u00f9a 8.3 th\u1eadt \u00fd ngh\u0129a nh\u00e9!<\/p>\n<p>T\u1eeb ng\u00e0y 01\/03-08\/03\/2022, v\u1edbi m\u1ed7i chuy\u1ebfn giao h\u00e0ng GrabExpress ho\u1eb7c chuy\u1ebfn xe GrabBike, GrabCar nh\u1eadp m\u00e3 PHUNU b\u1ea1n s\u1ebd nh\u1eadn \u0111\u01b0\u1ee3c 1 l\u01b0\u1ee3t quay 100% tr\u00fang th\u01b0\u1edfng V\u00f2ng Quay N\u00e0ng M\u00ea v\u1edbi nh\u1eefng gi\u1ea3i th\u01b0\u1edfng v\u00f4 c\u00f9ng h\u1ea5p d\u1eabn bao g\u1ed3m:<\/p>\n<p>\u2764\ufe0f Robot h\u00fat b\u1ee5i SHIMONO<\/p>\n<p>\ud83e\udde1\u00a0N\u1ed3i chi\u00ean kh\u00f4ng d\u1ea7u Philips<\/p>\n<p>\ud83d\udc9b\u00a0L\u00f2 vi s\u00f3ng Electrolux<\/p>\n<p>\ud83d\udc9a C\u00f9ng h\u00e0ng ng\u00e0n \u01b0u \u0111\u00e3i giao h\u00e0ng, di chuy\u1ec3n, \u0111i ch\u1ee3 t\u1eeb GrabMart, GrabExpress v\u00e0 GrabBike\/GrabCar.<\/p>\n<p><strong>\ud83c\udf8a\ufe0f \u0110\u1ec3 tham gia v\u00f2ng quay, b\u1ea1n ch\u1ec9 c\u1ea7n th\u1ef1c hi\u1ec7n nh\u1eefng b\u01b0\u1edbc sau:<\/strong><\/p>\n<p style=\"text-align: center\"><span style=\"font-weight: 400\">\ud83c\udf81 <\/span><span style=\"font-weight: 400\">B\u01b0\u1edbc 1: \u0110\u1eb7t GrabExpress\/GrabBike\/GrabCar nh\u1eadp m\u00e3 PHUNU v\u00e0 \u0111\u01b0\u1ee3c gi\u1ea3m 30%(*)\u00a0<\/span><\/p>\n<p><img loading=\"lazy\" decoding=\"async\" class=\"aligncenter\" src=\"https:\/\/assets.grab.com\/wp-content\/uploads\/sites\/11\/2022\/02\/28015225\/01-1.jpg\" width=\"397\" height=\"397\" \/><\/p>\n<p style=\"text-align: center\"><span style=\"font-weight: 400\">\ud83c\udf81<\/span><span style=\"font-weight: 400\"> B\u01b0\u1edbc 2: K\u1ebft th\u00fac chuy\u1ebfn xe nh\u1eadn ngay 1 l\u01b0\u1ee3t quay! Nh\u1ea5n v\u00e0o th\u00f4ng b\u00e1o \u0111\u1ec3 quay ngay, ho\u1eb7c tham gia v\u00f2ng quay t\u1eeb m\u00e0n h\u00ecnh ch\u00ednh c\u1ee7a \u1ee9ng d\u1ee5ng Grab.<\/span><\/p>\n<p><img loading=\"lazy\" decoding=\"async\" class=\"aligncenter\" src=\"https:\/\/assets.grab.com\/wp-content\/uploads\/sites\/11\/2022\/02\/28015759\/02-3.jpg\" width=\"397\" height=\"397\" \/><\/p>\n<p style=\"text-align: center\"><span style=\"font-weight: 400\">\ud83c\udf81 <\/span><span style=\"font-weight: 400\">B\u01b0\u1edbc 3: B\u1eaft \u0111\u1ea7u quay v\u00e0 nh\u1eadn qu\u00e0 ngay!<\/span><\/p>\n<p><img loading=\"lazy\" decoding=\"async\" class=\"aligncenter\" src=\"https:\/\/assets.grab.com\/wp-content\/uploads\/sites\/11\/2022\/02\/28015231\/03-1.jpg\" width=\"397\" height=\"397\" \/><\/p>\n<p><span style=\"font-weight: 400\">\ud83c\udf89 <\/span><span style=\"font-weight: 400\">B\u1eadt m\u00ed cho b\u1ea1n m\u1ed9t b\u00ed m\u1eadt nh\u00e9, ch\u1ec9 khi \u0111\u1ecdc \u0111\u00fang \u201cth\u1ea7n ch\u00fa\u201d l\u00e0 m\u00e3 PHUNU th\u00ec V\u00f2ng quay N\u00e0ng M\u00ea m\u1edbi ch\u00ednh th\u1ee9c m\u1edf ra! S\u1ed1 l\u01b0\u1ee3ng gi\u1ea3i th\u01b0\u1edfng c\u00f3 h\u1ea1n b\u1ea1n nhanh tay tham gia nha!<\/span><\/p>\n<p><span style=\"font-weight: 400\">\ud83d\udcf1 <\/span><span style=\"font-weight: 400\">Ch\u0103m ch\u1ec9 giao h\u00e0ng v\u00e0 di chuy\u1ec3n m\u1ed7i ng\u00e0y c\u00f9ng Grab \u0111\u1ec3 v\u1eeba th\u1ea3nh th\u01a1i v\u1eeba nh\u1eadn th\u00eam qu\u00e0 b\u1ea1n nh\u00e9!<\/span><\/p>\n<p><span style=\"font-weight: 400\">L\u01b0u \u00fd:<\/span><\/p>\n<p><span style=\"font-weight: 400\">\u2705(*) \u01afu \u0111\u00e3i gi\u1ea3m 30% t\u1ed1i \u0111a 15.000\u0111 \u00e1p d\u1ee5ng cho t\u1ea5t c\u1ea3 d\u1ecbch v\u1ee5 giao h\u00e0ng (GrabExpress)<\/span><\/p>\n<p><span style=\"font-weight: 400\">\u2705(*) \u01afu \u0111\u00e3i gi\u1ea3m 30% t\u1ed1i \u0111a 20.000\u0111 cho chuy\u1ebfn xe t\u1eeb 40.000\u0111 \u00e1p d\u1ee5ng cho t\u1ea5t c\u1ea3 d\u1ecbch v\u1ee5 v\u1eadn chuy\u1ec3n \u0111\u01b0\u1ee3c k\u1ebft n\u1ed1i tr\u00ean \u1ee8ng d\u1ee5ng Grab (GrabBike, GrabCar,&#8230;).<\/span><\/p>\n<p><span style=\"font-weight: 400\">\u2705 Nh\u1eadp m\u00e3 PHUNU th\u00e0nh c\u00f4ng, ng\u01b0\u1eddi d\u00f9ng s\u1ebd nh\u1eadn 10 \u0111i\u1ec3m GrabRewards, t\u01b0\u01a1ng \u1ee9ng v\u1edbi m\u1ed9t l\u1ea7n quay V\u00f2ng quay N\u00e0ng M\u00ea.\u00a0<\/span><\/p>\n<p><span style=\"font-weight: 400\">\u2705 Ng\u01b0\u1eddi d\u00f9ng nh\u1eadp m\u00e3 PHUNU th\u00e0nh c\u00f4ng trong ng\u00e0y n\u00e0o s\u1ebd nh\u00ecn th\u1ea5y V\u00f2ng quay trong ng\u00e0y \u0111\u00f3. M\u1ed7i ng\u01b0\u1eddi d\u00f9ng c\u00f3 t\u1ed1i \u0111a 2 l\u01b0\u1ee3t quay\/ng\u00e0y.\u00a0<\/span><\/p>\n<p><span style=\"font-weight: 400\">\u2705 S\u1ed1 l\u01b0\u1ee3ng \u01b0u \u0111\u00e3i c\u00f3 gi\u1edbi h\u1ea1n m\u1ed7i ng\u00e0y v\u1edbi m\u1ed7i ng\u01b0\u1eddi d\u00f9ng. <\/span><\/p>\n<p>&nbsp;<\/p>\n<h2 style=\"text-align: center\"><a href=\"https:\/\/grab.onelink.me\/2695613898\/homepage\">THAM GIA V\u00d2NG QUAY N\u00c0NG M\u00ca NGAY!<\/a><\/h2>\n<p>&nbsp;<\/p>\n<h4>TH\u1ec2 L\u1ec6 CH\u01af\u01a0NG TR\u00ccNH<\/h4>\n<h4><b>1. Th\u1eddi gian, \u0111\u1ecba \u0111i\u1ec3m v\u00e0 c\u00e1ch th\u1ee9c x\u00e1c \u0111\u1ecbnh tr\u00fang th\u01b0\u1edfng<\/b><\/h4>\n<p>1.1. C\u01a1 c\u1ea5u gi\u1ea3i th\u01b0\u1edfng bao g\u1ed3m:<\/p>\n<ul>\n<li style=\"font-weight: 400\"><span style=\"font-weight: 400\">Gi\u1ea3i th\u01b0\u1edfng hi\u1ec7n v\u1eadt:<\/span>\n<ul>\n<li style=\"font-weight: 400\"><span style=\"font-weight: 400\">Robot h\u00fat b\u1ee5i Shimono ZK902<\/span><\/li>\n<li style=\"font-weight: 400\"><span style=\"font-weight: 400\">L\u00f2 vi s\u00f3ng t\u00edch h\u1ee3p n\u01b0\u1edbng 25L Electrolux EMG25D59EB<\/span><\/li>\n<li style=\"font-weight: 400\"><span style=\"font-weight: 400\">N\u1ed3i chi\u00ean kh\u00f4ng d\u1ea7u 4.1L Philips<\/span><\/li>\n<\/ul>\n<\/li>\n<li style=\"font-weight: 400\"><span style=\"font-weight: 400\">Gi\u1ea3i th\u01b0\u1edfng m\u00e3 \u01b0u \u0111\u00e3i:\u00a0<\/span>\n<ul>\n<li style=\"font-weight: 400\"><span style=\"font-weight: 400\">M\u00e3 gi\u1ea3m gi\u00e1 15% t\u1ed1i \u0111a 50.000\u0111 \u00e1p d\u1ee5ng cho \u0111\u01a1n h\u00e0ng GrabMart c\u00f3 gi\u00e1 tr\u1ecb t\u1eeb 200.000\u0111\u00a0<\/span><\/li>\n<li style=\"font-weight: 400\"><span style=\"font-weight: 400\">M\u00e3 gi\u1ea3m 10.000\u0111 n\u1ea1p \u0111i\u1ec7n tho\u1ea1i cho giao d\u1ecbch t\u1eeb 20.000\u0111<\/span><\/li>\n<li style=\"font-weight: 400\"><span style=\"font-weight: 400\">M\u00e3 t\u1eb7ng 83 \u0111i\u1ec3m GrabRewards<\/span><\/li>\n<li style=\"font-weight: 400\"><span style=\"font-weight: 400\">M\u00e3 gi\u1ea3m gi\u00e1 20.000\u0111 d\u00e0nh cho chuy\u1ebfn xe t\u1eeb 40.000\u0111, \u00e1p d\u1ee5ng cho t\u1ea5t c\u1ea3 d\u1ecbch v\u1ee5\u00a0 v\u1eadn chuy\u1ec3n \u0111\u01b0\u1ee3c k\u1ebft n\u1ed1i th\u00f4ng qua \u1ee8ng d\u1ee5ng Grab\u00a0<\/span><\/li>\n<li style=\"font-weight: 400\"><span style=\"font-weight: 400\">M\u00e3 gi\u1ea3m gi\u00e1 20.000\u0111 d\u00e0nh cho chuy\u1ebfn xe t\u1eeb 35.000\u0111, \u00e1p d\u1ee5ng cho t\u1ea5t c\u1ea3 d\u1ecbch v\u1ee5 giao h\u00e0ng (GrabExpress)<\/span><\/li>\n<\/ul>\n<\/li>\n<\/ul>\n<p>1.2. \u0110\u1ecba \u0111i\u1ec3m v\u00e0 c\u00e1ch th\u1ee9c trao th\u01b0\u1edfng:<\/p>\n<p>&#8211; Gi\u1ea3i th\u01b0\u1edfng hi\u1ec7n v\u1eadt: Trong v\u00f2ng 7 ng\u00e0y k\u1ec3 t\u1eeb ng\u00e0y tr\u00fang th\u01b0\u1edfng, Kh\u00e1ch h\u00e0ng s\u1ebd c\u1ea7n v\u00e0o m\u1ee5c \u201cMy Rewards\/ \u01afu \u0111\u00e3i c\u1ee7a t\u00f4i\u201d trong \u1ee8ng d\u1ee5ng Grab \u0111\u1ec3 l\u1ef1a ch\u1ecdn \u201cNh\u1eadn qu\u00e0 ngay\u201d v\u00e0 nh\u1eadp th\u00f4ng tin c\u00e1 nh\u00e2n c\u1ee7a m\u00ecnh, bao g\u1ed3m H\u1ecd t\u00ean, S\u1ed1 \u0111i\u1ec7n tho\u1ea1i, \u0110\u1ecba ch\u1ec9, \u1ea2nh ch\u1ee5p m\u00e0n h\u00ecnh v\u1ec1 n\u1ed9i dung tr\u00fang th\u01b0\u1edfng gi\u1ea3i th\u01b0\u1edfng \u0111\u00e3 tr\u00fang trong \u201cMy Rewards\/ \u01afu \u0111\u00e3i c\u1ee7a t\u00f4i\u201d v\u00e0 Th\u1eddi gian mong mu\u1ed1n nh\u1eadn \u0111\u01b0\u1ee3c ph\u1ea7n qu\u00e0 (kh\u00f4ng qu\u00e1 45 ng\u00e0y sau khi k\u1ebft th\u00fac ch\u01b0\u01a1ng tr\u00ecnh). B\u1eb1ng vi\u1ec7c nh\u1ea5n \u201cNh\u1eadn qu\u00e0 ngay\u201d v\u00e0 g\u1eedi th\u00f4ng tin c\u00e1 nh\u00e2n, kh\u00e1ch h\u00e0ng \u0111\u1ed3ng \u00fd v\u00e0 hi\u1ec3u r\u1eb1ng th\u00f4ng tin \u0111\u01b0\u1ee3c cung c\u1ea5p t\u1ea1i \u0111\u00e2y s\u1ebd \u0111\u01b0\u1ee3c thu th\u1eadp v\u00e0 chuy\u1ec3n giao cho b\u00ean li\u00ean quan cho m\u1ee5c \u0111\u00edch giao qu\u00e0.<\/p>\n<p>C\u00f4ng ty s\u1ebd chuy\u1ec3n gi\u1ea3i th\u01b0\u1edfng cho kh\u00e1ch h\u00e0ng qua \u0111\u01b0\u1eddng b\u01b0u \u0111i\u1ec7n theo \u0111\u1ecba ch\u1ec9 kh\u00e1ch h\u00e0ng \u0111\u00e3 cung c\u1ea5p cho C\u00f4ng ty v\u00e0 C\u00f4ng ty s\u1ebd t\u1ef1 ch\u1ecbu c\u00e1c chi ph\u00ed v\u1eadn chuy\u1ec3n li\u00ean quan \u0111\u1ebfn vi\u1ec7c nh\u1eadn gi\u1ea3i th\u01b0\u1edfng c\u1ee7a kh\u00e1ch h\u00e0ng khi tr\u00fang gi\u1ea3i.<\/p>\n<p>C\u00f4ng ty ch\u1ec9 th\u1ef1c hi\u1ec7n vi\u1ec7c trao gi\u1ea3i th\u01b0\u1edfng \u0111\u1ebfn kh\u00e1ch h\u00e0ng tr\u00fang th\u01b0\u1edfng m\u1ed9t l\u1ea7n duy nh\u1ea5t (trong v\u00f2ng 7 ng\u00e0y k\u1ec3 t\u1eeb kh\u00e1ch h\u00e0ng cung c\u1ea5p th\u00f4ng tin, kh\u00e1ch h\u00e0ng s\u1ebd \u0111\u01b0\u1ee3c C\u00f4ng ty li\u00ean h\u1ec7 tr\u01b0\u1edbc \u0111\u1ec3 x\u00e1c \u0111\u1ecbnh th\u1eddi gian giao qu\u00e0 ph\u00f9 h\u1ee3p), tr\u01b0\u1eddng h\u1ee3p kh\u00f4ng th\u1ec3 li\u00ean h\u1ec7 \u0111\u01b0\u1ee3c v\u1edbi kh\u00e1ch h\u00e0ng t\u1ea1i \u0111\u1ecba \u0111i\u1ec3m nh\u1eadn qu\u00e0 (sau \u00edt nh\u1ea5t 3 cu\u1ed9c g\u1ecdi), k\u1ebft qu\u1ea3 tr\u00fang gi\u1ea3i c\u1ee7a kh\u00e1ch h\u00e0ng s\u1ebd kh\u00f4ng c\u00f2n hi\u1ec7u l\u1ef1c.<\/p>\n<p>&#8211; <span style=\"font-weight: 400\">\u0110\u1ed1i v\u1edbi Gi\u1ea3i th\u01b0\u1edfng l\u00e0 m\u00e3 \u01b0u \u0111\u00e3i s\u1ebd \u0111\u01b0\u1ee3c g\u1eedi tr\u1ef1c ti\u1ebfp \u0111\u1ebfn t\u00e0i kho\u1ea3n c\u1ee7a ng\u01b0\u1eddi d\u00f9ng, kh\u00e1ch h\u00e0ng v\u00e0o ph\u1ea7n \u201cMore\/ Xem th\u00eam &gt; Rewards &gt; My Rewards\/ \u01afu \u0111\u00e3i c\u1ee7a t\u00f4i\u201d trong \u1ee9ng d\u1ee5ng Grab \u0111\u1ec3 s\u1eed d\u1ee5ng gi\u1ea3i th\u01b0\u1edfng.<\/span><\/p>\n<p>1.3. Th\u1ee7 t\u1ee5c trao th\u01b0\u1edfng:<\/p>\n<p>&#8211; Gi\u1ea3i th\u01b0\u1edfng hi\u1ec7n v\u1eadt: ng\u01b0\u1eddi d\u00f9ng ph\u1ea3i cung c\u1ea5p c\u00e1c gi\u1ea5y t\u1edd ch\u1ee9ng th\u1ef1c c\u00e1 nh\u00e2n b\u1ea3n g\u1ed1c (bao g\u1ed3m Ch\u1ee9ng minh nh\u00e2n d\u00e2n ho\u1eb7c C\u0103n c\u01b0\u1edbc C\u00f4ng d\u00e2n ho\u1eb7c H\u1ed9 chi\u1ebfu), \u1ea2nh ch\u1ee5p m\u00e0n h\u00ecnh v\u1ec1 gi\u1ea3i th\u01b0\u1edfng \u0111\u00e3 tr\u00fang trong m\u1ee5c \u201cMy Rewards\/\u01afu \u0111\u00e3i c\u1ee7a t\u00f4i\u201d tr\u00ean \u1ee8ng d\u1ee5ng Grab cho nh\u00e2n vi\u00ean b\u01b0u \u0111i\u1ec7n \u0111\u1ec3 \u0111\u1ed1i chi\u1ebfu th\u00f4ng tin v\u00e0 k\u00fd v\u00e0o Gi\u1ea5y x\u00e1c nh\u1eadn \u0111\u00e3 nh\u1eadn qu\u00e0 t\u1eeb ch\u01b0\u01a1ng tr\u00ecnh.<br \/>\n&#8211; Gi\u1ea3i th\u01b0\u1edfng m\u00e3 \u01b0u \u0111\u00e3i: Ng\u01b0\u1eddi d\u00f9ng v\u00e0o m\u1ee5c \u201cMy Rewards\/ \u01afu \u0111\u00e3i c\u1ee7a t\u00f4i\u201d tr\u00ean \u1ee8ng d\u1ee5ng Grab \u0111\u1ec3 nh\u1eadn gi\u1ea3i th\u01b0\u1edfng. Ng\u01b0\u1eddi d\u00f9ng Grab quay tr\u00fang gi\u1ea3i th\u01b0\u1edfng l\u00e0 \u0111i\u1ec3m GrabRewards, \u0111i\u1ec3m s\u1ebd \u0111\u01b0\u1ee3c th\u00eam tr\u1ef1c ti\u1ebfp v\u00e0o t\u00e0i kho\u1ea3n Grab c\u1ee7a ng\u01b0\u1eddi d\u00f9ng trong v\u00f2ng 24 gi\u1edd k\u1ec3 t\u1eeb khi tr\u00fang gi\u1ea3i. \u0110i\u1ec3m th\u01b0\u1edfng tr\u00fang t\u1eeb ch\u01b0\u01a1ng tr\u00ecnh kh\u00f4ng \u0111\u01b0\u1ee3c t\u00ednh v\u00e0o \u0111i\u1ec3m t\u00edch l\u0169y th\u0103ng h\u1ea1ng th\u00e0nh vi\u00ean Grab.<\/p>\n<p>1.4 . Th\u1eddi h\u1ea1n k\u1ebft th\u00fac trao th\u01b0\u1edfng:<\/p>\n<p>Trong v\u00f2ng 30 ng\u00e0y k\u1ec3 t\u1eeb ng\u00e0y k\u1ebft th\u00fac ch\u01b0\u01a1ng tr\u00ecnh, n\u1ebfu ng\u01b0\u1eddi d\u00f9ng kh\u00f4ng cung c\u1ea5p \u0111\u1ea7y \u0111\u1ee7 th\u00f4ng tin \u0111\u1ec3 Grab x\u00e1c minh v\u00e0 th\u1ef1c hi\u1ec7n trao gi\u1ea3i, gi\u1ea3i th\u01b0\u1edfng s\u1ebd \u0111\u01b0\u1ee3c x\u1eed l\u00fd theo quy \u0111\u1ecbnh ph\u00e1p lu\u1eadt.<\/p>\n<p>1.5. Tr\u00e1ch nhi\u1ec7m c\u1ee7a ng\u01b0\u1eddi d\u00f9ng tr\u00fang th\u01b0\u1edfng \u0111\u1ed1i v\u1edbi chi ph\u00ed ph\u00e1t sinh khi nh\u1eadn th\u01b0\u1edfng, thu\u1ebf thu nh\u1eadp kh\u00f4ng th\u01b0\u1eddng xuy\u00ean: Ng\u01b0\u1eddi d\u00f9ng tr\u00fang th\u01b0\u1edfng s\u1ebd ch\u1ecbu tr\u00e1ch nhi\u1ec7m n\u1ed9p thu\u1ebf thu nh\u1eadp c\u00e1 nh\u00e2n theo quy \u0111\u1ecbnh c\u1ee7a ph\u00e1p lu\u1eadt hi\u1ec7n h\u00e0nh.<\/p>\n<h4>2. C\u00e1c quy \u0111\u1ecbnh kh\u00e1c<\/h4>\n<p>&#8211; Gi\u1ea3i th\u01b0\u1edfng c\u1ee7a Ch\u01b0\u01a1ng tr\u00ecnh kh\u00f4ng \u0111\u01b0\u1ee3c chuy\u1ec3n nh\u01b0\u1ee3ng v\u00e0 kh\u00f4ng \u0111\u01b0\u1ee3c quy \u0111\u1ed5i th\u00e0nh ti\u1ec1n m\u1eb7t.<br \/>\n&#8211; C\u00e1c gi\u1ea3i th\u01b0\u1edfng s\u1ebd \u0111\u01b0\u1ee3c trao cho Ng\u01b0\u1eddi d\u00f9ng tr\u00fang th\u01b0\u1edfng sau khi Grab ho\u00e0n th\u00e0nh c\u00e1c ki\u1ec3m tra li\u00ean quan, bao g\u1ed3m nh\u01b0ng kh\u00f4ng gi\u1edbi h\u1ea1n vi\u1ec7c ki\u1ec3m tra nh\u1eb1m ph\u00e1t hi\u1ec7n gian l\u1eadn \u0111\u1ed1i v\u1edbi nh\u1eefng ng\u01b0\u1eddi tham gia. Grab c\u00f3 quy\u1ec1n t\u1eeb ch\u1ed1i trao gi\u1ea3i cho b\u1ea5t k\u1ef3 c\u00e1 nh\u00e2n n\u00e0o (i) kh\u00f4ng cung c\u1ea5p c\u00e1c gi\u1ea5y t\u1edd ch\u1ee9ng th\u1ef1c c\u00e1 nh\u00e2n (bao g\u1ed3m Ch\u1ee9ng minh nh\u00e2n d\u00e2n ho\u1eb7c C\u0103n c\u01b0\u1edbc C\u00f4ng d\u00e2n ho\u1eb7c H\u1ed9 chi\u1ebfu), (ii) kh\u00f4ng cung c\u1ea5p \u1ea3nh ch\u1ee5p m\u00e0n h\u00ecnh v\u1ec1 gi\u1ea3i th\u01b0\u1edfng \u0111\u00e3 tr\u00fang \u0111\u1ed1i v\u1edbi gi\u1ea3i th\u01b0\u1edfng l\u00e0 hi\u1ec7n v\u1eadt (iii) kh\u00f4ng \u0111\u1ed3ng \u00fd k\u00fd Gi\u1ea5y x\u00e1c nh\u1eadn \u0111\u00e3 nh\u1eadn qu\u00e0 t\u1eeb ch\u01b0\u01a1ng tr\u00ecnh v\u00e0\/ho\u1eb7c th\u1ef1c hi\u1ec7n b\u1ea5t k\u1ef3 giao d\u1ecbch gian l\u1eadn n\u00e0o trong qu\u00e1 tr\u00ecnh di\u1ec5n ra ch\u01b0\u01a1ng tr\u00ecnh.<br \/>\n&#8211; Trong tr\u01b0\u1eddng h\u1ee3p c\u00f3 tranh ch\u1ea5p khi\u1ebfu n\u1ea1i, C\u00f4ng ty s\u1ebd th\u1ef1c hi\u1ec7n gi\u1ea3i quy\u1ebft th\u1ecfa \u0111\u00e1ng theo quy \u0111\u1ecbnh ph\u00e1p lu\u1eadt, To\u00e0 \u00e1n l\u00e0 c\u01a1 quan ph\u00e1n quy\u1ebft cu\u1ed1i c\u00f9ng n\u1ebfu c\u1ea3 hai b\u00ean kh\u00f4ng \u0111\u1ea1t \u0111\u01b0\u1ee3c th\u1ecfa thu\u1eadn.<br \/>\n&#8211; B\u1eb1ng vi\u1ec7c tham gia ch\u01b0\u01a1ng tr\u00ecnh, ng\u01b0\u1eddi d\u00f9ng \u0111\u1ed3ng \u00fd r\u1eb1ng C\u00f4ng ty c\u00f3 quy\u1ec1n s\u1eed d\u1ee5ng h\u00ecnh \u1ea3nh v\u00e0 th\u00f4ng tin ng\u01b0\u1eddi d\u00f9ng tr\u00fang th\u01b0\u1edfng \u0111\u1ec3 th\u1ef1c hi\u1ec7n c\u00f4ng t\u00e1c truy\u1ec1n th\u00f4ng m\u00e0 kh\u00f4ng tr\u1ea3 b\u1ea5t c\u1ee9 chi ph\u00ed n\u00e0o.<br \/>\n&#8211; Tr\u01b0\u1eddng h\u1ee3p kh\u00f4ng c\u00f3 ng\u01b0\u1eddi tr\u00fang th\u01b0\u1edfng ho\u1eb7c ng\u01b0\u1eddi tr\u00fang th\u01b0\u1edfng t\u1eeb ch\u1ed1i v\u00e0\/ ho\u1eb7c kh\u00f4ng h\u1ee3p t\u00e1c trong vi\u1ec7c trao gi\u1ea3i, C\u00f4ng ty c\u00f3 tr\u00e1ch nhi\u1ec7m tr\u00edch n\u1ed9p 50% gi\u00e1 tr\u1ecb \u0111\u00e3 c\u00f4ng b\u1ed1 c\u1ee7a gi\u1ea3i th\u01b0\u1edfng \u0111\u00f3 v\u00e0o ng\u00e2n s\u00e1ch nh\u00e0 n\u01b0\u1edbc theo quy \u0111\u1ecbnh t\u1ea1i Kho\u1ea3n 4 \u0110i\u1ec1u 96 Lu\u1eadt th\u01b0\u01a1ng m\u1ea1i.<br \/>\n&#8211; C\u00f4ng ty s\u1ebd c\u00f3 tr\u00e1ch nhi\u1ec7m l\u01b0u tr\u1eef b\u1eb1ng ch\u1ee9ng tr\u00fang th\u01b0\u1edfng c\u1ee7a ng\u01b0\u1eddi nh\u1eadn gi\u1ea3i th\u01b0\u1edfng ph\u1ee5c v\u1ee5 cho c\u00f4ng t\u00e1c ki\u1ec3m tra gi\u00e1m s\u00e1t theo quy \u0111\u1ecbnh c\u1ee7a ph\u00e1p lu\u1eadt.<\/p>","protected":false},"excerpt":{"rendered":"\ud83d\udc9d V\u00d2NG QUAY N\u00c0NG M\u00ca, QUAY L\u00c0 TR\u00daNG QU\u00c0 TH\u00cdCH M\u00ca! \ud83c\udff5\ufe0f M\u1eebng ng\u00e0y \u0111\u1eb7c bi\u1ec7t c\u1ee7a m\u1ed9t n\u1eeda th\u1ebf gi\u1edbi, Grab mang \u0111\u1ebfn h\u00e0ng ng\u00e0n ph\u1ea7n qu\u00e0 h\u1ea5p d\u1eabn cho ch\u1ecb em m\u00ecnh \u0111\u00e2y! Hi v\u1ecdng ch\u1ecb em s\u1ebd c\u00f3 m\u00f9a 8.3 th\u1eadt \u00fd ngh\u0129a nh\u00e9! T\u1eeb ng\u00e0y 01\/03-08\/03\/2022, v\u1edbi m\u1ed7i chuy\u1ebfn giao h\u00e0ng [&hellip;]","protected":false},"author":1211,"featured_media":111235,"parent":0,"menu_order":0,"comment_status":"closed","ping_status":"closed","template":"","meta":{"_acf_changed":false,"footnotes":""},"acf":[],"_links":{"self":[{"href":"https:\/\/www.grab.com\/vn\/en\/wp-json\/wp\/v2\/pages\/110654"}],"collection":[{"href":"https:\/\/www.grab.com\/vn\/en\/wp-json\/wp\/v2\/pages"}],"about":[{"href":"https:\/\/www.grab.com\/vn\/en\/wp-json\/wp\/v2\/types\/page"}],"author":[{"embeddable":true,"href":"https:\/\/www.grab.com\/vn\/en\/wp-json\/wp\/v2\/users\/1211"}],"replies":[{"embeddable":true,"href":"https:\/\/www.grab.com\/vn\/en\/wp-json\/wp\/v2\/comments?post=110654"}],"version-history":[{"count":15,"href":"https:\/\/www.grab.com\/vn\/en\/wp-json\/wp\/v2\/pages\/110654\/revisions"}],"predecessor-version":[{"id":111241,"href":"https:\/\/www.grab.com\/vn\/en\/wp-json\/wp\/v2\/pages\/110654\/revisions\/111241"}],"wp:featuredmedia":[{"embeddable":true,"href":"https:\/\/www.grab.com\/vn\/en\/wp-json\/wp\/v2\/media\/111235"}],"wp:attachment":[{"href":"https:\/\/www.grab.com\/vn\/en\/wp-json\/wp\/v2\/media?parent=110654"}],"curies":[{"name":"wp","href":"https:\/\/api.w.org\/{rel}","templated":true}]}}