{"id":110596,"date":"2022-02-18T16:45:41","date_gmt":"2022-02-18T08:45:41","guid":{"rendered":"https:\/\/www.grab.com\/vn\/?page_id=110596"},"modified":"2022-02-24T12:19:28","modified_gmt":"2022-02-24T04:19:28","slug":"ra-mat-dich-vu-grabcar-economy","status":"publish","type":"page","link":"https:\/\/www.grab.com\/vn\/en\/ra-mat-dich-vu-grabcar-economy\/","title":{"rendered":"Ra m\u1eaft d\u1ecbch v\u1ee5 GrabCar Economy"},"content":{"rendered":"<p><img loading=\"lazy\" decoding=\"async\" width=\"1200\" height=\"600\" class=\"aligncenter size-full wp-image-110598\" src=\"https:\/\/assets.grab.com\/wp-content\/uploads\/sites\/11\/2022\/02\/18164646\/1200x600-5.jpg\" alt=\"\" srcset=\"https:\/\/assets.grab.com\/wp-content\/uploads\/sites\/11\/2022\/02\/18164646\/1200x600-5.jpg 1200w, https:\/\/assets.grab.com\/wp-content\/uploads\/sites\/11\/2022\/02\/18164646\/1200x600-5-250x125.jpg 250w, https:\/\/assets.grab.com\/wp-content\/uploads\/sites\/11\/2022\/02\/18164646\/1200x600-5-768x384.jpg 768w, https:\/\/assets.grab.com\/wp-content\/uploads\/sites\/11\/2022\/02\/18164646\/1200x600-5-700x350.jpg 700w, https:\/\/assets.grab.com\/wp-content\/uploads\/sites\/11\/2022\/02\/18164646\/1200x600-5-120x60.jpg 120w\" sizes=\"(max-width: 1200px) 100vw, 1200px\" \/><\/p>\n<p>&nbsp;<\/p>\n<p><b>\ud83c\udf1f Ng\u1ed3i m\u00e1y l\u1ea1nh 4 b\u00e1nh di chuy\u1ec3n kh\u1eafp n\u01a1i gi\u00e1 h\u1eddi \ud83c\udf1f<\/b><\/p>\n<p><span style=\"font-weight: 400\">\ud83d\ude99 V\u1eabn c\u00f3 b\u0103ng gh\u1ebf sau \u00eam \u00e1i, m\u00e1y l\u1ea1nh ph\u00e0 ph\u00e0, di chuy\u1ec3n an to\u00e0n kh\u1ecfi lo n\u1eafng m\u01b0a kh\u00f3i b\u1ee5i m\u00e0 c\u00f2n si\u00eau ti\u1ebft ki\u1ec7m ch\u00ednh l\u00e0 <\/span><b>GrabCar Economy<\/b><span style=\"font-weight: 400\"> ch\u1ee9 ai n\u1eefa n\u00e8.<\/span><\/p>\n<p><span style=\"font-weight: 400\">\ud83d\udc4c T\u1eeb h\u00f4m nay anh ch\u1ecb em n\u00e0o \u0111\u1eb7t chuy\u1ebfn t\u1eeb Nh\u00e0 B\u00e8, Th\u1ee7 \u0110\u1ee9c v\u00e0 Qu\u1eadn 12 \u0111\u1ec3 \u0111i h\u1ecdc, \u0111i l\u00e0m, g\u1eb7p g\u1ee1 \u0111\u1ed1i t\u00e1c hay \u0111\u1eb7t cho ph\u1ee5 huynh&#8230;\u0111i ch\u1ee3 \u0111\u1ec1u c\u00f3 th\u1ec3 s\u1eed d\u1ee5ng d\u1ecbch v\u1ee5 GrabCar Economy v\u1eeba ti\u1ec7n l\u1ee3i an to\u00e0n l\u1ea1i c\u00f2n c\u00f3 m\u1ee9c gi\u00e1 ti\u1ebft ki\u1ec7m n\u1eefa n\u00e8.\u00a0<\/span><\/p>\n<p><span style=\"font-weight: 400\">\ud83d\udcb8Ch\u01b0a h\u1ebft, nh\u00e2n d\u1ecbp l\u1ea7n \u0111\u1ea7u ra m\u1eaft d\u1ecbch v\u1ee5 m\u1edbi GrabCar Economy, c\u00e1c kh\u00e1ch y\u00eau c\u1ee7a Grab \u0111\u1eebng qu\u00ean nh\u1eadp <strong>m\u00e3 \u01b0u \u0111\u00e3i NHABE, THUDUC, QUAN12<\/strong> \u0111\u1ec3 ti\u1ebft ki\u1ec7m th\u00eam <strong>20% gi\u1ea3m t\u1ed1i \u0111a 20.000\u0111<\/strong> \u0111\u00f3 nha\ud83d\udcb8<\/span><\/p>\n<p>&nbsp;<\/p>\n<p><span style=\"font-weight: 400\">\ud83d\udcf2 Ch\u1edd g\u00ec n\u1eefa anh ch\u1ecb m\u00ecnh \u01a1i, l\u00ean xe ngay th\u00f4i!<\/span><\/p>\n<p>&nbsp;<\/p>\n<p><span style=\"font-weight: 400\">L\u01b0u \u00fd:<\/span><\/p>\n<p><span style=\"font-weight: 400\">\u00a0\u2705D\u1ecbch v\u1ee5 GrabCar Economy hi\u1ec7n nay ch\u1ec9 \u00e1p d\u1ee5ng cho c\u00e1c cu\u1ed1c xe c\u00f3 \u0111i\u1ec3m \u0111\u00f3n t\u1ea1i Nh\u00e0 B\u00e8, Th\u1ee7 \u0110\u1ee9c v\u00e0 Qu\u1eadn 12 cho \u0111\u1ebfn khi c\u00f3 th\u00f4ng b\u00e1o m\u1edbi<\/span><\/p>\n<p><span style=\"font-weight: 400\">\u00a0\u2705C\u00e1c m\u00e3 \u01b0u \u0111\u00e3i nh\u00e2n d\u1ecbp ra m\u1eaft d\u1ecbch v\u1ee5 m\u1edbi l\u00e0 NHABE, THUDUC, QUAN12 \u0111\u01b0\u1ee3c \u00e1p d\u1ee5ng cho c\u00e1c cu\u1ed1c xe c\u00f3 \u0111i\u1ec3m \u0111\u00f3n t\u1ea1i 03 qu\u1eadn n\u00e0y.<\/span><\/p>\n<p><span style=\"font-weight: 400\">\u00a0\u2705M\u00e3 \u01b0u \u0111\u00e3i c\u1ee7a ch\u01b0\u01a1ng tr\u00ecnh c\u00f3 gi\u1edbi h\u1ea1n n\u00ean kh\u00e1ch h\u00e0ng nhanh tay tr\u1ea3i nghi\u1ec7m ngay d\u1ecbch v\u1ee5 m\u1edbi nh\u00e9<\/span><\/p>\n<p>&nbsp;<\/p>\n<p><strong>Xem chi ti\u1ebft ch\u01b0\u01a1ng tr\u00ecnh t\u1ea1i \u0111\u00e2y:<\/strong><\/p>\n<p>&#8211; \u01afu \u0111\u00e3i 20% (t\u1ed1i \u0111a 20.000\u0111) \u00e1p d\u1ee5ng cho d\u1ecbch v\u1ee5 GrabCar Economy.<\/p>\n<p>&#8211; \u01afu \u0111\u00e3i kh\u00f4ng bao g\u1ed3m ph\u1ee5 ph\u00ed, ng\u01b0\u1eddi d\u00f9ng vui l\u00f2ng thanh to\u00e1n ph\u1ee5 ph\u00ed (n\u1ebfu c\u00f3) v\u1edbi \u0110\u1ed1i t\u00e1c t\u00e0i x\u1ebf.<\/p>\n<p>&#8211; \u00c1p d\u1ee5ng cho c\u00e1c chuy\u1ebfn xe c\u00f3 \u0111i\u1ec3m \u0111\u00f3n t\u1ea1i Huy\u1ec7n Nh\u00e0 B\u00e8, Th\u1ee7 \u0110\u1ee9c v\u00e0 Qu\u1eadn 12 Tp.H\u1ed3 Ch\u00ed Minh.<\/p>\n<p>&#8211; S\u1ed1 l\u01b0\u1ee3ng khuy\u1ebfn m\u00e3i c\u00f3 h\u1ea1n, ch\u01b0\u01a1ng tr\u00ecnh c\u00f3 th\u1ec3 k\u1ebft th\u00fac s\u1edbm h\u01a1n d\u1ef1 ki\u1ebfn.<\/p>\n<p>&#8211; M\u1ed7i ng\u01b0\u1eddi d\u00f9ng \u0111\u01b0\u1ee3c s\u1eed d\u1ee5ng t\u1ed1i \u0111a 2 l\u1ea7n\/ng\u00e0y v\u00e0 10 l\u1ea7n trong su\u1ed1t th\u1eddi gian di\u1ec5n ra ch\u01b0\u01a1ng tr\u00ecnh.<\/p>\n<p>&#8211; Ch\u1ec9 \u00e1p d\u1ee5ng cho ng\u01b0\u1eddi d\u00f9ng nh\u1eadn \u0111\u01b0\u1ee3c th\u00f4ng b\u00e1o.<\/p>\n<p>&#8211; Ch\u1ec9 \u00e1p d\u1ee5ng v\u1edbi phi\u00ean b\u1ea3n app m\u1edbi nh\u1ea5t.<\/p>","protected":false},"excerpt":{"rendered":"&nbsp; \ud83c\udf1f Ng\u1ed3i m\u00e1y l\u1ea1nh 4 b\u00e1nh di chuy\u1ec3n kh\u1eafp n\u01a1i gi\u00e1 h\u1eddi \ud83c\udf1f \ud83d\ude99 V\u1eabn c\u00f3 b\u0103ng gh\u1ebf sau \u00eam \u00e1i, m\u00e1y l\u1ea1nh ph\u00e0 ph\u00e0, di chuy\u1ec3n an to\u00e0n kh\u1ecfi lo n\u1eafng m\u01b0a kh\u00f3i b\u1ee5i m\u00e0 c\u00f2n si\u00eau ti\u1ebft ki\u1ec7m ch\u00ednh l\u00e0 GrabCar Economy ch\u1ee9 ai n\u1eefa n\u00e8. \ud83d\udc4c T\u1eeb h\u00f4m nay anh ch\u1ecb [&hellip;]","protected":false},"author":1250,"featured_media":0,"parent":0,"menu_order":0,"comment_status":"closed","ping_status":"closed","template":"","meta":{"_acf_changed":false,"footnotes":""},"acf":[],"_links":{"self":[{"href":"https:\/\/www.grab.com\/vn\/en\/wp-json\/wp\/v2\/pages\/110596"}],"collection":[{"href":"https:\/\/www.grab.com\/vn\/en\/wp-json\/wp\/v2\/pages"}],"about":[{"href":"https:\/\/www.grab.com\/vn\/en\/wp-json\/wp\/v2\/types\/page"}],"author":[{"embeddable":true,"href":"https:\/\/www.grab.com\/vn\/en\/wp-json\/wp\/v2\/users\/1250"}],"replies":[{"embeddable":true,"href":"https:\/\/www.grab.com\/vn\/en\/wp-json\/wp\/v2\/comments?post=110596"}],"version-history":[{"count":4,"href":"https:\/\/www.grab.com\/vn\/en\/wp-json\/wp\/v2\/pages\/110596\/revisions"}],"predecessor-version":[{"id":110973,"href":"https:\/\/www.grab.com\/vn\/en\/wp-json\/wp\/v2\/pages\/110596\/revisions\/110973"}],"wp:attachment":[{"href":"https:\/\/www.grab.com\/vn\/en\/wp-json\/wp\/v2\/media?parent=110596"}],"curies":[{"name":"wp","href":"https:\/\/api.w.org\/{rel}","templated":true}]}}