{"id":110443,"date":"2022-02-16T17:13:22","date_gmt":"2022-02-16T09:13:22","guid":{"rendered":"https:\/\/www.grab.com\/vn\/?page_id=110443"},"modified":"2022-02-17T14:31:24","modified_gmt":"2022-02-17T06:31:24","slug":"hoi-cho-sai-gon-lac-xoong","status":"publish","type":"page","link":"https:\/\/www.grab.com\/vn\/en\/hoi-cho-sai-gon-lac-xoong\/","title":{"rendered":"H\u1ed8I CH\u1ee2 S\u00c0I G\u00d2N L\u1ea0C XOONG"},"content":{"rendered":"<p><span style=\"font-weight: 400\">\ud83d\udce3Aiii \u0111i GrabBike, GrabCar \u0111\u1ebfn h\u1ed9i ch\u1ee3 S\u00e0i G\u00f2n L\u1ea1c Xoong cu\u1ed1i tu\u1ea7n n\u00e0y kh\u00f4ng ta?<\/span><\/p>\n<p>&nbsp;<\/p>\n<p><span style=\"font-weight: 400\">\ud83d\udef5\ud83d\ude98 C\u00f2n g\u00ec tuy\u1ec7t v\u1eddi h\u01a1n cu\u1ed1i tu\u1ea7n n\u00e0y \u0111\u1ebfn H\u1ed9i ch\u1ee3 S\u00e0i G\u00f2n L\u1ea1c Xoong vui ch\u01a1i v\u00e0 mua s\u1eafm nh\u1eefng m\u1eb7t h\u00e0ng \u0111\u1ed9c l\u1ea1, th\u00fa v\u1ecb ch\u1eb3ng c\u1ea7n chen ch\u00fac g\u1eedi xe, hay l\u1ee1 c\u00f3 mua h\u01a1i b\u1ecb nhi\u1ec1u c\u0169ng kh\u00f4ng lo di chuy\u1ec3n c\u1ed3ng k\u1ec1nh v\u00ec \u0111\u00e3 c\u00f3 GrabBike, GrabCar \u0111\u01b0a \u0111\u00f3n v\u1eeba an to\u00e0n l\u1ea1i c\u00f2n ti\u1ebft ki\u1ec7m n\u00e8.<\/span><\/p>\n<p>&nbsp;<\/p>\n<p><span style=\"font-weight: 400\">\ud83c\udf81Nh\u1eadp ngay m\u00e3 HOICHOLX \u0111\u1ec3 nh\u1eadn ngay \u01b0u \u0111\u00e3i 30% gi\u1ea3m \u0111\u1ebfn 30.000\u0111 khi di chuy\u1ec3n b\u1eb1ng GrabBike, GrabCar \u0111\u1ebfn \u0111\u1ecba \u0111i\u1ec3m t\u1ed5 ch\u1ee9c H\u1ed9i ch\u1ee3 S\u00e0i G\u00f2n L\u1ea1c Xoong nh\u00e9 kh\u00e1ch y\u00eau \u01a1i.<\/span><\/p>\n<p>&nbsp;<\/p>\n<p><strong>Xem chi ti\u1ebft ch\u01b0\u01a1ng tr\u00ecnh t\u1ea1i \u0111\u00e2y:<\/strong><\/p>\n<p>&#8211; \u01afu \u0111\u00e3i 30% (t\u1ed1i \u0111a 30.000\u0111) \u00e1p d\u1ee5ng cho c\u00e1c d\u1ecbch v\u1ee5 GrabCar, GrabBike.<\/p>\n<p>&#8211; \u00c1p d\u1ee5ng cho c\u00e1c chuy\u1ebfn xe c\u00f3 \u0111i\u1ec3m \u0111\u1ebfn t\u1ea1i cung v\u0103n hoa lao \u0111\u1ed9ng qu\u1eadn 1, TP.HCM.<\/p>\n<p>&#8211; \u00c1p d\u1ee5ng trong khung gi\u1edd 08:00-21:00 v\u00e0o ng\u00e0y 20\/02\/2022.<\/p>\n<p>&#8211; \u00c1p d\u1ee5ng cho m\u1ecdi ph\u01b0\u01a1ng th\u1ee9c thanh to\u00e1n.<\/p>\n<p>&#8211; \u01afu \u0111\u00e3i kh\u00f4ng bao g\u1ed3m ph\u1ee5 ph\u00ed, ng\u01b0\u1eddi d\u00f9ng vui l\u00f2ng thanh to\u00e1n ph\u1ee5 ph\u00ed (n\u1ebfu c\u00f3) v\u1edbi \u0110\u1ed1i t\u00e1c t\u00e0i x\u1ebf.<\/p>\n<p>&#8211; M\u1ed7i ng\u01b0\u1eddi d\u00f9ng \u0111\u01b0\u1ee3c s\u1eed d\u1ee5ng t\u1ed1i \u0111a 01 l\u1ea7n trong su\u1ed1t th\u1eddi gian di\u1ec5n ra ch\u01b0\u01a1ng tr\u00ecnh.<\/p>\n<p>&#8211; S\u1ed1 l\u01b0\u1ee3ng \u01b0u \u0111\u00e3i c\u00f3 gi\u1edbi h\u1ea1n m\u1ed7i ng\u00e0y.<\/p>\n<p>&#8211; Ch\u1ec9 \u00e1p d\u1ee5ng cho ng\u01b0\u1eddi d\u00f9ng nh\u1eadn \u0111\u01b0\u1ee3c th\u00f4ng b\u00e1o.<\/p>\n<p>&#8211; Ch\u1ec9 \u00e1p d\u1ee5ng v\u1edbi phi\u00ean b\u1ea3n app m\u1edbi nh\u1ea5t.<\/p>\n<p><!--more--><\/p>\n<p>&nbsp;<\/p>\n<p><a href=\"\/\/open?screenType=BOOKING\"><img loading=\"lazy\" decoding=\"async\" class=\"aligncenter wp-image-109009\" src=\"https:\/\/assets.grab.com\/wp-content\/uploads\/sites\/11\/2022\/01\/20122452\/CTA-012.png\" alt=\"\" width=\"204\" height=\"50\" \/><\/a><\/p>","protected":false},"excerpt":{"rendered":"\ud83d\udce3Aiii \u0111i GrabBike, GrabCar \u0111\u1ebfn h\u1ed9i ch\u1ee3 S\u00e0i G\u00f2n L\u1ea1c Xoong cu\u1ed1i tu\u1ea7n n\u00e0y kh\u00f4ng ta? &nbsp; \ud83d\udef5\ud83d\ude98 C\u00f2n g\u00ec tuy\u1ec7t v\u1eddi h\u01a1n cu\u1ed1i tu\u1ea7n n\u00e0y \u0111\u1ebfn H\u1ed9i ch\u1ee3 S\u00e0i G\u00f2n L\u1ea1c Xoong vui ch\u01a1i v\u00e0 mua s\u1eafm nh\u1eefng m\u1eb7t h\u00e0ng \u0111\u1ed9c l\u1ea1, th\u00fa v\u1ecb ch\u1eb3ng c\u1ea7n chen ch\u00fac g\u1eedi xe, hay l\u1ee1 c\u00f3 mua [&hellip;]","protected":false},"author":1250,"featured_media":0,"parent":0,"menu_order":0,"comment_status":"closed","ping_status":"closed","template":"","meta":{"_acf_changed":false,"footnotes":""},"acf":[],"_links":{"self":[{"href":"https:\/\/www.grab.com\/vn\/en\/wp-json\/wp\/v2\/pages\/110443"}],"collection":[{"href":"https:\/\/www.grab.com\/vn\/en\/wp-json\/wp\/v2\/pages"}],"about":[{"href":"https:\/\/www.grab.com\/vn\/en\/wp-json\/wp\/v2\/types\/page"}],"author":[{"embeddable":true,"href":"https:\/\/www.grab.com\/vn\/en\/wp-json\/wp\/v2\/users\/1250"}],"replies":[{"embeddable":true,"href":"https:\/\/www.grab.com\/vn\/en\/wp-json\/wp\/v2\/comments?post=110443"}],"version-history":[{"count":2,"href":"https:\/\/www.grab.com\/vn\/en\/wp-json\/wp\/v2\/pages\/110443\/revisions"}],"predecessor-version":[{"id":110500,"href":"https:\/\/www.grab.com\/vn\/en\/wp-json\/wp\/v2\/pages\/110443\/revisions\/110500"}],"wp:attachment":[{"href":"https:\/\/www.grab.com\/vn\/en\/wp-json\/wp\/v2\/media?parent=110443"}],"curies":[{"name":"wp","href":"https:\/\/api.w.org\/{rel}","templated":true}]}}