{"id":110201,"date":"2022-02-10T15:54:07","date_gmt":"2022-02-10T07:54:07","guid":{"rendered":"https:\/\/www.grab.com\/vn\/?page_id=110201"},"modified":"2022-02-10T15:54:20","modified_gmt":"2022-02-10T07:54:20","slug":"dat-grab-den-innisfree-nhan-lien-hoan-uu-dai","status":"publish","type":"page","link":"https:\/\/www.grab.com\/vn\/en\/dat-grab-den-innisfree-nhan-lien-hoan-uu-dai\/","title":{"rendered":"\ud83d\udef5\ud83d\ude99 \u0110\u1eb7t Grab \u0111\u1ebfn innisfree &#8211; Nh\u1eadn li\u00ean ho\u00e0n \u01b0u \u0111\u00e3i"},"content":{"rendered":"<p><img loading=\"lazy\" decoding=\"async\" width=\"1200\" height=\"600\" class=\"alignnone size-full wp-image-110202\" src=\"https:\/\/assets.grab.com\/wp-content\/uploads\/sites\/11\/2022\/02\/10154824\/1200x600-83.jpg\" alt=\"\" \/><\/p>\n<p>&nbsp;<\/p>\n<p><span style=\"font-weight: 400\">\ud83e\udd70 Valentine t\u1edbi r\u1ed3i, d\u00f9 c\u00f3 \u0111\u00f4i hay ch\u01b0a th\u00ec c\u0169ng ph\u1ea3i ch\u0103m s\u00f3c cho m\u00ecnh th\u1eadt xinh \u0111\u1eb9p nha anh ch\u1ecb em \u01a1i.\u00a0<\/span><\/p>\n<p><span style=\"font-weight: 400\">\ud83c\udf81 C\u00f3 t\u1edbi <em><strong>innisfree<\/strong><\/em> mua s\u1ea3n ph\u1ea9m l\u00e0m \u0111\u1eb9p th\u00ec \u0111\u1ec3 <span style=\"font-weight: 600;color: #009d3b\">Grab<\/span> ch\u1edf \u0111i cho n\u00e8, <strong>\u01b0u \u0111\u00e3i di chuy\u1ec3n l\u00ean \u0111\u1ebfn 20.000\u0111<\/strong> v\u00e0 c\u00f2n \u0111\u01b0\u1ee3c<strong> t\u1eb7ng voucher mua s\u1eafm 50.000\u0111<\/strong> t\u1ea1i <em><strong>innisfree<\/strong><\/em> cho \u0111\u01a1n h\u00e0ng t\u1eeb 200.000\u0111 n\u1eefa \u0111\u00f3.<\/span><\/p>\n<p>&nbsp;<\/p>\n<p><span style=\"font-weight: 400\">\ud83d\udca5Th\u00f4ng tin chi ti\u1ebft ch\u01b0\u01a1ng tr\u00ecnh \u01b0u \u0111\u00e3i\ud83d\udca5<\/span><\/p>\n<p><span style=\"font-weight: 400\">\u2728 T\u1eeb ng\u00e0y <strong>10\/02\/2022 \u0111\u1ebfn ng\u00e0y 24\/02\/2022<\/strong>, khi \u0111\u1eb7t <span style=\"font-weight: 600;color: #009d3b\">GrabBike<\/span> ho\u1eb7c <span style=\"font-weight: 600;color: #009d3b\">GrabCar<\/span> \u0111\u00ea\u0301n c\u01b0\u0309a ha\u0300ng <em><strong>innisfree<\/strong><\/em>, b\u1ea1n se\u0303 \u0111\u01b0\u1ee3c nh\u1eadn <strong>m\u00e3 \u01b0u \u0111\u00e3i 10% gi\u00e1 tr\u1ecb chuy\u1ebfn xe<\/strong>, t\u1ed1i \u0111a 20.000 VN\u0110; v\u00e0 v<strong>oucher mua s\u1eafm tri\u0323 gia\u0301 50,000 VN\u0110 a\u0301p du\u0323ng cho ho\u0301a \u0111\u01a1n t\u01b0\u0300 200,000 VN\u0110<\/strong> khi thanh toa\u0301n qua <span style=\"font-weight: 600;color: #0082c8\">V\u00ed Moca<\/span> tr\u00ean \u01b0\u0301ng du\u0323ng <span style=\"font-weight: 600;color: #009d3b\">Grab<\/span>.<\/span><\/p>\n<p><span style=\"font-weight: 400\"><a href=\"https:\/\/grab.onelink.me\/2695613898?pid=Facebook&amp;c=VN__KCT-KCTALL_PAX_GM_ALL_3122021_AW-MARA-REACH_3PL__VN21GMPBM2DDAY1212_GrabMartDoubleDay12.12&amp;is_retargeting=true&amp;af_dp=grab%3A%2F%2Fopen%3FscreenType%3DBOOKING&amp;af_force_deeplink=true&amp;af_sub5=social-paid&amp;af_ad=VN__KCT-KCTALL_PAX_GM_ALL_3122021_AW-MARA-REACH_3PL__VN21GMPBM2DDAY1212_appusers_ImageAd_ImageAd-_VN21GMPBM2DDAY1212&amp;af_adset=VN__KCT-KCTALL_PAX_GM_ALL_3122021_AW-MARA-REACH_3PL__VN21GMPBM2DDAY1212_appusers&amp;af_siteID=&amp;af_web_dp=https%3A%2F%2Fwww.grab.com%2Fvn%2Fdownload&amp;af_ios_url=https%3A%2F%2Fwww.grab.com%2Fvn%2Fdownload\"><img loading=\"lazy\" decoding=\"async\" width=\"230\" height=\"52\" class=\"size-full wp-image-108589 aligncenter\" src=\"https:\/\/assets.grab.com\/wp-content\/uploads\/sites\/11\/2022\/01\/13174751\/Screen-Shot-2022-01-13-at-16.47.33.png\" alt=\"\" \/><\/a><\/span><\/p>\n<p><strong>*Danh s\u00e1ch c\u1eeda h\u00e0ng \u00e1p d\u1ee5ng:<\/strong><\/p>\n<ul>\n<li style=\"font-weight: 400\"><span style=\"font-weight: 400\">Innisfree &#8211; Hai B\u00e0 Tr\u01b0ng, 257, Hai B\u00e0 Tr\u01b0ng, P.6, Q.3, TP. H\u1ed3 Ch\u00ed Minh<\/span><\/li>\n<li style=\"font-weight: 400\"><span style=\"font-weight: 400\">Innisfree &#8211; \u0110\u00f4\u0300ng Kh\u01a1\u0309i, 41-43 L1, Vincom Center, 72 L\u00ea Th\u00e1nh T\u00f4n, P.B\u1ebfn Ngh\u00e9, Q.1, TP. H\u1ed3 Ch\u00ed Minh<\/span><\/li>\n<li style=\"font-weight: 400\"><span style=\"font-weight: 400\">Innisfree &#8211; Nguy\u1ec5n Tr\u00e3i, 40-42, Nguy\u1ec5n Tr\u00e3i, P.B\u1ebfn Th\u00e0nh, Q.1, TP. H\u1ed3 Ch\u00ed Minh<\/span><\/li>\n<li style=\"font-weight: 400\"><span style=\"font-weight: 400\">Innisfree &#8211; CrescentMall, GF-C1, 2, T\u1ea7ng Tr\u1ec7t, Crescent Mall, Ph\u01b0\u01a1ng T\u00e2n Ph\u00fa, Q.7, TP. H\u1ed3 Ch\u00ed Minh<\/span><\/li>\n<li style=\"font-weight: 400\"><span style=\"font-weight: 400\">Innisfree &#8211; Landmark 81, L1-15, T\u1ea7ng L1, Vincom Landmark 81, 720A \u0110i\u1ec7n Bi\u00ean Ph\u1ee7, P.22, Q.B\u00ecnh Th\u1ea1nh, TP. H\u1ed3 Ch\u00ed Minh<\/span><\/li>\n<li style=\"font-weight: 400\"><span style=\"font-weight: 400\">Innisfree &#8211; V\u00f5 V\u0103n Ng\u00e2n, 190, V\u00f5 V\u0103n Ng\u00e2n, P.B\u00ecnh Th\u1ecd, Q.Th\u1ee7 \u0110\u1ee9c, TP. H\u1ed3 Ch\u00ed Minh<\/span><\/li>\n<li style=\"font-weight: 400\"><span style=\"font-weight: 400\">Innisfree &#8211; Phan V\u0103n Tr\u1ecb, 445, Phan V\u0103n Tr\u1ecb, Ph\u01b0\u1eddng 5, Qu\u1eadn G\u00f2 V\u1ea5p, TP. H\u1ed3 Ch\u00ed Minh<\/span><\/li>\n<li style=\"font-weight: 400\"><span style=\"font-weight: 400\">Innisfree &#8211; Vivo City, G-floor, SC Vivo City &#8211; 1058 Nguy\u1ec5n V\u0103n Linh, Ph\u01b0\u1eddng Tan Phong, Qu\u1eadn 7, TP. H\u1ed3 Ch\u00ed Minh<\/span><\/li>\n<li style=\"font-weight: 400\"><span style=\"font-weight: 400\">Innisfree &#8211; Mega Mall, L1-18 T\u1ea7ng 1, Vincom Mega Mall Th\u1ea3o \u0110i\u1ec1n , 161 Xa L\u1ed9 H\u00e0 N\u1ed9i, Ph\u01b0\u1eddng Th\u1ea3o \u0110i\u1ec1n, Qu\u1eadn 2, TP. H\u1ed3 Ch\u00ed Minh<\/span><\/li>\n<li style=\"font-weight: 400\"><span style=\"font-weight: 400\">Innisfree &#8211; B\u00e0 Tri\u1ec7u, 290, B\u00e0 Tri\u1ec7u, P.L\u00ea \u0110\u1ea1i H\u00e0nh, Q.Hai B\u00e0 Tr\u01b0ng, H\u00e0 N\u1ed9i<\/span><\/li>\n<li style=\"font-weight: 400\"><span style=\"font-weight: 400\">Innisfree &#8211; Tr\u1ea7n Duy H\u01b0ng, L108A, T\u1ea7ng 1, Vincom Center Tr\u1ea7n Duy H\u01b0ng, Qu\u1eadn C\u1ea7u Gi\u1ea5y, H\u00e0 N\u1ed9i<\/span><\/li>\n<li style=\"font-weight: 400\"><span style=\"font-weight: 400\">Innisfree &#8211; Ph\u1ea1m Ng\u1ecdc Th\u1ea1ch<\/span> <span style=\"font-weight: 400\">, L\u00f4 L1-15, T\u1ea7ng 1, Vincom Ph\u1ea1m Ng\u1ecdc Th\u1ea1ch, S\u1ed1 2, Ph\u1ea1m Ng\u1ecdc Th\u1ea1ch, P.Trung T\u1ef1, Q.\u0110\u1ed1ng \u0110a, H\u00e0 N\u1ed9i<\/span><\/li>\n<li style=\"font-weight: 400\"><span style=\"font-weight: 400\">Innisfree &#8211; Vincom Ocean Park, L1-28, t\u00e2\u0300ng L1, TTTM Vincom Ocean Park, Gia L\u00e2m, H\u00e0 N\u1ed9i<\/span><\/li>\n<li style=\"font-weight: 400\"><span style=\"font-weight: 400\">Innisfree &#8211; Lotte Center, Lotte Center Ha Noi, 54 Li\u1ec5u Giai Street, C\u1ed1ng V\u1ecb Ward, Ba \u0110\u00ecnh District., H\u00e0 N\u1ed9i.<\/span><\/li>\n<\/ul>\n<p>&nbsp;<\/p>","protected":false},"excerpt":{"rendered":"&nbsp; \ud83e\udd70 Valentine t\u1edbi r\u1ed3i, d\u00f9 c\u00f3 \u0111\u00f4i hay ch\u01b0a th\u00ec c\u0169ng ph\u1ea3i ch\u0103m s\u00f3c cho m\u00ecnh th\u1eadt xinh \u0111\u1eb9p nha anh ch\u1ecb em \u01a1i.\u00a0 \ud83c\udf81 C\u00f3 t\u1edbi innisfree mua s\u1ea3n ph\u1ea9m l\u00e0m \u0111\u1eb9p th\u00ec \u0111\u1ec3 Grab ch\u1edf \u0111i cho n\u00e8, \u01b0u \u0111\u00e3i di chuy\u1ec3n l\u00ean \u0111\u1ebfn 20.000\u0111 v\u00e0 c\u00f2n \u0111\u01b0\u1ee3c t\u1eb7ng voucher mua s\u1eafm [&hellip;]","protected":false},"author":1123,"featured_media":0,"parent":0,"menu_order":0,"comment_status":"closed","ping_status":"closed","template":"","meta":{"_acf_changed":false,"footnotes":""},"acf":[],"_links":{"self":[{"href":"https:\/\/www.grab.com\/vn\/en\/wp-json\/wp\/v2\/pages\/110201"}],"collection":[{"href":"https:\/\/www.grab.com\/vn\/en\/wp-json\/wp\/v2\/pages"}],"about":[{"href":"https:\/\/www.grab.com\/vn\/en\/wp-json\/wp\/v2\/types\/page"}],"author":[{"embeddable":true,"href":"https:\/\/www.grab.com\/vn\/en\/wp-json\/wp\/v2\/users\/1123"}],"replies":[{"embeddable":true,"href":"https:\/\/www.grab.com\/vn\/en\/wp-json\/wp\/v2\/comments?post=110201"}],"version-history":[{"count":1,"href":"https:\/\/www.grab.com\/vn\/en\/wp-json\/wp\/v2\/pages\/110201\/revisions"}],"predecessor-version":[{"id":110203,"href":"https:\/\/www.grab.com\/vn\/en\/wp-json\/wp\/v2\/pages\/110201\/revisions\/110203"}],"wp:attachment":[{"href":"https:\/\/www.grab.com\/vn\/en\/wp-json\/wp\/v2\/media?parent=110201"}],"curies":[{"name":"wp","href":"https:\/\/api.w.org\/{rel}","templated":true}]}}