{"id":110035,"date":"2022-02-07T22:43:16","date_gmt":"2022-02-07T14:43:16","guid":{"rendered":"https:\/\/www.grab.com\/vn\/?page_id=110035"},"modified":"2022-02-07T22:53:15","modified_gmt":"2022-02-07T14:53:15","slug":"grabbike-tro-lai-khap-pho","status":"publish","type":"page","link":"https:\/\/www.grab.com\/vn\/en\/grabbike-tro-lai-khap-pho\/","title":{"rendered":"GRABBIKE TR\u1ede L\u1ea0I KH\u1eaeP PH\u1ed0"},"content":{"rendered":"<p><img loading=\"lazy\" decoding=\"async\" width=\"2500\" height=\"1250\" class=\"aligncenter size-full wp-image-110036\" src=\"https:\/\/assets.grab.com\/wp-content\/uploads\/sites\/11\/2022\/02\/07223925\/GBHN_2-01.jpg\" alt=\"\" \/><\/p>\n<p><span style=\"font-weight: 400\">[H\u00c0 N\u1ed8I]<\/span><\/p>\n<p>&nbsp;<\/p>\n<p><span style=\"font-weight: 400\">\ud83c\udf1f GrabBike tr\u1edf l\u1ea1i kh\u1eafp ph\u1ed1 \ud83c\udf1f<\/span><\/p>\n<p>&nbsp;<\/p>\n<p><span style=\"font-weight: 400\">\ud83c\udf8a C\u00f2n k\u00e8m theo \u01b0u \u0111\u00e3i l\u00ean \u0111\u1ebfn 30% n\u1eefa c\u1ea3 nh\u00e0 \u01a1i!<\/span><\/p>\n<p>&nbsp;<\/p>\n<p><span style=\"font-weight: 400\">\ud83d\udef5 \ud83d\udcbc T\u1ea1m bi\u1ec7t nh\u1eefng ng\u00e0y tr\u1eddi r\u00e9t ph\u1ea3i ng\u1ed3i y\u00ean tr\u01b0\u1edbc \u0111\u1ebfn c\u01a1 quan.<\/span><\/p>\n<p>&nbsp;<\/p>\n<p><span style=\"font-weight: 400\">\ud83d\udef5\ud83d\udecd\ufe0f V\u1eaby tay ch\u00e0o lu\u00f4n nh\u1eefng ng\u00e0y \u0111i shopping chen ch\u00fac g\u1eedi xe, r\u1ed3i l\u1ea1i \u0111\u1ee3i ch\u1edd \u0111\u1ec3 l\u1ea5y xe di chuy\u1ec3n v\u1eeba m\u1ec7t v\u1eeba m\u1ea5t th\u1eddi gian.<\/span><\/p>\n<p>&nbsp;<\/p>\n<p><span style=\"font-weight: 400\">\ud83d\udef5\ud83c\udf7e T\u1ed1i c\u00f3 h\u1eb9n \u0111i ch\u01a1i, \u0111i qu\u1ea9y v\u1ec1 khuya c\u0169ng kh\u00f4ng s\u1ee3 \u0111\u01b0\u1eddng v\u1eafng \u0111\u01a1n c\u00f4i, c\u1ee9 \u0111\u1eb7t xe l\u00e0 c\u00f3 b\u00e1c t\u00e0i \u0111\u1ebfn &#8220;h\u1ed9 gi\u00e1&#8221; v\u1ec1 t\u1eadn nh\u00e0 an to\u00e0n!<\/span><\/p>\n<p>&nbsp;<\/p>\n<p><span style=\"font-weight: 400\">\ud83c\udf89 M\u1eebng tr\u1edf l\u1ea1i, GrabBike g\u1eedi t\u1eb7ng c\u1ea3 nh\u00e0 m\u00e3 GBTROLAI \u01b0u \u0111\u00e3i l\u00ean \u0111\u1ebfn 30% (gi\u1ea3m t\u1ed1i \u0111a 15.000\u0111). Kh\u00e1ch y\u00eau n\u00e0o thanh to\u00e1n b\u1eb1ng Th\u1ebb\/V\u00ed Moca c\u00f2n nh\u1eadn \u0111\u01b0\u1ee3c th\u00eam \u01b0u \u0111\u00e3i l\u00ean \u0111\u1ebfn 50% (gi\u1ea3m t\u1ed1i \u0111a 20.000\u0111) \u00e1p d\u1ee5ng cho chuy\u1ebfn ti\u1ebfp theo n\u1eefa, tha h\u1ed3 di chuy\u1ec3n ti\u1ebft ki\u1ec7m lu\u00f4n nha.\ud83c\udf89<\/span><\/p>\n<p>&nbsp;<\/p>\n<p><span style=\"font-weight: 400\">\ud83d\udcf2 \u0110\u1ec3 xe \u1edf nh\u00e0, \u0111\u1eb7t GrabBike ngay th\u00f4i anh ch\u1ecb m\u00ecnh \u01a1i!<\/span><\/p>\n<p>&nbsp;<\/p>\n<p><strong>Xem chi ti\u1ebft ch\u01b0\u01a1ng tr\u00ecnh t\u1ea1i \u0111\u00e2y:<\/strong><\/p>\n<p>\u2013 \u01afu \u0111\u00e3i 30% (t\u1ed1i \u0111a 15.000\u0111) \u00e1p d\u1ee5ng cho d\u1ecbch v\u1ee5 GrabBike.<\/p>\n<p>\u2013 \u00c1p d\u1ee5ng t\u1ea1i H\u00e0 N\u1ed9i<\/p>\n<p>\u2013 \u00c1p d\u1ee5ng trong khung gi\u1edd 9:00-17:00 m\u1ed7i ng\u00e0y.<\/p>\n<p>\u2013 \u00c1p d\u1ee5ng cho m\u1ecdi ph\u01b0\u01a1ng th\u1ee9c thanh to\u00e1n.<\/p>\n<p>\u2013 Khi thanh to\u00e1n kh\u00f4ng ti\u1ec1n m\u1eb7t (qua V\u00ed Moca ho\u1eb7c Th\u1ebb ng\u00e2n h\u00e0ng) nh\u1eadn ngay 01 \u01b0u \u0111\u00e3i 50% (t\u1ed1i \u0111a 20.000\u0111) \u00e1p d\u1ee5ng cho chuy\u1ebfn xe ti\u1ebfp theo v\u00e0 c\u00f3 gi\u00e1 tr\u1ecb s\u1eed d\u1ee5ng trong v\u00f2ng 01 ng\u00e0y k\u1ec3 t\u1eeb ng\u00e0y nh\u1eadn.<\/p>\n<p>\u2013 \u01afu \u0111\u00e3i kh\u00f4ng bao g\u1ed3m ph\u1ee5 ph\u00ed, ng\u01b0\u1eddi d\u00f9ng vui l\u00f2ng thanh to\u00e1n ph\u1ee5 ph\u00ed (n\u1ebfu c\u00f3) v\u1edbi \u0110\u1ed1i t\u00e1c t\u00e0i x\u1ebf.<\/p>\n<p>\u2013 M\u1ed7i ng\u01b0\u1eddi d\u00f9ng c\u00f3 th\u1ec3 s\u1eed d\u1ee5ng \u01b0u \u0111\u00e3i t\u1ed1i \u0111a 01 l\u1ea7n\/ng\u00e0y.<\/p>\n<p>\u2013 S\u1ed1 l\u01b0\u1ee3ng \u01b0u \u0111\u00e3i c\u00f3 gi\u1edbi h\u1ea1n m\u1ed7i ng\u00e0y.<\/p>\n<p>\u2013 Ch\u1ec9 \u00e1p d\u1ee5ng cho ng\u01b0\u1eddi d\u00f9ng nh\u1eadn \u0111\u01b0\u1ee3c th\u00f4ng b\u00e1o.<\/p>\n<p>\u2013 Ch\u1ec9 \u00e1p d\u1ee5ng v\u1edbi phi\u00ean b\u1ea3n app m\u1edbi nh\u1ea5t.<\/p>\n<p>&nbsp;<\/p>\n<p><!--more--><\/p>\n<p><a href=\"https:\/\/grab.onelink.me\/2695613898\/bookxengay\"><img loading=\"lazy\" decoding=\"async\" class=\"aligncenter wp-image-109009\" src=\"https:\/\/assets.grab.com\/wp-content\/uploads\/sites\/11\/2022\/01\/20122452\/CTA-012.png\" alt=\"\" width=\"204\" height=\"50\" \/><\/a><\/p>","protected":false},"excerpt":{"rendered":"[H\u00c0 N\u1ed8I] &nbsp; \ud83c\udf1f GrabBike tr\u1edf l\u1ea1i kh\u1eafp ph\u1ed1 \ud83c\udf1f &nbsp; \ud83c\udf8a C\u00f2n k\u00e8m theo \u01b0u \u0111\u00e3i l\u00ean \u0111\u1ebfn 30% n\u1eefa c\u1ea3 nh\u00e0 \u01a1i! &nbsp; \ud83d\udef5 \ud83d\udcbc T\u1ea1m bi\u1ec7t nh\u1eefng ng\u00e0y tr\u1eddi r\u00e9t ph\u1ea3i ng\u1ed3i y\u00ean tr\u01b0\u1edbc \u0111\u1ebfn c\u01a1 quan. &nbsp; \ud83d\udef5\ud83d\udecd\ufe0f V\u1eaby tay ch\u00e0o lu\u00f4n nh\u1eefng ng\u00e0y \u0111i shopping chen ch\u00fac g\u1eedi xe, r\u1ed3i [&hellip;]","protected":false},"author":1250,"featured_media":0,"parent":0,"menu_order":0,"comment_status":"closed","ping_status":"closed","template":"","meta":{"_acf_changed":false,"footnotes":""},"acf":[],"_links":{"self":[{"href":"https:\/\/www.grab.com\/vn\/en\/wp-json\/wp\/v2\/pages\/110035"}],"collection":[{"href":"https:\/\/www.grab.com\/vn\/en\/wp-json\/wp\/v2\/pages"}],"about":[{"href":"https:\/\/www.grab.com\/vn\/en\/wp-json\/wp\/v2\/types\/page"}],"author":[{"embeddable":true,"href":"https:\/\/www.grab.com\/vn\/en\/wp-json\/wp\/v2\/users\/1250"}],"replies":[{"embeddable":true,"href":"https:\/\/www.grab.com\/vn\/en\/wp-json\/wp\/v2\/comments?post=110035"}],"version-history":[{"count":2,"href":"https:\/\/www.grab.com\/vn\/en\/wp-json\/wp\/v2\/pages\/110035\/revisions"}],"predecessor-version":[{"id":110038,"href":"https:\/\/www.grab.com\/vn\/en\/wp-json\/wp\/v2\/pages\/110035\/revisions\/110038"}],"wp:attachment":[{"href":"https:\/\/www.grab.com\/vn\/en\/wp-json\/wp\/v2\/media?parent=110035"}],"curies":[{"name":"wp","href":"https:\/\/api.w.org\/{rel}","templated":true}]}}