{"id":109012,"date":"2022-01-20T12:31:58","date_gmt":"2022-01-20T04:31:58","guid":{"rendered":"https:\/\/www.grab.com\/vn\/?page_id=109012"},"modified":"2022-01-26T19:23:47","modified_gmt":"2022-01-26T11:23:47","slug":"dau-nam-hai-loc-di-chuyen-hanh-thong","status":"publish","type":"page","link":"https:\/\/www.grab.com\/vn\/en\/dau-nam-hai-loc-di-chuyen-hanh-thong\/","title":{"rendered":"\ud83c\udf1f \u0110\u1ea7u n\u0103m h\u00e1i l\u1ed9c, di chuy\u1ec3n hanh th\u00f4ng \ud83c\udf1f"},"content":{"rendered":"<p><img loading=\"lazy\" decoding=\"async\" width=\"1200\" height=\"600\" class=\"aligncenter size-full wp-image-109127\" src=\"https:\/\/assets.grab.com\/wp-content\/uploads\/sites\/11\/2022\/01\/21175835\/1200x6006.jpg\" alt=\"\" \/><\/p>\n<p><span style=\"font-weight: 400\">\ud83c\udf89 M\u1edf GrabRewards s\u0103n voucher di chuy\u1ec3n 50% \u0111\u1ea7u n\u0103m n\u00e8 c\u1ea3 nh\u00e0 \u01a1i \ud83c\udf81<\/span><\/p>\n<p><span style=\"font-weight: 400\">\ud83d\udef5 C\u00f2n g\u00ec tuy\u1ec7t v\u1eddi h\u01a1n \u0111\u1ea7u n\u0103m m\u1edbi m\u00e0 nh\u1eadn \u0111\u01b0\u1ee3c l\u1ed9c, m\u00e0 c\u00f2n l\u1ed9c l\u1edbn \u0111\u1ebfn 50% \u0111\u00fang kh\u00f4ng anh ch\u1ecb m\u00ecnh?\u00a0<\/span><\/p>\n<p><span style=\"font-weight: 400\">\ud83d\ude98 <strong>1.500 voucher \u01b0u \u0111\u00e3i 50%<span style=\"color: #339966\"> GrabBike &amp; GrabCar<\/span><\/strong> \u0111ang ch\u1edd ch\u1ee7 nh\u00e2n v\u00e0o GrabRewards r\u01b0\u1edbc v\u1ec1<strong> t\u1eeb ng\u00e0y 01\/02 \u0111\u1ebfn h\u1ebft ng\u00e0y 03\/02<\/strong> \u0111\u00f3 nha.<\/span><\/p>\n<p><span style=\"font-weight: 400\">\ud83d\udcf1 Tha h\u1ed3 \u0111\u1eb7t xe \u0111i ch\u01a1i, \u0111i ch\u00fac T\u1ebft \u00f4ng b\u00e0, ng\u01b0\u1eddi th\u00e2n hay du xu\u00e2n kh\u1eafp ph\u1ed1 ph\u01b0\u1eddng si\u00eau ti\u1ebft ki\u1ec7m n\u00e8. S\u1ed1 l\u01b0\u1ee3ng \u01b0u \u0111\u00e3i c\u00f3 h\u1ea1n n\u00ean anh ch\u1ecb m\u00ecnh nhanh tay \u0111\u1eb7t l\u1ecbch s\u0103n ngay v\u00e0 lu\u00f4n \u0111\u1ec3 kh\u00f4ng b\u1ecf l\u1ee1 nh\u00e9!<\/span><\/p>\n<p><span style=\"font-weight: 400\">#Grab3sieu #GrabBike #GrabCar<\/span><\/p>\n<p><!--more--><\/p>\n<p>&nbsp;<\/p>\n<p><strong>Xem chi ti\u1ebft ch\u01b0\u01a1ng tr\u00ecnh c\u1ee7a voucher GrabBike:<\/strong><\/p>\n<p>&#8211; \u01afu \u0111\u00e3i 50% (t\u1ed1i \u0111a 68.000\u0111) \u00e1p d\u1ee5ng cho c\u00e1c d\u1ecbch v\u1ee5 GrabBike\/ GrabBike Plus\/ GrabBike Premium\/ GrabBike Economy tr\u00ean to\u00e0n qu\u1ed1c.<br \/>\n&#8211; \u00c1p d\u1ee5ng cho m\u1ecdi ph\u01b0\u01a1ng th\u1ee9c thanh to\u00e1n.<br \/>\n&#8211; \u01afu \u0111\u00e3i kh\u00f4ng bao g\u1ed3m ph\u1ee5 ph\u00ed, ng\u01b0\u1eddi d\u00f9ng vui l\u00f2ng thanh to\u00e1n ph\u1ee5 ph\u00ed (n\u1ebfu c\u00f3) v\u1edbi \u0110\u1ed1i t\u00e1c t\u00e0i x\u1ebf.<br \/>\n&#8211; M\u1ed7i ng\u01b0\u1eddi d\u00f9ng \u0111\u01b0\u1ee3c s\u1eed d\u1ee5ng t\u1ed1i \u0111a 01 l\u1ea7n trong su\u1ed1t th\u1eddi gian di\u1ec5n ra ch\u01b0\u01a1ng tr\u00ecnh.<br \/>\n&#8211; Ch\u1ec9 \u00e1p d\u1ee5ng cho ng\u01b0\u1eddi d\u00f9ng nh\u1eadn \u0111\u01b0\u1ee3c th\u00f4ng b\u00e1o.<br \/>\n&#8211; Ch\u1ec9 \u00e1p d\u1ee5ng v\u1edbi phi\u00ean b\u1ea3n app m\u1edbi nh\u1ea5t.<\/p>\n<p><strong>Xem chi ti\u1ebft ch\u01b0\u01a1ng tr\u00ecnh c\u1ee7a voucher GrabCar:<\/strong><\/p>\n<p>&#8211; \u01afu \u0111\u00e3i 50% (t\u1ed1i \u0111a 68.000\u0111) \u00e1p d\u1ee5ng cho c\u00e1c d\u1ecbch v\u1ee5 GrabCar\/ GrabCar Plus\/ GrabCar Protect tr\u00ean to\u00e0n qu\u1ed1c.<br \/>\n&#8211; \u00c1p d\u1ee5ng cho m\u1ecdi ph\u01b0\u01a1ng th\u1ee9c thanh to\u00e1n.<br \/>\n&#8211; \u01afu \u0111\u00e3i kh\u00f4ng bao g\u1ed3m ph\u1ee5 ph\u00ed, ng\u01b0\u1eddi d\u00f9ng vui l\u00f2ng thanh to\u00e1n ph\u1ee5 ph\u00ed (n\u1ebfu c\u00f3) v\u1edbi \u0110\u1ed1i t\u00e1c t\u00e0i x\u1ebf.<br \/>\n&#8211; M\u1ed7i ng\u01b0\u1eddi d\u00f9ng \u0111\u01b0\u1ee3c s\u1eed d\u1ee5ng t\u1ed1i \u0111a 01 l\u1ea7n trong su\u1ed1t th\u1eddi gian di\u1ec5n ra ch\u01b0\u01a1ng tr\u00ecnh.<br \/>\n&#8211; Ch\u1ec9 \u00e1p d\u1ee5ng cho ng\u01b0\u1eddi d\u00f9ng nh\u1eadn \u0111\u01b0\u1ee3c th\u00f4ng b\u00e1o.<br \/>\n&#8211; Ch\u1ec9 \u00e1p d\u1ee5ng v\u1edbi phi\u00ean b\u1ea3n app m\u1edbi nh\u1ea5t.<\/p>","protected":false},"excerpt":{"rendered":"\ud83c\udf89 M\u1edf GrabRewards s\u0103n voucher di chuy\u1ec3n 50% \u0111\u1ea7u n\u0103m n\u00e8 c\u1ea3 nh\u00e0 \u01a1i \ud83c\udf81 \ud83d\udef5 C\u00f2n g\u00ec tuy\u1ec7t v\u1eddi h\u01a1n \u0111\u1ea7u n\u0103m m\u1edbi m\u00e0 nh\u1eadn \u0111\u01b0\u1ee3c l\u1ed9c, m\u00e0 c\u00f2n l\u1ed9c l\u1edbn \u0111\u1ebfn 50% \u0111\u00fang kh\u00f4ng anh ch\u1ecb m\u00ecnh?\u00a0 \ud83d\ude98 1.500 voucher \u01b0u \u0111\u00e3i 50% GrabBike &amp; GrabCar \u0111ang ch\u1edd ch\u1ee7 nh\u00e2n v\u00e0o GrabRewards r\u01b0\u1edbc [&hellip;]","protected":false},"author":1250,"featured_media":0,"parent":0,"menu_order":0,"comment_status":"closed","ping_status":"closed","template":"","meta":{"_acf_changed":false,"footnotes":""},"acf":[],"_links":{"self":[{"href":"https:\/\/www.grab.com\/vn\/en\/wp-json\/wp\/v2\/pages\/109012"}],"collection":[{"href":"https:\/\/www.grab.com\/vn\/en\/wp-json\/wp\/v2\/pages"}],"about":[{"href":"https:\/\/www.grab.com\/vn\/en\/wp-json\/wp\/v2\/types\/page"}],"author":[{"embeddable":true,"href":"https:\/\/www.grab.com\/vn\/en\/wp-json\/wp\/v2\/users\/1250"}],"replies":[{"embeddable":true,"href":"https:\/\/www.grab.com\/vn\/en\/wp-json\/wp\/v2\/comments?post=109012"}],"version-history":[{"count":7,"href":"https:\/\/www.grab.com\/vn\/en\/wp-json\/wp\/v2\/pages\/109012\/revisions"}],"predecessor-version":[{"id":109704,"href":"https:\/\/www.grab.com\/vn\/en\/wp-json\/wp\/v2\/pages\/109012\/revisions\/109704"}],"wp:attachment":[{"href":"https:\/\/www.grab.com\/vn\/en\/wp-json\/wp\/v2\/media?parent=109012"}],"curies":[{"name":"wp","href":"https:\/\/api.w.org\/{rel}","templated":true}]}}