{"id":109003,"date":"2022-01-20T12:15:30","date_gmt":"2022-01-20T04:15:30","guid":{"rendered":"https:\/\/www.grab.com\/vn\/?page_id=109003"},"modified":"2022-01-20T14:43:04","modified_gmt":"2022-01-20T06:43:04","slug":"dau-nam-di-chuyen-muot-ma-ca-nam-thuan-loi","status":"publish","type":"page","link":"https:\/\/www.grab.com\/vn\/en\/dau-nam-di-chuyen-muot-ma-ca-nam-thuan-loi\/","title":{"rendered":"\ud83c\udf1f \u0110\u1ea7u n\u0103m di chuy\u1ec3n m\u01b0\u1ee3t m\u00e0 \u0111\u1ec3 c\u1ea3 n\u0103m thu\u1eadn l\u1ee3i \ud83c\udf1f"},"content":{"rendered":"<p><img loading=\"lazy\" decoding=\"async\" width=\"1200\" height=\"600\" class=\"aligncenter size-full wp-image-109035\" src=\"https:\/\/assets.grab.com\/wp-content\/uploads\/sites\/11\/2022\/01\/20144236\/1200x600-28.jpg\" alt=\"\" \/><\/p>\n<p><span style=\"font-weight: 400\">\ud83c\udf89 Chuy\u1ec7n &#8220;t\u00e2m linh&#8221; kh\u00f4ng \u0111\u00f9a \u0111\u01b0\u1ee3c \u0111\u00e2u,<\/span><\/p>\n<p><span style=\"font-weight: 400\">\ud83d\udef5 \ud83d\ude98 Th\u00e1ng \u0111\u1ea7u ti\u00ean c\u1ee7a n\u0103m bao gi\u1edd c\u0169ng quan tr\u1ecdng, t\u1eeb vi\u1ec7c x\u00f4ng \u0111\u1ea5t, th\u0103m h\u1ecd h\u00e0ng cho \u0111\u1ebfn khi tr\u1edf l\u1ea1i c\u00f4ng vi\u1ec7c&#8230;t\u1ea5t c\u1ea3 \u0111\u1ec1u ph\u1ea3i th\u1eadt su\u00f4n s\u1ebb \u0111\u1ec3 v\u1eefng ni\u1ec1m tin cho c\u1ea3 n\u0103m thu\u1eadn l\u1ee3i ph\u1ea3i kh\u00f4ng anh ch\u1ecb m\u00ecnh?<\/span><\/p>\n<p><span style=\"font-weight: 400\">\ud83c\udf8a Sau T\u1ebft c\u1ea3 nh\u00e0 m\u00ecnh tr\u1edf l\u1ea1i l\u00e0m vi\u1ec7c, \u0111i g\u1eb7p b\u1ea1n b\u00e8, \u0111\u1ed3ng nghi\u1ec7p hay \u0111\u1ed1i t\u00e1c quan tr\u1ecdng nh\u1edb \u0111\u1eb7t Grab 3 Si\u00eau ch\u1edf nha, v\u1eeba si\u00eau nhi\u1ec1u xe d\u1ec5 \u0111\u1eb7t chuy\u1ebfn, si\u00eau an to\u00e0n khi di chuy\u1ec3n c\u00f9ng b\u00e1c t\u00e0i chu\u1ea9n th\u1ebb xanh, l\u1ea1i c\u00f2n si\u00eau chi\u1ec1u kh\u00e1ch \u00edt khi n\u00e0o hu\u1ef7 chuy\u1ebfn, kh\u1ecfi s\u1ee3 &#8220;xu c\u00e0 na&#8221; \u0111\u1ea7u n\u0103m nha!<\/span><\/p>\n<p><span style=\"font-weight: 400\">\ud83c\udf81 Nh\u1eadp m\u00e3 GB3SIEU v\u00e0 GC3SIEU \u0111\u1ec3 nh\u1eadn \u01b0u \u0111\u00e3i \u0111\u1ea7u n\u0103m 30% c\u01b0\u1edbc ph\u00ed di chuy\u1ec3n. Kh\u00e1ch y\u00eau n\u00e0o thanh to\u00e1n b\u1eb1ng Th\u1ebb\/V\u00ed Moca c\u00f2n nh\u1eadn \u0111\u01b0\u1ee3c th\u00eam voucher 50% \u00e1p d\u1ee5ng cho chuy\u1ebfn ti\u1ebfp theo n\u1eefa, tha h\u1ed3 di chuy\u1ec3n ti\u1ebft ki\u1ec7m lu\u00f4n nha.<\/span><\/p>\n<p><span style=\"font-weight: 400\">\ud83d\udcf1 Thay \u0111\u1ed3 \u0111\u1eb9p l\u00ean xe th\u00f4i!<\/span><\/p>\n<p><span style=\"font-weight: 400\">#Grab3sieu #GrabBike #GrabCar<\/span><\/p>\n<p>&nbsp;<\/p>\n<p><!--more--><\/p>\n<p><strong>Xem chi ti\u1ebft ch\u01b0\u01a1ng tr\u00ecnh GB3SIEU t\u1ea1i \u0111\u00e2y:\u00a0<\/strong><\/p>\n<p>&#8211; \u01afu \u0111\u00e3i 30% (t\u1ed1i \u0111a 15.000\u0111) \u00e1p d\u1ee5ng cho d\u1ecbch v\u1ee5 GrabBike\/GrabBike Premium.<\/p>\n<p>&#8211; \u00c1p d\u1ee5ng t\u1ea1i Tp.H\u1ed3 Ch\u00ed Minh.<\/p>\n<p>&#8211; \u00c1p d\u1ee5ng trong khung gi\u1edd 9:00-17:00 m\u1ed7i ng\u00e0y.<\/p>\n<p>&#8211; \u00c1p d\u1ee5ng cho m\u1ecdi ph\u01b0\u01a1ng th\u1ee9c thanh to\u00e1n.<\/p>\n<p>&#8211; Khi thanh to\u00e1n kh\u00f4ng ti\u1ec1n m\u1eb7t (qua V\u00ed Moca ho\u1eb7c Th\u1ebb ng\u00e2n h\u00e0ng) nh\u1eadn ngay 01 \u01b0u \u0111\u00e3i 50% (t\u1ed1i \u0111a 20.000\u0111) \u00e1p d\u1ee5ng cho chuy\u1ebfn xe ti\u1ebfp theo v\u00e0 c\u00f3 gi\u00e1 tr\u1ecb s\u1eed d\u1ee5ng trong v\u00f2ng 01 ng\u00e0y k\u1ec3 t\u1eeb ng\u00e0y nh\u1eadn.<\/p>\n<p>&#8211; \u01afu \u0111\u00e3i kh\u00f4ng bao g\u1ed3m ph\u1ee5 ph\u00ed, ng\u01b0\u1eddi d\u00f9ng vui l\u00f2ng thanh to\u00e1n ph\u1ee5 ph\u00ed (n\u1ebfu c\u00f3) v\u1edbi \u0110\u1ed1i t\u00e1c t\u00e0i x\u1ebf.<\/p>\n<p>&#8211; M\u1ed7i ng\u01b0\u1eddi d\u00f9ng c\u00f3 th\u1ec3 s\u1eed d\u1ee5ng \u01b0u \u0111\u00e3i t\u1ed1i \u0111a 01 l\u1ea7n\/ng\u00e0y.<\/p>\n<p>&#8211; S\u1ed1 l\u01b0\u1ee3ng \u01b0u \u0111\u00e3i c\u00f3 gi\u1edbi h\u1ea1n m\u1ed7i ng\u00e0y.<\/p>\n<p>&#8211; Ch\u1ec9 \u00e1p d\u1ee5ng cho ng\u01b0\u1eddi d\u00f9ng nh\u1eadn \u0111\u01b0\u1ee3c th\u00f4ng b\u00e1o.<\/p>\n<p>&#8211; Ch\u1ec9 \u00e1p d\u1ee5ng v\u1edbi phi\u00ean b\u1ea3n app m\u1edbi nh\u1ea5t.<\/p>\n<p>&nbsp;<\/p>\n<p><strong>Xem chi ti\u1ebft ch\u01b0\u01a1ng tr\u00ecnh GC3SIEU t\u1ea1i \u0111\u00e2y:\u00a0<\/strong><\/p>\n<p>&#8211; \u01afu \u0111\u00e3i 30% (t\u1ed1i \u0111a 25.000\u0111) \u00e1p d\u1ee5ng cho d\u1ecbch v\u1ee5 GrabCar\/ GrabCar Plus\/ GrabCar Protect.<\/p>\n<p>&#8211; \u00c1p d\u1ee5ng t\u1ea1i Tp.H\u1ed3 Ch\u00ed Minh v\u00e0 H\u00e0 N\u1ed9i.<\/p>\n<p>&#8211; \u00c1p d\u1ee5ng trong khung gi\u1edd 09:00-17:00 m\u1ed7i ng\u00e0y.<\/p>\n<p>&#8211; Khi thanh to\u00e1n kh\u00f4ng ti\u1ec1n m\u1eb7t (qua V\u00ed Moca ho\u1eb7c Th\u1ebb ng\u00e2n h\u00e0ng) nh\u1eadn ngay 01 \u01b0u \u0111\u00e3i 50% (t\u1ed1i \u0111a 20.000\u0111) \u00e1p d\u1ee5ng cho chuy\u1ebfn xe ti\u1ebfp theo v\u00e0 c\u00f3 gi\u00e1 tr\u1ecb s\u1eed d\u1ee5ng trong v\u00f2ng 01 ng\u00e0y k\u1ec3 t\u1eeb ng\u00e0y nh\u1eadn<\/p>\n<p>&#8211; \u00c1p d\u1ee5ng cho m\u1ecdi ph\u01b0\u01a1ng th\u1ee9c thanh to\u00e1n.<\/p>\n<p>&#8211; \u01afu \u0111\u00e3i kh\u00f4ng bao g\u1ed3m ph\u1ee5 ph\u00ed, ng\u01b0\u1eddi d\u00f9ng vui l\u00f2ng thanh to\u00e1n ph\u1ee5 ph\u00ed (n\u1ebfu c\u00f3) v\u1edbi \u0110\u1ed1i t\u00e1c t\u00e0i x\u1ebf.<\/p>\n<p>&#8211; M\u1ed7i ng\u01b0\u1eddi d\u00f9ng c\u00f3 th\u1ec3 s\u1eed d\u1ee5ng \u01b0u \u0111\u00e3i t\u1ed1i \u0111a 01 l\u1ea7n\/ng\u00e0y.<\/p>\n<p>&#8211; S\u1ed1 l\u01b0\u1ee3ng \u01b0u \u0111\u00e3i c\u00f3 gi\u1edbi h\u1ea1n m\u1ed7i ng\u00e0y.<\/p>\n<p>&#8211; Ch\u1ec9 \u00e1p d\u1ee5ng cho ng\u01b0\u1eddi d\u00f9ng nh\u1eadn \u0111\u01b0\u1ee3c th\u00f4ng b\u00e1o.<\/p>\n<p>&#8211; Ch\u1ec9 \u00e1p d\u1ee5ng v\u1edbi phi\u00ean b\u1ea3n app m\u1edbi nh\u1ea5t.<\/p>\n<p><!--more--><\/p>\n<p><a href=\"https:\/\/grab.onelink.me\/2695613898\/datxengay\"><img loading=\"lazy\" decoding=\"async\" class=\"aligncenter wp-image-109009\" src=\"https:\/\/assets.grab.com\/wp-content\/uploads\/sites\/11\/2022\/01\/20122452\/CTA-012.png\" alt=\"\" width=\"204\" height=\"50\" \/><\/a><\/p>","protected":false},"excerpt":{"rendered":"\ud83c\udf89 Chuy\u1ec7n &#8220;t\u00e2m linh&#8221; kh\u00f4ng \u0111\u00f9a \u0111\u01b0\u1ee3c \u0111\u00e2u, \ud83d\udef5 \ud83d\ude98 Th\u00e1ng \u0111\u1ea7u ti\u00ean c\u1ee7a n\u0103m bao gi\u1edd c\u0169ng quan tr\u1ecdng, t\u1eeb vi\u1ec7c x\u00f4ng \u0111\u1ea5t, th\u0103m h\u1ecd h\u00e0ng cho \u0111\u1ebfn khi tr\u1edf l\u1ea1i c\u00f4ng vi\u1ec7c&#8230;t\u1ea5t c\u1ea3 \u0111\u1ec1u ph\u1ea3i th\u1eadt su\u00f4n s\u1ebb \u0111\u1ec3 v\u1eefng ni\u1ec1m tin cho c\u1ea3 n\u0103m thu\u1eadn l\u1ee3i ph\u1ea3i kh\u00f4ng anh ch\u1ecb m\u00ecnh? \ud83c\udf8a [&hellip;]","protected":false},"author":1250,"featured_media":0,"parent":0,"menu_order":0,"comment_status":"closed","ping_status":"closed","template":"","meta":{"_acf_changed":false,"footnotes":""},"acf":[],"_links":{"self":[{"href":"https:\/\/www.grab.com\/vn\/en\/wp-json\/wp\/v2\/pages\/109003"}],"collection":[{"href":"https:\/\/www.grab.com\/vn\/en\/wp-json\/wp\/v2\/pages"}],"about":[{"href":"https:\/\/www.grab.com\/vn\/en\/wp-json\/wp\/v2\/types\/page"}],"author":[{"embeddable":true,"href":"https:\/\/www.grab.com\/vn\/en\/wp-json\/wp\/v2\/users\/1250"}],"replies":[{"embeddable":true,"href":"https:\/\/www.grab.com\/vn\/en\/wp-json\/wp\/v2\/comments?post=109003"}],"version-history":[{"count":7,"href":"https:\/\/www.grab.com\/vn\/en\/wp-json\/wp\/v2\/pages\/109003\/revisions"}],"predecessor-version":[{"id":109036,"href":"https:\/\/www.grab.com\/vn\/en\/wp-json\/wp\/v2\/pages\/109003\/revisions\/109036"}],"wp:attachment":[{"href":"https:\/\/www.grab.com\/vn\/en\/wp-json\/wp\/v2\/media?parent=109003"}],"curies":[{"name":"wp","href":"https:\/\/api.w.org\/{rel}","templated":true}]}}