{"id":108183,"date":"2022-01-07T17:50:31","date_gmt":"2022-01-07T09:50:31","guid":{"rendered":"https:\/\/www.grab.com\/vn\/?page_id=108183"},"modified":"2022-01-07T20:07:29","modified_gmt":"2022-01-07T12:07:29","slug":"goi-uu-dai-3-thang-grabbike-grabcar-kct","status":"publish","type":"page","link":"https:\/\/www.grab.com\/vn\/en\/goi-uu-dai-3-thang-grabbike-grabcar-kct\/","title":{"rendered":"G\u00f3i \u01b0u \u0111\u00e3i 3 th\u00e1ng GrabBike, GrabCar"},"content":{"rendered":"<p><img loading=\"lazy\" decoding=\"async\" width=\"1200\" height=\"600\" class=\"alignnone size-full wp-image-108221\" src=\"https:\/\/assets.grab.com\/wp-content\/uploads\/sites\/11\/2022\/01\/07200624\/1200x600-17.jpg\" alt=\"\" \/><\/p>\n<p>\ud83c\udf1f M\u1ed9t l\u1ea7n mua \u01b0u \u0111\u00e3i, \u0111i GrabBike GrabCar ti\u1ebft ki\u1ec7m \u0111\u1ebfn 3 th\u00e1ng \ud83c\udf1f<\/p>\n<p>\ud83c\udf8a Anh ch\u1ecb n\u00e0o c\u1ea7n di chuy\u1ec3n ti\u1ebft ki\u1ec7m th\u00ec &#8220;check&#8221; ngay th\u00f4ng tin g\u00f3i \u01b0u \u0111\u00e3i GrabBike v\u00e0 GrabCar n\u00e0y nha!<\/p>\n<p>\ud83d\ude97 G\u00f3i \u01b0u \u0111\u00e3i 03 th\u00e1ng di chuy\u1ec3n tr\u00ean gh\u1ebf sau r\u1ed9ng r\u00e3i \u00eam \u00e1i, m\u01b0a kh\u00f4ng t\u1edbi m\u1eb7t n\u1eafng kh\u00f4ng t\u1edbi \u0111\u1ea7u:<\/p>\n<ul>\n<li>\u01afu \u0111\u00e3i 20% (t\u1ed1i \u0111a 70.000\u0111) m\u1ed7i chuy\u1ebfn GrabCar v\u00e0 \u01afu \u0111\u00e3i 50% (t\u1ed1i \u0111a 200.000\u0111) m\u1ed7i chuy\u1ebfn thu\u00ea xe GrabCar<\/li>\n<li>S\u1ed1 l\u01b0\u1ee3ng: 120 \u01b0u \u0111\u00e3i GrabCar\/ g\u00f3i v\u00e0 30 \u01b0u \u0111\u00e3i thu\u00ea xe GrabCar\/g\u00f3i<\/li>\n<li>Th\u1eddi gian s\u1eed d\u1ee5ng: 90 ng\u00e0y<\/li>\n<li>Ch\u1ec9 500.000\u0111<\/li>\n<\/ul>\n<p>\ud83d\udef5 G\u00f3i \u01b0u \u0111\u00e3i 03 th\u00e1ng kh\u00f4ng d\u1eaft xe \u0111\u1ea1p m\u00e1y, kh\u00f4ng ph\u1ea3i xin ti\u1ec1n l\u1ebb \u0111\u1ed3ng nghi\u1ec7p m\u1ed7i bu\u1ed5i chi\u1ec1u:<\/p>\n<ul>\n<li>\u01afu \u0111\u00e3i 20% (t\u1ed1i \u0111a 40.000\u0111) m\u1ed7i chuy\u1ebfn<\/li>\n<li>S\u1ed1 l\u01b0\u1ee3ng: 120 \u01b0u \u0111\u00e3i\/ g\u00f3i<\/li>\n<li>Th\u1eddi gian s\u1eed d\u1ee5ng: 90 ng\u00e0y<\/li>\n<li>Ch\u1ec9 240.000\u0111<\/li>\n<\/ul>\n<p>\ud83d\udcf2 M\u1edf Grab mua li\u1ec1n th\u00f4i anh ch\u1ecb m\u00ecnh \u01a1i, mua xong l\u00e0 \u01b0u \u0111\u00e3i g\u1eedi &#8220;tr\u1ecdn b\u1ed9&#8221; v\u1ec1 t\u00e0i kho\u1ea3n tha h\u1ed3 m\u00e0 d\u00f9ng nha. Mua ngay mua ngay!!!<\/p>\n<p>&nbsp;<\/p>\n<hr \/>\n<p><b>A. \u0110I\u1ec0U KHO\u1ea2N V\u00c0 \u0110I\u1ec0U KI\u1ec6N S\u1eec D\u1ee4NG C\u1ee6A G\u00d3I \u01afU \u0110\u00c3I <\/b><b>GRABCAR<\/b><\/p>\n<p style=\"padding-left: 40px\"><b>1. \u0110i\u1ec1u kho\u1ea3n chung c\u1ee7a G\u00f3i \u01afu \u0110\u00e3i<\/b><\/p>\n<ul>\n<li style=\"list-style-type: none\">\n<ul>\n<li style=\"list-style-type: none\">\n<ul>\n<li>Sau khi mua G\u00f3i \u01afu \u0110\u00e3i, b\u1ea1n s\u1ebd nh\u1eadn \u0111\u01b0\u1ee3c c\u00e1c m\u00e3 \u01b0u \u0111\u00e3i t\u1ea1i m\u1ee5c &#8220;\u01afu \u0110\u00e3i C\u1ee7a T\u00f4i&#8221; tr\u00ean \u1ee9ng d\u1ee5ng Grab.<\/li>\n<li>\u0110\u1ec3 s\u1eed d\u1ee5ng \u01b0u \u0111\u00e3i, nh\u1ea5n ch\u1ecdn &#8220;Khuy\u1ebfn M\u00e3i&#8221;, t\u00ecm \u01b0u \u0111\u00e3i t\u01b0\u01a1ng \u1ee9ng t\u1eeb G\u00f3i \u01afu \u0110\u00e3i c\u1ee7a b\u1ea1n v\u00e0 ch\u1ecdn &#8220;S\u1eed d\u1ee5ng b\u00e2y gi\u1edd&#8221;. S\u1eed d\u1ee5ng \u0111\u1ec3 t\u1eadn h\u01b0\u1edfng c\u00e1c d\u1ecbch v\u1ee5 Grab \u0111\u1ec3 ti\u1ebft ki\u1ec7m h\u01a1n!<\/li>\n<li>G\u00f3i \u01afu \u0110\u00e3i c\u1ee7a b\u1ea1n s\u1ebd c\u00f3 hi\u1ec7u l\u1ef1c ch\u1ec9 v\u1edbi 01 l\u1ea7n thanh to\u00e1n v\u00e0 s\u1ebd k\u1ebft th\u00fac theo chu k\u1ef3 s\u1eed d\u1ee5ng t\u01b0\u01a1ng \u1ee9ng c\u1ee7a G\u00f3i b\u1ea1n \u0111\u00e3 ch\u1ecdn.<\/li>\n<li>N\u1ebfu b\u1ea1n mua G\u00f3i \u01afu \u0110\u00e3i c\u00f3 nhi\u1ec1u h\u01a1n m\u1ed9t chu k\u1ef3 s\u1eed d\u1ee5ng, b\u1ea1n s\u1ebd ph\u1ea3i thanh to\u00e1n tr\u01b0\u1edbc cho to\u00e0n b\u1ed9 chu k\u1ef3 c\u1ee7a G\u00f3i. V\u00e0 b\u1ea1n s\u1ebd ch\u1ec9 nh\u1eadn \u0111\u01b0\u1ee3c m\u00e3 \u01b0u \u0111\u00e3i theo m\u1ed7i chu k\u1ef3 t\u01b0\u01a1ng \u1ee9ng v\u00e0o th\u1eddi \u0111i\u1ec3m b\u1eaft \u0111\u1ea7u c\u1ee7a m\u1ed7i chu k\u1ef3. L\u01b0u \u00fd: 01 chu k\u1ef3 c\u00f3 th\u1eddi h\u1ea1n 03 th\u00e1ng<\/li>\n<\/ul>\n<\/li>\n<\/ul>\n<\/li>\n<\/ul>\n<p style=\"padding-left: 40px\"><em><b>2.<\/b><\/em><b> \u0110i\u1ec1u ki\u1ec7n s\u1eed d\u1ee5ng c\u00e1c \u01b0u \u0111\u00e3i trong G\u00f3i \u01afu \u0110\u00e3i<\/b><\/p>\n<ul>\n<li style=\"list-style-type: none\">\n<ul>\n<li style=\"list-style-type: none\">\n<ul>\n<li style=\"font-weight: 400\">\u01afu \u0111\u00e3i ch\u1ec9 c\u00f3 gi\u00e1 tr\u1ecb s\u1eed d\u1ee5ng t\u1ea1i Tp H\u1ed3 Ch\u00ed Minh, H\u00e0 N\u1ed9i.<\/li>\n<li style=\"font-weight: 400\">\u01afu \u0111\u00e3i \u0111\u01b0\u1ee3c \u00e1p d\u1ee5ng cho c\u00e1c d\u1ecbch v\u1ee5 di chuy\u1ec3n: GrabCar, GrabCar Plus, GrabCar Protect, GrabCar Doanh Nghi\u1ec7p.<\/li>\n<li style=\"font-weight: 400\">\u01afu \u0111\u00e3i ch\u1ec9 \u00e1p d\u1ee5ng cho c\u00e1c chuy\u1ebfn \u0111i \u0111\u01b0\u1ee3c thanh to\u00e1n b\u1eb1ng V\u00ed \u0111i\u1ec7n t\u1eed Moca tr\u00ean \u1ee9ng d\u1ee5ng Grab.<\/li>\n<li style=\"font-weight: 400\">Kh\u00e1ch h\u00e0ng vui l\u00f2ng thanh to\u00e1n Ph\u00ed c\u1ea7u \u0111\u01b0\u1eddng v\u00e0 ph\u1ee5 ph\u00ed kh\u00e1c (n\u1ebfu c\u00f3).<\/li>\n<li style=\"font-weight: 400\">\u01afu \u0111\u00e3i kh\u00f4ng \u00e1p d\u1ee5ng c\u00f9ng l\u00fac v\u1edbi c\u00e1c ch\u01b0\u01a1ng tr\u00ecnh khuy\u1ebfn m\u00e3i v\u00e0\/ ho\u1eb7c \u01b0u \u0111\u00e3i kh\u00e1c c\u1ee7a Grab.<\/li>\n<li style=\"font-weight: 400\">\u01afu \u0111\u00e3i c\u00f3 gi\u00e1 tr\u1ecb cho \u0111\u1ebfn khi h\u1ebft h\u1ea1n s\u1eed d\u1ee5ng v\u00e0 kh\u00f4ng \u0111\u01b0\u1ee3c gia h\u1ea1n trong m\u1ecdi tr\u01b0\u1eddng h\u1ee3p.<\/li>\n<\/ul>\n<\/li>\n<\/ul>\n<\/li>\n<\/ul>\n<p>&nbsp;<\/p>\n<p><b>B. \u0110I\u1ec0U KHO\u1ea2N V\u00c0 \u0110I\u1ec0U KI\u1ec6N S\u1eec D\u1ee4NG C\u1ee6A G\u00d3I \u01afU \u0110\u00c3I <\/b><b>GRABBIKE<\/b><\/p>\n<p style=\"padding-left: 40px\"><b>1. \u0110i\u1ec1u kho\u1ea3n chung c\u1ee7a G\u00f3i \u01afu \u0110\u00e3i<\/b><\/p>\n<div id=\"G011SDN6ZN3-1641552110.022900-thread-list-threads-flexpane_1641553053.024800\" class=\"c-virtual_list__item\" role=\"listitem\" data-qa=\"virtual-list-item\">\n<div class=\"c-message_kit__background c-message_kit__message c-message_kit__thread_message\" role=\"presentation\" data-qa=\"message_container\" data-qa-unprocessed=\"false\" data-qa-placeholder=\"false\">\n<div class=\"c-message_kit__hover\" role=\"document\" data-qa-hover=\"true\">\n<div class=\"c-message_kit__actions c-message_kit__actions--default\">\n<div class=\"c-message_kit__gutter\">\n<div class=\"c-message_kit__gutter__right\" role=\"presentation\" data-qa=\"message_content\">\n<div class=\"c-message_kit__blocks c-message_kit__blocks--rich_text\">\n<div class=\"c-message__message_blocks c-message__message_blocks--rich_text\">\n<div class=\"p-block_kit_renderer\" data-qa=\"block-kit-renderer\">\n<div class=\"p-block_kit_renderer__block_wrapper p-block_kit_renderer__block_wrapper--first\">\n<div class=\"p-rich_text_block\" dir=\"auto\">\n<ul>\n<li style=\"list-style-type: none\">\n<ul>\n<li style=\"list-style-type: none\">\n<ul>\n<li class=\"p-rich_text_section\">Sau khi mua G\u00f3i \u01afu \u0110\u00e3i, b\u1ea1n s\u1ebd nh\u1eadn \u0111\u01b0\u1ee3c c\u00e1c m\u00e3 \u01b0u \u0111\u00e3i t\u1ea1i m\u1ee5c &#8220;\u01afu \u0110\u00e3i C\u1ee7a T\u00f4i&#8221; tr\u00ean \u1ee9ng d\u1ee5ng Grab.<\/li>\n<li class=\"p-rich_text_section\">\u0110\u1ec3 s\u1eed d\u1ee5ng \u01b0u \u0111\u00e3i, nh\u1ea5n ch\u1ecdn &#8220;Khuy\u1ebfn M\u00e3i&#8221;, t\u00ecm \u01b0u \u0111\u00e3i t\u01b0\u01a1ng \u1ee9ng t\u1eeb G\u00f3i \u01afu \u0110\u00e3i c\u1ee7a b\u1ea1n v\u00e0 ch\u1ecdn &#8220;S\u1eed d\u1ee5ng b\u00e2y gi\u1edd&#8221;. S\u1eed d\u1ee5ng \u0111\u1ec3 t\u1eadn h\u01b0\u1edfng c\u00e1c d\u1ecbch v\u1ee5 Grab \u0111\u1ec3 ti\u1ebft ki\u1ec7m h\u01a1n!<\/li>\n<li class=\"p-rich_text_section\">G\u00f3i \u01afu \u0110\u00e3i c\u1ee7a b\u1ea1n s\u1ebd c\u00f3 hi\u1ec7u l\u1ef1c ch\u1ec9 v\u1edbi 01 l\u1ea7n thanh to\u00e1n v\u00e0 s\u1ebd k\u1ebft th\u00fac theo chu k\u1ef3 s\u1eed d\u1ee5ng t\u01b0\u01a1ng \u1ee9ng c\u1ee7a G\u00f3i b\u1ea1n \u0111\u00e3 ch\u1ecdn.<\/li>\n<li class=\"p-rich_text_section\">N\u1ebfu b\u1ea1n mua G\u00f3i \u01afu \u0110\u00e3i c\u00f3 nhi\u1ec1u h\u01a1n m\u1ed9t chu k\u1ef3 s\u1eed d\u1ee5ng, b\u1ea1n s\u1ebd ph\u1ea3i thanh to\u00e1n tr\u01b0\u1edbc cho to\u00e0n b\u1ed9 chu k\u1ef3 c\u1ee7a G\u00f3i. V\u00e0 b\u1ea1n s\u1ebd ch\u1ec9 nh\u1eadn \u0111\u01b0\u1ee3c m\u00e3 \u01b0u \u0111\u00e3i theo m\u1ed7i chu k\u1ef3 t\u01b0\u01a1ng \u1ee9ng v\u00e0o th\u1eddi \u0111i\u1ec3m b\u1eaft \u0111\u1ea7u c\u1ee7a m\u1ed7i chu k\u1ef3. L\u01b0u \u00fd: 01 chu k\u1ef3 c\u00f3 th\u1eddi h\u1ea1n 0th\u00e1ng<\/li>\n<\/ul>\n<\/li>\n<\/ul>\n<\/li>\n<\/ul>\n<\/div>\n<\/div>\n<\/div>\n<\/div>\n<\/div>\n<\/div>\n<\/div>\n<\/div>\n<\/div>\n<\/div>\n<\/div>\n<div id=\"G011SDN6ZN3-1641552110.022900-thread-list-threads-flexpane_input\" class=\"c-virtual_list__item\" role=\"listitem\" data-qa=\"virtual-list-item\">\n<div class=\"p-threads_footer__input_container p-threads_footer__input_container--sticky_composer\" data-qa=\"reply_container\">\n<div class=\"p-threads_footer__input p-message_input_unstyled\" role=\"group\" aria-label=\"composer\">\n<div class=\"p-message_input__input_container_unstyled c-wysiwyg_container c-wysiwyg_container--theme_light c-wysiwyg_container--theme_light_bordered c-wysiwyg_container--double_decker c-wysiwyg_container--with_footer c-basic_container c-basic_container--size_medium\" data-max-lines=\"16\">\n<div class=\"c-basic_container__body\">\n<div class=\"c-texty_input_unstyled__container c-texty_input_unstyled__container--size_medium c-texty_input_unstyled__container--multi_line c-texty_input_unstyled__container--no_actions\" data-buttons=\"1\"><\/div>\n<\/div>\n<\/div>\n<\/div>\n<\/div>\n<\/div>\n<ul>\n<li style=\"list-style-type: none\"><\/li>\n<\/ul>\n<p style=\"padding-left: 40px\"><em><b>2.<\/b><\/em><b> \u0110i\u1ec1u ki\u1ec7n s\u1eed d\u1ee5ng c\u00e1c \u01b0u \u0111\u00e3i trong G\u00f3i \u01afu \u0110\u00e3i<\/b><\/p>\n<ul>\n<li style=\"list-style-type: none\">\n<ul>\n<li style=\"list-style-type: none\">\n<ul>\n<li style=\"font-weight: 400\">\u01afu \u0111\u00e3i ch\u1ec9 c\u00f3 gi\u00e1 tr\u1ecb s\u1eed d\u1ee5ng t\u1ea1i Tp H\u1ed3 Ch\u00ed Minh.<\/li>\n<li style=\"font-weight: 400\">\u01afu \u0111\u00e3i \u0111\u01b0\u1ee3c \u00e1p d\u1ee5ng cho c\u00e1c d\u1ecbch v\u1ee5 di chuy\u1ec3n: GrabBike<\/li>\n<li style=\"font-weight: 400\">\u01afu \u0111\u00e3i ch\u1ec9 \u00e1p d\u1ee5ng cho c\u00e1c chuy\u1ebfn \u0111i \u0111\u01b0\u1ee3c thanh to\u00e1n b\u1eb1ng V\u00ed \u0111i\u1ec7n t\u1eed Moca tr\u00ean \u1ee9ng d\u1ee5ng Grab.<\/li>\n<li style=\"font-weight: 400\">Kh\u00e1ch h\u00e0ng vui l\u00f2ng thanh to\u00e1n Ph\u00ed c\u1ea7u \u0111\u01b0\u1eddng v\u00e0 ph\u1ee5 ph\u00ed kh\u00e1c (n\u1ebfu c\u00f3).<\/li>\n<li style=\"font-weight: 400\">\u01afu \u0111\u00e3i kh\u00f4ng \u00e1p d\u1ee5ng c\u00f9ng l\u00fac v\u1edbi c\u00e1c ch\u01b0\u01a1ng tr\u00ecnh khuy\u1ebfn m\u00e3i v\u00e0\/ ho\u1eb7c \u01b0u \u0111\u00e3i kh\u00e1c c\u1ee7a Grab.<\/li>\n<li style=\"font-weight: 400\">\u01afu \u0111\u00e3i c\u00f3 gi\u00e1 tr\u1ecb cho \u0111\u1ebfn khi h\u1ebft h\u1ea1n s\u1eed d\u1ee5ng v\u00e0 kh\u00f4ng \u0111\u01b0\u1ee3c gia h\u1ea1n trong m\u1ecdi tr\u01b0\u1eddng h\u1ee3p.<\/li>\n<\/ul>\n<\/li>\n<\/ul>\n<\/li>\n<\/ul>\n<p>&nbsp;<\/p>\n<p><b>C. C\u00c1C \u0110I\u1ec0U KHO\u1ea2N V\u00c0 \u0110I\u1ec0U KI\u1ec6N KH\u00c1C C\u1ee6A G\u00d3I \u01afU \u0110\u00c3I GRAB:<\/b><\/p>\n<ul>\n<li style=\"list-style-type: none\">\n<ul>\n<li style=\"font-weight: 400\">C\u00e1c G\u00f3i \u01afu \u0110\u00e3i ch\u1ec9 c\u00f3 th\u1ec3 \u0111\u01b0\u1ee3c thanh to\u00e1n th\u00f4ng qua V\u00ed \u0111i\u00ean t\u1eed Moca tr\u00ean \u1ee9ng d\u1ee5ng Grab. S\u1ed1 l\u01b0\u1ee3ng m\u1ed7i G\u00f3i \u0111\u1ec1u c\u00f3 gi\u1edbi h\u1ea1n. Khi c\u00e1c G\u00f3i \u0111\u00e3 \u0111\u01b0\u1ee3c mua h\u1ebft, c\u00e1c G\u00f3i s\u1ebd kh\u00f4ng c\u00f2n hi\u1ec3n th\u1ecb trong \u1ee9ng d\u1ee5ng Grab. Xin l\u01b0u \u00fd r\u1eb1ng G\u00f3i \u01afu \u0110\u00e3i kh\u00f4ng th\u1ec3 chuy\u1ec3n nh\u01b0\u1ee3ng, kh\u00f4ng th\u1ec3 trao \u0111\u1ed5i.<\/li>\n<li style=\"font-weight: 400\">B\u1ea1n s\u1ebd kh\u00f4ng nh\u1eadn \u0111\u01b0\u1ee3c \u0111i\u1ec3m th\u01b0\u1edfng GrabRewards khi mua G\u00f3i \u01afu \u0110\u00e3i.<\/li>\n<li style=\"font-weight: 400\">Grab c\u00f3 quy\u1ec1n thay \u0111\u1ed5i c\u00e1c G\u00f3i \u01afu \u0110\u00e3i b\u1ea5t c\u1ee9 l\u00fac n\u00e0o. B\u1ea1n s\u1ebd \u0111\u01b0\u1ee3c th\u00f4ng b\u00e1o tr\u01b0\u1edbc qua email v\u00e0\/ho\u1eb7c th\u00f4ng b\u00e1o trong \u1ee9ng d\u1ee5ng.<\/li>\n<li style=\"font-weight: 400\">Grab c\u00f3 quy\u1ec1n hu\u1ef7 b\u1ecf, thay \u0111\u1ed5i v\u00e0\/ho\u1eb7c \u0111i\u1ec1u ch\u1ec9nh b\u1ea5t k\u1ef3 ph\u1ea7n n\u00e0o ho\u1eb7c to\u00e0n b\u1ed9 c\u00e1c \u0110i\u1ec1u kho\u1ea3n v\u00e0 \u0110i\u1ec1u ki\u1ec7n c\u1ee7a G\u00f3i \u01afu \u0110\u00e3i v\u00e0o b\u1ea5t c\u1ee9 th\u1eddi \u0111i\u1ec3m n\u00e0o m\u00e0 kh\u00f4ng c\u1ea7n th\u00f4ng b\u00e1o tr\u01b0\u1edbc.<\/li>\n<li style=\"font-weight: 400\">Grab c\u0169ng c\u00f3 quy\u1ec1n lo\u1ea1i tr\u1eeb v\u00e0\/ ho\u1eb7c t\u1eeb ch\u1ed1i b\u1ea5t k\u1ef3 kh\u00e1ch h\u00e0ng n\u00e0o cho c\u00e1c G\u00f3i \u01afu \u0110\u00e3i (gi\u1edbi h\u1ea1n), bao g\u1ed3m nh\u01b0ng kh\u00f4ng gi\u1edbi h\u1ea1n c\u00e1c tr\u01b0\u1eddng h\u1ee3p kh\u00e1ch h\u00e0ng s\u1eed d\u1ee5ng nhi\u1ec1u thi\u1ebft b\u1ecb \u0111\u00e3 b\u1ecb s\u1eeda \u0111\u1ed5i, thi\u1ebft b\u1ecb kh\u00f4ng c\u00f3 b\u1ea3n quy\u1ec1n ho\u1eb7c thi\u1ebft b\u1ecb c\u00f3 c\u00e0i \u0111\u1eb7t \u1ee9ng d\u1ee5ng \u0111\u00e3 b\u1ecb s\u1eeda \u0111\u1ed5i &#8211; c\u00f3 kh\u1ea3 n\u0103ng thay \u0111\u1ed5i tr\u1ea3i nghi\u1ec7m s\u1eed d\u1ee5ng c\u1ee7a kh\u00e1ch h\u00e0ng Grab v\u00e0 can thi\u1ec7p v\u00e0o quy\u1ec1n ri\u00eang t\u01b0 v\u00e0 b\u1ea3o m\u1eadt t\u00e0i kho\u1ea3n kh\u00e1ch h\u00e0ng.<\/li>\n<li style=\"font-weight: 400\">G\u00f3i \u01afu \u0110\u00e3i ch\u1ec9 \u0111\u01b0\u1ee3c hi\u1ec3n th\u1ecb tr\u00ean phi\u00ean b\u1ea3n m\u1edbi nh\u1ea5t c\u1ee7a \u1ee9ng d\u1ee5ng Grab.<\/li>\n<li style=\"font-weight: 400\">G\u00f3i \u01afu \u0110\u00e3i ch\u1ec9 \u00e1p d\u1ee5ng cho nh\u1eefng kh\u00e1ch h\u00e0ng nh\u1eadn \u0111\u01b0\u1ee3c th\u00f4ng tin G\u00f3i \u01afu \u0110\u00e3i tr\u00ean \u1ee9ng d\u1ee5ng Grab.<\/li>\n<li style=\"font-weight: 400\">C\u00e1c \u0111i\u1ec1u kho\u1ea3n v\u00e0 \u0111i\u1ec1u ki\u1ec7n kh\u00e1c: <a class=\"c-link\" href=\"https:\/\/www.grab.com\/vn\/en\/terms\/\" target=\"_blank\" rel=\"noopener noreferrer\" data-stringify-link=\"http:\/\/www.grab.com\/vn\/terms\/#tab2\" data-sk=\"tooltip_parent\" data-remove-tab-index=\"true\">www.grab.com\/vn\/terms\/#tab2<\/a>&lt;\/s&gt; Ch\u00ednh s\u00e1ch b\u1ea3o m\u1eadt:\u00a0<a class=\"c-link\" href=\"http:\/\/www.grab.com\/vn\/en\/privacy\/\" target=\"_blank\" rel=\"noopener noreferrer\" data-stringify-link=\"http:\/\/www.grab.com\/vn\/privacy\/\" data-sk=\"tooltip_parent\" data-remove-tab-index=\"true\">www.grab.com\/vn\/privacy\/<\/a><\/li>\n<\/ul>\n<\/li>\n<\/ul>\n<p>&nbsp;<\/p>","protected":false},"excerpt":{"rendered":"\ud83c\udf1f M\u1ed9t l\u1ea7n mua \u01b0u \u0111\u00e3i, \u0111i GrabBike GrabCar ti\u1ebft ki\u1ec7m \u0111\u1ebfn 3 th\u00e1ng \ud83c\udf1f \ud83c\udf8a Anh ch\u1ecb n\u00e0o c\u1ea7n di chuy\u1ec3n ti\u1ebft ki\u1ec7m th\u00ec &#8220;check&#8221; ngay th\u00f4ng tin g\u00f3i \u01b0u \u0111\u00e3i GrabBike v\u00e0 GrabCar n\u00e0y nha! \ud83d\ude97 G\u00f3i \u01b0u \u0111\u00e3i 03 th\u00e1ng di chuy\u1ec3n tr\u00ean gh\u1ebf sau r\u1ed9ng r\u00e3i \u00eam \u00e1i, m\u01b0a kh\u00f4ng t\u1edbi [&hellip;]","protected":false},"author":1250,"featured_media":0,"parent":0,"menu_order":0,"comment_status":"closed","ping_status":"closed","template":"","meta":{"_acf_changed":false,"footnotes":""},"acf":[],"_links":{"self":[{"href":"https:\/\/www.grab.com\/vn\/en\/wp-json\/wp\/v2\/pages\/108183"}],"collection":[{"href":"https:\/\/www.grab.com\/vn\/en\/wp-json\/wp\/v2\/pages"}],"about":[{"href":"https:\/\/www.grab.com\/vn\/en\/wp-json\/wp\/v2\/types\/page"}],"author":[{"embeddable":true,"href":"https:\/\/www.grab.com\/vn\/en\/wp-json\/wp\/v2\/users\/1250"}],"replies":[{"embeddable":true,"href":"https:\/\/www.grab.com\/vn\/en\/wp-json\/wp\/v2\/comments?post=108183"}],"version-history":[{"count":10,"href":"https:\/\/www.grab.com\/vn\/en\/wp-json\/wp\/v2\/pages\/108183\/revisions"}],"predecessor-version":[{"id":108222,"href":"https:\/\/www.grab.com\/vn\/en\/wp-json\/wp\/v2\/pages\/108183\/revisions\/108222"}],"wp:attachment":[{"href":"https:\/\/www.grab.com\/vn\/en\/wp-json\/wp\/v2\/media?parent=108183"}],"curies":[{"name":"wp","href":"https:\/\/api.w.org\/{rel}","templated":true}]}}