{"id":106079,"date":"2021-12-14T17:49:21","date_gmt":"2021-12-14T09:49:21","guid":{"rendered":"https:\/\/www.grab.com\/vn\/?page_id=106079"},"modified":"2021-12-14T20:41:45","modified_gmt":"2021-12-14T12:41:45","slug":"di-dau-grab-cho-lo-chuyen-nhan-voucher","status":"publish","type":"page","link":"https:\/\/www.grab.com\/vn\/en\/di-dau-grab-cho-lo-chuyen-nhan-voucher\/","title":{"rendered":"\u0110I \u0110\u00c2U GRAB CH\u01a0\u0309, &#8220;L\u01a0\u0303&#8221; CHUY\u00ca\u0301N NH\u00c2\u0323N VOUCHER"},"content":{"rendered":"<p><img loading=\"lazy\" decoding=\"async\" width=\"1200\" height=\"600\" class=\"alignnone size-full wp-image-106082\" src=\"https:\/\/assets.grab.com\/wp-content\/uploads\/sites\/11\/2021\/12\/14174734\/1200x600-131.jpg\" alt=\"\" \/><\/p>\n<p>\ud83d\udcb8T\u0103\u0323ng voucher 10K GrabBike\/ GrabCar khi kh\u00f4ng book \u0111\u01b0\u01a1\u0323c xe\ud83d\udcb8<\/p>\n<p>\ud83c\udf1fCu\u00f4\u0301i n\u0103m r\u00f4\u0300i kha\u0301ch iu na\u0300o cu\u0309a Grab \u0111ang g\u00e2\u0301p cha\u0323y deadline, c\u00e2\u0300n vi vu \u0111i ch\u01a1i, mu\u00f4\u0301n tha\u0309nh th\u01a1i \u0111i mua s\u0103\u0301m \u0111\u00ea\u0309 s\u0103\u0303n sa\u0300ng \u0111o\u0301n l\u00ea\u0303 gia\u0301ng sinh va\u0300 cha\u0300o \u0111o\u0301n n\u0103m m\u01a1\u0301i th\u00e2\u0323t hoa\u0300nh tra\u0301ng m\u00e0 kh\u00f4ng th\u00edch d\u1eaft xe, kh\u00f4ng \u01b0a v\u1ec1 khuya m\u1ed9t m\u00ecnh th\u00ec \u0111\u1eb7t Grab ch\u1edf \u0111i ngay v\u00e0 lu\u00f4n nha!<\/p>\n<p>\ud83d\udef5\ud83d\ude99Hi\u00ea\u0323n nay ca\u0301c ba\u0301c ta\u0300i cu\u0309a Grab \u0111a\u0303 tr\u01a1\u0309 la\u0323i hoa\u0323t \u0111\u00f4\u0323ng \u0111\u00f4ng \u0111a\u0309o, tra\u0309i da\u0300i ca\u0301c ne\u0309o \u0111\u01b0\u01a1\u0300ng \u0111\u00ea\u0309 cu\u0300ng kha\u0301ch iu di chuy\u00ea\u0309n kh\u0103\u0301p ph\u00f4\u0301 ph\u01b0\u01a1\u0300ng r\u00f4\u0300i \u0111\u00e2y.<\/p>\n<p>\ud83d\udc49 V\u00e2\u0323y n\u00ean kha\u0301ch iu na\u0300o book xe \u0111i la\u0300m, \u0111i ch\u01a1i, \u0111i mua s\u0103\u0301m ma\u0300 pha\u0309i \u0111\u01a1\u0323i l\u00e2u, Grab t\u0103\u0323ng ngay voucher 10K GrabBike\/GrabCar cho chuy\u00ea\u0301n sau lu\u00f4n.<\/p>\n<p>\ud83d\udce3L\u01b0u y\u0301: Chi\u0309 a\u0301p du\u0323ng cho m\u00f4\u0323t s\u00f4\u0301 qu\u00e2\u0323n ta\u0323i Tha\u0300nh ph\u00f4\u0301 H\u00f4\u0300 Chi\u0301 Minh va\u0300 Ha\u0300 N\u00f4\u0323i, xem th\u00f4ng tin chi ti\u00ea\u0301t cu\u0309a ch\u01b0\u01a1ng tri\u0300nh \u0111\u00ea\u0309 bi\u00ea\u0301t th\u00eam nhe\u0301.<\/p>\n<p>\ud83d\udcf1M\u01a1\u0309 app \u0111\u0103\u0323t chuy\u00ea\u0301n ngay th\u00f4i, ba\u0323n mu\u00f4\u0301n \u0111i \u0111\u00e2u Grab t\u01a1\u0301i \u0111o\u0301n ne\u0300.<br \/>\n#GrabBike #GrabCar<\/p>\n<p>&nbsp;<\/p>\n<p><strong>Xem chi ti\u00ea\u0301t ch\u01b0\u01a1ng tri\u0300nh \u0111\u00f4\u0301i v\u01a1\u0301i GrabBike:<\/strong><\/p>\n<p>&#8211; \u01afu \u0111\u00e3i 10.000\u0111 cho chuy\u1ebfn GrabBike ti\u00ea\u0301p theo.<br \/>\n&#8211; \u00c1p d\u1ee5ng m\u00f4\u0323t s\u00f4\u0301 qu\u00e2\u0323n t\u1ea1i th\u00e0nh ph\u1ed1 H\u1ed3 Ch\u00ed Minh nh\u01b0 Qu\u00e2\u0323n 1, Qu\u00e2\u0323n 2, Qu\u00e2\u0323n 3, Qu\u00e2\u0323n 4, Qu\u00e2\u0323n 5, Qu\u00e2\u0323n 7, Qu\u00e2\u0323n 10, Qu\u00e2\u0323n T\u00e2n Bi\u0300nh, Qu\u00e2\u0323n Bi\u0300nh Tha\u0323nh, Qu\u00e2\u0323n Phu\u0301 Nhu\u00e2\u0323n, Qu\u00e2\u0323n Go\u0300 V\u00e2\u0301p, Qu\u00e2\u0323n Bi\u0300nh T\u00e2n. Qu\u00e2\u0323n T\u00e2n Phu\u0301 va\u0300 tha\u0300nh ph\u00f4\u0301 Thu\u0309 \u0110\u01b0\u0301c.<br \/>\n&#8211; \u00c1p d\u1ee5ng cho m\u1ecdi ph\u01b0\u01a1ng th\u1ee9c thanh to\u00e1n.<br \/>\n&#8211; \u01afu \u0111\u00e3i c\u00f3 gi\u00e1 tr\u1ecb s\u1eed d\u1ee5ng trong v\u00f2ng 1 ng\u00e0y k\u1ec3 t\u1eeb ng\u00e0y nh\u1eadn.<br \/>\n&#8211; \u01afu \u0111\u00e3i kh\u00f4ng bao g\u1ed3m ph\u1ee5 ph\u00ed, ng\u01b0\u1eddi d\u00f9ng vui l\u00f2ng thanh to\u00e1n ph\u1ee5 ph\u00ed (n\u1ebfu c\u00f3) v\u1edbi t\u00e0i x\u1ebf.<br \/>\n&#8211; S\u1ed1 l\u01b0\u1ee3ng \u01b0u \u0111\u00e3i c\u00f3 gi\u1edbi h\u1ea1n m\u1ed7i ng\u00e0y.<br \/>\n&#8211; Ch\u1ec9 \u00e1p d\u1ee5ng cho ng\u01b0\u1eddi d\u00f9ng nh\u1eadn \u0111\u01b0\u1ee3c th\u00f4ng b\u00e1o.<br \/>\n&#8211; Ch\u1ec9 \u00e1p d\u1ee5ng v\u1edbi phi\u00ean b\u1ea3n app m\u1edbi nh\u1ea5t.<\/p>\n<p><strong>Xem chi ti\u00ea\u0301t ch\u01b0\u01a1ng tri\u0300nh \u0111\u00f4\u0301i v\u01a1\u0301i GrabCar:<\/strong><br \/>\n&#8211; \u01afu \u0111\u00e3i 10.000\u0111 cho chuy\u1ebfn GrabCar\/ GrabCar Plus\/ GrabCar Protect ti\u00ea\u0301p theo.<br \/>\n&#8211; \u00c1p d\u1ee5ng m\u00f4\u0323t s\u00f4\u0301 qu\u00e2\u0323n t\u1ea1i th\u00e0nh ph\u1ed1 H\u1ed3 Ch\u00ed Minh (Qu\u00e2\u0323n 1, Qu\u00e2\u0323n 2, Qu\u00e2\u0323n 3, Qu\u00e2\u0323n 4, Qu\u00e2\u0323n 5, Qu\u00e2\u0323n 7, Qu\u00e2\u0323n 10, Qu\u00e2\u0323n T\u00e2n Bi\u0300nh, Qu\u00e2\u0323n Bi\u0300nh Tha\u0323nh, Qu\u00e2\u0323n Phu\u0301 Nhu\u00e2\u0323n, Qu\u00e2\u0323n Go\u0300 V\u00e2\u0301p, Qu\u00e2\u0323n Bi\u0300nh T\u00e2n. Qu\u00e2\u0323n T\u00e2n Phu\u0301 va\u0300 tha\u0300nh ph\u00f4\u0301 Thu\u0309 \u0110\u01b0\u0301c) v\u00e0 m\u00f4\u0323t s\u00f4\u0301 qu\u00e2\u0323n H\u00e0 N\u1ed9i (Qu\u00e2\u0323n Hai Ba\u0300 Tr\u01b0ng, Qu\u00e2\u0323n Thanh Xu\u00e2n, Qu\u00e2\u0323n Ba \u0110i\u0300nh, Qu\u00e2\u0323n Hoa\u0300n Ki\u00ea\u0301m, Qu\u00e2\u0323n Nam T\u01b0\u0300 Li\u00eam, Qu\u00e2\u0323n C\u00e2\u0300u Gi\u00e2\u0301y, Qu\u00e2\u0323n \u0110\u00f4\u0301ng \u0110a)<br \/>\n&#8211; \u00c1p d\u1ee5ng cho m\u1ecdi ph\u01b0\u01a1ng th\u1ee9c thanh to\u00e1n.<br \/>\n&#8211; \u01afu \u0111\u00e3i c\u00f3 gi\u00e1 tr\u1ecb s\u1eed d\u1ee5ng trong v\u00f2ng 14 ng\u00e0y k\u1ec3 t\u1eeb ng\u00e0y nh\u1eadn.<br \/>\n&#8211; \u01afu \u0111\u00e3i kh\u00f4ng bao g\u1ed3m ph\u1ee5 ph\u00ed, ng\u01b0\u1eddi d\u00f9ng vui l\u00f2ng thanh to\u00e1n ph\u1ee5 ph\u00ed (n\u1ebfu c\u00f3) v\u1edbi t\u00e0i x\u1ebf.<br \/>\n&#8211; S\u1ed1 l\u01b0\u1ee3ng \u01b0u \u0111\u00e3i c\u00f3 gi\u1edbi h\u1ea1n m\u1ed7i ng\u00e0y.<br \/>\n&#8211; Ch\u1ec9 \u00e1p d\u1ee5ng cho ng\u01b0\u1eddi d\u00f9ng nh\u1eadn \u0111\u01b0\u1ee3c th\u00f4ng b\u00e1o.<br \/>\n&#8211; Ch\u1ec9 \u00e1p d\u1ee5ng v\u1edbi phi\u00ean b\u1ea3n app m\u1edbi nh\u1ea5t.<\/p>\n<p><a href=\"https:\/\/grab.onelink.me\/2695613898\/datxengay\"><img loading=\"lazy\" decoding=\"async\" class=\"aligncenter wp-image-106085\" src=\"https:\/\/assets.grab.com\/wp-content\/uploads\/sites\/11\/2021\/12\/14175028\/CTA-013.png\" alt=\"\" width=\"204\" height=\"50\" \/><\/a><\/p>","protected":false},"excerpt":{"rendered":"\ud83d\udcb8T\u0103\u0323ng voucher 10K GrabBike\/ GrabCar khi kh\u00f4ng book \u0111\u01b0\u01a1\u0323c xe\ud83d\udcb8 \ud83c\udf1fCu\u00f4\u0301i n\u0103m r\u00f4\u0300i kha\u0301ch iu na\u0300o cu\u0309a Grab \u0111ang g\u00e2\u0301p cha\u0323y deadline, c\u00e2\u0300n vi vu \u0111i ch\u01a1i, mu\u00f4\u0301n tha\u0309nh th\u01a1i \u0111i mua s\u0103\u0301m \u0111\u00ea\u0309 s\u0103\u0303n sa\u0300ng \u0111o\u0301n l\u00ea\u0303 gia\u0301ng sinh va\u0300 cha\u0300o \u0111o\u0301n n\u0103m m\u01a1\u0301i th\u00e2\u0323t hoa\u0300nh tra\u0301ng m\u00e0 kh\u00f4ng th\u00edch d\u1eaft xe, kh\u00f4ng \u01b0a [&hellip;]","protected":false},"author":1250,"featured_media":0,"parent":0,"menu_order":0,"comment_status":"closed","ping_status":"closed","template":"","meta":{"_acf_changed":false,"footnotes":""},"acf":[],"_links":{"self":[{"href":"https:\/\/www.grab.com\/vn\/en\/wp-json\/wp\/v2\/pages\/106079"}],"collection":[{"href":"https:\/\/www.grab.com\/vn\/en\/wp-json\/wp\/v2\/pages"}],"about":[{"href":"https:\/\/www.grab.com\/vn\/en\/wp-json\/wp\/v2\/types\/page"}],"author":[{"embeddable":true,"href":"https:\/\/www.grab.com\/vn\/en\/wp-json\/wp\/v2\/users\/1250"}],"replies":[{"embeddable":true,"href":"https:\/\/www.grab.com\/vn\/en\/wp-json\/wp\/v2\/comments?post=106079"}],"version-history":[{"count":10,"href":"https:\/\/www.grab.com\/vn\/en\/wp-json\/wp\/v2\/pages\/106079\/revisions"}],"predecessor-version":[{"id":106132,"href":"https:\/\/www.grab.com\/vn\/en\/wp-json\/wp\/v2\/pages\/106079\/revisions\/106132"}],"wp:attachment":[{"href":"https:\/\/www.grab.com\/vn\/en\/wp-json\/wp\/v2\/media?parent=106079"}],"curies":[{"name":"wp","href":"https:\/\/api.w.org\/{rel}","templated":true}]}}