{"id":105983,"date":"2021-12-13T17:37:28","date_gmt":"2021-12-13T09:37:28","guid":{"rendered":"https:\/\/www.grab.com\/vn\/?page_id=105983"},"modified":"2021-12-13T18:26:55","modified_gmt":"2021-12-13T10:26:55","slug":"hay-cung-grab-tro-la%cc%a3i-de-tien-toi","status":"publish","type":"page","link":"https:\/\/www.grab.com\/vn\/en\/hay-cung-grab-tro-la%cc%a3i-de-tien-toi\/","title":{"rendered":"HA\u0303Y CU\u0300NG GRAB TR\u01a0\u0309 LA\u0323I \u0110\u00ca\u0309 TI\u00ca\u0301N T\u01a0\u0301I"},"content":{"rendered":"<p><img loading=\"lazy\" decoding=\"async\" width=\"1200\" height=\"600\" class=\"alignnone size-full wp-image-105984\" src=\"https:\/\/assets.grab.com\/wp-content\/uploads\/sites\/11\/2021\/12\/13173601\/1200x600_GrabTienToi_1012.jpg\" alt=\"\" \/><\/p>\n<p>\ud83c\udf1f C\u00f9ng Grab tr\u1edf l\u1ea1i \u0111\u1ec3 ti\u1ebfn t\u1edbi \ud83c\udf1f<\/p>\n<p>\ud83c\udf0e Ng\u00e0y h\u00f4m qua, c\u1ea3 th\u1ebf gi\u1edbi nh\u01b0 \u0111\u1ee9ng l\u1ea1i, ng\u01b0\u1eddi v\u1edbi ng\u01b0\u1eddi ch\u1ec9 nh\u00ecn th\u1ea5y nhau qua nh\u1eefng chi\u1ebfc m\u00e0n h\u00ecnh nhi\u1ec1u k\u00edch c\u1ee1, qu\u00e1n x\u00e1 \u0111\u00f3ng c\u1eeda, \u0111\u01b0\u1eddng ph\u1ed1 l\u1eb7ng l\u1ebd v\u1eafng d\u1ea5u b\u00e1nh xe ngang d\u1ecdc kh\u1eafp c\u00e1c con ph\u1ed1.<\/p>\n<p>\ud83c\udf89\ufe0f Nh\u01b0ng \u0111\u00f3 \u0111\u00e3 l\u00e0 &#8220;ng\u00e0y h\u00f4m qua&#8221;. H\u00f4m nay, l\u00e0 m\u1ed9t s\u1ef1 tr\u1edf l\u1ea1i m\u1ea1nh m\u1ebd! \ud83d\udcaa<\/p>\n<p>\ud83d\udef5 \ud83d\ude98 V\u0103n ph\u00f2ng, qu\u00e1n x\u00e1 m\u1edf c\u1eeda tr\u1edf l\u1ea1i, ng\u01b0\u1eddi \u0111i l\u00e0m, \u0111i h\u1ecdc, \u0111i ch\u01a1i v\u1ec1 khuya c\u00f3 GrabBike, GrabCar \u0111\u01b0a \u0111\u00f3n.<br \/>\n\ud83c\udf5c B\u1ebfp \u1edf c\u00e1c h\u00e0ng \u0103n \u0111\u1ecf l\u1eeda tr\u1edf l\u1ea1i, GrabFood c\u00f3 m\u1eb7t giao m\u00f3n ngon \u0111\u1ebfn th\u1ef1c kh\u00e1ch.<br \/>\n\ud83d\uded2 C\u1eeda h\u00e0ng rau c\u1ee7 th\u1ecbt c\u00e1 l\u1ea1i ng\u1eadp tr\u00e0n h\u00e0ng ho\u00e1, GrabMart s\u1eb5n s\u00e0ng giao nguy\u00ean li\u1ec7u t\u01b0\u01a1i ngon t\u1eadn \u0111\u1ebfn c\u1eeda nh\u00e0.<br \/>\n\ud83d\udce6 Ch\u1ee7 shop tr\u1edf l\u1ea1i giao th\u01b0\u01a1ng, GrabExpress c\u00f3 m\u1eb7t giao nh\u1eadn h\u00e0ng tho\u0103n tho\u1eaft, ho\u00e0 v\u00e0o d\u00f2ng ch\u1ea3y mua b\u00e1n t\u1ea5p n\u1eadp nh\u1eefng ng\u00e0y cu\u1ed1i n\u0103m.<\/p>\n<p>\ud83c\udf40 V\u00e0 m\u1ed7i ng\u01b0\u1eddi trong ch\u00fang ta tr\u1edf l\u1ea1i v\u1edbi phi\u00ean b\u1ea3n &#8220;\u0111\u1ea7y \u0111\u1ee7&#8221; c\u1ee7a b\u1ea3n th\u00e2n, d\u00f9 l\u00e0 \u0111i ti\u1ebfp t\u1eeb \u0111i\u1ec3m t\u1ea1m ng\u01b0ng hay quay ng\u01b0\u1ee3c v\u1ec1 v\u1ecb tr\u00ed xu\u1ea5t ph\u00e1t, Grab lu\u00f4n s\u1eb5n s\u00e0ng \u0111\u1ed3ng h\u00e0nh c\u00f9ng b\u1ea1n, \u0111\u1ec3 l\u1ea7n tr\u1edf l\u1ea1i n\u00e0y ai c\u0169ng c\u00f3 th\u1ec3 m\u1ea1nh m\u1ebd ti\u1ebfn b\u01b0\u1edbc v\u1ec1 ph\u00eda tr\u01b0\u1edbc.<\/p>\n<p>\ud83c\udf8a\ufe0f M\u1eebng tr\u1edf l\u1ea1i \u0111\u1ec3 ti\u1ebfn t\u1edbi!<br \/>\n#MungXanhTroLai #GrabTienToi<br \/>\n&#8212;&#8212;&#8212;&#8212;&#8212;&#8212;&#8212;&#8212;&#8212;&#8212;&#8212;&#8212;-<br \/>\nGrab \u0111\u1ea3m b\u1ea3o tu\u00e2n th\u1ee7 c\u00e1c bi\u1ec7n ph\u00e1p an to\u00e0n trong su\u1ed1t qu\u00e1 tr\u00ecnh quay h\u00ecnh ch\u1ee5p \u1ea3nh.<\/p>\n<p style=\"text-align: center\"><a href=\"https:\/\/grab.onelink.me\/2695613898\/GrabPage\"><img loading=\"lazy\" decoding=\"async\" class=\"alignnone wp-image-105998\" src=\"https:\/\/assets.grab.com\/wp-content\/uploads\/sites\/11\/2021\/12\/13182414\/Asset-2%402x1.png\" alt=\"\" width=\"204\" height=\"51\" \/><\/a><\/p>\n<p style=\"text-align: center\">","protected":false},"excerpt":{"rendered":"\ud83c\udf1f C\u00f9ng Grab tr\u1edf l\u1ea1i \u0111\u1ec3 ti\u1ebfn t\u1edbi \ud83c\udf1f \ud83c\udf0e Ng\u00e0y h\u00f4m qua, c\u1ea3 th\u1ebf gi\u1edbi nh\u01b0 \u0111\u1ee9ng l\u1ea1i, ng\u01b0\u1eddi v\u1edbi ng\u01b0\u1eddi ch\u1ec9 nh\u00ecn th\u1ea5y nhau qua nh\u1eefng chi\u1ebfc m\u00e0n h\u00ecnh nhi\u1ec1u k\u00edch c\u1ee1, qu\u00e1n x\u00e1 \u0111\u00f3ng c\u1eeda, \u0111\u01b0\u1eddng ph\u1ed1 l\u1eb7ng l\u1ebd v\u1eafng d\u1ea5u b\u00e1nh xe ngang d\u1ecdc kh\u1eafp c\u00e1c con ph\u1ed1. \ud83c\udf89\ufe0f Nh\u01b0ng \u0111\u00f3 [&hellip;]","protected":false},"author":1250,"featured_media":0,"parent":0,"menu_order":0,"comment_status":"closed","ping_status":"closed","template":"","meta":{"_acf_changed":false,"footnotes":""},"acf":[],"_links":{"self":[{"href":"https:\/\/www.grab.com\/vn\/en\/wp-json\/wp\/v2\/pages\/105983"}],"collection":[{"href":"https:\/\/www.grab.com\/vn\/en\/wp-json\/wp\/v2\/pages"}],"about":[{"href":"https:\/\/www.grab.com\/vn\/en\/wp-json\/wp\/v2\/types\/page"}],"author":[{"embeddable":true,"href":"https:\/\/www.grab.com\/vn\/en\/wp-json\/wp\/v2\/users\/1250"}],"replies":[{"embeddable":true,"href":"https:\/\/www.grab.com\/vn\/en\/wp-json\/wp\/v2\/comments?post=105983"}],"version-history":[{"count":9,"href":"https:\/\/www.grab.com\/vn\/en\/wp-json\/wp\/v2\/pages\/105983\/revisions"}],"predecessor-version":[{"id":105999,"href":"https:\/\/www.grab.com\/vn\/en\/wp-json\/wp\/v2\/pages\/105983\/revisions\/105999"}],"wp:attachment":[{"href":"https:\/\/www.grab.com\/vn\/en\/wp-json\/wp\/v2\/media?parent=105983"}],"curies":[{"name":"wp","href":"https:\/\/api.w.org\/{rel}","templated":true}]}}