{"id":105522,"date":"2021-12-08T19:21:47","date_gmt":"2021-12-08T11:21:47","guid":{"rendered":"https:\/\/www.grab.com\/vn\/?page_id=105522"},"modified":"2022-02-25T18:22:37","modified_gmt":"2022-02-25T10:22:37","slug":"cangigrabnay","status":"publish","type":"page","link":"https:\/\/www.grab.com\/vn\/en\/cangigrabnay\/","title":{"rendered":"TH\u1ec2 L\u1ec6 THAM GIA TH\u1eec TH\u00c1CH #CanGiGrabNay"},"content":{"rendered":"<p><span style=\"font-weight: 400\">N\u00e0o n\u00e0o m\u1ecdi ng\u01b0\u1eddi \u01a1i, kh\u1edfi \u0111\u1ed9ng tay ch\u00e2n, l\u00e0m n\u00f3ng to\u00e0n th\u00e2n c\u00f9ng <strong><span style=\"color: #00b14f\">Grab<\/span><\/strong> tham gia th\u1eed th\u00e1ch \u0111i\u1ec7u nh\u1ea3y <strong>#CanGiGrabNay<\/strong> \ud83d\udc83\ud83c\udffc tr\u00ean <strong>TikTok<\/strong> v\u1edbi giai \u0111i\u1ec7u bao nhi\u1ec7t, s\u1eb5n ti\u1ec7n rinh ngay c\u01a1 h\u1ed9i s\u1edf h\u1eefu 1 chi\u1ebfc \u0111i\u1ec7n tho\u1ea1i <strong>iPhone 13<\/strong> \ud83d\udcf1\u00a0 x\u1ecbn s\u00f2 nh\u00e9!<\/span><\/p>\n<p>&nbsp;<\/p>\n<p><b>PH\u1ea0M VI T\u1ed4 CH\u1ee8C<\/b><span style=\"font-weight: 400\">: Tr\u00ean to\u00e0n qu\u1ed1c<\/span><\/p>\n<p><b>\u0110\u1ed0I T\u01af\u1ee2NG THAM D\u1ef0: <\/b><span style=\"font-weight: 400\">t\u1ea5t c\u1ea3 c\u00f4ng d\u00e2n \u0111ang sinh s\u1ed1ng t\u1ea1i Vi\u1ec7t Nam c\u00f3 t\u00e0i kho\u1ea3n tr\u00ean \u1ee9ng d\u1ee5ng <strong><span style=\"color: #00b14f\">Grab<\/span><\/strong>.<\/span><\/p>\n<p><b>TH\u1edcI GIAN THAM D\u1ef0:\u00a0<\/b><\/p>\n<ul>\n<li>T\u1eeb ng\u00e0y 00 gi\u1edd 01 ph\u00fat ng\u00e0y 19\/12\/2021 \u0111\u1ebfn 23 gi\u1edd 59 ph\u00fat ng\u00e0y 26\/12\/2021<\/li>\n<li><span style=\"font-weight: 400\">K\u1ebft qu\u1ea3 s\u1ebd \u0111\u01b0\u1ee3c c\u00f4ng b\u1ed1 ch\u00ednh th\u1ee9c v\u00e0o ng\u00e0y t\u1ea1i trang tiktok\u00a0<strong><span style=\"color: #00b14f\">GrabVN<\/span><\/strong>.<\/span><\/li>\n<\/ul>\n<p><b>C\u00c1CH TH\u1ee8C THAM D\u1ef0:<\/b><\/p>\n<ul>\n<li><span style=\"font-weight: 400\">B\u01b0\u1edbc 1: Ng\u01b0\u1eddi tham gia truy c\u1eadp \u1ee9ng d\u1ee5ng <strong>TikTok<\/strong> v\u00e0 g\u00f5 hashtag <strong>#CanGiGrabNay<\/strong>, l\u1ef1a ch\u1ecdn \u0111\u1ea1o c\u1ee5 v\u00e0 trang ph\u1ee5c n\u1ed5i b\u1eadt nh\u1eefng \u0111\u1eb7c tr\u01b0ng c\u1ee7a \u0111\u1ecba ph\u01b0\u01a1ng m\u00ecnh, quay video th\u1ec3 hi\u1ec7n c\u00e1 t\u00ednh b\u1ea3n th\u00e2n v\u1edbi \u0111\u1ed9ng t\u00e1c \u0111\u1ed9c \u0111\u00e1o tr\u00ean n\u1ec1n nh\u1ea1c <em><strong>C\u1ea7n g\u00ec Grab n\u1ea5y<\/strong> <\/em>c\u1ee7a <strong><span style=\"color: #00b14f\">Grab<\/span><\/strong>.<\/span><\/li>\n<li><span style=\"font-weight: 400\">B\u01b0\u1edbc 2: \u0110\u0103ng t\u1ea3i video l\u00ean t\u00e0i kho\u1ea3n <strong>TikTok<\/strong> c\u00e1 nh\u00e2n, \u1edf ch\u1ebf \u0111\u1ed9 c\u00f4ng khai k\u00e8m theo hashtag \u0111\u1ea7y \u0111\u1ee7: <strong>#CanGiGrabNay<\/strong> v\u00e0 <em>hashtag t\u1ec9nh<\/em> c\u1ee7a b\u1ea1n, v\u00ed d\u1ee5: #HaiPhong #DaNang #CanTho,&#8230;<\/span><\/li>\n<\/ul>\n<p><b>GI\u1ea2I TH\u01af\u1edeNG:<\/b><\/p>\n<ul>\n<li style=\"font-weight: 400\"><b>GI\u1ea2I \u0110\u1eb6C BI\u1ec6T<\/b><span style=\"font-weight: 400\">: <strong>01 \u0111i\u1ec7n tho\u1ea1i iPhone 13 128GB \ud83d\udcf1\u00a0<\/strong> (m\u00e0u b\u1ea5t k\u1ef3) d\u00e0nh cho 01 video c\u00f3 t\u1ed5ng l\u01b0\u1ee3ng view, th\u1ea3 tim v\u00e0 b\u00ecnh lu\u1eadn cao nh\u1ea5t.<\/span><\/li>\n<li style=\"font-weight: 400\"><b>GI\u1ea2I PH\u1ee4<\/b><span style=\"font-weight: 400\">: <strong>100 gi\u1ea3i voucher<\/strong> <strong><span style=\"color: #00b14f\">GrabBike, GrabCar, GrabFood, GrabExpress<\/span><\/strong>, v\u00e0 <strong><span style=\"color: #00b14f\">GrabMart<\/span><\/strong> t\u1ed5ng tr\u1ecb gi\u00e1 180.000\u0111 d\u00e0nh cho 50 video c\u00f3 t\u1ed5ng l\u01b0\u1ee3ng view, th\u1ea3 tim v\u00e0 b\u00ecnh lu\u1eadn ti\u1ebfp theo t\u1eeb top 2 \u0111\u1ebfn 101. Chi ti\u1ebft gi\u1ea3i ph\u1ee5 bao g\u1ed3m c\u00e1c vouchers:<\/span><\/li>\n<li><span style=\"font-weight: 400\">02 m\u00e3 \u01b0u \u0111\u00e3i <strong><span style=\"color: #00b14f\">GrabBike<\/span><\/strong> \u0111\u1ed3ng gi\u00e1 10.000 cho m\u1ed7i chuy\u1ebfn xe t\u1eeb 20.000\u0111 tr\u1edf xu\u1ed1ng.<\/span><\/li>\n<li><span style=\"font-weight: 400\">02 m\u00e3 \u01b0u \u0111\u00e3i <strong><span style=\"color: #00b14f\">GrabFood<\/span><\/strong> tr\u1ecb gi\u00e1 15.000\u0111 cho \u0111\u01a1n t\u1eeb 40.000\u0111.<\/span><\/li>\n<li><span style=\"font-weight: 400\">01 m\u00e3 \u01b0u \u0111\u00e3i <strong><span style=\"color: #00b14f\">GrabMart<\/span><\/strong> tr\u1ecb gi\u00e1 30.000\u0111 cho \u0111\u01a1n t\u1eeb 100.000\u0111.<\/span><\/li>\n<li><span style=\"font-weight: 400\">05 m\u00e3 \u01b0u \u0111\u00e3i <strong><span style=\"color: #00b14f\">GrabExpress<\/span><\/strong> tr\u1ecb gi\u00e1 20.000\u0111.<\/span><\/li>\n<\/ul>\n<p><span style=\"font-weight: 400\">*M\u00e3 \u01b0u \u0111\u00e3i c\u00f3 h\u1ea1n s\u1eed d\u1ee5ng 30 ng\u00e0y t\u00ednh t\u1eeb th\u1eddi \u0111i\u1ec3m nh\u1eadn.<\/span><\/p>\n<p><span style=\"font-weight: 400\">*M\u00e3 \u01b0u \u0111\u00e3i kh\u00f4ng \u0111\u01b0\u1ee3c quy \u0111\u1ed5i th\u00e0nh ti\u1ec1n m\u1eb7t ho\u1eb7c s\u1ed1 d\u01b0 trong t\u00e0i kho\u1ea3n<strong> V\u00ed \u0111i\u1ec7n t\u1eed Moca<\/strong> tr\u00ean \u1ee9ng d\u1ee5ng <strong><span style=\"color: #00b14f\">Grab<\/span><\/strong>.<\/span><\/p>\n<p>&nbsp;<\/p>\n<p><b>L\u01afU \u00dd:<\/b><span style=\"font-weight: 400\">\u00a0<\/span><\/p>\n<ul>\n<li style=\"font-weight: 400\"><span style=\"font-weight: 400\"><strong><span style=\"color: #00b14f\">Grab<\/span><\/strong> c\u00f3 quy\u1ec1n thay th\u1ebf c\u00e1c ph\u1ea7n th\u01b0\u1edfng tr\u00ean b\u1eb1ng c\u00e1c ph\u1ea7n th\u01b0\u1edfng kh\u00e1c c\u00f3 gi\u00e1 tr\u1ecb t\u01b0\u01a1ng \u0111\u01b0\u01a1ng, trong tr\u01b0\u1eddng h\u1ee3p ph\u1ea7n th\u01b0\u1edfng ban \u0111\u1ea7u kh\u00f4ng c\u00f3 s\u1eb5n, b\u1ea5t h\u1ee3p ph\u00e1p ho\u1eb7c kh\u00f4ng kh\u1ea3 thi. Tr\u1eeb khi \u0111\u01b0\u1ee3c quy \u0111\u1ecbnh kh\u00e1c, t\u1ea5t c\u1ea3 c\u00e1c gi\u1ea3i th\u01b0\u1edfng \u0111\u1ec1u kh\u00f4ng c\u00f3 gi\u00e1 tr\u1ecb chuy\u1ec3n nh\u01b0\u1ee3ng v\u00e0 quy \u0111\u1ed5i th\u00e0nh ti\u1ec1n m\u1eb7t ho\u1eb7c c\u00e1c h\u00ecnh th\u1ee9c kh\u00e1c.<\/span><\/li>\n<li style=\"font-weight: 400\"><span style=\"font-weight: 400\"><strong><span style=\"color: #00b14f\">Grab<\/span><\/strong> s\u1ebd g\u1eedi gi\u1ea3i th\u01b0\u1edfng \u0111\u1ebfn t\u00e0i kho\u1ea3n <strong><span style=\"color: #00b14f\">Grab<\/span><\/strong> m\u00e0 b\u1ea1n \u0111\u00e3 \u0111\u0103ng k\u00fd th\u00f4ng qua s\u1ed1 \u0111i\u1ec7n tho\u1ea1i. <strong><span style=\"color: #00b14f\">Grab<\/span><\/strong> s\u1ebd kh\u00f4ng ch\u1ecbu tr\u00e1ch nhi\u1ec7m cho nh\u1eefng tr\u01b0\u1eddng h\u1ee3p th\u1ea5t l\u1ea1c gi\u1ea3i th\u01b0\u1edfng n\u1ebfu b\u1ea1n cung c\u1ea5p sai th\u00f4ng tin. <strong><span style=\"color: #00b14f\">Grab<\/span><\/strong> s\u1ebd xem l\u00e0 ho\u00e0n t\u1ea5t ngh\u0129a v\u1ee5 trao gi\u1ea3i khi \u0111\u00e3 g\u1eedi gi\u1ea3i th\u01b0\u1edfng theo \u0111\u00fang th\u00f4ng tin m\u00e0 ng\u01b0\u1eddi th\u1eafng gi\u1ea3i \u0111\u00e3 cung c\u1ea5p.<\/span><\/li>\n<li style=\"font-weight: 400\"><span style=\"font-weight: 400\">Gi\u1ea3i th\u01b0\u1edfng s\u1ebd \u0111\u01b0\u1ee3c giao cho ng\u01b0\u1eddi th\u1eafng gi\u1ea3i trong v\u00f2ng 30 ng\u00e0y k\u1ec3 t\u1eeb ng\u00e0y c\u00f4ng b\u1ed1 th\u00f4ng tin th\u1eafng gi\u1ea3i. Sau th\u1eddi gian tr\u00ean n\u1ebfu b\u1ea1n ch\u01b0a nh\u1eadn \u0111\u01b0\u1ee3c qu\u00e0, b\u1ea1n vui l\u00f2ng\u00a0 li\u00ean h\u1ec7 <strong><span style=\"color: #00b14f\">Grab<\/span><\/strong> \u0111\u1ec3 <strong><span style=\"color: #00b14f\">Grab<\/span><\/strong> ki\u1ec3m tra l\u1ea1i th\u00f4ng tin.<\/span><\/li>\n<li style=\"font-weight: 400\"><span style=\"font-weight: 400\">M\u1ecdi k\u1ebft qu\u1ea3 th\u1eafng gi\u1ea3i \u0111\u1ec1u \u0111\u00e3 \u0111\u01b0\u1ee3c BTC l\u1ef1a ch\u1ecdn d\u1ef1a tr\u00ean th\u1ec3 l\u1ec7 v\u00e0 ti\u00eau ch\u00ed c\u1ee7a ch\u01b0\u01a1ng tr\u00ecnh n\u00ean m\u1ed9t khi \u0111\u00e3 c\u00f4ng b\u1ed1, k\u1ebft qu\u1ea3 s\u1ebd kh\u00f4ng thay \u0111\u1ed5i.<\/span><\/li>\n<li style=\"font-weight: 400\"><span style=\"font-weight: 400\">Ng\u01b0\u1eddi ch\u01a1i \u0111\u1ed3ng \u00fd r\u1eb1ng c\u00e1c quy\u1ebft \u0111\u1ecbnh c\u1ee7a <strong><span style=\"color: #00b14f\">Grab<\/span><\/strong> li\u00ean quan \u0111\u1ebfn ch\u01b0\u01a1ng tr\u00ecnh s\u1ebd l\u00e0 quy\u1ebft \u0111\u1ecbnh cu\u1ed1i c\u00f9ng v\u00e0 c\u00f3 hi\u1ec7u l\u1ef1c \u00e1p d\u1ee5ng. M\u1ecdi tranh ch\u1ea5p gi\u1eefa Grab v\u00e0 ng\u01b0\u1eddi ch\u01a1i ph\u00e1t sinh t\u1eeb ho\u1eb7c li\u00ean quan \u0111\u1ebfn ch\u01b0\u01a1ng tr\u00ecnh (n\u1ebfu c\u00f3) s\u1ebd \u0111\u01b0\u1ee3c gi\u1ea3i quy\u1ebft theo quy tr\u00ecnh do <strong><span style=\"color: #00b14f\">Grab<\/span><\/strong> c\u00f4ng b\u1ed1 v\u00e0 \u00e1p d\u1ee5ng t\u1ea1i t\u1eebng th\u1eddi \u0111i\u1ec3m.<\/span><\/li>\n<li style=\"font-weight: 400\"><span style=\"font-weight: 400\">Ng\u01b0\u1eddi tr\u00fang th\u01b0\u1edfng c\u00f3 tr\u00e1ch nhi\u1ec7m th\u1ef1c hi\u1ec7n ngh\u0129a v\u1ee5 \u0111\u00f3ng thu\u1ebf ph\u00e1t sinh t\u1eeb ph\u1ea7n th\u01b0\u1edfng cho c\u01a1 quan Thu\u1ebf theo \u0111\u00fang quy \u0111\u1ecbnh c\u1ee7a ph\u00e1p lu\u1eadt.<\/span><\/li>\n<li style=\"font-weight: 400\"><span style=\"font-weight: 400\"><strong><span style=\"color: #00b14f\">Grab<\/span><\/strong> s\u1ebd kh\u00f4ng ch\u1ecbu tr\u00e1ch nhi\u1ec7m cho b\u1ea5t k\u1ef3 khi\u1ebfu n\u1ea1i n\u00e0o c\u1ee7a ng\u01b0\u1eddi ch\u01a1i ho\u1eb7c y\u00eau c\u1ea7u c\u1ee7a b\u00ean th\u1ee9 ba ho\u1eb7c t\u1ed5n th\u1ea5t n\u00e0o li\u00ean quan \u0111\u1ebfn ho\u1eb7c ph\u00e1t sinh t\u1eeb vi\u1ec7c ng\u01b0\u1eddi ch\u01a1i kh\u00f4ng tu\u00e2n th\u1ee7 th\u1ec3 l\u1ec7 n\u00e0y ho\u1eb7c vi ph\u1ea1m quy \u0111\u1ecbnh c\u1ee7a ph\u00e1p lu\u1eadt, bao g\u1ed3m nh\u01b0ng kh\u00f4ng gi\u1edbi h\u1ea1n, s\u1ef1 s\u1ee5t gi\u1ea3m l\u1ee3i nhu\u1eadn, m\u1ea5t k\u1ef3 v\u1ecdng, thi\u1ec7t h\u1ea1i mang t\u00ednh gi\u00e1n ti\u1ebfp, tr\u1ef1c ti\u1ebfp.<\/span><\/li>\n<\/ul>\n<p>&nbsp;<\/p>\n<p><b>QUY \u0110\u1ecaNH B\u00c0I D\u1ef0 THI:<\/b><\/p>\n<ul>\n<li style=\"font-weight: 400\"><span style=\"font-weight: 400\">M\u1ed7i ng\u01b0\u1eddi d\u1ef1 thi \u0111\u01b0\u1ee3c ph\u00e9p tham gia kh\u00f4ng gi\u1edbi h\u1ea1n s\u1ed1 l\u1ea7n, v\u1edbi n\u1ed9i dung video kh\u00f4ng tr\u00f9ng l\u1eb7p. Tuy nhi\u00ean, ng\u01b0\u1eddi ch\u01a1i ch\u1ec9 \u0111\u01b0\u1ee3c nh\u1eadn gi\u1ea3i m\u1ed9t l\u1ea7n duy nh\u1ea5t trong su\u1ed1t cu\u1ed9c thi.<\/span><\/li>\n<li style=\"font-weight: 400\"><span style=\"font-weight: 400\">Video d\u1ef1 thi kh\u00f4ng \u0111\u01b0\u1ee3c mang y\u1ebfu t\u1ed1 ch\u00ednh tr\u1ecb, t\u00f4n gi\u00e1o, v\u00e0 ph\u1ea3i ph\u00f9 h\u1ee3p v\u1edbi thu\u1ea7n phong m\u1ef9 t\u1ee5c v\u00e0 ph\u00e1p lu\u1eadt Vi\u1ec7t Nam.<\/span><\/li>\n<li style=\"font-weight: 400\"><span style=\"font-weight: 400\">Video d\u1ef1 thi ph\u1ea3i thu\u1ed9c quy\u1ec1n s\u1edf h\u1eefu c\u1ee7a ng\u01b0\u1eddi d\u1ef1 thi (BTC s\u1ebd kh\u00f4ng c\u00f4ng nh\u1eadn nh\u1eefng video \u0111\u01b0\u1ee3c sao ch\u00e9p t\u1eeb b\u1ea5t k\u00ec ngu\u1ed3n\/\u00a0 c\u00e1 nh\u00e2n\/ t\u1ed5 ch\u1ee9c kh\u00e1c).<\/span><\/li>\n<li style=\"font-weight: 400\"><span style=\"font-weight: 400\">Video d\u1ef1 thi l\u00e0 c\u00e1c b\u00e0i ch\u01b0a t\u1eebng \u0111\u01b0\u1ee3c s\u1eed d\u1ee5ng tr\u00ean b\u1ea5t k\u1ef3 ph\u01b0\u01a1ng ti\u1ec7n truy\u1ec1n th\u00f4ng n\u00e0o, ch\u01b0a t\u1eebng tham gia cu\u1ed9c thi n\u00e0o v\u00e0 kh\u00f4ng vi ph\u1ea1m b\u1ea3n quy\u1ec1n.<\/span><\/li>\n<li style=\"font-weight: 400\"><span style=\"font-weight: 400\">Nh\u1eefng video d\u1ef1 thi s\u1eed d\u1ee5ng c\u00e1c c\u00f4ng c\u1ee5 t\u0103ng t\u01b0\u01a1ng t\u00e1c, chia s\u1ebb v\u00e0 b\u00ecnh lu\u1eadn (like, share, comment) t\u1ef1 \u0111\u1ed9ng s\u1ebd b\u1ecb BTC h\u1ee7y k\u1ebft qu\u1ea3 d\u1ef1 thi.<\/span><\/li>\n<li style=\"font-weight: 400\"><span style=\"font-weight: 400\">Grab \u0111\u01b0\u1ee3c quy\u1ec1n s\u1eed d\u1ee5ng c\u00e1c video d\u1ef1 thi cho m\u1ee5c \u0111\u00edch qu\u1ea3ng c\u00e1o, ph\u00e1t tri\u1ec3n th\u01b0\u1edfng hi\u1ec7u, qu\u1ea3ng b\u00e1 cu\u1ed9c thi m\u00e0 kh\u00f4ng ph\u1ea3i xin ph\u00e9p hay thanh to\u00e1n b\u1ea5t k\u1ef3 kho\u1ea3n chi ph\u00ed n\u00e0o.<\/span><\/li>\n<li style=\"font-weight: 400\"><span style=\"font-weight: 400\">Nh\u00e2n vi\u00ean n\u1ed9i b\u1ed9 c\u1ee7a <strong><span style=\"color: #00b14f\">Grab<\/span><\/strong>, nh\u00e2n vi\u00ean c\u1ee7a c\u00e1c nh\u00e0 cung c\u1ea5p lao \u0111\u1ed9ng, \u0111\u1ed1i t\u00e1c t\u00e0i x\u1ebf, \u0111\u1ed1i t\u00e1c nh\u00e0 h\u00e0ng v\u00e0 c\u00e1c \u0111\u1ed1i t\u00e1c tr\u1ef1c ti\u1ebfp li\u00ean quan kh\u00f4ng \u0111\u01b0\u1ee3c tham gia ch\u01b0\u01a1ng tr\u00ecnh n\u00e0y.<\/span><\/li>\n<li style=\"font-weight: 400\"><span style=\"font-weight: 400\">K\u1ebft qu\u1ea3 \u0111\u01b0\u1ee3c quy\u1ebft \u0111\u1ecbnh b\u1edfi Ban T\u1ed5 Ch\u1ee9c l\u00e0 k\u1ebft qu\u1ea3 cu\u1ed1i c\u00f9ng.<\/span><\/li>\n<\/ul>","protected":false},"excerpt":{"rendered":"N\u00e0o n\u00e0o m\u1ecdi ng\u01b0\u1eddi \u01a1i, kh\u1edfi \u0111\u1ed9ng tay ch\u00e2n, l\u00e0m n\u00f3ng to\u00e0n th\u00e2n c\u00f9ng Grab tham gia th\u1eed th\u00e1ch \u0111i\u1ec7u nh\u1ea3y #CanGiGrabNay \ud83d\udc83\ud83c\udffc tr\u00ean TikTok v\u1edbi giai \u0111i\u1ec7u bao nhi\u1ec7t, s\u1eb5n ti\u1ec7n rinh ngay c\u01a1 h\u1ed9i s\u1edf h\u1eefu 1 chi\u1ebfc \u0111i\u1ec7n tho\u1ea1i iPhone 13 \ud83d\udcf1\u00a0 x\u1ecbn s\u00f2 nh\u00e9! &nbsp; PH\u1ea0M VI T\u1ed4 CH\u1ee8C: Tr\u00ean to\u00e0n [&hellip;]","protected":false},"author":1123,"featured_media":0,"parent":0,"menu_order":0,"comment_status":"closed","ping_status":"closed","template":"","meta":{"_acf_changed":false,"footnotes":""},"acf":[],"_links":{"self":[{"href":"https:\/\/www.grab.com\/vn\/en\/wp-json\/wp\/v2\/pages\/105522"}],"collection":[{"href":"https:\/\/www.grab.com\/vn\/en\/wp-json\/wp\/v2\/pages"}],"about":[{"href":"https:\/\/www.grab.com\/vn\/en\/wp-json\/wp\/v2\/types\/page"}],"author":[{"embeddable":true,"href":"https:\/\/www.grab.com\/vn\/en\/wp-json\/wp\/v2\/users\/1123"}],"replies":[{"embeddable":true,"href":"https:\/\/www.grab.com\/vn\/en\/wp-json\/wp\/v2\/comments?post=105522"}],"version-history":[{"count":7,"href":"https:\/\/www.grab.com\/vn\/en\/wp-json\/wp\/v2\/pages\/105522\/revisions"}],"predecessor-version":[{"id":111187,"href":"https:\/\/www.grab.com\/vn\/en\/wp-json\/wp\/v2\/pages\/105522\/revisions\/111187"}],"wp:attachment":[{"href":"https:\/\/www.grab.com\/vn\/en\/wp-json\/wp\/v2\/media?parent=105522"}],"curies":[{"name":"wp","href":"https:\/\/api.w.org\/{rel}","templated":true}]}}