{"id":104983,"date":"2021-12-03T12:53:24","date_gmt":"2021-12-03T04:53:24","guid":{"rendered":"https:\/\/www.grab.com\/vn\/?page_id=104983"},"modified":"2024-01-24T17:54:48","modified_gmt":"2024-01-24T09:54:48","slug":"kham-pha-grab-trung-iphone-13","status":"publish","type":"page","link":"https:\/\/www.grab.com\/vn\/en\/kham-pha-grab-trung-iphone-13\/","title":{"rendered":"TH\u1eec TH\u00c1CH KH\u00c1M PH\u00c1 GRAB TR\u00daNG IPHONE 13"},"content":{"rendered":"<h4><b><img loading=\"lazy\" decoding=\"async\" width=\"1200\" height=\"600\" class=\"alignnone size-full wp-image-105532\" src=\"https:\/\/assets.grab.com\/wp-content\/uploads\/sites\/11\/2021\/12\/08211541\/1200x600_OG_Challenge.jpg\" alt=\"\" \/><br \/>\n<\/b><\/h4>\n<h3><b>1. TH\u1ec2 L\u1ec6 CH\u01af\u01a0NG TR\u00ccNH:<\/b><\/h3>\n<ul>\n<li style=\"font-weight: 400\"><b>Th\u1eed th\u00e1ch kh\u00e1m ph\u00e1 Grab tr\u00fang iPhone 13 <\/b><span style=\"font-weight: 400\">\u0111\u01b0\u1ee3c \u00e1p d\u1ee5ng cho ng\u01b0\u1eddi d\u00f9ng nh\u1eadn \u0111\u01b0\u1ee3c th\u00f4ng b\u00e1o qua \u1ee9ng d\u1ee5ng Grab khi ng\u01b0\u1eddi d\u00f9ng th\u1ef1c hi\u1ec7n \u0111\u01b0\u1ee3c b\u1ea5t k\u1ef3 d\u1ecbch v\u1ee5 n\u00e0o trong 4 d\u1ecbch v\u1ee5: GrabBike, GrabFood, GrabExpress ho\u1eb7c GrabMart k\u1ec3 t\u1eeb 0h00 ng\u00e0y 08\/12 v\u00e0 \u0111\u01b0\u1ee3c hi\u1ec3n th\u1ecb trong m\u1ee5c \u201cTh\u1eed Th\u00e1ch\u201d tr\u00ean \u1ee9ng d\u1ee5ng Grab.<\/span><\/li>\n<li style=\"font-weight: 400\"><span style=\"font-weight: 400\">Trong th\u1eddi gian di\u1ec5n ra ch\u01b0\u01a1ng tr\u00ecnh khuy\u1ebfn m\u1ea1i, <\/span><b>T\u1eeb 00h00\u2019 ng\u00e0y 08\/12\/2021 \u0111\u1ebfn 23h59\u2019 07\/01\/2022 <\/b><span style=\"font-weight: 400\">ng\u01b0\u1eddi d\u00f9ng ho\u00e0n th\u00e0nh th\u1eed th\u00e1ch: S\u1eed d\u1ee5ng \u0111\u1ee7 4 D\u1ecbch v\u1ee5 bao g\u1ed3m: \u0111\u1eb7t xe (GrabBike), giao h\u00e0ng (GrabExpress), <a href=\"https:\/\/www.grab.com\/vn\/en\/food\/\">\u0111\u1eb7t \u0111\u1ed3 \u0103n<\/a> (GrabFood) v\u00e0 \u0111i ch\u1ee3 (GrabMart) tr\u00ean \u1ee9ng d\u1ee5ng Grab v\u00e0 ho\u00e0n th\u00e0nh \u0111\u01a1n h\u00e0ng (\u0111\u00e3 thanh to\u00e1n xong) v\u1edbi gi\u00e1 tr\u1ecb b\u1ea5t k\u1ef3 s\u1ebd \u0111\u01b0\u1ee3c t\u00ednh l\u00e0 m\u1ed9t ng\u01b0\u1eddi d\u00f9ng h\u1ee3p l\u1ec7.\u00a0<\/span><\/li>\n<li style=\"font-weight: 400\"><span style=\"font-weight: 400\">Ch\u01b0\u01a1ng tr\u00ecnh ch\u1ec9 \u00e1p d\u1ee5ng t\u1ea1i khu v\u1ef1c <\/span><b>H\u1ea3i Ph\u00f2ng, \u0110\u00e0 N\u1eb5ng, Hu\u1ebf, Nha Trang, \u0110\u00e0 L\u1ea1t, \u0110\u1eafk L\u1eafk, B\u00ecnh D\u01b0\u01a1ng, \u0110\u1ed3ng Nai v\u00e0 C\u1ea7n Th\u01a1.<\/b><\/li>\n<li style=\"font-weight: 400\"><span style=\"font-weight: 400\">Th\u1eed th\u00e1ch kh\u00e1m ph\u00e1 Grab tr\u00fang iPhone 13 c\u00f3 2 c\u1ea5p \u0111\u1ed9:<\/span>\n<ul>\n<li style=\"font-weight: 400\"><b>C\u1ea5p \u0111\u1ed9 1: <\/b><span style=\"font-weight: 400\">Ho\u00e0n th\u00e0nh <\/span><b>4 chuy\u1ebfn Grab<\/b><span style=\"font-weight: 400\">, bao g\u1ed3m 1 chuy\u1ebfn GrabFood, 1 chuy\u1ebfn GrabMart v\u00e0 2 chuy\u1ebfn GrabBike\/ GrabCar\/ GrabExpress ng\u01b0\u1eddi d\u00f9ng s\u1ebd nh\u1eadn \u0111\u01b0\u1ee3c 01 tu\u1ea7n s\u1eed d\u1ee5ng Grab mi\u1ec5n ph\u00ed (*)<\/span><\/li>\n<li style=\"font-weight: 400\"><b>C\u1ea5p \u0111\u1ed9 2: <\/b><span style=\"font-weight: 400\">Ho\u00e0n th\u00e0nh <\/span><b>th\u00eam 6 chuy\u1ebfn s\u1edbm nh\u1ea5t <\/b><span style=\"font-weight: 400\">(trong \u0111\u00f3 bao g\u1ed3m 3 chuy\u1ebfn GrabFood, 1 chuy\u1ebfn GrabMart v\u00e0 2 chuy\u1ebfn GrabBike\/ GrabCar\/ GrabExpress), ng\u01b0\u1eddi d\u00f9ng s\u1ebd nh\u1eadn \u0111\u01b0\u1ee3c 01 chi\u1ebfc \u0111i\u1ec7n tho\u1ea1i iPhone 13 128G (**)<\/span><\/li>\n<\/ul>\n<\/li>\n<\/ul>\n<h3><b>2. CHI TI\u1ebeT GI\u1ea2I TH\u01af\u1edeNG:<\/b><\/h3>\n<h4><b>(*) M\u1ed9t tu\u1ea7n \u01b0u \u0111\u00e3i s\u1eed d\u1ee5ng d\u1ecbch v\u1ee5 Grab d\u00e0nh cho c\u00e1c ng\u01b0\u1eddi d\u00f9ng ho\u00e0n th\u00e0nh m\u1ee9c 1, bao g\u1ed3m:<\/b><\/h4>\n<ul>\n<li style=\"font-weight: 400\"><span style=\"font-weight: 400\">02 m\u00e3 \u01b0u \u0111\u00e3i GrabBike \u0111\u1ed3ng gi\u00e1 10.000 cho m\u1ed7i chuy\u1ebfn xe t\u1eeb 20.000\u0111 tr\u1edf xu\u1ed1ng.<\/span><\/li>\n<li style=\"font-weight: 400\"><span style=\"font-weight: 400\">02 m\u00e3 \u01b0u \u0111\u00e3i GrabFood tr\u1ecb gi\u00e1 15.000\u0111 cho \u0111\u01a1n t\u1eeb 40.000\u0111.<\/span><\/li>\n<li style=\"font-weight: 400\"><span style=\"font-weight: 400\">01 m\u00e3 \u01b0u \u0111\u00e3i GrabMart tr\u1ecb gi\u00e1 30.000\u0111 cho \u0111\u01a1n t\u1eeb 100.000\u0111.<\/span><\/li>\n<li style=\"font-weight: 400\"><span style=\"font-weight: 400\">05 m\u00e3 \u01b0u \u0111\u00e3i GrabExpress tr\u1ecb gi\u00e1 20.000\u0111.<\/span><\/li>\n<\/ul>\n<p><span style=\"font-weight: 400\">M\u00e3 \u01b0u \u0111\u00e3i c\u00f3 h\u1ea1n s\u1eed d\u1ee5ng 7 ng\u00e0y t\u00ednh t\u1eeb th\u1eddi \u0111i\u1ec3m nh\u1eadn.<\/span><\/p>\n<p><span style=\"font-weight: 400\">M\u00e3 \u01b0u \u0111\u00e3i kh\u00f4ng \u0111\u01b0\u1ee3c quy \u0111\u1ed5i th\u00e0nh ti\u1ec1n m\u1eb7t ho\u1eb7c s\u1ed1 d\u01b0 trong t\u00e0i kho\u1ea3n V\u00ed \u0111i\u1ec7n t\u1eed Moca tr\u00ean \u1ee9ng d\u1ee5ng Grab.<\/span><\/p>\n<p><span style=\"font-weight: 400\">M\u00e3 \u01b0u \u0111\u00e3i c\u00f3 gi\u00e1 tr\u1ecb s\u1eed d\u1ee5ng \u1edf c\u00e1c t\u1ec9nh: H\u1ea3i Ph\u00f2ng, \u0110\u00e0 N\u1eb5ng, Hu\u1ebf, Nha Trang, \u0110\u00e0 L\u1ea1t, \u0110\u1eafk L\u1eafk, B\u00ecnh D\u01b0\u01a1ng, \u0110\u1ed3ng Nai v\u00e0 C\u1ea7n Th\u01a1.<\/span><b><\/b><\/p>\n<h4><b>(**) 01 gi\u1ea3i iPhone 13 128G m\u00e0u s\u1eafc b\u1ea5t k\u1ef3 &#8211; d\u00e0nh cho ng\u01b0\u1eddi d\u00f9ng ho\u00e0n th\u00e0nh m\u1ee9c \u0111\u1ed9 2 s\u1edbm nh\u1ea5t.<\/b><\/h4>\n<h3><b>3. C\u00c1CH TH\u1ee8C X\u00c1C \u0110\u1ecaNH ng\u01b0\u1eddi d\u00f9ng TR\u00daNG TH\u01af\u1edeNG IPHONE 13\u00a0<\/b><\/h3>\n<ul>\n<li style=\"font-weight: 400\"><span style=\"font-weight: 400\">Ch\u01b0\u01a1ng tr\u00ecnh Th\u1eed th\u00e1ch kh\u00e1m ph\u00e1 Grab tr\u00fang iPhone 13 s\u1ebd \u0111\u01b0\u1ee3c c\u00f4ng b\u1ed1 k\u1ebft qu\u1ea3 tr\u00ean trang m\u1ea1ng x\u00e3 h\u1ed9i (Facebook fanpage) c\u1ee7a Grab (<\/span><a href=\"https:\/\/www.facebook.com\/GrabVN\/\"><span style=\"font-weight: 400\">https:\/\/www.facebook.com\/GrabVN\/<\/span><\/a><span style=\"font-weight: 400\">) v\u00e0o ng\u00e0y 10\/01\/2022.<\/span><\/li>\n<li style=\"font-weight: 400\"><span style=\"font-weight: 400\">Grab s\u1ebd li\u00ean h\u1ec7 tr\u1ef1c ti\u1ebfp ng\u01b0\u1eddi d\u00f9ng \u0111\u1ee7 \u0111i\u1ec1u ki\u1ec7n nh\u1eadn gi\u1ea3i th\u01b0\u1edfng b\u1eb1ng th\u01b0 \u0111i\u1ec7n t\u1eed v\u00e0\/ho\u1eb7c s\u1ed1 \u0111i\u1ec7n tho\u1ea1i \u0111\u1ec3 th\u00f4ng b\u00e1o v\u1ec1 th\u1eddi gian v\u00e0 \u0111\u1ecba \u0111i\u1ec3m trao gi\u1ea3i th\u01b0\u1edfng t\u1ea1i \u0111\u1ecba b\u00e0n khuy\u1ebfn m\u1ea1i trong th\u1eddi h\u1ea1n kh\u00f4ng qu\u00e1 05 (n\u0103m) ng\u00e0y l\u00e0m vi\u1ec7c k\u1ec3 t\u1eeb ng\u00e0y c\u00f4ng b\u1ed1 k\u1ebft qu\u1ea3 tr\u00fang th\u01b0\u1edfng.<\/span><\/li>\n<li style=\"font-weight: 400\"><span style=\"font-weight: 400\">Trong tr\u01b0\u1eddng h\u1ee3p \u0111\u1ebfn 15\/01\/2022 m\u00e0 C\u00f4ng ty TNHH Grab v\u1eabn kh\u00f4ng li\u00ean h\u1ec7 \u0111\u01b0\u1ee3c v\u1edbi ng\u01b0\u1eddi d\u00f9ng, gi\u1ea3i th\u01b0\u1edfng s\u1ebd \u0111\u01b0\u1ee3c x\u1eed l\u00fd nh\u01b0 kh\u00f4ng c\u00f3 ng\u01b0\u1eddi tr\u00fang th\u01b0\u1edfng. M\u1ecdi khi\u1ebfu n\u1ea1i sau 15\/01\/2022 s\u1ebd kh\u00f4ng \u0111\u01b0\u1ee3c C\u00f4ng ty TNHH Grab gi\u1ea3i quy\u1ebft.<\/span><\/li>\n<li style=\"font-weight: 400\"><span style=\"font-weight: 400\">C\u00e1c th\u00f4ng tin ng\u01b0\u1eddi tr\u00fang gi\u1ea3i c\u1ea7n cung c\u1ea5p \u0111\u1ec3 nh\u1eadn gi\u1ea3i<\/span>\n<ul>\n<li style=\"font-weight: 400\"><span style=\"font-weight: 400\">CMND\/CCCD photo c\u00f4ng ch\u1ee9ng<\/span><\/li>\n<li style=\"font-weight: 400\"><span style=\"font-weight: 400\">M\u00e3 s\u1ed1 thu\u1ebf ng\u01b0\u1eddi tr\u00fang gi\u1ea3i<\/span><\/li>\n<li style=\"font-weight: 400\"><span style=\"font-weight: 400\">\u1ea2nh ch\u1ee5p th\u00f4ng tin t\u00e0i kho\u1ea3n Grab<\/span><\/li>\n<li style=\"font-weight: 400\"><span style=\"font-weight: 400\">Th\u00f4ng b\u00e1o tr\u00fang th\u01b0\u1edfng t\u1eeb fanpage Grab<\/span><\/li>\n<\/ul>\n<\/li>\n<li style=\"font-weight: 400\"><span style=\"font-weight: 400\">Ng\u01b0\u1eddi d\u00f9ng tr\u00fang th\u01b0\u1edfng c\u1ea7n mang theo ch\u1ee9ng minh nh\u00e2n d\u00e2n\/ c\u0103n c\u01b0\u1edbc c\u00f4ng d\u00e2n ho\u1eb7c h\u1ed9 chi\u1ebfu b\u1ea3n g\u1ed1c, s\u1ed1 \u0111i\u1ec7n tho\u1ea1i s\u1eed d\u1ee5ng d\u1ecbch v\u1ee5 Grab v\u00e0 t\u1ea5t c\u1ea3 c\u00e1c ch\u1ee9ng t\u1eeb li\u1ec7t k\u00ea tr\u00ean \u0111\u1ec3 tham gia ch\u01b0\u01a1ng tr\u00ecnh \u0111\u1ebfn m\u1ed9t trong c\u00e1c \u0111\u1ecba \u0111i\u1ec3m tr\u00ean \u0111\u1ec3 th\u1ef1c hi\u1ec7n th\u1ee7 t\u1ee5c nh\u1eadn th\u01b0\u1edfng.<\/span><\/li>\n<li style=\"font-weight: 400\"><span style=\"font-weight: 400\">\u0110\u1ecba \u0111i\u1ec3m, c\u00e1ch th\u1ee9c v\u00e0 th\u1ee7 t\u1ee5c trao th\u01b0\u1edfng:<\/span>\n<ul>\n<li style=\"font-weight: 400\"><span style=\"font-weight: 400\">V\u0103n ph\u00f2ng \u0111\u1ea1i di\u1ec7n c\u1ee7a C\u00f4ng ty TNHH Grab t\u1ea1i H\u00e0 N\u1ed9i. \u0110\u1ecba ch\u1ec9: S\u1ed1 1 T\u00f2a nh\u00e0 Kim \u00c1nh, ng\u00f5 78 Duy T\u00e2n, Ph\u01b0\u1eddng D\u1ecbch V\u1ecdng H\u1eadu, Qu\u1eadn C\u1ea7u Gi\u1ea5y, H\u00e0 N\u1ed9i.<\/span><\/li>\n<li style=\"font-weight: 400\"><span style=\"font-weight: 400\">Tr\u1ee5 s\u1edf ch\u1ec9nh c\u1ee7a C\u00f4ng ty TNHH Grab t\u1ea1i TP.HCM. \u0110\u1ecba ch\u1ec9: T\u1ea7ng 15 T\u00f2a nh\u00e0 Mapletree, 1060 Nguy\u1ec5n V\u0103n Linh, Ph\u01b0\u1eddng T\u00e2n Phong, Qu\u1eadn 7, TP.HCM.<\/span><\/li>\n<li style=\"font-weight: 400\"><span style=\"font-weight: 400\">\u0110\u1ed1i v\u1edbi ng\u01b0\u1eddi \u1edf t\u1ec9nh, th\u00e0nh ph\u1ed1 kh\u00e1c s\u1ebd \u0111\u1ebfn v\u0103n ph\u00f2ng \u0111\u1ea1i di\u1ec7n\/ \u0111\u1ecba \u0111i\u1ec3m l\u00e0m vi\u1ec7c c\u1ee7a Grab \u0111\u1eb7t t\u1ea1i \u0111\u1ecba ph\u01b0\u01a1ng.<\/span><\/li>\n<\/ul>\n<\/li>\n<li style=\"font-weight: 400\"><span style=\"font-weight: 400\">Grab c\u00f3 quy\u1ec1n t\u1eeb ch\u1ed1i trao th\u01b0\u1edfng cho ng\u01b0\u1eddi d\u00f9ng n\u1ebfu c\u00f3 nghi ng\u1edd v\u1ec1 t\u00ednh trung th\u1ef1c v\u00e0 ch\u00ednh x\u00e1c c\u1ee7a c\u00e1c gi\u1ea5y t\u1edd ch\u1ee9ng th\u1ef1c c\u00e1 nh\u00e2n ng\u01b0\u1eddi d\u00f9ng cung c\u1ea5p l\u00fac nh\u1eadn gi\u1ea3i; ho\u1eb7c th\u00f4ng tin tr\u00ean c\u00e1c gi\u1ea5y t\u1edd ch\u1ee9ng th\u1ef1c c\u00e1 nh\u00e2n n\u00e0y kh\u00f4ng tr\u00f9ng kh\u1edbp v\u1edbi th\u00f4ng tin \u0111\u00e3 th\u00f4ng b\u00e1o v\u00e0\/ ho\u1eb7c \u0111\u0103ng k\u00fd v\u1edbi Grab tr\u01b0\u1edbc \u0111\u00f3.<\/span><\/li>\n<\/ul>\n<h3><b>4. C\u00c1C \u0110I\u1ec0U KI\u1ec6N KH\u00c1C:<\/b><\/h3>\n<ul>\n<li style=\"font-weight: 400\"><span style=\"font-weight: 400\">M\u1ed7i Th\u1eed Th\u00e1ch ch\u1ec9 d\u00e0nh cho m\u1ed9t ng\u01b0\u1eddi ch\u01a1i. Theo \u0111\u00f3, ng\u01b0\u1eddi d\u00f9ng ch\u1ec9 c\u00f3 th\u1ec3 ho\u00e0n th\u00e0nh Th\u1eed Th\u00e1ch c\u1ee7a ri\u00eang m\u00ecnh tr\u00ean \u1ee9ng d\u1ee5ng Grab. Grab c\u00f3 to\u00e0n quy\u1ec1n h\u1ea1n ch\u1ebf quy\u1ec1n truy c\u1eadp c\u1ee7a ng\u01b0\u1eddi ch\u01a1i v\u00e0o t\u00ednh n\u0103ng Th\u1eed Th\u00e1ch tr\u00ean \u1ee9ng d\u1ee5ng Grab.<\/span><\/li>\n<li style=\"font-weight: 400\"><span style=\"font-weight: 400\">Gi\u1ea3i th\u01b0\u1edfng s\u1ebd \u0111\u01b0\u1ee3c trao cho ng\u01b0\u1eddi d\u00f9ng th\u1eafng cu\u1ed9c sau khi Grab ho\u00e0n th\u00e0nh c\u00e1c ki\u1ec3m tra li\u00ean quan, bao g\u1ed3m ki\u1ec3m tra ph\u00e1t hi\u1ec7n gian l\u1eadn \u0111\u1ed1i v\u1edbi nh\u1eefng ng\u01b0\u1eddi tham gia.\u00a0<\/span><\/li>\n<li style=\"font-weight: 400\"><span style=\"font-weight: 400\">C\u00e1c gi\u1ea3i th\u01b0\u1edfng kh\u00f4ng c\u00f3 gi\u00e1 tr\u1ecb chuy\u1ec3n nh\u01b0\u1ee3ng v\u00e0 quy \u0111\u1ed5i th\u00e0nh ti\u1ec1n m\u1eb7t ho\u1eb7c s\u1ed1 d\u01b0 trong V\u00ed \u0111i\u1ec7n t\u1eed Moca tr\u00ean \u1ee9ng d\u1ee5ng Grab ho\u1eb7c t\u00edn d\u1ee5ng c\u00f3 gi\u00e1 tr\u1ecb t\u01b0\u01a1ng \u0111\u01b0\u01a1ng.<\/span><\/li>\n<li style=\"font-weight: 400\"><span style=\"font-weight: 400\">ng\u01b0\u1eddi d\u00f9ng c\u00f3 tr\u00e1ch nhi\u1ec7m k\u00ea khai v\u00e0 \u0111\u00f3ng c\u00e1c kho\u1ea3n thu\u1ebf thu nh\u1eadp c\u00e1 nh\u00e2n (n\u1ebfu c\u00f3) theo quy \u0111\u1ecbnh c\u1ee7a ph\u00e1p lu\u1eadt li\u00ean quan \u0111\u1ebfn gi\u1ea3i th\u01b0\u1edfng.<\/span><\/li>\n<li style=\"font-weight: 400\"><span style=\"font-weight: 400\">Ch\u01b0\u01a1ng tr\u00ecnh kh\u00f4ng \u00e1p d\u1ee5ng cho nh\u00e2n vi\u00ean, nh\u00e2n s\u1ef1, \u0111\u1ed1i t\u00e1c c\u00f3 li\u00ean quan th\u1ef1c hi\u1ec7n ch\u01b0\u01a1ng tr\u00ecnh c\u1ee7a C\u00f4ng ty TNHH Grab.<\/span><\/li>\n<li style=\"font-weight: 400\"><span style=\"font-weight: 400\">Grab c\u00f3 quy\u1ec1n \u0111i\u1ec1u ch\u1ec9nh th\u1ec3 l\u1ec7 v\u00e0 \u0111i\u1ec1u kho\u1ea3n trong su\u1ed1t th\u1eddi gian di\u1ec5n ra ch\u01b0\u01a1ng tr\u00ecnh (n\u1ebfu c\u1ea7n). Grab c\u00f3 quy\u1ec1n t\u1eeb ch\u1ed1i trao th\u01b0\u1edfng cho ng\u01b0\u1eddi d\u00f9ng n\u1ebfu ph\u00e1t hi\u1ec7n v\u00e0 c\u00f3 b\u1eb1ng ch\u1ee9ng v\u1ec1 t\u00ednh trung th\u1ef1c c\u1ee7a c\u00e1c chuy\u1ebfn xe ng\u01b0\u1eddi d\u00f9ng th\u1ef1c hi\u1ec7n trong th\u1eddi gian di\u1ec5n ra ch\u01b0\u01a1ng tr\u00ecnh.<\/span><\/li>\n<li style=\"font-weight: 400\"><span style=\"font-weight: 400\">Trong tr\u01b0\u1eddng h\u1ee3p ng\u01b0\u1eddi d\u00f9ng c\u00f3 c\u00e1c c\u00e2u h\u1ecfi li\u00ean quan v\u1ec1 k\u1ebft qu\u1ea3 c\u1ee7a ch\u01b0\u01a1ng tr\u00ecnh, ng\u01b0\u1eddi d\u00f9ng vui l\u00f2ng li\u00ean h\u1ec7 Grab tr\u01b0\u1edbc ng\u00e0y 15\/01\/2022. Sau th\u1eddi h\u1ea1n tr\u00ean, Grab s\u1ebd kh\u00f4ng gi\u1ea3i quy\u1ebft c\u00e1c khi\u1ebfu n\u1ea1i, th\u1eafc m\u1eafc c\u1ee7a ng\u01b0\u1eddi d\u00f9ng.<\/span><\/li>\n<li style=\"font-weight: 400\"><span style=\"font-weight: 400\">M\u1ecdi quy\u1ebft \u0111\u1ecbnh c\u1ee7a Grab li\u00ean quan \u0111\u1ebfn ch\u01b0\u01a1ng tr\u00ecnh n\u00e0y, bao g\u1ed3m k\u1ebft qu\u1ea3 ng\u01b0\u1eddi d\u00f9ng nh\u1eadn \u01b0u \u0111\u00e3i c\u1ee7a ch\u01b0\u01a1ng tr\u00ecnh, l\u00e0 cu\u1ed1i c\u00f9ng v\u00e0 ch\u00ednh th\u1ee9c. Grab s\u1ebd kh\u00f4ng ch\u1ecbu tr\u00e1ch nhi\u1ec7m tr\u01b0\u1edbc b\u1ea5t k\u1ef3 khi\u1ebfu n\u1ea1i n\u00e0o t\u1eeb ng\u01b0\u1eddi d\u00f9ng, t\u1eeb b\u00ean th\u1ee9 ba ho\u1eb7c t\u1eeb b\u1ea5t k\u1ef3 t\u1ed5n th\u1ea5t n\u00e0o, bao g\u1ed3m ho\u1eb7c kh\u00f4ng gi\u1edbi h\u1ea1n, m\u1ea5t l\u1ee3i nhu\u1eadn, m\u1ea5t k\u1ef3 v\u1ecdng, thi\u1ec7t h\u1ea1i do b\u1ecb tr\u1eebng ph\u1ea1t, c\u00e1c t\u1ed5n th\u1ea5t gi\u00e1n ti\u1ebfp, \u0111\u1eb7c bi\u1ec7t, v\u00f4 t\u00ecnh ho\u1eb7c c\u00e1c khi\u1ebfu n\u1ea1i li\u00ean quan tr\u1ef1c ti\u1ebfp, gi\u00e1n ti\u1ebfp, qua b\u00ean th\u1ee9 3, l\u00e0 h\u1ec7 qu\u1ea3 ho\u1eb7c li\u00ean quan \u0111\u1ebfn Th\u1eed Th\u00e1ch n\u00e0y.<\/span><\/li>\n<li style=\"font-weight: 400\"><span style=\"font-weight: 400\">Grab c\u00f3 th\u1ec3, theo quy\u1ebft \u0111\u1ecbnh ri\u00eang v\u00e0 tuy\u1ec7t \u0111\u1ed1i c\u1ee7a m\u00ecnh, thay th\u1ebf ph\u1ea7n th\u01b0\u1edfng n\u00e0y b\u1eb1ng ph\u1ea7n th\u01b0\u1edfng kh\u00e1c c\u00f3 gi\u00e1 tr\u1ecb t\u01b0\u01a1ng \u0111\u01b0\u01a1ng, trong tr\u01b0\u1eddng h\u1ee3p kh\u00f4ng c\u00f3 ph\u1ea7n th\u01b0\u1edfng ban \u0111\u1ea7u, b\u1ea5t h\u1ee3p ph\u00e1p ho\u1eb7c kh\u00f4ng kh\u1ea3 thi.<\/span><\/li>\n<li style=\"font-weight: 400\"><span style=\"font-weight: 400\">Ng\u01b0\u1eddi d\u00f9ng ph\u1ea3i \u0111\u1ed5i\/nh\u1eadn t\u1ea5t c\u1ea3 \u01b0u \u0111\u00e3i\/ gi\u1ea3i th\u01b0\u1edfng trong th\u1eddi gian quy \u0111\u1ecbnh. M\u1ecdi \u01b0u \u0111\u00e3i\/ gi\u1ea3i th\u01b0\u1edfng kh\u00f4ng \u0111\u01b0\u1ee3c \u0111\u1ed5i\/ nh\u1eadn trong th\u1eddi gian quy \u0111\u1ecbnh s\u1ebd \u0111\u01b0\u1ee3c x\u1eed l\u00fd theo quy \u0111\u1ecbnh hi\u1ec7n h\u00e0nh. Grab s\u1ebd kh\u00f4ng gi\u1ea3i quy\u1ebft b\u1ea5t k\u00ec khi\u1ebfu n\u1ea1i ho\u1eb7c y\u00eau c\u1ea7u b\u1ed3i th\u01b0\u1eddng n\u00e0o li\u00ean quan \u0111\u1ebfn tr\u01b0\u1eddng h\u1ee3p n\u00e0y.<\/span><\/li>\n<li style=\"font-weight: 400\"><span style=\"font-weight: 400\">Trong tr\u01b0\u1eddng h\u1ee3p c\u00f3 tranh ch\u1ea5p khi\u1ebfu n\u1ea1i, C\u00f4ng ty s\u1ebd th\u1ef1c hi\u1ec7n gi\u1ea3i quy\u1ebft th\u1ecfa \u0111\u00e1ng theo quy \u0111\u1ecbnh ph\u00e1p lu\u1eadt, To\u00e0 \u00e1n l\u00e0 c\u01a1 quan ph\u00e1n quy\u1ebft cu\u1ed1i c\u00f9ng n\u1ebfu c\u1ea3 hai b\u00ean kh\u00f4ng \u0111\u1ea1t \u0111\u01b0\u1ee3c th\u1ecfa thu\u1eadn.<\/span><\/li>\n<li style=\"font-weight: 400\"><span style=\"font-weight: 400\">Ng\u01b0\u1eddi d\u00f9ng tr\u00fang v\u00e0 nh\u1eadn gi\u1ea3i th\u01b0\u1edfng \u0111\u1ed3ng \u00fd cho C\u00f4ng ty TNHH Grab v\u00e0\/ ho\u1eb7c c\u00e1c c\u00f4ng ty li\u00ean k\u1ebft s\u1eed d\u1ee5ng th\u00f4ng tin c\u00e1 nh\u00e2n v\u00e0 h\u00ecnh \u1ea3nh c\u1ee7a ng\u01b0\u1eddi tr\u00fang th\u01b0\u1edfng cho m\u1ee5c \u0111\u00edch qu\u1ea3ng c\u00e1o, ti\u1ebfp th\u1ecb m\u00e0 kh\u00f4ng ph\u1ea3i tr\u1ea3 b\u1ea5t k\u1ef3 chi ph\u00ed n\u00e0o.<\/span><\/li>\n<li style=\"font-weight: 400\"><span style=\"font-weight: 400\">Ch\u01b0\u01a1ng tr\u00ecnh c\u00f3 th\u1ec3 k\u1ebft th\u00fac s\u1edbm h\u01a1n d\u1ef1 ki\u1ebfn khi s\u1ed1 l\u01b0\u1ee3ng gi\u1ea3i th\u01b0\u1edfng \u0111\u00e3 \u0111\u01b0\u1ee3c trao h\u1ebft.<\/span><\/li>\n<li style=\"font-weight: 400\"><span style=\"font-weight: 400\">Nh\u1eefng \u0111i\u1ec1u kho\u1ea3n n\u00e0y \u0111\u01b0\u1ee3c \u0111i\u1ec1u ch\u1ec9nh b\u1edfi ph\u00e1p lu\u1eadt c\u1ee7a Vi\u1ec7t Nam v\u00e0 quy\u1ec1n t\u00e0i ph\u00e1n kh\u00f4ng \u0111\u1ed9c quy\u1ec1n c\u1ee7a t\u00f2a \u00e1n Vi\u1ec7t Nam.<\/span><\/li>\n<\/ul>\n<h4><b>\u00a0<\/b><\/h4>","protected":false},"excerpt":{"rendered":"1. TH\u1ec2 L\u1ec6 CH\u01af\u01a0NG TR\u00ccNH: Th\u1eed th\u00e1ch kh\u00e1m ph\u00e1 Grab tr\u00fang iPhone 13 \u0111\u01b0\u1ee3c \u00e1p d\u1ee5ng cho ng\u01b0\u1eddi d\u00f9ng nh\u1eadn \u0111\u01b0\u1ee3c th\u00f4ng b\u00e1o qua \u1ee9ng d\u1ee5ng Grab khi ng\u01b0\u1eddi d\u00f9ng th\u1ef1c hi\u1ec7n \u0111\u01b0\u1ee3c b\u1ea5t k\u1ef3 d\u1ecbch v\u1ee5 n\u00e0o trong 4 d\u1ecbch v\u1ee5: GrabBike, GrabFood, GrabExpress ho\u1eb7c GrabMart k\u1ec3 t\u1eeb 0h00 ng\u00e0y 08\/12 v\u00e0 \u0111\u01b0\u1ee3c hi\u1ec3n [&hellip;]","protected":false},"author":1123,"featured_media":0,"parent":0,"menu_order":0,"comment_status":"closed","ping_status":"closed","template":"","meta":{"_acf_changed":false,"footnotes":""},"acf":[],"_links":{"self":[{"href":"https:\/\/www.grab.com\/vn\/en\/wp-json\/wp\/v2\/pages\/104983"}],"collection":[{"href":"https:\/\/www.grab.com\/vn\/en\/wp-json\/wp\/v2\/pages"}],"about":[{"href":"https:\/\/www.grab.com\/vn\/en\/wp-json\/wp\/v2\/types\/page"}],"author":[{"embeddable":true,"href":"https:\/\/www.grab.com\/vn\/en\/wp-json\/wp\/v2\/users\/1123"}],"replies":[{"embeddable":true,"href":"https:\/\/www.grab.com\/vn\/en\/wp-json\/wp\/v2\/comments?post=104983"}],"version-history":[{"count":4,"href":"https:\/\/www.grab.com\/vn\/en\/wp-json\/wp\/v2\/pages\/104983\/revisions"}],"predecessor-version":[{"id":161458,"href":"https:\/\/www.grab.com\/vn\/en\/wp-json\/wp\/v2\/pages\/104983\/revisions\/161458"}],"wp:attachment":[{"href":"https:\/\/www.grab.com\/vn\/en\/wp-json\/wp\/v2\/media?parent=104983"}],"curies":[{"name":"wp","href":"https:\/\/api.w.org\/{rel}","templated":true}]}}