{"id":104229,"date":"2021-11-30T12:27:24","date_gmt":"2021-11-30T04:27:24","guid":{"rendered":"https:\/\/www.grab.com\/vn\/?page_id=104229"},"modified":"2021-11-30T12:36:00","modified_gmt":"2021-11-30T04:36:00","slug":"thu-grab-dat-mon-goi-xe-1k","status":"publish","type":"page","link":"https:\/\/www.grab.com\/vn\/en\/thu-grab-dat-mon-goi-xe-1k\/","title":{"rendered":"Th\u1eed Grab, \u0111\u1eb7t m\u00f3n g\u1ecdi xe ch\u1ec9 1.000\u0111 \ud83e\udd2f"},"content":{"rendered":"<p><img loading=\"lazy\" decoding=\"async\" width=\"1200\" height=\"600\" class=\"alignnone size-full wp-image-104231\" src=\"https:\/\/assets.grab.com\/wp-content\/uploads\/sites\/11\/2021\/11\/30121656\/GBC-1200x600-3.png\" alt=\"\" \/><\/p>\n<p><span style=\"font-weight: 400\">\ud83d\udc9a C\u00f3 <\/span><b>Grab<\/b><span style=\"font-weight: 400\"> trong tay, c\u1ea7n l\u00e0 c\u00f3 ngay \ud83d\udc9a<\/span><\/p>\n<p><span style=\"font-weight: 400\">\ud83d\udef5\ud83d\ude99 C\u1ea7n c\u00f3 ng\u01b0\u1eddi \u0111\u00f3n \u0111\u01b0a d\u00f9 s\u1edbm tr\u01b0a hay chi\u1ec1u t\u1ed1i, m\u1edf \u0111i\u1ec7n tho\u1ea1i \u0111\u1eb7t<\/span><b> GrabBike\/GrabCar,<\/b><span style=\"font-weight: 400\"> b\u00e1c t\u00e0i s\u1ebd t\u1edbi ngay.<\/span><\/p>\n<p><span style=\"font-weight: 400\">\ud83e\udd58 C\u1ea7n g\u1ecdi m\u00f3n \u0103n ngon b\u1edfi h\u00f4m nay ng\u1ea1i n\u1ea5u, m\u1edf \u0111i\u1ec7n tho\u1ea1i \u0111\u1eb7t <\/span><b>GrabFood<\/b><span style=\"font-weight: 400\">, ch\u1edd ch\u00fat s\u1ebd c\u00f3 m\u00f3n trao t\u1eadn tay.<\/span><\/p>\n<p><span style=\"font-weight: 400\">\ud83d\ude0d X\u1ecbn h\u01a1n n\u1eefa, t\u1eeb nay t\u1edbi 31\/12, Grab t\u1eb7ng b\u1ea1n m\u1edbi \u01b0u \u0111\u00e3i kh\u1ee7ng:<\/span><\/p>\n<p><span style=\"font-weight: 400\">\ud83c\udf89\ufe0f Nh\u1eadp li\u1ec1n m\u00e3 <\/span><b>BANMOI1K<\/b><span style=\"font-weight: 400\">, <\/span><b>\u0111\u1ed3ng gi\u00e1 1.000\u0111<\/b><span style=\"font-weight: 400\"> cho l\u1ea7n \u0111\u1ea7u s\u1eed d\u1ee5ng*. \ud83e\udd2f<\/span><\/p>\n<p><span style=\"font-weight: 400\">\ud83d\udccd \u01afu \u0111\u00e3i \u00e1p d\u1ee5ng tr\u00ean to\u00e0n qu\u1ed1c, ngo\u1ea1i tr\u1eeb H\u00e0 N\u1ed9i v\u00e0 Th\u00e0nh ph\u1ed1 H\u1ed3 Ch\u00ed Minh.<\/span><\/p>\n<p><span style=\"font-weight: 400\">\ud83d\udcf1 \u01afu \u0111\u00e3i c\u00f3 h\u1ea1n, t\u1ea3i Grab th\u1eed li\u1ec1n th\u00f4i!<\/span><\/p>\n<p><a href=\"https:\/\/www.grab.com\/vn\/en\/download\/\"><span style=\"font-weight: 400\"> <img loading=\"lazy\" decoding=\"async\" class=\"wp-image-104235 aligncenter\" src=\"https:\/\/assets.grab.com\/wp-content\/uploads\/sites\/11\/2021\/11\/30123323\/Screen-Shot-2021-11-30-at-11.32.59.png\" alt=\"\" width=\"239\" height=\"65\" \/><\/span><\/a><\/p>\n<p><b>*\u0110i\u1ec1u ki\u1ec7n v\u00e0 \u0111i\u1ec1u kho\u1ea3n \u00e1p d\u1ee5ng:\u00a0<\/b><\/p>\n<p><span style=\"font-weight: 400\">&#8211; \u01afu \u0111\u00e3i \u00e1p d\u1ee5ng cho ng\u01b0\u1eddi d\u00f9ng l\u1ea7n \u0111\u1ea7u c\u00e1c s\u1eed d\u1ee5ng c\u00e1c d\u1ecbch v\u1ee5<\/span><b> GrabBike, GrabCar, GrabFood<\/b><span style=\"font-weight: 400\"> tr\u00ean to\u00e0n qu\u1ed1c, ngo\u1ea1i tr\u1eeb ng\u01b0\u1eddi d\u00f9ng t\u1ea1i H\u00e0 N\u1ed9i v\u00e0 Th\u00e0nh ph\u1ed1 H\u1ed3 Ch\u00ed Minh.<\/span><\/p>\n<p><span style=\"font-weight: 400\">&#8211; \u0110\u1ed1i v\u1edbi d\u1ecbch v\u1ee5 <\/span><b>GrabBike<\/b><span style=\"font-weight: 400\">, \u0111\u1ed3ng gi\u00e1 1.000\u0111 c\u00e1c chuy\u1ebfn GrabBike d\u01b0\u1edbi ho\u1eb7c b\u1eb1ng 20.000\u0111. V\u1edbi chuy\u1ebfn xe t\u1eeb 21.000\u0111, \u01b0u \u0111\u00e3i t\u1ed1i \u0111a 19.000\u0111.<\/span><\/p>\n<p><span style=\"font-weight: 400\">&#8211; \u0110\u1ed1i v\u1edbi d\u1ecbch v\u1ee5 <\/span><b>GrabCar<\/b><span style=\"font-weight: 400\">, \u0111\u1ed3ng gi\u00e1 1.000\u0111 c\u00e1c chuy\u1ebfn GrabBike d\u01b0\u1edbi ho\u1eb7c b\u1eb1ng 25.000\u0111. V\u1edbi chuy\u1ebfn xe t\u1eeb 26.000\u0111, \u01b0u \u0111\u00e3i t\u1ed1i \u0111a 24.000\u0111.<\/span><\/p>\n<p><span style=\"font-weight: 400\">&#8211; \u0110\u1ed1i v\u1edbi d\u1ecbch v\u1ee5 <\/span><b>GrabFood<\/b><span style=\"font-weight: 400\">,\u00a0 gi\u1ea3m 29.000\u0111 cho \u0111\u01a1n h\u00e0ng t\u1eeb 30.000\u0111. \u01afu \u0111\u00e3i ch\u1ec9 \u00e1p d\u1ee5ng cho Qu\u00e1n \u01b0a th\u00edch &#8211; Nh\u00e0 h\u00e0ng c\u00f3 d\u1ea5u t\u00edch xanh v\u00e0 GrabKitchen, kh\u00f4ng \u00e1p d\u1ee5ng cho GrabMart.<\/span><\/p>\n<p><span style=\"font-weight: 400\">&#8211; M\u1ed7i ng\u01b0\u1eddi d\u00f9ng \u0111\u01b0\u1ee3c s\u1eed d\u1ee5ng \u01b0u \u0111\u00e3i t\u1ed1i \u0111a 01 l\u1ea7n cho m\u1ed7i d\u1ecbch v\u1ee5 trong su\u1ed1t th\u1eddi gian di\u1ec5n ra ch\u01b0\u01a1ng tr\u00ecnh.<\/span><\/p>\n<p><span style=\"font-weight: 400\">&#8211; S\u1ed1 l\u01b0\u1ee3ng \u01b0u \u0111\u00e3i c\u00f3 gi\u1edbi h\u1ea1n m\u1ed7i ng\u00e0y.<\/span><\/p>\n<p><span style=\"font-weight: 400\">&#8211; \u01afu \u0111\u00e3i kh\u00f4ng bao g\u1ed3m ph\u1ee5 ph\u00ed, ng\u01b0\u1eddi d\u00f9ng vui l\u00f2ng thanh to\u00e1n ph\u1ea7n ph\u1ee5 ph\u00ed n\u00e0y v\u1edbi t\u00e0i x\u1ebf.<\/span><\/p>\n<p><span style=\"font-weight: 400\">&#8211; Ch\u1ec9 \u00e1p d\u1ee5ng cho ng\u01b0\u1eddi d\u00f9ng nh\u1eadn \u0111\u01b0\u1ee3c th\u00f4ng b\u00e1o.<\/span><\/p>\n<p><span style=\"font-weight: 400\">&#8211; Ch\u1ec9 \u00e1p d\u1ee5ng v\u1edbi phi\u00ean b\u1ea3n app m\u1edbi nh\u1ea5t.<\/span><\/p>","protected":false},"excerpt":{"rendered":"\ud83d\udc9a C\u00f3 Grab trong tay, c\u1ea7n l\u00e0 c\u00f3 ngay \ud83d\udc9a \ud83d\udef5\ud83d\ude99 C\u1ea7n c\u00f3 ng\u01b0\u1eddi \u0111\u00f3n \u0111\u01b0a d\u00f9 s\u1edbm tr\u01b0a hay chi\u1ec1u t\u1ed1i, m\u1edf \u0111i\u1ec7n tho\u1ea1i \u0111\u1eb7t GrabBike\/GrabCar, b\u00e1c t\u00e0i s\u1ebd t\u1edbi ngay. \ud83e\udd58 C\u1ea7n g\u1ecdi m\u00f3n \u0103n ngon b\u1edfi h\u00f4m nay ng\u1ea1i n\u1ea5u, m\u1edf \u0111i\u1ec7n tho\u1ea1i \u0111\u1eb7t GrabFood, ch\u1edd ch\u00fat s\u1ebd c\u00f3 m\u00f3n trao t\u1eadn [&hellip;]","protected":false},"author":1123,"featured_media":0,"parent":0,"menu_order":0,"comment_status":"closed","ping_status":"closed","template":"","meta":{"_acf_changed":false,"footnotes":""},"acf":[],"_links":{"self":[{"href":"https:\/\/www.grab.com\/vn\/en\/wp-json\/wp\/v2\/pages\/104229"}],"collection":[{"href":"https:\/\/www.grab.com\/vn\/en\/wp-json\/wp\/v2\/pages"}],"about":[{"href":"https:\/\/www.grab.com\/vn\/en\/wp-json\/wp\/v2\/types\/page"}],"author":[{"embeddable":true,"href":"https:\/\/www.grab.com\/vn\/en\/wp-json\/wp\/v2\/users\/1123"}],"replies":[{"embeddable":true,"href":"https:\/\/www.grab.com\/vn\/en\/wp-json\/wp\/v2\/comments?post=104229"}],"version-history":[{"count":6,"href":"https:\/\/www.grab.com\/vn\/en\/wp-json\/wp\/v2\/pages\/104229\/revisions"}],"predecessor-version":[{"id":104239,"href":"https:\/\/www.grab.com\/vn\/en\/wp-json\/wp\/v2\/pages\/104229\/revisions\/104239"}],"wp:attachment":[{"href":"https:\/\/www.grab.com\/vn\/en\/wp-json\/wp\/v2\/media?parent=104229"}],"curies":[{"name":"wp","href":"https:\/\/api.w.org\/{rel}","templated":true}]}}