{"id":103624,"date":"2021-11-24T17:26:18","date_gmt":"2021-11-24T09:26:18","guid":{"rendered":"https:\/\/www.grab.com\/vn\/?page_id=103624"},"modified":"2024-03-13T10:28:11","modified_gmt":"2024-03-13T02:28:11","slug":"grabexpress-sieutoc-thucpham","status":"publish","type":"page","link":"https:\/\/www.grab.com\/vn\/en\/grabexpress-sieutoc-thucpham\/","title":{"rendered":"GrabExpress Si\u00eau T\u1ed1c Th\u1ef1c Ph\u1ea9m &#8211; Chuy\u00ean Gia Giao \u0110\u1ed3 \u0102n"},"content":{"rendered":"<p><img loading=\"lazy\" decoding=\"async\" width=\"1200\" height=\"600\" class=\"alignnone size-full wp-image-103860\" src=\"https:\/\/assets.grab.com\/wp-content\/uploads\/sites\/11\/2021\/11\/26100433\/1200x600-101.jpg\" alt=\"\" \/><\/p>\n<div class=\"kvgmc6g5 cxmmr5t8 oygrvhab hcukyx3x c1et5uql ii04i59q\">\n<h2><span class=\"pq6dq46d tbxw36s4 knj5qynh kvgmc6g5 ditlmg2l oygrvhab nvdbi5me sf5mxxl7 gl3lb2sf hhz5lgdu\"><img loading=\"lazy\" decoding=\"async\" src=\"https:\/\/static.xx.fbcdn.net\/images\/emoji.php\/v9\/t39\/1.5\/16\/1f31f.png\" alt=\"\ud83c\udf1f\" width=\"16\" height=\"16\" \/><\/span> &#8220;C\u1ef1c ph\u1ea9m&#8221; <a href=\"https:\/\/www.grab.com\/vn\/en\/express\/\">giao h\u00e0ng<\/a> d\u00e0nh ri\u00eang cho ch\u1ee7 shop b\u00e1n \u0111\u1ed3 \u0103n xu\u1ea5t hi\u1ec7n <span class=\"pq6dq46d tbxw36s4 knj5qynh kvgmc6g5 ditlmg2l oygrvhab nvdbi5me sf5mxxl7 gl3lb2sf hhz5lgdu\"><img loading=\"lazy\" decoding=\"async\" src=\"https:\/\/static.xx.fbcdn.net\/images\/emoji.php\/v9\/t39\/1.5\/16\/1f31f.png\" alt=\"\ud83c\udf1f\" width=\"16\" height=\"16\" \/><\/span><\/h2>\n<\/div>\n<div class=\"o9v6fnle cxmmr5t8 oygrvhab hcukyx3x c1et5uql ii04i59q\">\n<div dir=\"auto\"><span class=\"pq6dq46d tbxw36s4 knj5qynh kvgmc6g5 ditlmg2l oygrvhab nvdbi5me sf5mxxl7 gl3lb2sf hhz5lgdu\"><img loading=\"lazy\" decoding=\"async\" src=\"https:\/\/static.xx.fbcdn.net\/images\/emoji.php\/v9\/te5\/1.5\/16\/1f389.png\" alt=\"\ud83c\udf89\ufe0f\" width=\"16\" height=\"16\" \/><\/span> \u0110\u01b0\u1ee3c &#8220;\u0111o ni \u0111\u00f3ng gi\u00e0y&#8221; cho c\u00e1c ch\u1ee7 shop \u0111\u1ed3 \u0103n, <strong>GrabExpress Si\u00eau T\u1ed1c Th\u1ef1c Ph\u1ea9m<\/strong> s\u1eb5n s\u00e0ng &#8220;san b\u1eb1ng&#8221; c\u00e1c v\u1ea5n \u0111\u1ec1 c\u1ed9m c\u00e1n c\u1ee7a ch\u1ecb b\u00e1n nem n\u1ed9m hay c\u00f4 b\u00e1n c\u00e1, t\u1eeb \u0111\u1ed3 t\u01b0\u01a1i s\u1ed1ng \u0111\u1ebfn n\u1ea5u s\u1eb5n lu\u00f4n nha! <span class=\"pq6dq46d tbxw36s4 knj5qynh kvgmc6g5 ditlmg2l oygrvhab nvdbi5me sf5mxxl7 gl3lb2sf hhz5lgdu\"><img loading=\"lazy\" decoding=\"async\" src=\"https:\/\/static.xx.fbcdn.net\/images\/emoji.php\/v9\/t32\/1.5\/16\/1f35c.png\" alt=\"\ud83c\udf5c\" width=\"16\" height=\"16\" \/><\/span><span class=\"pq6dq46d tbxw36s4 knj5qynh kvgmc6g5 ditlmg2l oygrvhab nvdbi5me sf5mxxl7 gl3lb2sf hhz5lgdu\"><img loading=\"lazy\" decoding=\"async\" src=\"https:\/\/static.xx.fbcdn.net\/images\/emoji.php\/v9\/t4\/1.5\/16\/1f355.png\" alt=\"\ud83c\udf55\" width=\"16\" height=\"16\" \/><\/span><span class=\"pq6dq46d tbxw36s4 knj5qynh kvgmc6g5 ditlmg2l oygrvhab nvdbi5me sf5mxxl7 gl3lb2sf hhz5lgdu\"><img loading=\"lazy\" decoding=\"async\" src=\"https:\/\/static.xx.fbcdn.net\/images\/emoji.php\/v9\/t8e\/1.5\/16\/1f959.png\" alt=\"\ud83e\udd59\" width=\"16\" height=\"16\" \/><\/span><\/div>\n<div dir=\"auto\"><\/div>\n<\/div>\n<div class=\"o9v6fnle cxmmr5t8 oygrvhab hcukyx3x c1et5uql ii04i59q\">\n<ul>\n<li><span class=\"pq6dq46d tbxw36s4 knj5qynh kvgmc6g5 ditlmg2l oygrvhab nvdbi5me sf5mxxl7 gl3lb2sf hhz5lgdu\"><img loading=\"lazy\" decoding=\"async\" src=\"https:\/\/static.xx.fbcdn.net\/images\/emoji.php\/v9\/t36\/1.5\/16\/1f6f5.png\" alt=\"\ud83d\udef5\" width=\"16\" height=\"16\" \/><\/span> Giao nhanh 30 ph\u00fat b\u1ea5t k\u1ec3 \u0111\u00eam ng\u00e0y**, b\u00fan b\u00f2 \u0111\u1ebfn tay c\u00f2n n\u00f3ng h\u1ed5i, con t\u00f4m c\u00f2n gi\u00e3y c\u00f2n c\u00e1 c\u00f2n b\u01a1i con m\u1ef1c c\u00f2n nh\u1ea3y m\u00faa. <span class=\"pq6dq46d tbxw36s4 knj5qynh kvgmc6g5 ditlmg2l oygrvhab nvdbi5me sf5mxxl7 gl3lb2sf hhz5lgdu\"><img loading=\"lazy\" decoding=\"async\" src=\"https:\/\/static.xx.fbcdn.net\/images\/emoji.php\/v9\/t81\/1.5\/16\/1f990.png\" alt=\"\ud83e\udd90\" width=\"16\" height=\"16\" \/><\/span><span class=\"pq6dq46d tbxw36s4 knj5qynh kvgmc6g5 ditlmg2l oygrvhab nvdbi5me sf5mxxl7 gl3lb2sf hhz5lgdu\"><img loading=\"lazy\" decoding=\"async\" src=\"https:\/\/static.xx.fbcdn.net\/images\/emoji.php\/v9\/t2\/1.5\/16\/1f991.png\" alt=\"\ud83e\udd91\" width=\"16\" height=\"16\" \/><\/span><span class=\"pq6dq46d tbxw36s4 knj5qynh kvgmc6g5 ditlmg2l oygrvhab nvdbi5me sf5mxxl7 gl3lb2sf hhz5lgdu\"><img loading=\"lazy\" decoding=\"async\" src=\"https:\/\/static.xx.fbcdn.net\/images\/emoji.php\/v9\/te2\/1.5\/16\/1f980.png\" alt=\"\ud83e\udd80\" width=\"16\" height=\"16\" \/><\/span><\/li>\n<li><span class=\"pq6dq46d tbxw36s4 knj5qynh kvgmc6g5 ditlmg2l oygrvhab nvdbi5me sf5mxxl7 gl3lb2sf hhz5lgdu\"><img loading=\"lazy\" decoding=\"async\" src=\"https:\/\/static.xx.fbcdn.net\/images\/emoji.php\/v9\/t36\/1.5\/16\/1f6f5.png\" alt=\"\ud83d\udef5\" width=\"16\" height=\"16\" \/> Ch\u1ec9 1 t\u00e0i giao m\u1ed9t l\u1ea7n \u0111\u1ebfn 5 \u0111i\u1ec3m, kh\u1ecfi c\u1ea7n \u0111\u1eb7t t\u1eebng \u0111\u01a1n ship l\u1ebb, \u0111\u1ec3 th\u1eddi gian nghe \u0111i\u1ec7n tho\u1ea1i shipper \u0111i l\u00e0m nail, l\u00e0m t\u00f3c, l\u00ean m\u1ea1ng ch\u1ed1t th\u00eam \u0111\u01a1n \u0111\u1ec3 ti\u1ec1n v\u1ec1 \u1ea7m \u1ea7m lu\u00f4n nha.<\/span><\/li>\n<\/ul>\n<\/div>\n<div dir=\"auto\"><\/div>\n<h3>B\u1ea3ng gi\u00e1 d\u1ecbch v\u1ee5 GrabExpress Si\u00eau T\u1ed1c Th\u1ef1c Ph\u1ea9m<\/h3>\n<div dir=\"auto\">\n<p><!--td {border: 1px solid #ccc;}br {mso-data-placement:same-cell;}--><\/p>\n<table dir=\"ltr\" style=\"height: 146px\" border=\"1\" width=\"543\" cellspacing=\"0\" cellpadding=\"0\">\n<colgroup>\n<col width=\"160\" \/>\n<col width=\"100\" \/><\/colgroup>\n<tbody>\n<tr>\n<td style=\"width: 323.438px\" data-sheets-value=\"{&quot;1&quot;:2,&quot;2&quot;:&quot;Gi\u00e1 kh\u1edfi \u0111i\u1ec3m (3 Km \u0111\u1ea7u)&quot;}\">\u00a0Gi\u00e1 kh\u1edfi \u0111i\u1ec3m (3 Km \u0111\u1ea7u)<\/td>\n<td style=\"width: 213.588px;text-align: center\" data-sheets-value=\"{&quot;1&quot;:2,&quot;2&quot;:&quot;15,000\u0111&quot;}\">16,000\u0111<\/td>\n<\/tr>\n<tr>\n<td style=\"width: 323.438px\" data-sheets-value=\"{&quot;1&quot;:2,&quot;2&quot;:&quot;M\u1ed7i Km ti\u1ebfp theo&quot;}\">\u00a0M\u1ed7i Km ti\u1ebfp theo<\/td>\n<td style=\"width: 213.588px;text-align: center\" data-sheets-value=\"{&quot;1&quot;:2,&quot;2&quot;:&quot;5,500\u0111&quot;}\">5,500\u0111<\/td>\n<\/tr>\n<tr>\n<td style=\"width: 323.438px\" data-sheets-value=\"{&quot;1&quot;:2,&quot;2&quot;:&quot;Ph\u00ed d\u1ecbch v\u1ee5 c\u1ed9ng th\u00eam&quot;}\">\u00a0Ph\u00ed d\u1ecbch v\u1ee5 c\u1ed9ng th\u00eam<\/td>\n<td style=\"width: 213.588px;text-align: center\" data-sheets-value=\"{&quot;1&quot;:2,&quot;2&quot;:&quot;3,000\u0111&quot;}\">3,000\u0111<\/td>\n<\/tr>\n<\/tbody>\n<\/table>\n<\/div>\n<div dir=\"auto\"><\/div>\n<div dir=\"auto\">\n<p><span class=\"pq6dq46d tbxw36s4 knj5qynh kvgmc6g5 ditlmg2l oygrvhab nvdbi5me sf5mxxl7 gl3lb2sf hhz5lgdu\"><img loading=\"lazy\" decoding=\"async\" src=\"https:\/\/static.xx.fbcdn.net\/images\/emoji.php\/v9\/tb0\/1.5\/16\/1f4f1.png\" alt=\"\ud83d\udcf1\" width=\"16\" height=\"16\" \/><\/span> Ch\u1edd g\u00ec n\u1eefa anh ch\u1ecb em ch\u1ee7 shop \u0111\u1ed3 \u0103n \u01a1i, \u0111\u1eb7t GrabExpress Si\u00eau T\u1ed1c Th\u1ef1c Ph\u1ea9m ngay th\u00f4i!<\/p>\n<p>&nbsp;<\/p>\n<\/div>\n<h2 style=\"text-align: center\"><a href=\"https:\/\/grb.to\/grab-express\"><strong>\u0110\u1eb7t giao h\u00e0ng ngay!<\/strong><\/a><\/h2>\n<div dir=\"auto\"><\/div>\n<div dir=\"auto\"><\/div>\n<div dir=\"auto\">\n<div class=\"o9v6fnle cxmmr5t8 oygrvhab hcukyx3x c1et5uql ii04i59q\">\n<div dir=\"auto\">Details:<\/div>\n<div dir=\"auto\"><span class=\"pq6dq46d tbxw36s4 knj5qynh kvgmc6g5 ditlmg2l oygrvhab nvdbi5me sf5mxxl7 gl3lb2sf hhz5lgdu\"><img loading=\"lazy\" decoding=\"async\" src=\"https:\/\/static.xx.fbcdn.net\/images\/emoji.php\/v9\/tba\/1.5\/16\/2705.png\" alt=\"\u2705\" width=\"16\" height=\"16\" \/><\/span> Giao nhanh 30 ph\u00fat cho chuy\u1ebfn giao h\u00e0ng d\u01b0\u1edbi 5km trong \u0111i\u1ec1u ki\u1ec7n th\u1eddi ti\u1ebft b\u00ecnh th\u01b0\u1eddng.<\/div>\n<\/div>\n<div class=\"o9v6fnle cxmmr5t8 oygrvhab hcukyx3x c1et5uql ii04i59q\">\n<div dir=\"auto\"><span class=\"pq6dq46d tbxw36s4 knj5qynh kvgmc6g5 ditlmg2l oygrvhab nvdbi5me sf5mxxl7 gl3lb2sf hhz5lgdu\"><img loading=\"lazy\" decoding=\"async\" src=\"https:\/\/static.xx.fbcdn.net\/images\/emoji.php\/v9\/tba\/1.5\/16\/2705.png\" alt=\"\u2705\" width=\"16\" height=\"16\" \/><\/span> D\u1ecbch v\u1ee5 GrabExpress Si\u00eau T\u1ed1c Th\u1ef1c Ph\u1ea9m ch\u1ec9 \u00e1p d\u1ee5ng giao c\u00e1c m\u1eb7t h\u00e0ng n\u1eb1m trong danh m\u1ee5c th\u1ef1c ph\u1ea9m, bao g\u1ed3m: tr\u00e1i c\u00e2y, \u0111\u1ed3 kh\u00f4, nguy\u00ean li\u1ec7u n\u1ea5u \u0103n, \u0111\u1ed3 u\u1ed1ng, c\u00e1c lo\u1ea1i th\u1ef1c ph\u1ea9m t\u01b0\u01a1i s\u1ed1ng ho\u1eb7c \u0111\u00e3 qua s\u01a1 ch\u1ebf, ch\u1ebf bi\u1ebfn, b\u1ea3o qu\u1ea3n. Tr\u01b0\u1eddng h\u1ee3p b\u1ea1n \u0111\u1eb7t giao c\u00e1c m\u1eb7t h\u00e0ng n\u1eb1m ngo\u00e0i danh m\u1ee5c n\u00eau tr\u00ean, \u0110\u1ed1i t\u00e1c T\u00e0i x\u1ebf c\u00f3 th\u1ec3 h\u1ee7y \u0111\u01a1n ho\u1eb7c y\u00eau c\u1ea7u b\u1ea1n ch\u1ee7 \u0111\u1ed9ng h\u1ee7y \u0111\u01a1n.<\/div>\n<\/div>\n<\/div>","protected":false},"excerpt":{"rendered":"&#8220;C\u1ef1c ph\u1ea9m&#8221; giao h\u00e0ng d\u00e0nh ri\u00eang cho ch\u1ee7 shop b\u00e1n \u0111\u1ed3 \u0103n xu\u1ea5t hi\u1ec7n \u0110\u01b0\u1ee3c &#8220;\u0111o ni \u0111\u00f3ng gi\u00e0y&#8221; cho c\u00e1c ch\u1ee7 shop \u0111\u1ed3 \u0103n, GrabExpress Si\u00eau T\u1ed1c Th\u1ef1c Ph\u1ea9m s\u1eb5n s\u00e0ng &#8220;san b\u1eb1ng&#8221; c\u00e1c v\u1ea5n \u0111\u1ec1 c\u1ed9m c\u00e1n c\u1ee7a ch\u1ecb b\u00e1n nem n\u1ed9m hay c\u00f4 b\u00e1n c\u00e1, t\u1eeb \u0111\u1ed3 t\u01b0\u01a1i s\u1ed1ng \u0111\u1ebfn n\u1ea5u s\u1eb5n [&hellip;]","protected":false},"author":1211,"featured_media":0,"parent":0,"menu_order":0,"comment_status":"closed","ping_status":"closed","template":"","meta":{"_acf_changed":false,"footnotes":""},"acf":[],"_links":{"self":[{"href":"https:\/\/www.grab.com\/vn\/en\/wp-json\/wp\/v2\/pages\/103624"}],"collection":[{"href":"https:\/\/www.grab.com\/vn\/en\/wp-json\/wp\/v2\/pages"}],"about":[{"href":"https:\/\/www.grab.com\/vn\/en\/wp-json\/wp\/v2\/types\/page"}],"author":[{"embeddable":true,"href":"https:\/\/www.grab.com\/vn\/en\/wp-json\/wp\/v2\/users\/1211"}],"replies":[{"embeddable":true,"href":"https:\/\/www.grab.com\/vn\/en\/wp-json\/wp\/v2\/comments?post=103624"}],"version-history":[{"count":10,"href":"https:\/\/www.grab.com\/vn\/en\/wp-json\/wp\/v2\/pages\/103624\/revisions"}],"predecessor-version":[{"id":163495,"href":"https:\/\/www.grab.com\/vn\/en\/wp-json\/wp\/v2\/pages\/103624\/revisions\/163495"}],"wp:attachment":[{"href":"https:\/\/www.grab.com\/vn\/en\/wp-json\/wp\/v2\/media?parent=103624"}],"curies":[{"name":"wp","href":"https:\/\/api.w.org\/{rel}","templated":true}]}}