{"id":103283,"date":"2021-11-23T11:46:36","date_gmt":"2021-11-23T03:46:36","guid":{"rendered":"https:\/\/www.grab.com\/vn\/?page_id=103283"},"modified":"2021-11-24T11:45:52","modified_gmt":"2021-11-24T03:45:52","slug":"cuoi-tuan-dat-staycation-sieu-uu-dai-tren-grab","status":"publish","type":"page","link":"https:\/\/www.grab.com\/vn\/en\/cuoi-tuan-dat-staycation-sieu-uu-dai-tren-grab\/","title":{"rendered":"Cu\u1ed1i tu\u1ea7n \u0111\u1eb7t staycation si\u00eau \u01b0u \u0111\u00e3i tr\u00ean Grab"},"content":{"rendered":"<p><img loading=\"lazy\" decoding=\"async\" width=\"1200\" height=\"600\" class=\"alignnone size-full wp-image-103285\" src=\"https:\/\/assets.grab.com\/wp-content\/uploads\/sites\/11\/2021\/11\/23113810\/1200x600-4.jpg\" alt=\"\" \/><\/p>\n<p><b>\ud83c\udf1f Cu\u1ed1i tu\u1ea7n \u0111\u1eb7t staycation si\u00eau \u01b0u \u0111\u00e3i tr\u00ean Grab \ud83c\udf1f<\/b><\/p>\n<p>&nbsp;<\/p>\n<p><span style=\"font-weight: 400\">\ud83c\udf89\ufe0f C\u00e0ng v\u1ec1 cu\u1ed1i n\u0103m, c\u00f4ng vi\u1ec7c c\u00e0ng b\u1eadn r\u1ed9n, n\u00e0o l\u00e0 l\u00e0m k\u1ebf ho\u1ea1ch, tr\u00ecnh b\u00e0y cho s\u1ebfp, b\u00e1n cho kh\u00e1ch h\u00e0ng, ch\u1ec9nh ch\u1ec9nh s\u1eeda s\u1eeda quay cu\u1ed3ng c\u1ea3 tu\u1ea7n, c\u00f3 ai mu\u1ed1n &#8220;tr\u1ed1n&#8221; m\u1ed9t ch\u00fat kh\u00f4ng \u1ea1?<\/span><\/p>\n<p><span style=\"font-weight: 400\">\ud83c\udfd6 Nhanh tay nh\u1eafn tin r\u1ee7 b\u1ea1n b\u00e8, ng\u01b0\u1eddi y\u00eau r\u1ed3i l\u00ean \u1ee9ng d\u1ee5ng Grab \u0111\u1eb7t m\u1ed9t chi\u1ebfc ph\u00f2ng xinh x\u1eafn, c\u00f3 view x\u1ecbn hay v\u01b0\u1eddn c\u00e2y thi\u1ec7t l\u00e0 \u0111\u1eb9p \u0111\u1ec3 t\u1ed1i th\u1ee9 6 g\u1eadp laptop b\u1eadt ch\u1ebf \u0111\u1ed9 m\u00e1y bay r\u1ed3i th\u1ea3 m\u00ecnh c\u1ea1nh h\u1ed3 b\u01a1i, &#8220;t\u00e0ng h\u00ecnh&#8221; 2 ng\u00e0y tr\u1ecdn v\u1eb9n tr\u01b0\u1edbc khi quay tr\u1edf l\u1ea1i \u0111\u1ea7y h\u1ee9ng kh\u1edfi v\u00e0o \u0111\u1ea7u tu\u1ea7n nh\u00e9!<\/span><\/p>\n<p>\ud83d\udc49Nh\u1eadp m\u00e3<strong> AGDNOV7 \u0111\u1ec3 nh\u1eadn th\u00eam \u01b0u \u0111\u00e3i 7%<\/strong> khi \u0111\u1eb7t ph\u00f2ng kh\u00e1ch s\u1ea1n qua \u1ee9ng d\u1ee5ng Grab v\u00e0 \u0111\u1eebng qu\u00ean di chuy\u1ec3n v\u1edbi \ud83d\ude98 GrabCar \u0111\u1ec3 k\u1ef3 ngh\u1ec9 th\u00eam ph\u1ea7n an to\u00e0n n\u00e8 v\u00e0 ti\u1ebft ki\u1ec7m n\u00e8.<\/p>\n<p><span style=\"font-weight: 400\">\ud83d\udcf1 M\u1edf \u1ee9ng d\u1ee5ng Grab \u0111\u1eb7t ph\u00f2ng ngay th\u00f4i!<\/span><\/p>\n<p>&nbsp;<\/p>\n<p><strong>Xem chi ti\u1ebft ch\u01b0\u01a1ng tr\u00ecnh t\u1ea1i \u0111\u00e2y:<\/strong><\/p>\n<ol style=\"font-weight: 400\">\n<li>M\u00e3 khuy\u1ebfn m\u00e3i c\u00f3 gi\u00e1 tr\u1ecb cho th\u1eddi gian \u0111\u1eb7t\u00a0ph\u00f2ng\u00a0\u0111\u1ebfn h\u1ebft ng\u00e0y 31.01.2022.<\/li>\n<li>M\u00e3 khuy\u1ebfn m\u00e3i \u0111i\u1ec7n t\u1eed\u00a0Agoda\u00a0ch\u1ec9 s\u1eed d\u1ee5ng 1 l\u1ea7n &amp; s\u1ebd kh\u1ea5u tr\u1eeb to\u00e0n b\u1ed9 sau khi \u0111\u00e3 x\u00e1c nh\u1eadn \u0111\u1eb7t ph\u00f2ng.<\/li>\n<li>M\u00e3 khuy\u1ebfn m\u00e3i \u0111i\u1ec7n t\u1eed\u00a0Agoda\u00a0kh\u00f4ng th\u1ec3 gia h\u1ea1n.<\/li>\n<li>M\u00e3 khuy\u1ebfn m\u00e3i \u0111i\u1ec7n t\u1eed\u00a0Agoda\u00a0ch\u1ec9 s\u1eed d\u1ee5ng \u0111\u01b0\u1ee3c \u0111\u1ed1i v\u1edbi c\u00e1c kh\u00e1ch s\u1ea1n ch\u1ea5p nh\u1eadn thanh to\u00e1n tr\u1ea3 tr\u01b0\u1edbc, \u0111\u01b0\u1ee3c th\u1ec3 hi\u1ec7n tr\u00ean trang web v\u1edbi d\u00f2ng ch\u1eef \u201c\u0110\u1ee6 TI\u00caU CHU\u1ea8N NH\u1eacN KHUY\u1ebeN M\u1ea0I\u201d. Gi\u00e1 tr\u1ecb gi\u00e0m s\u1ebd \u0111\u01b0\u1ee3c th\u1ec3 hi\u1ec7n ngay l\u1eadp t\u1ee9c khi kh\u00e1ch h\u00e0ng nh\u1eadp \u0111\u00fang m\u00e3 gi\u1ea3m gi\u00e1 trong thao t\u00e1c \u0111\u1eb7t ph\u00f2ng. M\u00e3 khuy\u1ebfn m\u00e3i kh\u00f4ng \u00e1p d\u1ee5ng n\u1ebfu kh\u00e1ch h\u00e0ng ch\u1ecdn h\u00ecnh th\u1ee9c \u201cThanh to\u00e1n t\u1ea1i kh\u00e1ch s\u1ea1n\u201d. Ch\u1ec9 b\u1ea5m \u201cTi\u1ebfp t\u1ee5c\u201d n\u1ebfu b\u00ean ph\u1ea3i m\u00e0n h\u00ecnh hi\u1ec7n ra th\u00f4ng tin chi\u1ebft kh\u1ea5u &#8220;\u01afu \u0111\u00e3i gi\u1ea3m gi\u00e1&#8221; tr\u00ean m\u1ee5c gi\u00e1 T\u1ed5ng c\u1ed9ng. N\u1ebfu kh\u00f4ng th\u1ea5y th\u00f4ng tin n\u00e0y, vui l\u00f2ng tho\u00e1t kh\u1ecfi m\u00e0n h\u00ecnh m\u00e1y t\u00ednh v\u00e0 th\u1ef1c hi\u1ec7n l\u1ea1i thao t\u00e1c \u0111\u1eb7t ph\u00f2ng.<\/li>\n<li>M\u00e3 khuy\u1ebfn m\u00e3i \u0111i\u1ec7n t\u1eed\u00a0Agoda\u00a0\u0111\u01b0\u1ee3c \u00e1p d\u1ee5ng tr\u00ean gi\u00e1 tr\u1ecb ti\u1ec1n ph\u00f2ng (kh\u00f4ng bao g\u1ed3m thu\u1ebf \u0111\u1ecba ph\u01b0\u01a1ng, ph\u00ed ph\u1ee5c v\u1ee5 &amp; ph\u1ee5 ph\u00ed \u2013 n\u1ebfu c\u00f3).<\/li>\n<li>C\u00e1c \u0111\u1eb7t ph\u00f2ng kh\u00f4ng \u0111\u01b0\u1ee3c ph\u00e9p thay \u0111\u1ed5i th\u1eddi gian l\u01b0u tr\u00fa. Trong tr\u01b0\u1eddng h\u1ee3p h\u1ee7y \u0111\u1eb7t ph\u00f2ng, m\u00e3 khuy\u1ebfn m\u00e3i \u0111i\u1ec7n t\u1eed\u00a0Agoda\u00a0kh\u00f4ng c\u00f3 gi\u00e1 tr\u1ecb ho\u00e0n tr\u1ea3 b\u1eb1ng ti\u1ec1n m\u1eb7t hay c\u00e1c gi\u00e1 tr\u1ecb t\u01b0\u01a1ng t\u1ef1.<\/li>\n<li>M\u00e3 khuy\u1ebfn m\u00e3i \u0111i\u1ec7n t\u1eed\u00a0Agoda\u00a0kh\u00f4ng \u0111\u01b0\u1ee3c chuy\u1ec3n \u0111\u1ed5i hay c\u1ed9ng d\u1ed3n.<\/li>\n<li>M\u00e3 khuy\u1ebfn m\u00e3i \u0111i\u1ec7n t\u1eed\u00a0Agoda\u00a0kh\u00f4ng \u0111\u01b0\u1ee3c chuy\u1ec3n \u0111\u1ed5i qua ti\u1ec1n m\u1eb7t, t\u00edn d\u1ee5ng hay nh\u1eefng s\u1ea3n ph\u1ea9m kh\u00e1c &amp; kh\u00f4ng k\u1ebft h\u1ee3p v\u1edbi b\u1ea5t k\u00ec h\u00ecnh th\u1ee9c khuy\u1ebfn m\u00e3i n\u00e0o kh\u00e1c (tr\u1eeb khi c\u00f3 ch\u1ec9 \u0111\u1ecbnh).<\/li>\n<li>Agoda\u00a0kh\u00f4ng ch\u1ecbu tr\u00e1ch nhi\u1ec7m cho vi\u1ec7c gi\u00e1n \u0111o\u1ea1n d\u1ecbch v\u1ee5 cho trang khuy\u1ebfn m\u00e3i.<\/li>\n<li>Kh\u00e1ch h\u00e0ng h\u1ee3p l\u1ec7 tham gia ch\u01b0\u01a1ng tr\u00ecnh s\u1ebd tu\u00e2n theo \u0111i\u1ec1u kho\u1ea3n &amp; \u0111i\u1ec1u ki\u1ec7n \u0111\u01b0\u1ee3c \u0111\u1eb7t ra b\u1edfi\u00a0Agoda\u00a0v\u00e0 Grab VN. Trong tr\u01b0\u1eddng h\u1ee3p x\u1ea3y ra tranh ch\u1ea5p, quy\u1ebft \u0111\u1ecbnh c\u1ee7a\u00a0Agoda\u00a0l\u00e0 quy\u1ebft \u0111\u1ecbnh cu\u1ed1i c\u00f9ng.<\/li>\n<li>Grab VN v\u00e0\/ho\u1eb7c\u00a0Agoda\u00a0c\u00f3 th\u1ec3 thay \u0111\u1ed5i \u0111i\u1ec1u ki\u1ec7n v\u00e0\/ho\u1eb7c t\u1ea1m d\u1eebng hay ch\u1ea5m d\u1ee9t ch\u01b0\u01a1ng tr\u00ecnh v\u00e0o b\u1ea5t c\u1ee9 th\u1eddi \u0111i\u1ec3m n\u00e0o.<\/li>\n<li>Grab VN kh\u00f4ng ph\u1ea3i l\u00e0 \u0111\u1ea1i l\u00fd c\u1ee7a\u00a0Agoda\u00a0v\u00e0 s\u1ebd kh\u00f4ng ch\u1ecbu tr\u00e1ch nhi\u1ec7m v\u1ec1 ch\u1ea5t l\u01b0\u1ee3ng hay b\u1ea5t k\u1ef3 kh\u00eda c\u1ea1nh kh\u00e1c c\u1ee7a c\u00e1c d\u1ecbch v\u1ee5 cung c\u1ea5p b\u1edfi\u00a0Agoda. M\u1ecdi tranh ch\u1ea5p gi\u1eefa kh\u00e1ch h\u00e0ng v\u00e0\u00a0Agoda\u00a0s\u1ebd \u0111\u01b0\u1ee3c gi\u1ea3i quy\u1ebft tr\u1ef1c ti\u1ebfp gi\u1eefa kh\u00e1ch h\u00e0ng v\u00e0\u00a0Agoda. Grab VN s\u1ebd kh\u00f4ng ch\u1ecbu tr\u00e1ch nhi\u1ec7m v\u1ec1 b\u1ea5t k\u1ef3 t\u1ed5n th\u1ea5t, chi ph\u00ed hay thi\u1ec7t h\u1ea1i n\u00e0o ph\u00e1t sinh t\u1eeb d\u1ecbch v\u1ee5 c\u1ee7a\u00a0Agoda.<\/li>\n<\/ol>","protected":false},"excerpt":{"rendered":"\ud83c\udf1f Cu\u1ed1i tu\u1ea7n \u0111\u1eb7t staycation si\u00eau \u01b0u \u0111\u00e3i tr\u00ean Grab \ud83c\udf1f &nbsp; \ud83c\udf89\ufe0f C\u00e0ng v\u1ec1 cu\u1ed1i n\u0103m, c\u00f4ng vi\u1ec7c c\u00e0ng b\u1eadn r\u1ed9n, n\u00e0o l\u00e0 l\u00e0m k\u1ebf ho\u1ea1ch, tr\u00ecnh b\u00e0y cho s\u1ebfp, b\u00e1n cho kh\u00e1ch h\u00e0ng, ch\u1ec9nh ch\u1ec9nh s\u1eeda s\u1eeda quay cu\u1ed3ng c\u1ea3 tu\u1ea7n, c\u00f3 ai mu\u1ed1n &#8220;tr\u1ed1n&#8221; m\u1ed9t ch\u00fat kh\u00f4ng \u1ea1? \ud83c\udfd6 Nhanh tay nh\u1eafn [&hellip;]","protected":false},"author":1250,"featured_media":0,"parent":0,"menu_order":0,"comment_status":"closed","ping_status":"closed","template":"","meta":{"_acf_changed":false,"footnotes":""},"acf":[],"_links":{"self":[{"href":"https:\/\/www.grab.com\/vn\/en\/wp-json\/wp\/v2\/pages\/103283"}],"collection":[{"href":"https:\/\/www.grab.com\/vn\/en\/wp-json\/wp\/v2\/pages"}],"about":[{"href":"https:\/\/www.grab.com\/vn\/en\/wp-json\/wp\/v2\/types\/page"}],"author":[{"embeddable":true,"href":"https:\/\/www.grab.com\/vn\/en\/wp-json\/wp\/v2\/users\/1250"}],"replies":[{"embeddable":true,"href":"https:\/\/www.grab.com\/vn\/en\/wp-json\/wp\/v2\/comments?post=103283"}],"version-history":[{"count":5,"href":"https:\/\/www.grab.com\/vn\/en\/wp-json\/wp\/v2\/pages\/103283\/revisions"}],"predecessor-version":[{"id":103411,"href":"https:\/\/www.grab.com\/vn\/en\/wp-json\/wp\/v2\/pages\/103283\/revisions\/103411"}],"wp:attachment":[{"href":"https:\/\/www.grab.com\/vn\/en\/wp-json\/wp\/v2\/media?parent=103283"}],"curies":[{"name":"wp","href":"https:\/\/api.w.org\/{rel}","templated":true}]}}