{"id":103016,"date":"2021-11-17T21:26:47","date_gmt":"2021-11-17T13:26:47","guid":{"rendered":"https:\/\/www.grab.com\/vn\/?page_id=103016"},"modified":"2021-11-17T22:13:02","modified_gmt":"2021-11-17T14:13:02","slug":"dong-xe-nhieu-tai-thoai-mai-di-chuyen","status":"publish","type":"page","link":"https:\/\/www.grab.com\/vn\/en\/dong-xe-nhieu-tai-thoai-mai-di-chuyen\/","title":{"rendered":"\u0110\u00d4NG XE NHI\u1ec0U T\u00c0I, THO\u1ea2I M\u00c1I DI CHUY\u1ec2N"},"content":{"rendered":"<p><img loading=\"lazy\" decoding=\"async\" width=\"1200\" height=\"600\" class=\"alignnone size-full wp-image-103033\" src=\"https:\/\/assets.grab.com\/wp-content\/uploads\/sites\/11\/2021\/11\/17212531\/1200x60014.jpg\" alt=\"\" \/><\/p>\n<p><b>\ud83c\udf1f \u0110\u00f4ng xe nhi\u1ec1u t\u00e0i, tho\u1ea3i m\u00e1i di chuy\u1ec3n \ud83c\udf1f<\/b><\/p>\n<p><span style=\"font-weight: 400\">\ud83d\ude98 \u0110i h\u1ecdc \u0111i l\u00e0m kh\u00f4ng c\u1ea7n g\u1eedi xe<\/span><\/p>\n<p><span style=\"font-weight: 400\">\ud83d\ude98 \u0110i shopping d\u1ea1o ph\u1ed1 kh\u00f4ng ph\u1ea3i chen l\u1ea5n<\/span><\/p>\n<p><span style=\"font-weight: 400\">\ud83d\ude98 \u0110i ti\u1ec7c kh\u00f4ng lo x\u1eb9p t\u00f3c tr\u00f4i make up<\/span><\/p>\n<p><span style=\"font-weight: 400\">\ud83d\ude98 \u0110i s\u00e2n bay ga t\u00e0u kh\u00f4ng s\u1ee3 h\u00e0nh l\u00fd c\u1ed3ng k\u1ec1nh<\/span><\/p>\n<p><span style=\"font-weight: 400\">\ud83c\udf89\ufe0f \u0110\u1eb7t l\u00e0 c\u00f3 t\u00e0i \u0111\u1ebfn \u0111\u00f3n, x\u1ecbt khu\u1ea9n kh\u1ea9u trang \u0111\u1ea7y \u0111\u1ee7, di chuy\u1ec3n kh\u1eafp th\u00e0nh ph\u1ed1 \u00eam \u00e1i nh\u1eb9 nh\u00e0ng m\u00e0 c\u00f2n an to\u00e0n t\u1ed1i \u0111a, ch\u1ec9 c\u00f3 th\u1ec3 l\u00e0 GrabCar Protect n\u00e8 anh ch\u1ecb m\u00ecnh \u01a1i!<\/span><\/p>\n<p><span style=\"font-weight: 400\">\ud83c\udf8a\ufe0f Nh\u1eadp m\u00e3<\/span><b> VUITROLAI \u01b0u \u0111\u00e3i 50%<\/b><span style=\"font-weight: 400\"> (gi\u1ea3m t\u1ed1i \u0111a 20.000\u0111, \u00e1p d\u1ee5ng cho TP.H\u1ed3 Ch\u00ed Minh v\u00e0 H\u00e0 N\u1ed9i) tha h\u1ed3 ti\u1ebft ki\u1ec7m nha c\u1ea3 nh\u00e0 iu\u00a0<\/span><\/p>\n<p><span style=\"font-weight: 400\">\ud83d\udcf2 \u0110\u1eb7t GrabCar Protect li\u1ec1n \u0111i n\u00e8!<\/span><\/p>\n<p>&nbsp;<\/p>\n<p><strong>\u0110i\u1ec1u ki\u1ec7n v\u00e0 \u0111i\u1ec1u kho\u1ea3n:\u00a0<\/strong><br \/>\n&#8211; \u01afu \u0111\u00e3i 50% (t\u1ed1i \u0111a 20.000\u0111) cho c\u00e1c d\u1ecbch v\u1ee5 GrabCar Protect t\u1ea1i H\u00e0 N\u1ed9i v\u00e0 Tp. H\u1ed3 Ch\u00ed Minh.<br \/>\n&#8211; \u00c1p d\u1ee5ng khi thanh to\u00e1n kh\u00f4ng ti\u1ec1n m\u1eb7t (qua V\u00ed Moca ho\u1eb7c Th\u1ebb ng\u00e2n h\u00e0ng).<br \/>\n&#8211; \u01afu \u0111\u00e3i kh\u00f4ng bao g\u1ed3m ph\u1ee5 ph\u00ed, h\u00e0nh kh\u00e1ch vui l\u00f2ng thanh to\u00e1n ph\u1ee5 ph\u00ed (n\u1ebfu c\u00f3) v\u1edbi t\u00e0i x\u1ebf.<br \/>\n&#8211; M\u1ed7i h\u00e0nh kh\u00e1ch c\u00f3 th\u1ec3 s\u1eed d\u1ee5ng \u01b0u \u0111\u00e3i 10 l\u1ea7n trong su\u1ed1t th\u1eddi gian khuy\u1ebfn m\u00e3i v\u00e0 t\u1ed1i \u0111a 02 l\u1ea7n m\u1ed7i ng\u00e0y.<br \/>\n&#8211; S\u1ed1 l\u01b0\u1ee3ng \u01b0u \u0111\u00e3i c\u00f3 gi\u1edbi h\u1ea1n m\u1ed7i ng\u00e0y.<br \/>\n&#8211; \u01afu \u0111\u00e3i c\u00f3 hi\u1ec7u l\u1ef1c t\u1eeb ng\u00e0y 17\/11 v\u00e0 c\u00f3 h\u1ea1n s\u1eed d\u1ee5ng \u0111\u1ebfn h\u1ebft ng\u00e0y 6\/12\/2021.<\/p>","protected":false},"excerpt":{"rendered":"\ud83c\udf1f \u0110\u00f4ng xe nhi\u1ec1u t\u00e0i, tho\u1ea3i m\u00e1i di chuy\u1ec3n \ud83c\udf1f \ud83d\ude98 \u0110i h\u1ecdc \u0111i l\u00e0m kh\u00f4ng c\u1ea7n g\u1eedi xe \ud83d\ude98 \u0110i shopping d\u1ea1o ph\u1ed1 kh\u00f4ng ph\u1ea3i chen l\u1ea5n \ud83d\ude98 \u0110i ti\u1ec7c kh\u00f4ng lo x\u1eb9p t\u00f3c tr\u00f4i make up \ud83d\ude98 \u0110i s\u00e2n bay ga t\u00e0u kh\u00f4ng s\u1ee3 h\u00e0nh l\u00fd c\u1ed3ng k\u1ec1nh \ud83c\udf89\ufe0f \u0110\u1eb7t l\u00e0 c\u00f3 t\u00e0i [&hellip;]","protected":false},"author":1250,"featured_media":0,"parent":0,"menu_order":0,"comment_status":"closed","ping_status":"closed","template":"","meta":{"_acf_changed":false,"footnotes":""},"acf":[],"_links":{"self":[{"href":"https:\/\/www.grab.com\/vn\/en\/wp-json\/wp\/v2\/pages\/103016"}],"collection":[{"href":"https:\/\/www.grab.com\/vn\/en\/wp-json\/wp\/v2\/pages"}],"about":[{"href":"https:\/\/www.grab.com\/vn\/en\/wp-json\/wp\/v2\/types\/page"}],"author":[{"embeddable":true,"href":"https:\/\/www.grab.com\/vn\/en\/wp-json\/wp\/v2\/users\/1250"}],"replies":[{"embeddable":true,"href":"https:\/\/www.grab.com\/vn\/en\/wp-json\/wp\/v2\/comments?post=103016"}],"version-history":[{"count":5,"href":"https:\/\/www.grab.com\/vn\/en\/wp-json\/wp\/v2\/pages\/103016\/revisions"}],"predecessor-version":[{"id":103041,"href":"https:\/\/www.grab.com\/vn\/en\/wp-json\/wp\/v2\/pages\/103016\/revisions\/103041"}],"wp:attachment":[{"href":"https:\/\/www.grab.com\/vn\/en\/wp-json\/wp\/v2\/media?parent=103016"}],"curies":[{"name":"wp","href":"https:\/\/api.w.org\/{rel}","templated":true}]}}