{"id":102695,"date":"2021-11-12T17:35:22","date_gmt":"2021-11-12T09:35:22","guid":{"rendered":"https:\/\/www.grab.com\/vn\/?page_id=102695"},"modified":"2021-11-12T17:35:52","modified_gmt":"2021-11-12T09:35:52","slug":"grabcar-tro-lai-uu-dai-ngay-nua-gia","status":"publish","type":"page","link":"https:\/\/www.grab.com\/vn\/en\/grabcar-tro-lai-uu-dai-ngay-nua-gia\/","title":{"rendered":"\ud83d\ude99 GrabCar tr\u1edf l\u1ea1i, \u01b0u \u0111\u00e3i ngay n\u1eeda gi\u00e1"},"content":{"rendered":"<p><img loading=\"lazy\" decoding=\"async\" width=\"1200\" height=\"600\" class=\"alignnone size-full wp-image-102696\" src=\"https:\/\/assets.grab.com\/wp-content\/uploads\/sites\/11\/2021\/11\/12173228\/1200x600-57.jpg\" alt=\"\" \/><\/p>\n<p><b>\ud83d\ude99 GrabCar tr\u1edf l\u1ea1i, \u01b0u \u0111\u00e3i ngay n\u1eeda gi\u00e1<\/b> <b>\ud83d\ude99<\/b><span style=\"font-weight: 400\">\u00a0<\/span><\/p>\n<p>&nbsp;<\/p>\n<p><b>\ud83c\udf1f <\/b><span style=\"font-weight: 400\">GrabCar gi\u1ea3m n\u1eeda gi\u00e1<\/span><\/p>\n<p><b>\ud83c\udf1f <\/b><span style=\"font-weight: 400\">GrabCar gi\u1ea3m n\u1eeda gi\u00e1<\/span><\/p>\n<p><b>\ud83c\udf1f <\/b><span style=\"font-weight: 400\">GrabCar gi\u1ea3m n\u1eeda gi\u00e1<\/span><\/p>\n<p>&nbsp;<\/p>\n<p><span style=\"font-weight: 400\">\ud83d\udc9a Chuy\u1ec7n quan tr\u1ecdng ph\u1ea3i n\u00f3i 3 l\u1ea7n. <strong>GrabCar<\/strong> tr\u1edf l\u1ea1i v\u1edbi \u01b0u \u0111\u00e3i l\u1ee3i h\u1ea1i lu\u00f4n n\u00e8,<em><strong> gi\u1ea3m li\u1ec1n tay 50% cho c\u00e1c chuy\u1ebfn xe thanh to\u00e1n kh\u00f4ng ti\u1ec1n m\u1eb7t,<\/strong><\/em> b\u00e0 con \u0111i \u0111\u00e2u th\u00ec \u0111\u1eb7t ngay kh\u1ecfi ch\u1ea7n ch\u1eeb.<\/span><\/p>\n<p>&nbsp;<\/p>\n<p><span style=\"font-weight: 400\">\ud83d\ude0d Ti\u1ec7n l\u1ee3i, tho\u1ea3i m\u00e1i, kh\u00f4ng s\u1ee3 n\u1eafng n\u00f3ng, ch\u1eb3ng lo m\u01b0a to l\u1ea1i c\u00f2n \u0111\u01b0\u1ee3c gi\u1ea3m gi\u00e1 t\u1edbi ph\u00e2n n\u1eeda, qu\u00e1 \u01b0 l\u00e0 \u01b0u \u0111\u00e3i lu\u00f4n. \u0110\u1eb7t \u0111i GrabCar ch\u1edd! \u0110\u1eebng qu\u00ean nh\u1eadp m\u00e3 <strong>YENTAMMOCA<\/strong> nhaaa<\/span><\/p>\n<p>&nbsp;<\/p>\n<p><span style=\"font-weight: 400\">\ud83d\udcf2 \u01afu \u0111\u00e3i \u00e1p d\u1ee5ng t\u1ea1i: C\u1ea7n Th\u01a1, Nha Trang, V\u0169ng T\u00e0u, B\u00ecnh D\u01b0\u01a1ng, B\u00ecnh Thu\u1eadn, \u0110\u1ed3ng Nai, Long An.<\/span><\/p>\n<p>&nbsp;<\/p>\n<p><b>\u0110i\u1ec1u ki\u1ec7n v\u00e0 \u0111i\u1ec1u kho\u1ea3n:<br \/>\n<\/b>&#8211; \u0110\u1ed3ng gi\u00e1 15.000\u0111 cho c\u00e1c chuy\u1ebfn xe c\u00f3 c\u01b0\u1edbc ph\u00ed d\u01b0\u1edbi ho\u1eb7c b\u1eb1ng 30.000\u0111.<br \/>\n&#8211; V\u1edbi c\u00e1c chuy\u1ebfn xe c\u00f3 c\u01b0\u1edbc ph\u00ed t\u1eeb 31.000\u0111 tr\u1edf l\u00ean, \u01b0u \u0111\u00e3i t\u1ed1i \u0111a 15.000\u0111.<br \/>\n&#8211; \u00c1p d\u1ee5ng cho d\u1ecbch v\u1ee5 GrabBike, GrabCar t\u1ea1i <span style=\"font-weight: 400\"> C\u1ea7n Th\u01a1, Nha Trang, V\u0169ng T\u00e0u, B\u00ecnh D\u01b0\u01a1ng, B\u00ecnh Thu\u1eadn, \u0110\u1ed3ng Nai, Long An.<\/span><br \/>\n&#8211; \u00c1p d\u1ee5ng khi thanh to\u00e1n qua V\u00ed \u0111i\u1ec7n t\u1eed Moca ho\u1eb7c Th\u1ebb ng\u00e2n h\u00e0ng.<br \/>\n&#8211; M\u1ed7i ng\u01b0\u1eddi d\u00f9ng c\u00f3 th\u1ec3 s\u1eed d\u1ee5ng \u01b0u \u0111\u00e3i t\u1ed1i \u0111a 01 l\u1ea7n\/ng\u00e0y.<br \/>\n&#8211; S\u1ed1 l\u01b0\u1ee3ng \u01b0u \u0111\u00e3i c\u00f3 gi\u1edbi h\u1ea1n m\u1ed7i ng\u00e0y.<b><br \/>\n<\/b><\/p>","protected":false},"excerpt":{"rendered":"\ud83d\ude99 GrabCar tr\u1edf l\u1ea1i, \u01b0u \u0111\u00e3i ngay n\u1eeda gi\u00e1 \ud83d\ude99\u00a0 &nbsp; \ud83c\udf1f GrabCar gi\u1ea3m n\u1eeda gi\u00e1 \ud83c\udf1f GrabCar gi\u1ea3m n\u1eeda gi\u00e1 \ud83c\udf1f GrabCar gi\u1ea3m n\u1eeda gi\u00e1 &nbsp; \ud83d\udc9a Chuy\u1ec7n quan tr\u1ecdng ph\u1ea3i n\u00f3i 3 l\u1ea7n. GrabCar tr\u1edf l\u1ea1i v\u1edbi \u01b0u \u0111\u00e3i l\u1ee3i h\u1ea1i lu\u00f4n n\u00e8, gi\u1ea3m li\u1ec1n tay 50% cho c\u00e1c chuy\u1ebfn xe thanh to\u00e1n [&hellip;]","protected":false},"author":1123,"featured_media":0,"parent":0,"menu_order":0,"comment_status":"closed","ping_status":"closed","template":"","meta":{"_acf_changed":false,"footnotes":""},"acf":[],"_links":{"self":[{"href":"https:\/\/www.grab.com\/vn\/en\/wp-json\/wp\/v2\/pages\/102695"}],"collection":[{"href":"https:\/\/www.grab.com\/vn\/en\/wp-json\/wp\/v2\/pages"}],"about":[{"href":"https:\/\/www.grab.com\/vn\/en\/wp-json\/wp\/v2\/types\/page"}],"author":[{"embeddable":true,"href":"https:\/\/www.grab.com\/vn\/en\/wp-json\/wp\/v2\/users\/1123"}],"replies":[{"embeddable":true,"href":"https:\/\/www.grab.com\/vn\/en\/wp-json\/wp\/v2\/comments?post=102695"}],"version-history":[{"count":1,"href":"https:\/\/www.grab.com\/vn\/en\/wp-json\/wp\/v2\/pages\/102695\/revisions"}],"predecessor-version":[{"id":102697,"href":"https:\/\/www.grab.com\/vn\/en\/wp-json\/wp\/v2\/pages\/102695\/revisions\/102697"}],"wp:attachment":[{"href":"https:\/\/www.grab.com\/vn\/en\/wp-json\/wp\/v2\/media?parent=102695"}],"curies":[{"name":"wp","href":"https:\/\/api.w.org\/{rel}","templated":true}]}}