{"id":102292,"date":"2021-11-09T10:47:57","date_gmt":"2021-11-09T02:47:57","guid":{"rendered":"https:\/\/www.grab.com\/vn\/?page_id=102292"},"modified":"2021-11-09T10:50:04","modified_gmt":"2021-11-09T02:50:04","slug":"dong-hanh-vn","status":"publish","type":"page","link":"https:\/\/www.grab.com\/vn\/en\/dong-hanh-vn\/","title":{"rendered":"Fan \u0111\u1ebfn s\u00e2n an to\u00e0n, tuy\u1ec3n v\u1eefng v\u00e0ng thi \u0111\u1ea5u"},"content":{"rendered":"<p><img loading=\"lazy\" decoding=\"async\" width=\"1200\" height=\"600\" class=\"alignnone size-full wp-image-102293\" src=\"https:\/\/assets.grab.com\/wp-content\/uploads\/sites\/11\/2021\/11\/09104316\/1200x600-56.jpg\" alt=\"\" \/><\/p>\n<p><b>\ud83c\udf1f \u01afu \u0111\u00e3i 2 chi\u1ec1u d\u00e0nh cho c\u00e1c fan \u0111\u1ebfn s\u00e2n M\u1ef9 \u0110\u00ecnh \ud83c\udf1f<\/b><\/p>\n<p>&nbsp;<\/p>\n<p><span style=\"font-weight: 400\">\u26bd\ud83c\uddfb\ud83c\uddf3 Ng\u00e0y thi \u0111\u1ea5u c\u1ee7a c\u00e1c &#8220;chi\u1ebfn binh sao v\u00e0ng&#8221; \u0111\u00e3 g\u1ea7n k\u1ec1; ng\u00e0y 11\/11 v\u00e0 16\/11 n\u00e0y, anh ch\u1ecb em \u0111\u00e3 chu\u1ea9n b\u1ecb b\u0103ng r\u00f4n, c\u1edd ph\u01b0\u1edbn, tr\u1ed1ng chi\u00ean \u0111\u1ec3 \u0111\u1ebfn s\u00e2n th\u1ed5i b\u00f9ng tinh th\u1ea7n chi\u1ebfn \u0111\u1ea5u cho c\u00e1c c\u1ea7u th\u1ee7 m\u00ecnh ch\u01b0a n\u00e8? H\u00e3y c\u00f9ng nhau ti\u1ebfp s\u1ee9c cho \u0111\u1ed9i tuy\u1ec3n n\u01b0\u1edbc nh\u00e0 \u0111\u1ec3 gi\u00e0nh chi\u1ebfn th\u1eafng nh\u00e9 \ud83d\udce3\ufe0f\ud83e\udd41\ufe0f\ud83c\udf89<\/span><\/p>\n<p>&nbsp;<\/p>\n<p><span style=\"font-weight: 400\">\ud83d\ude99 Nh\u1edb chu\u1ea9n b\u1ecb kh\u1ea9u trang, n\u01b0\u1edbc s\u00e1t khu\u1ea9n v\u00e0 c\u00e1c gi\u1ea5y t\u1edd c\u1ea7n thi\u1ebft nha, <strong>Grab<\/strong> \u0111\u1ed3ng h\u00e0nh c\u00f9ng ng\u01b0\u1eddi Vi\u1ec7t Nam m\u00ecnh b\u1eb1ng g\u00f3i <em><strong>\u01b0u \u0111\u00e3i<\/strong> <strong>GrabCar<\/strong> <strong>50%<\/strong><\/em> \u0111\u1ec3 di chuy\u1ec3n \u0111\u1ebfn s\u00e2n an to\u00e0n, v\u00e0 c\u00f2n t\u1eb7ng th\u00eam \u01b0u \u0111\u00e3i 50% cho chuy\u1ebfn v\u1ec1 n\u1eefa \u0111\u00f3 nha! \ud83d\ude0d<\/span><\/p>\n<p>&nbsp;<\/p>\n<p><span style=\"font-weight: 400\">\ud83d\udcf1 S\u00e2n nh\u00e0 l\u00e0 ph\u1ea3i r\u1ef1c l\u1eeda, \u0111\u1eb7t <strong>GrabCar<\/strong> \u0111\u1ebfn M\u1ef9 \u0110\u00ecnh c\u1ed5 v\u0169 \u0111\u1ed9i tuy\u1ec3n ngay th\u00f4i!<\/span><\/p>\n<p>&nbsp;<\/p>\n<p><span style=\"font-weight: 400\"><strong>Xem chi ti\u1ebft ch\u01b0\u01a1ng tr\u00ecnh t\u1ea1i \u0111\u00e2y:<\/strong><br \/>\n&#8211; \u01afu \u0111\u00e3i 50% (t\u1ed1i \u0111a 25.000\u0111) chuy\u1ebfn GrabCar\/ GrabCar Plus\/ GrabCar Protect \u00e1p d\u1ee5ng cho c\u00e1c chuy\u1ebfn xe c\u00f3 \u0111i\u1ec3m \u0111\u1ebfn t\u1ea1i S\u00e2n b\u00f3ng M\u1ef9 \u0110\u00ecnh H\u00e0 N\u1ed9i.<br \/>\n&#8211; Nh\u1eadn ngay \u01b0u \u0111\u00e3i 50% (t\u1ed1i \u0111a 15.000\u0111) x 01 chuy\u1ebfn GrabCar ti\u1ebfp theo \u00e1p d\u1ee5ng cho thanh to\u00e1n kh\u00f4ng ti\u1ec1n m\u1eb7t (qua V\u00ed Moca ho\u1eb7c Th\u1ebb ng\u00e2n h\u00e0ng).<br \/>\n&#8211; \u01afu \u0111\u00e3i kh\u00f4ng bao g\u1ed3m ph\u1ee5 ph\u00ed, h\u00e0ng kh\u00e1ch vui l\u00f2ng thanh to\u00e1n ph\u1ee5 ph\u00ed (n\u1ebfu c\u00f3) v\u1edbi t\u00e0i x\u1ebf.<br \/>\n&#8211; M\u1ed7i h\u00e0ng kh\u00e1ch c\u00f3 th\u1ec3 s\u1eed d\u1ee5ng \u01b0u \u0111\u00e3i t\u1ed1i \u0111a 01 l\u1ea7n\/ ng\u00e0y.<br \/>\n&#8211; S\u1ed1 l\u01b0\u1ee3ng \u01b0u \u0111\u00e3i c\u00f3 gi\u1edbi h\u1ea1n m\u1ed7i ng\u00e0y.<br \/>\n&#8211; Ch\u1ec9 \u00e1p d\u1ee5ng cho ng\u01b0\u1eddi d\u00f9ng nh\u1eadn \u0111\u01b0\u1ee3c th\u00f4ng b\u00e1o.<br \/>\n&#8211; Ch\u1ec9 \u00e1p d\u1ee5ng v\u1edbi phi\u00ean b\u1ea3n app m\u1edbi nh\u1ea5t.<\/span><\/p>\n<p>&nbsp;<\/p>","protected":false},"excerpt":{"rendered":"\ud83c\udf1f \u01afu \u0111\u00e3i 2 chi\u1ec1u d\u00e0nh cho c\u00e1c fan \u0111\u1ebfn s\u00e2n M\u1ef9 \u0110\u00ecnh \ud83c\udf1f &nbsp; \u26bd\ud83c\uddfb\ud83c\uddf3 Ng\u00e0y thi \u0111\u1ea5u c\u1ee7a c\u00e1c &#8220;chi\u1ebfn binh sao v\u00e0ng&#8221; \u0111\u00e3 g\u1ea7n k\u1ec1; ng\u00e0y 11\/11 v\u00e0 16\/11 n\u00e0y, anh ch\u1ecb em \u0111\u00e3 chu\u1ea9n b\u1ecb b\u0103ng r\u00f4n, c\u1edd ph\u01b0\u1edbn, tr\u1ed1ng chi\u00ean \u0111\u1ec3 \u0111\u1ebfn s\u00e2n th\u1ed5i b\u00f9ng tinh th\u1ea7n chi\u1ebfn \u0111\u1ea5u cho [&hellip;]","protected":false},"author":1123,"featured_media":0,"parent":0,"menu_order":0,"comment_status":"closed","ping_status":"closed","template":"","meta":{"_acf_changed":false,"footnotes":""},"acf":[],"_links":{"self":[{"href":"https:\/\/www.grab.com\/vn\/en\/wp-json\/wp\/v2\/pages\/102292"}],"collection":[{"href":"https:\/\/www.grab.com\/vn\/en\/wp-json\/wp\/v2\/pages"}],"about":[{"href":"https:\/\/www.grab.com\/vn\/en\/wp-json\/wp\/v2\/types\/page"}],"author":[{"embeddable":true,"href":"https:\/\/www.grab.com\/vn\/en\/wp-json\/wp\/v2\/users\/1123"}],"replies":[{"embeddable":true,"href":"https:\/\/www.grab.com\/vn\/en\/wp-json\/wp\/v2\/comments?post=102292"}],"version-history":[{"count":2,"href":"https:\/\/www.grab.com\/vn\/en\/wp-json\/wp\/v2\/pages\/102292\/revisions"}],"predecessor-version":[{"id":102295,"href":"https:\/\/www.grab.com\/vn\/en\/wp-json\/wp\/v2\/pages\/102292\/revisions\/102295"}],"wp:attachment":[{"href":"https:\/\/www.grab.com\/vn\/en\/wp-json\/wp\/v2\/media?parent=102292"}],"curies":[{"name":"wp","href":"https:\/\/api.w.org\/{rel}","templated":true}]}}