{"id":101164,"date":"2021-10-27T18:57:01","date_gmt":"2021-10-27T10:57:01","guid":{"rendered":"https:\/\/www.grab.com\/vn\/?page_id=101164"},"modified":"2021-10-28T11:25:27","modified_gmt":"2021-10-28T03:25:27","slug":"grabcar-di-choi-thoi","status":"publish","type":"page","link":"https:\/\/www.grab.com\/vn\/en\/grabcar-di-choi-thoi\/","title":{"rendered":"Qu\u1eadn &#8220;xanh&#8221; r\u1ed3i, \u0111i ch\u01a1i ch\u00fat th\u00f4i"},"content":{"rendered":"<p><img loading=\"lazy\" decoding=\"async\" width=\"1200\" height=\"600\" class=\"alignnone size-full wp-image-101165\" src=\"https:\/\/assets.grab.com\/wp-content\/uploads\/sites\/11\/2021\/10\/27185007\/1200x600-48.jpg\" alt=\"\" \/><\/p>\n<p><b>\ud83c\udf1f &#8220;Xanh&#8221; tr\u1edf l\u1ea1i r\u1ed3i, \u0111i ch\u01a1i ch\u00fat kh\u00f4ng c\u1ea3 nh\u00e0 \u01a1i? \ud83c\udf1f<\/b><\/p>\n<p><span style=\"font-weight: 400\">\ud83c\udf89\ufe0f Ti\u1ebft tr\u1eddi thu m\u00e1t m\u1ebb, h\u00e0ng qu\u00e1n \u0111\u00e3 k\u00ea b\u00e0n gh\u1ebf tr\u1edf l\u1ea1i r\u1ed3i, ch\u1edd g\u00ec m\u00e0 kh\u00f4ng g\u1ecdi b\u1ea1n b\u00e8 h\u1eb9n m\u1ed9t ch\u1ea7u c\u00e0 ph\u00ea chi\u1ec1u ng\u1eafm ph\u1ed1 \u0111\u00f4ng ng\u01b0\u1eddi hay qu\u00e2y qu\u1ea7n b\u00ean n\u1ed3i l\u1ea9u b\u00f2 b\u1ed1c kh\u00f3i \u0111\u1ea7y h\u1ea5p d\u1eabn, c\u1ee5ng ly n\u00f3i c\u01b0\u1eddi m\u1ed9t ch\u00fat n\u00e8.<\/span><\/p>\n<p><span style=\"font-weight: 400\">\ud83d\ude99\u00a0 Nh\u1edb \u0111\u1eb7t m\u1ed9t chi\u1ebfc GrabCar \u0111\u1ec3 c\u00f3 th\u1ec3 tho\u1ea3i m\u00e1i &#8220;1 2 3 dz\u00f4&#8221; hay l\u1ee1 c\u00f3 ham ch\u01a1i v\u1ec1 tr\u1ec5 th\u00ec v\u1eabn \u0111\u01b0\u1ee3c \u0111\u00f3n \u0111\u01b0a an to\u00e0n nha anh ch\u1ecb m\u00ecnh \u01a1i!<\/span><\/p>\n<p><span style=\"font-weight: 400\">\ud83c\udf8a\ufe0f Nh\u1eadp <strong>DONDUA<\/strong> \u01b0u \u0111\u00e3i 30% (t\u1ed1i \u0111a 25.000\u0111) cho c\u00e1c chuy\u1ebfn GrabCar trong khung gi\u1edd 11h00 \u0111\u1ebfn 13h59 v\u00e0 20h00 \u0111\u1ebfn 21h59.\u00a0<\/span><\/p>\n<p><span style=\"font-weight: 400\">\ud83c\udf8a\ufe0f Nh\u1eadp <strong>GRABCARXA<\/strong> \u01b0u \u0111\u00e3i 20% (t\u1ed1i \u0111a 50.000\u0111) cho c\u00e1c chuy\u1ebfn Grab c\u01b0\u1edbc ph\u00ed t\u1eeb 80.000\u0111\u00a0<\/span><\/p>\n<p><span style=\"font-weight: 400\">\ud83d\udcf2\u00a0 V\u1eeba \u00eam \u00e1i, an to\u00e0n l\u1ea1i c\u00f2n ti\u1ebft ki\u1ec7m n\u1eefa, \u0111\u1eb7t GrabCar la c\u00e0 m\u1ed9t ch\u00fat th\u00f4i c\u1ea3 nh\u00e0 \u01a1i!<\/span><\/p>\n<p><span style=\"text-decoration: underline\"><strong>\u0110i\u1ec1u ki\u1ec7n v\u00e0 \u0111i\u1ec1u kho\u1ea3n:\u00a0<\/strong><\/span><\/p>\n<ul>\n<li>M\u00e3 <strong>DONDUA<\/strong>:\u00a0\u01afu \u0111\u00e3i 30% (t\u1ed1i \u0111a 25.000\u0111) x 10 chuy\u1ebfn GrabCar\/ GrabCar Plus\/ GrabCar Protect trong khung gi\u1edd t\u1eeb 11:00 t\u1edbi 13:59 v\u00e0 t\u1eeb 20:00 t\u1edbi 21:59 t\u1eeb th\u1ee9 2 t\u1edbi th\u1ee9 6.<\/li>\n<li>M\u00e3 <strong>GRABCARXA<\/strong>: \u01afu \u0111\u00e3i 20% (t\u1ed1i \u0111a 50.000\u0111) x 10 chuy\u1ebfn GrabCar\/ GrabCar Plus\/ GrabCar Protect c\u00f3 c\u01b0\u1edbc ph\u00ed t\u1ed1i thi\u1ec3u 80.000\u0111; Nh\u1eadn ngay \u01b0u \u0111\u00e3i 25% (t\u1ed1i \u0111a 50.000\u0111) x 01 chuy\u1ebfn GrabCar ti\u1ebfp theo \u00e1p d\u1ee5ng cho thanh to\u00e1n kh\u00f4ng ti\u1ec1n m\u1eb7t (qua V\u00ed Moca ho\u1eb7c Th\u1ebb ng\u00e2n h\u00e0ng).<\/li>\n<li>\u00c1p d\u1ee5ng t\u1ea1i Tp.H\u1ed3 Ch\u00ed Minh, H\u00e0 N\u1ed9i.<\/li>\n<li>\u00c1p d\u1ee5ng khi thanh to\u00e1n kh\u00f4ng ti\u1ec1n m\u1eb7t (qua V\u00ed Moca ho\u1eb7c Th\u1ebb ng\u00e2n h\u00e0ng).<\/li>\n<li>\u01afu \u0111\u00e3i kh\u00f4ng bao g\u1ed3m ph\u1ee5 ph\u00ed, ng\u01b0\u1eddi d\u00f9ng vui l\u00f2ng thanh to\u00e1n ph\u1ee5 ph\u00ed (n\u1ebfu c\u00f3) v\u1edbi t\u00e0i x\u1ebf.<\/li>\n<li>M\u1ed7i ng\u01b0\u1eddi d\u00f9ng c\u00f3 th\u1ec3 s\u1eed d\u1ee5ng m\u1ed9t \u01b0u \u0111\u00e3i t\u1ed1i \u0111a 02 l\u1ea7n\/ ng\u00e0y.<\/li>\n<li>S\u1ed1 l\u01b0\u1ee3ng \u01b0u \u0111\u00e3i c\u00f3 gi\u1edbi h\u1ea1n m\u1ed7i ng\u00e0y.<\/li>\n<li>\u01afu \u0111\u00e3i c\u00f3 h\u1ea1n s\u1eed d\u1ee5ng \u0111\u1ebfn h\u1ebft ng\u00e0y 31\/10\/2021.<\/li>\n<\/ul>","protected":false},"excerpt":{"rendered":"\ud83c\udf1f &#8220;Xanh&#8221; tr\u1edf l\u1ea1i r\u1ed3i, \u0111i ch\u01a1i ch\u00fat kh\u00f4ng c\u1ea3 nh\u00e0 \u01a1i? \ud83c\udf1f \ud83c\udf89\ufe0f Ti\u1ebft tr\u1eddi thu m\u00e1t m\u1ebb, h\u00e0ng qu\u00e1n \u0111\u00e3 k\u00ea b\u00e0n gh\u1ebf tr\u1edf l\u1ea1i r\u1ed3i, ch\u1edd g\u00ec m\u00e0 kh\u00f4ng g\u1ecdi b\u1ea1n b\u00e8 h\u1eb9n m\u1ed9t ch\u1ea7u c\u00e0 ph\u00ea chi\u1ec1u ng\u1eafm ph\u1ed1 \u0111\u00f4ng ng\u01b0\u1eddi hay qu\u00e2y qu\u1ea7n b\u00ean n\u1ed3i l\u1ea9u b\u00f2 b\u1ed1c kh\u00f3i \u0111\u1ea7y [&hellip;]","protected":false},"author":1123,"featured_media":0,"parent":0,"menu_order":0,"comment_status":"closed","ping_status":"closed","template":"","meta":{"_acf_changed":false,"footnotes":""},"acf":[],"_links":{"self":[{"href":"https:\/\/www.grab.com\/vn\/en\/wp-json\/wp\/v2\/pages\/101164"}],"collection":[{"href":"https:\/\/www.grab.com\/vn\/en\/wp-json\/wp\/v2\/pages"}],"about":[{"href":"https:\/\/www.grab.com\/vn\/en\/wp-json\/wp\/v2\/types\/page"}],"author":[{"embeddable":true,"href":"https:\/\/www.grab.com\/vn\/en\/wp-json\/wp\/v2\/users\/1123"}],"replies":[{"embeddable":true,"href":"https:\/\/www.grab.com\/vn\/en\/wp-json\/wp\/v2\/comments?post=101164"}],"version-history":[{"count":4,"href":"https:\/\/www.grab.com\/vn\/en\/wp-json\/wp\/v2\/pages\/101164\/revisions"}],"predecessor-version":[{"id":101176,"href":"https:\/\/www.grab.com\/vn\/en\/wp-json\/wp\/v2\/pages\/101164\/revisions\/101176"}],"wp:attachment":[{"href":"https:\/\/www.grab.com\/vn\/en\/wp-json\/wp\/v2\/media?parent=101164"}],"curies":[{"name":"wp","href":"https:\/\/api.w.org\/{rel}","templated":true}]}}