{"id":100914,"date":"2021-10-22T20:37:04","date_gmt":"2021-10-22T12:37:04","guid":{"rendered":"https:\/\/www.grab.com\/vn\/?page_id=100914"},"modified":"2021-10-25T12:51:58","modified_gmt":"2021-10-25T04:51:58","slug":"grabexpress-shipper-rieng","status":"publish","type":"page","link":"https:\/\/www.grab.com\/vn\/en\/grabexpress-shipper-rieng\/","title":{"rendered":"H\u01af\u1edaNG D\u1eaaN S\u1eec D\u1ee4NG D\u1ecaCH V\u1ee4 GRABEXPRESS SHIPPER RI\u00caNG"},"content":{"rendered":"<p><span style=\"font-weight: 400\">For cheaper fare, using <\/span><b>GrabExpress Rent (Thu\u00ea Shipper Theo Gi\u1edd)<\/b><span style=\"font-weight: 400\">\u00a0 l\u00e0 lo\u1ea1i h\u00ecnh d\u1ecbch v\u1ee5 m\u1edbi d\u00e0nh cho ch\u1ee7 shop. T\u1eeb h\u00f4m nay, c\u00e1c ch\u1ee7 shop c\u00f3 th\u1ec3 thu\u00ea shipper t\u1eeb 2 ho\u1eb7c 4 gi\u1edd, shipper s\u1ebd ship h\u00e0ng theo l\u1ed9 tr\u00ecnh c\u1ee7a ch\u1ee7 shop \u0111\u1ecbnh s\u1eb5n trong kho\u1ea3ng th\u1eddi gian n\u00e0y.\u00a0<\/span><\/p>\n<p style=\"text-align: center\"><span style=\"font-weight: 400\">Tr\u1ea3i nghi\u1ec7m m\u1ed9t shipper chu\u1ea9n <\/span><b>Grab<\/b><span style=\"font-weight: 400\"> d\u00e0nh ri\u00eang shop b\u1ea1n c\u1ee7a theo c\u00e1c b\u01b0\u1edbc \u0111\u01a1n gi\u1ea3n sau:<\/span><\/p>\n<p style=\"text-align: center\"><b>B\u01b0\u1edbc 1: <\/b><span style=\"font-weight: 400\">Ch\u1ecdn m\u1ee5c Thu\u00ea GrabExpress t\u1ea1i trang giao h\u00e0ng <\/span><b>GrabExpress<\/b><\/p>\n<p style=\"text-align: center\"><img loading=\"lazy\" decoding=\"async\" class=\"alignnone wp-image-100949\" src=\"https:\/\/assets.grab.com\/wp-content\/uploads\/sites\/11\/2021\/10\/25124646\/buoc1.jpeg\" alt=\"\" width=\"475\" height=\"475\" \/><\/p>\n<p style=\"text-align: center\"><b>B\u01b0\u1edbc 2:<\/b><span style=\"font-weight: 400\"> Nh\u1eadp \u0111\u1ecba ch\u1ec9 v\u00e0 l\u1ef1a ch\u1ecdn th\u1eddi gian thu\u00ea<\/span><\/p>\n<p style=\"text-align: center\"><img loading=\"lazy\" decoding=\"async\" class=\"alignnone wp-image-100950\" src=\"https:\/\/assets.grab.com\/wp-content\/uploads\/sites\/11\/2021\/10\/25124709\/buoc2.jpeg\" alt=\"\" width=\"475\" height=\"475\" \/><\/p>\n<p style=\"text-align: center\"><b>B\u01b0\u1edbc 3:<\/b><span style=\"font-weight: 400\"> X\u00e1c nh\u1eadn \u0111\u01a1n v\u00e0 giao h\u00e0ng th\u00f4i!<\/span><\/p>\n<p style=\"text-align: center\"><img loading=\"lazy\" decoding=\"async\" class=\"alignnone wp-image-100951\" src=\"https:\/\/assets.grab.com\/wp-content\/uploads\/sites\/11\/2021\/10\/25124710\/buoc3.jpeg\" alt=\"\" width=\"475\" height=\"475\" \/><\/p>\n<h2><\/h2>\n<h2 style=\"text-align: center\"><a href=\"https:\/\/grab.onelink.me\/2695613898\/GESMS\"><b>Tr\u1ea3i nghi\u1ec7m ngay!<\/b><\/a><\/h2>\n<p>&nbsp;<\/p>\n<p><span style=\"font-weight: 400\">M\u1ed9t s\u1ed1 l\u01b0u \u00fd c\u1ea7n bi\u1ebft khi s\u1eed d\u1ee5ng d\u1ecbch v\u1ee5:<\/span><\/p>\n<ul>\n<li style=\"font-weight: 400\"><span style=\"font-weight: 400\">\u0110\u1ec3 shipper c\u00f3 th\u1ec3 d\u1ec5 d\u00e0ng li\u00ean l\u1ea1c v\u00e0 trao b\u01b0u ph\u1ea9m \u0111\u1ebfn t\u1eadn tay ng\u01b0\u1eddi nh\u1eadn, ch\u1ee7 shop vui l\u00f2ng ghi r\u00f5 s\u1ed1 \u0111i\u1ec7n tho\u1ea1i v\u00e0 \u0111\u1ecba ch\u1ec9 ng\u01b0\u1eddi nh\u1eadn l\u00ean g\u00f3i h\u00e0ng nh\u00e9.<\/span><\/li>\n<\/ul>\n<ul>\n<li style=\"font-weight: 400\"><span style=\"font-weight: 400\">Vui l\u00f2ng cho ph\u00e9p shipper m\u1edf v\u00e0 ki\u1ec3m tra g\u00f3i h\u00e0ng, \u0111\u1ed3ng th\u1eddi ng\u01b0\u1eddi g\u1eedi cung c\u1ea5p h\u00f3a \u0111\u01a1n ghi r\u00f5 gi\u00e1 tr\u1ecb c\u1ee7a g\u00f3i h\u00e0ng cho shipper. Thao t\u00e1c n\u00e0y nh\u1eb1m \u0111\u1ea3m b\u1ea3o h\u00e0ng ho\u00e1 h\u1ee3p l\u1ec7. T\u00ecm hi\u1ec3u th\u00eam t\u1ea1i: <\/span><a href=\"https:\/\/grb.to\/DanhMucHangHoa\"><span style=\"font-weight: 400\">https:\/\/grb.to\/DanhMucHangHoa<\/span><\/a><\/li>\n<\/ul>\n<ul>\n<li style=\"font-weight: 400\"><span style=\"font-weight: 400\">Ch\u1ee7 shop c\u00f3 th\u1ec3 tham kh\u1ea3o b\u1ea3n \u0111\u1ed3 \u0111\u1ec3 th\u1ea3o lu\u1eadn v\u1edbi shipper v\u1ec1 l\u1ed9 tr\u00ecnh giao h\u00e0ng mong mu\u1ed1n ph\u00f9 h\u1ee3p v\u1edbi nhu c\u1ea7u c\u1ee7a shop.<\/span><\/li>\n<\/ul>\n<ul>\n<li style=\"font-weight: 400\"><span style=\"font-weight: 400\">Shipper \u0111\u01b0\u1ee3c ph\u00e9p ch\u1ee5p h\u00ecnh th\u00f4ng tin h\u00e0ng h\u00f3a, v\u00e0 c\u1ea7n \u0111\u01b0\u1ee3c k\u00ed nh\u1eadn b\u1edfi ch\u1ee7 shop \u0111\u1ec3 l\u00e0m b\u1eb1ng ch\u1ee9ng giao h\u00e0ng, tr\u00e1nh th\u1ea5t l\u1ea1c h\u00e0ng c\u1ee7a shop.<\/span><\/li>\n<\/ul>\n<ul>\n<li style=\"font-weight: 400\"><span style=\"font-weight: 400\">Trong qu\u00e1 tr\u00ecnh shipper \u0111ang giao h\u00e0ng, n\u1ebfu c\u00f3 vi\u1ec7c c\u1ea7n trao \u0111\u1ed5i v\u1edbi shipper, GrabExpress khuy\u1ebfn kh\u00edch ch\u1ee7 shop trao \u0111\u1ed5i qua t\u00ednh n\u0103ng GrabChat.<\/span><\/li>\n<\/ul>","protected":false},"excerpt":{"rendered":"D\u1ecbch v\u1ee5 GrabExpress Rent (Thu\u00ea Shipper Theo Gi\u1edd)\u00a0 l\u00e0 lo\u1ea1i h\u00ecnh d\u1ecbch v\u1ee5 m\u1edbi d\u00e0nh cho ch\u1ee7 shop. T\u1eeb h\u00f4m nay, c\u00e1c ch\u1ee7 shop c\u00f3 th\u1ec3 thu\u00ea shipper t\u1eeb 2 ho\u1eb7c 4 gi\u1edd, shipper s\u1ebd ship h\u00e0ng theo l\u1ed9 tr\u00ecnh c\u1ee7a ch\u1ee7 shop \u0111\u1ecbnh s\u1eb5n trong kho\u1ea3ng th\u1eddi gian n\u00e0y.\u00a0 Tr\u1ea3i nghi\u1ec7m m\u1ed9t shipper chu\u1ea9n [&hellip;]","protected":false},"author":1211,"featured_media":0,"parent":0,"menu_order":0,"comment_status":"closed","ping_status":"closed","template":"","meta":{"_acf_changed":false,"footnotes":""},"acf":[],"_links":{"self":[{"href":"https:\/\/www.grab.com\/vn\/en\/wp-json\/wp\/v2\/pages\/100914"}],"collection":[{"href":"https:\/\/www.grab.com\/vn\/en\/wp-json\/wp\/v2\/pages"}],"about":[{"href":"https:\/\/www.grab.com\/vn\/en\/wp-json\/wp\/v2\/types\/page"}],"author":[{"embeddable":true,"href":"https:\/\/www.grab.com\/vn\/en\/wp-json\/wp\/v2\/users\/1211"}],"replies":[{"embeddable":true,"href":"https:\/\/www.grab.com\/vn\/en\/wp-json\/wp\/v2\/comments?post=100914"}],"version-history":[{"count":5,"href":"https:\/\/www.grab.com\/vn\/en\/wp-json\/wp\/v2\/pages\/100914\/revisions"}],"predecessor-version":[{"id":100954,"href":"https:\/\/www.grab.com\/vn\/en\/wp-json\/wp\/v2\/pages\/100914\/revisions\/100954"}],"wp:attachment":[{"href":"https:\/\/www.grab.com\/vn\/en\/wp-json\/wp\/v2\/media?parent=100914"}],"curies":[{"name":"wp","href":"https:\/\/api.w.org\/{rel}","templated":true}]}}