{"id":71816,"date":"2019-10-17T10:45:26","date_gmt":"2019-10-17T02:45:26","guid":{"rendered":"https:\/\/www.grab.com\/sg\/?page_id=71816"},"modified":"2019-10-20T00:53:11","modified_gmt":"2019-10-19T16:53:11","slug":"gfyole","status":"publish","type":"page","link":"https:\/\/www.grab.com\/sg\/gfyole\/","title":{"rendered":"20% OFF Yol\u00e9? Yes way!"},"content":{"rendered":"<p style=\"text-align: center\"><span style=\"font-weight: 400\">Frozen yogurt ice cream fans rejoice!<\/span><span style=\"font-weight: 400\"> Because you can now get your Yol\u00e9 fix via delivery.<\/span><\/p>\n<p>&nbsp;<\/p>\n<p style=\"text-align: center\"><span style=\"font-weight: 400\">Be it in the company of a few or a party for many, Yol\u00e9 is now available on GrabFood in:<\/span><\/p>\n<p>&nbsp;<\/p>\n<p style=\"text-align: center\"><span style=\"font-weight: 400;color: #339966\">Yol\u00e9 Box (Medium) 500ml + 3 complimentary toppings (3-4 pax)<\/span><\/p>\n<p style=\"text-align: center\"><span style=\"font-weight: 400;color: #339966\">Yol\u00e9 Box (Large) 1000ml + 5 complimentary toppings (4-6 pax)<\/span><\/p>\n<p>&nbsp;<\/p>\n<p style=\"text-align: center\"><span style=\"font-weight: 400\">Lower in calories with no added sugar, each mouthful is packed with flavour so that it\u2019s healthy and equally tasty. <\/span><span style=\"font-weight: 400\"><br \/>\n<\/span><span style=\"font-weight: 400\"><br \/>\n<\/span><span style=\"font-weight: 400\">Plus, maintain a healthy diet and wallet with promo code <\/span><span style=\"font-weight: 400\">\u2018<span style=\"color: #339966\"><strong>BEYOLE<\/strong><\/span><\/span><span style=\"font-weight: 400\">\u2019 to enjoy <span style=\"color: #339966\"><strong>20% OFF your orders<\/strong><\/span>.<br \/>\n<\/span><\/p>\n<p style=\"text-align: center\"><img loading=\"lazy\" decoding=\"async\" width=\"250\" height=\"250\" class=\"alignnone size-medium wp-image-71820\" src=\"https:\/\/assets.grab.com\/wp-content\/uploads\/sites\/4\/2019\/10\/17110806\/IGP-2-edited-250x250.jpg\" alt=\"\" srcset=\"https:\/\/assets.grab.com\/wp-content\/uploads\/sites\/4\/2019\/10\/17110806\/IGP-2-edited-250x250.jpg 250w, https:\/\/assets.grab.com\/wp-content\/uploads\/sites\/4\/2019\/10\/17110806\/IGP-2-edited-150x150.jpg 150w, https:\/\/assets.grab.com\/wp-content\/uploads\/sites\/4\/2019\/10\/17110806\/IGP-2-edited-768x768.jpg 768w, https:\/\/assets.grab.com\/wp-content\/uploads\/sites\/4\/2019\/10\/17110806\/IGP-2-edited-700x700.jpg 700w, https:\/\/assets.grab.com\/wp-content\/uploads\/sites\/4\/2019\/10\/17110806\/IGP-2-edited-120x120.jpg 120w, https:\/\/assets.grab.com\/wp-content\/uploads\/sites\/4\/2019\/10\/17110806\/IGP-2-edited.jpg 1200w\" sizes=\"(max-width: 250px) 100vw, 250px\" \/> <img loading=\"lazy\" decoding=\"async\" width=\"250\" height=\"250\" class=\"alignnone size-medium wp-image-71821\" src=\"https:\/\/assets.grab.com\/wp-content\/uploads\/sites\/4\/2019\/10\/17110817\/IGP-1-edited-250x250.jpg\" alt=\"\" srcset=\"https:\/\/assets.grab.com\/wp-content\/uploads\/sites\/4\/2019\/10\/17110817\/IGP-1-edited-250x250.jpg 250w, https:\/\/assets.grab.com\/wp-content\/uploads\/sites\/4\/2019\/10\/17110817\/IGP-1-edited-150x150.jpg 150w, https:\/\/assets.grab.com\/wp-content\/uploads\/sites\/4\/2019\/10\/17110817\/IGP-1-edited-768x768.jpg 768w, https:\/\/assets.grab.com\/wp-content\/uploads\/sites\/4\/2019\/10\/17110817\/IGP-1-edited-700x700.jpg 700w, https:\/\/assets.grab.com\/wp-content\/uploads\/sites\/4\/2019\/10\/17110817\/IGP-1-edited-120x120.jpg 120w, https:\/\/assets.grab.com\/wp-content\/uploads\/sites\/4\/2019\/10\/17110817\/IGP-1-edited.jpg 1200w\" sizes=\"(max-width: 250px) 100vw, 250px\" \/><\/p>\n<p style=\"text-align: center\"><span style=\"font-weight: 400\">Say hurray, throw your hands up and Grab yourself a Yol\u00e9 box today!<\/span><\/p>\n<p>&nbsp;<\/p>\n<p style=\"text-align: center\"><a class=\"btn btn-lg btn-green text-caps weight-bold\" style=\"margin-bottom: 20px;margin-top: 20px\" href=\"https:\/\/grab.onelink.me\/2695613898?pid=Website&amp;c=SG19GFYOLE&amp;is_retargeting=true&amp;af_dp=grab%3A%2F%2Fopen%3FscreenType%3DGRABFOOD&amp;af_web_dp=https%3A%2F%2Fwww.grab.com%2Fsg%2Fgfyole%2F\" rel=\"noopener\">ORDER NOW<\/a><\/p>\n<p style=\"text-align: center\">T&amp;Cs apply.<\/p>\n<hr \/>\n<p style=\"text-align: center\"><strong>Terms and Conditions<\/strong><\/p>\n<ul>\n<li>You need to have an existing Grab account with a verified email address in order to use GrabFood.<\/li>\n<li>You need to have the latest Grab app.<\/li>\n<li>Orders can only be made with GrabPay (credit\/debit cards or GrabPay Credits).<\/li>\n<li>A successful redemption is only made upon checkout. Any promo code applied without checkout does not guarantee a redemption in the future.<\/li>\n<li>Grab reserves the right to change the promotion at their own discretion.<\/li>\n<li>\u201cBEYOLE\u201d promo code entitles users to 20% off all orders from <span style=\"font-weight: 400\">Yol\u00e9<\/span>\u00a0from 21 October to 3 November 2019.<\/li>\n<li>&#8220;BEYOLE&#8221; promo code can be applied at all <span style=\"font-weight: 400\">Yol\u00e9<\/span> outlets on GrabFood and delivery is available to their surrounding areas only.<\/li>\n<li>\u201cBEYOLE\u201d has limited redemptions available.<\/li>\n<li>Promotional eligibility is based on the company\u2019s discretion.<\/li>\n<\/ul>\n","protected":false},"excerpt":{"rendered":"Frozen yogurt ice cream fans rejoice! Because you can now get your Yol\u00e9 fix via delivery. &nbsp; Be it in the company of a few or a party for many, Yol\u00e9 is now available on GrabFood in: &nbsp; Yol\u00e9 Box (Medium) 500ml + 3 complimentary toppings (3-4 pax) Yol\u00e9 Box (Large) 1000ml + 5 complimentary [&hellip;]","protected":false},"author":697,"featured_media":0,"parent":0,"menu_order":0,"comment_status":"closed","ping_status":"closed","template":"tpl\/tpl-page-elements.php","meta":{"_acf_changed":false,"footnotes":""},"acf":[],"_links":{"self":[{"href":"https:\/\/www.grab.com\/sg\/wp-json\/wp\/v2\/pages\/71816"}],"collection":[{"href":"https:\/\/www.grab.com\/sg\/wp-json\/wp\/v2\/pages"}],"about":[{"href":"https:\/\/www.grab.com\/sg\/wp-json\/wp\/v2\/types\/page"}],"author":[{"embeddable":true,"href":"https:\/\/www.grab.com\/sg\/wp-json\/wp\/v2\/users\/697"}],"replies":[{"embeddable":true,"href":"https:\/\/www.grab.com\/sg\/wp-json\/wp\/v2\/comments?post=71816"}],"version-history":[{"count":5,"href":"https:\/\/www.grab.com\/sg\/wp-json\/wp\/v2\/pages\/71816\/revisions"}],"predecessor-version":[{"id":71819,"href":"https:\/\/www.grab.com\/sg\/wp-json\/wp\/v2\/pages\/71816\/revisions\/71819"}],"wp:attachment":[{"href":"https:\/\/www.grab.com\/sg\/wp-json\/wp\/v2\/media?parent=71816"}],"curies":[{"name":"wp","href":"https:\/\/api.w.org\/{rel}","templated":true}]}}